{"id":6049,"date":"2025-04-15T14:33:46","date_gmt":"2025-04-15T17:33:46","guid":{"rendered":"https:\/\/wp.ufpel.edu.br\/ppgcamb\/?page_id=6049"},"modified":"2025-04-15T14:33:46","modified_gmt":"2025-04-15T17:33:46","slug":"docencia-orientada-ii","status":"publish","type":"page","link":"https:\/\/wp.ufpel.edu.br\/ppgcamb\/docencia-orientada-ii\/","title":{"rendered":"Doc\u00eancia Orientada II"},"content":{"rendered":"<p>N\u00edvel:\u00a0 Doutorado<\/p>\n<p>Obrigat\u00f3ria: Sim<\/p>\n<p>Carga Hor\u00e1ria: 34 horas<\/p>\n<p>Cr\u00e9ditos: 2<\/p>\n<p><strong>Ementa: <\/strong>Possibilitar a pr\u00e1tica supervisionada do doutorando com o ensino em uma disciplina de um Curso de Gradua\u00e7\u00e3o. Inclui a participa\u00e7\u00e3o do discente na organiza\u00e7\u00e3o da disciplina, planejamento de aulas, ministrar assuntos te\u00f3ricos, preparar e ministrar aulas pr\u00e1ticas, adquirir no\u00e7\u00f5es de did\u00e1tica e exercitar intera\u00e7\u00f5es na sala de aula.<\/p>\n<p>&nbsp;<\/p>\n<p><strong>Bibliografia<\/strong><\/p>\n<p>Cada disciplina poder\u00e1 requerer sua bibliografia adequada.<\/p>\n","protected":false},"excerpt":{"rendered":"<p>N\u00edvel:\u00a0 Doutorado Obrigat\u00f3ria: Sim Carga Hor\u00e1ria: 34 horas Cr\u00e9ditos: 2 Ementa: Possibilitar a pr\u00e1tica supervisionada do doutorando com o ensino em uma disciplina de um Curso de Gradua\u00e7\u00e3o. Inclui a participa\u00e7\u00e3o do discente na organiza\u00e7\u00e3o da disciplina, planejamento de aulas, ministrar assuntos te\u00f3ricos, preparar e ministrar aulas pr\u00e1ticas, adquirir no\u00e7\u00f5es de did\u00e1tica e exercitar intera\u00e7\u00f5es [&hellip;]<\/p>\n","protected":false},"author":707,"featured_media":0,"parent":0,"menu_order":0,"comment_status":"closed","ping_status":"closed","template":"","meta":{"footnotes":""},"class_list":["post-6049","page","type-page","status-publish","hentry"],"_links":{"self":[{"href":"https:\/\/wp.ufpel.edu.br\/ppgcamb\/wp-json\/wp\/v2\/pages\/6049","targetHints":{"allow":["GET"]}}],"collection":[{"href":"https:\/\/wp.ufpel.edu.br\/ppgcamb\/wp-json\/wp\/v2\/pages"}],"about":[{"href":"https:\/\/wp.ufpel.edu.br\/ppgcamb\/wp-json\/wp\/v2\/types\/page"}],"author":[{"embeddable":true,"href":"https:\/\/wp.ufpel.edu.br\/ppgcamb\/wp-json\/wp\/v2\/users\/707"}],"replies":[{"embeddable":true,"href":"https:\/\/wp.ufpel.edu.br\/ppgcamb\/wp-json\/wp\/v2\/comments?post=6049"}],"version-history":[{"count":1,"href":"https:\/\/wp.ufpel.edu.br\/ppgcamb\/wp-json\/wp\/v2\/pages\/6049\/revisions"}],"predecessor-version":[{"id":6052,"href":"https:\/\/wp.ufpel.edu.br\/ppgcamb\/wp-json\/wp\/v2\/pages\/6049\/revisions\/6052"}],"wp:attachment":[{"href":"https:\/\/wp.ufpel.edu.br\/ppgcamb\/wp-json\/wp\/v2\/media?parent=6049"}],"curies":[{"name":"wp","href":"https:\/\/api.w.org\/{rel}","templated":true}]}}