{"id":5907,"date":"2025-02-16T19:05:42","date_gmt":"2025-02-16T22:05:42","guid":{"rendered":"https:\/\/wp.ufpel.edu.br\/ppgcamb\/?page_id=5907"},"modified":"2025-04-04T16:30:15","modified_gmt":"2025-04-04T19:30:15","slug":"cadastramento","status":"publish","type":"page","link":"https:\/\/wp.ufpel.edu.br\/ppgcamb\/cadastramento\/","title":{"rendered":"Credenciamento de Docentes"},"content":{"rendered":"<h2 data-pm-slice=\"1 1 []\">Credenciamento de Docentes (2025-2028)<\/h2>\n<p data-pm-slice=\"1 1 []\">O Programa de P\u00f3s-Gradua\u00e7\u00e3o em Ci\u00eancias Ambientais (PPGCAmb) da Universidade Federal de Pelotas (UFPel) anuncia a abertura de inscri\u00e7\u00f5es para credenciamento de docentes para o quadri\u00eanio 2025-2028. Com duas linhas de pesquisa &#8211; Gest\u00e3o e Avalia\u00e7\u00e3o de Ambientes Naturais e Antr\u00f3picos e Tecnologias Aplicadas ao Meio Ambiente Sustent\u00e1vel &#8211; o PPGCAmb busca fortalecer ainda mais seu corpo docente e projetos de pesquisa.<\/p>\n<p>Ser\u00e3o ofertadas 4 vagas, sendo destinadas a tem\u00e1ticas de Educa\u00e7\u00e3o Ambiental, BioEconomia, Direito Ambiental (com obrigatoriedade de forma\u00e7\u00e3o em Direito e interesse em Criminologia Verde) e uma vaga geral. As inscri\u00e7\u00f5es ocorrer\u00e3o entre 21 e 28 de fevereiro de 2025, via e-mail <a>ppgcamb@gmail.com<\/a>.<\/p>\n<p>&nbsp;<\/p>\n<p><a href=\"https:\/\/wp.ufpel.edu.br\/ppgcamb\/files\/2025\/04\/SEI_3015944_Despacho.pdf\">Resultado Final<\/a><\/p>\n<p><a href=\"https:\/\/wp.ufpel.edu.br\/ppgcamb\/files\/2025\/04\/SEI_3015932_Despacho.pdf\" target=\"_blank\" rel=\"noopener\">Homologa\u00e7\u00e3o de Inscri\u00e7\u00f5es<\/a><\/p>\n<p><a href=\"https:\/\/wp.ufpel.edu.br\/ppgcamb\/files\/2025\/02\/edital2025_2028.pdf\">Edital 2025-2028<\/a><\/p>\n<p><a href=\"https:\/\/wp.ufpel.edu.br\/ppgcamb\/files\/2025\/02\/ANEXOS-I-a-V-do-EDITAL.docx\">ANEXOS I a V do EDITAL<\/a><\/p>\n<p><a href=\"https:\/\/wp.ufpel.edu.br\/ppgcamb\/files\/2025\/02\/Anexo-VI.xlsx\">Anexo VI<\/a><\/p>\n<p>&nbsp;<\/p>\n","protected":false},"excerpt":{"rendered":"<p>Credenciamento de Docentes (2025-2028) O Programa de P\u00f3s-Gradua\u00e7\u00e3o em Ci\u00eancias Ambientais (PPGCAmb) da Universidade Federal de Pelotas (UFPel) anuncia a abertura de inscri\u00e7\u00f5es para credenciamento de docentes para o quadri\u00eanio 2025-2028. Com duas linhas de pesquisa &#8211; Gest\u00e3o e Avalia\u00e7\u00e3o de Ambientes Naturais e Antr\u00f3picos e Tecnologias Aplicadas ao Meio Ambiente Sustent\u00e1vel &#8211; o PPGCAmb [&hellip;]<\/p>\n","protected":false},"author":707,"featured_media":0,"parent":0,"menu_order":0,"comment_status":"closed","ping_status":"closed","template":"","meta":{"footnotes":""},"class_list":["post-5907","page","type-page","status-publish","hentry"],"_links":{"self":[{"href":"https:\/\/wp.ufpel.edu.br\/ppgcamb\/wp-json\/wp\/v2\/pages\/5907","targetHints":{"allow":["GET"]}}],"collection":[{"href":"https:\/\/wp.ufpel.edu.br\/ppgcamb\/wp-json\/wp\/v2\/pages"}],"about":[{"href":"https:\/\/wp.ufpel.edu.br\/ppgcamb\/wp-json\/wp\/v2\/types\/page"}],"author":[{"embeddable":true,"href":"https:\/\/wp.ufpel.edu.br\/ppgcamb\/wp-json\/wp\/v2\/users\/707"}],"replies":[{"embeddable":true,"href":"https:\/\/wp.ufpel.edu.br\/ppgcamb\/wp-json\/wp\/v2\/comments?post=5907"}],"version-history":[{"count":8,"href":"https:\/\/wp.ufpel.edu.br\/ppgcamb\/wp-json\/wp\/v2\/pages\/5907\/revisions"}],"predecessor-version":[{"id":5974,"href":"https:\/\/wp.ufpel.edu.br\/ppgcamb\/wp-json\/wp\/v2\/pages\/5907\/revisions\/5974"}],"wp:attachment":[{"href":"https:\/\/wp.ufpel.edu.br\/ppgcamb\/wp-json\/wp\/v2\/media?parent=5907"}],"curies":[{"name":"wp","href":"https:\/\/api.w.org\/{rel}","templated":true}]}}