{"id":5853,"date":"2025-01-30T15:43:54","date_gmt":"2025-01-30T18:43:54","guid":{"rendered":"https:\/\/wp.ufpel.edu.br\/ppgcamb\/?page_id=5853"},"modified":"2025-02-10T09:26:59","modified_gmt":"2025-02-10T12:26:59","slug":"oferta-2025-1","status":"publish","type":"page","link":"https:\/\/wp.ufpel.edu.br\/ppgcamb\/oferta-2025-1\/","title":{"rendered":"Oferta 2025\/1"},"content":{"rendered":"<p>Os hor\u00e1rios pr\u00e9vios das disciplinas s\u00e3o apresentados em:<\/p>\n<table style=\"height: 801px;\" width=\"633\">\n<tbody>\n<tr style=\"height: 27px;\">\n<td style=\"width: 624.6px; height: 27px;\" colspan=\"4\"><span style=\"color: #99cc00;\"><strong>Regime Normal<\/strong><\/span><\/td>\n<\/tr>\n<tr style=\"height: 53px;\">\n<td style=\"width: 81.475px; height: 53px;\">C\u00f3digo da disciplina<\/td>\n<td style=\"width: 325.612px; height: 53px;\">Nome da disciplina<\/td>\n<td style=\"width: 121.438px; height: 53px;\">Professor<\/td>\n<td style=\"width: 80.475px; height: 53px;\">Hor\u00e1rio<\/td>\n<\/tr>\n<tr style=\"height: 53px;\">\n<td style=\"width: 81.475px; height: 106px;\" rowspan=\"2\">15000941<\/td>\n<td style=\"width: 325.612px; height: 106px;\" rowspan=\"2\">Sustentabilidade e Gest\u00e3o Ambiental (OBRIGAT\u00d3RIA)<\/td>\n<td style=\"width: 121.438px; height: 106px;\" rowspan=\"2\">Andr\u00e9a Souza Castro\/ Diuliana Leandro<\/td>\n<td style=\"width: 80.475px; height: 53px;\">Quinta-feira<\/td>\n<\/tr>\n<tr style=\"height: 53px;\">\n<td style=\"width: 80.475px; height: 53px;\">14h \u00e0s 16h45min<\/td>\n<\/tr>\n<tr style=\"height: 53px;\">\n<td style=\"width: 81.475px; height: 106px;\" rowspan=\"2\">1640262<\/td>\n<td style=\"width: 325.612px; height: 106px;\" rowspan=\"2\">Avalia\u00e7\u00e3o de Impactos Ambientais<\/td>\n<td style=\"width: 121.438px; height: 106px;\" rowspan=\"2\">Tirzah Moreira Siqueira<\/td>\n<td style=\"width: 80.475px; height: 53px;\">Segunda-feira<\/td>\n<\/tr>\n<tr style=\"height: 53px;\">\n<td style=\"width: 80.475px; height: 53px;\">14h \u00e0s 16h45min<\/td>\n<\/tr>\n<tr style=\"height: 53px;\">\n<td style=\"width: 81.475px; height: 106px;\" rowspan=\"2\">15000761<\/td>\n<td style=\"width: 325.612px; height: 106px;\" rowspan=\"2\">Materiais Vegetais Sustent\u00e1veis<\/td>\n<td style=\"width: 121.438px; height: 106px;\" rowspan=\"2\">Andr\u00e9 Missio\/Rafael Delucis<\/td>\n<td style=\"width: 80.475px; height: 53px;\">Quarta-feira<\/td>\n<\/tr>\n<tr style=\"height: 53px;\">\n<td style=\"width: 80.475px; height: 53px;\">10h \u00e0s 11h40min<\/td>\n<\/tr>\n<tr style=\"height: 53px;\">\n<td style=\"width: 81.475px; height: 106px;\" rowspan=\"2\">15000752<\/td>\n<td style=\"width: 325.612px; height: 106px;\" rowspan=\"2\">Processos Oxidativos Avan\u00e7ados Sustent\u00e1veis para o Tratamento da \u00c1gua<\/td>\n<td style=\"width: 121.438px; height: 106px;\" rowspan=\"2\">C\u00edcero de Escobar<\/td>\n<td style=\"width: 80.475px; height: 53px;\">Ter\u00e7a-feira<\/td>\n<\/tr>\n<tr style=\"height: 53px;\">\n<td style=\"width: 80.475px; height: 53px;\">14h \u00e0s 16h45min<\/td>\n<\/tr>\n<tr style=\"height: 53px;\">\n<td style=\"width: 81.475px; height: 106px;\" rowspan=\"2\">1640269<\/td>\n<td style=\"width: 325.612px; height: 106px;\" rowspan=\"2\">Recupera\u00e7\u00e3o de \u00c1reas Degradadas<\/td>\n<td style=\"width: 121.438px; height: 106px;\" rowspan=\"2\">Mar\u00edlia Lazarotto<\/td>\n<td style=\"width: 80.475px; height: 53px;\">Segunda-feira<\/td>\n<\/tr>\n<tr style=\"height: 53px;\">\n<td style=\"width: 80.475px; height: 53px;\">14h \u00e0s 16h45min<\/td>\n<\/tr>\n<tr style=\"height: 53px;\">\n<td style=\"width: 81.475px; height: 106px;\" rowspan=\"2\">1640354<\/td>\n<td style=\"width: 325.612px; height: 106px;\" rowspan=\"2\">Ci\u00eancia e Sustentabilidade da Madeira<\/td>\n<td style=\"width: 121.438px; height: 106px;\" rowspan=\"2\">Rafael Beltrame\/Darci Gatto<\/td>\n<td style=\"width: 80.475px; height: 53px;\">Quinta-feira<\/td>\n<\/tr>\n<tr style=\"height: 53px;\">\n<td style=\"width: 80.475px; height: 53px;\">8h \u00e0s 11h40min<\/td>\n<\/tr>\n<tr>\n<td style=\"width: 81.475px;\">15000978<\/td>\n<td style=\"width: 325.612px;\">\n<p>Ci\u00eancias Ambientais 1<\/p>\n<p>(OBRIGAT\u00d3RIA)<\/td>\n<td style=\"width: 121.438px;\">Robson e Pascal<\/td>\n<td style=\"width: 80.475px;\">Quarta feira 14h &#8211; 16h45<\/td>\n<\/tr>\n<tr>\n<td style=\"width: 81.475px;\"><\/td>\n<td style=\"width: 325.612px;\">Materiais e tecnologias sustent\u00e1veis<\/td>\n<td style=\"width: 121.438px;\">Pascal\/Robson\/Fernando\/Rafael Delucis\/C\u00edcero<\/td>\n<td style=\"width: 80.475px;\">ter\u00e7a feira 08h &#8211; 11h40<\/td>\n<\/tr>\n<\/tbody>\n<\/table>\n<p>&nbsp;<\/p>\n<table style=\"height: 275px; width: 633px;\" width=\"951\">\n<tbody>\n<tr style=\"height: 25px;\">\n<td style=\"width: 624.6px; height: 25px;\" colspan=\"4\"><span style=\"color: #99cc00;\"><strong>Regime Concentrado<\/strong><\/span><\/td>\n<\/tr>\n<tr style=\"height: 50px;\">\n<td style=\"width: 117.787px; height: 50px;\">C\u00f3digo da disciplina<\/td>\n<td style=\"width: 285.875px; height: 50px;\">Nome da disciplina<\/td>\n<td style=\"width: 123.775px; height: 50px;\">Professor<\/td>\n<td style=\"width: 81.5625px; height: 50px;\">Hor\u00e1rio<\/td>\n<\/tr>\n<tr style=\"height: 75px;\">\n<td style=\"width: 117.787px; height: 75px;\">1640274<\/td>\n<td style=\"width: 285.875px; height: 75px;\">Biotecnologias Aplicadas \u00e0 Biorremedia\u00e7\u00e3o<\/td>\n<td style=\"width: 123.775px; height: 75px;\">Robson Andreazza<\/td>\n<td style=\"width: 81.5625px; height: 75px;\">A definir data e hor\u00e1rio<\/td>\n<\/tr>\n<tr style=\"height: 47px;\">\n<td style=\"width: 117.787px; height: 94px;\" rowspan=\"2\">15000834<\/td>\n<td style=\"width: 285.875px; height: 94px;\" rowspan=\"2\">Pesquisa Orientada (OBRIGAT\u00d3RIA)<\/td>\n<td style=\"width: 123.775px; height: 94px;\" rowspan=\"2\">Luciara Bilhalva Corr\u00eaa\/Eduarda Rangel\/Darci Gatto<\/td>\n<td style=\"width: 81.5625px; height: 94px;\" rowspan=\"2\">A definir data e hor\u00e1rio<\/td>\n<\/tr>\n<\/tbody>\n<\/table>\n<p>***O sistema n\u00e3o permite o cadastro de duas disciplinas no mesmo hor\u00e1rio e nem disciplinas concentradas<\/p>\n<p>**Podem ocorrer ajustes que ser\u00e3o combinados com os alunos em aula<\/p>\n<p>Elabora\u00e7\u00e3o de disserta\u00e7\u00e3o -c\u00f3digo 9999803*<br \/>\nDoc\u00eancia Orientada-c\u00f3digo 1640263*<br \/>\n*Essas disciplinas dever\u00e3o ser solicitadas por e-mail a secretaria do programa informando o<br \/>\nnome do orientador, o nome do aluno, a matr\u00edcula do aluno no curso.<\/p>\n<p>&nbsp;<\/p>\n<h2><span style=\"color: #ff0000; font-family: 'andale mono', monospace;\"><strong>Regime Normal<\/strong><\/span><\/h2>\n<p class=\"Texto_Justificado\"><strong>1. Disciplina: Sustentabilidade e Gest\u00e3o Ambiental<\/strong><\/p>\n<p class=\"Texto_Justificado\">Professor:\u00a0\u00a0Andr\u00e9a Souza Castro\/ Diuliana Leandro<\/p>\n<p class=\"Texto_Justificado\">Dia\/hor\u00e1rio: Quinta-feira das 14h \u00e0s 16h45min<\/p>\n<p class=\"Texto_Justificado\">Cr\u00e9ditos: 4<\/p>\n<p class=\"Texto_Justificado\">C\u00f3digo: 15000941<\/p>\n<p class=\"Texto_Justificado\">Ementa:\u00a0\u00a0Meio Ambiente e Sustentabilidade. Quest\u00f5es Ambientais e sua Evolu\u00e7\u00e3o. Objetivos de Desenvolvimento Sustent\u00e1vel (ONU). Popula\u00e7\u00e3o, Urbaniza\u00e7\u00e3o e Desenvolvimento. Dimens\u00f5es da sustentabilidade no saneamento ambiental. Aspectos gerais da Legisla\u00e7\u00e3o Ambiental das diferentes vertentes do saneamento, planejamento,zoneamento, ordenamento territorial e governa\u00e7a. Controle da Qualidade Ambiental. Sustentabilidade e Energias Renov\u00e1veis. Tecnologia e inova\u00e7\u00e3o para gest\u00e3o e planejamento ambiental.<\/p>\n<p class=\"Texto_Justificado\">2<u><strong>. Disciplina:\u00a0Avalia\u00e7\u00e3o de Impactos Ambientais<\/strong><\/u><\/p>\n<p class=\"Texto_Justificado\">Professor:\u00a0Tirzah Moreira Siqueira<\/p>\n<p class=\"Texto_Justificado\">Dia\/hor\u00e1rio: Segunda-feira das 14h \u00e0s 16h45min<\/p>\n<p class=\"Texto_Justificado\">Cr\u00e9ditos: 4<\/p>\n<p class=\"Texto_Justificado\">C\u00f3digo:\u00a01640262<\/p>\n<p class=\"Texto_Justificado\">Ementa: Conceitos b\u00e1sicos.Princ\u00edpios, objetivos, hist\u00f3rico e necessidade da avalia\u00e7\u00e3o de impacto ambiental (AIA).Quadro legal e institucional brasileiro em AIA. Os diversos tipos de estudos ambientais pertinentes ao processo de AIA. Processo, principais componentes e etapas b\u00e1sicas para elabora\u00e7\u00e3o de um estudo de impacto ambiental. Termos de refer\u00eancia, conceitos e participa\u00e7\u00e3o p\u00fablica. T\u00e9cnicas de previs\u00e3o de impactos. M\u00e9todos e procedimento para avaliar a import\u00e2ncia de impactos. Planos de gest\u00e3o e sua rela\u00e7\u00e3o com os estudos ambientais. An\u00e1lise dos estudos ambientais. Implementa\u00e7\u00e3o de projetos, supervis\u00e3o e gest\u00e3o ambiental. Introdu\u00e7\u00e3o \u00e0 avalia\u00e7\u00e3o ambiental estrat\u00e9gica.<\/p>\n<p class=\"Texto_Justificado\"><u><strong>3. Disciplina: Materiais Vegetais Sustent\u00e1veis<\/strong><\/u><\/p>\n<p class=\"Texto_Justificado\">Professor: Andr\u00e9 Missio\/Rafael Delucis<\/p>\n<p class=\"Texto_Justificado\">Dia\/hor\u00e1rio: Quarta-feira -das 10h \u00e0s 11h40min<\/p>\n<p class=\"Texto_Justificado\">Cr\u00e9ditos: 4<\/p>\n<p class=\"Texto_Justificado\">C\u00f3digo: 15000761<\/p>\n<p class=\"Texto_Justificado\">Ementa: Import\u00e2ncia hist\u00f3rica, econ\u00f4mica, social e ambiental dos materiais lignocelul\u00f3sicos; Mat\u00e9rias-primas (con\u00edferas, folhosas, fibras vegetais e outras); Res\u00edduos lignocelul\u00f3sicos; Celulose e produtos celul\u00f3sicos; Lignina e sub-produtos; Extrativos e seus produtos; Biocombust\u00edveis lignocelul\u00f3sicos; Filmes lignocelul\u00f3sicos; Comp\u00f3sitos lignocelul\u00f3sicos.<\/p>\n<p><u><strong>4. Disciplina: Processos Oxidativos Avan\u00e7ados Sustent\u00e1veis para o Tratamento da \u00c1gua<\/strong><\/u><\/p>\n<p>Professor: C\u00edcero de Escobar<\/p>\n<p>Dia\/hor\u00e1rio: Ter\u00e7a-feira \u00e0s 14h<\/p>\n<p>Cr\u00e9ditos:04<\/p>\n<p>C\u00f3digo:15000752<\/p>\n<p>Ementa: fundamentos da oxida\u00e7\u00e3o qu\u00edmica: Rea\u00e7\u00f5es de oxi-redu\u00e7\u00e3o; Processos cl\u00e1ssicos de oxida\u00e7\u00e3o (Permanganato, Per\u00f3xido de hidrog\u00eanio, Cloro, Oz\u00f4nio). Processos Oxidativos Avan\u00e7ados Sustent\u00e1veis no contexto de tratamento de \u00e1guas e efluentes: Fundamentos, aplica\u00e7\u00f5es. Vantagens dos Processos Oxidativos Avan\u00e7ados como tecnologia Sustent\u00e1vel para o tratamento de \u00e1guas e efluentes. Principais Processos Oxidativos Avan\u00e7ados Sustent\u00e1veis: Processos com fotoqu\u00edmicos com irradia\u00e7\u00e3o artificial e solar, Processos tipo Fenton, Ozon\u00f3lise, Fotocat\u00e1lise, Son\u00f3lise e outros processos (Micro-ondas\/H<sub>2<\/sub>O<sub>2<\/sub>; Raios gama e raios-x; Oxida\u00e7\u00e3o supercr\u00edtica; Oxida\u00e7\u00e3o eletroqu\u00edmica). T\u00e9cnicas de caracteriza\u00e7\u00e3o de catalisadores heterog\u00eaneo. T\u00e9cnicas anal\u00edticas para quantifica\u00e7\u00e3o e detec\u00e7\u00e3o de contaminantes emergentes no contexto de Processos Oxidativos Avan\u00e7ados Sustent\u00e1veis.<\/p>\n<div><u style=\"text-align: justify; color: var(--cor-texto); font-family: var(--fonte-corpo);\"><strong>5. Disciplina: Recupera\u00e7\u00e3o de \u00c1reas Degradadas<\/strong><\/u><\/div>\n<div><strong style=\"text-align: justify; color: var(--cor-texto); font-family: var(--fonte-corpo);\">Professor: <\/strong><span style=\"text-align: justify; color: var(--cor-texto); font-family: var(--fonte-corpo);\">Mar\u00edlia Lazarotto<\/span><\/div>\n<div>\n<p><strong>Dia\/hor\u00e1rio:<\/strong> Segunda-feira das 14h \u00e0s 16h45min<\/p>\n<p><strong>Carga Hor\u00e1ria<\/strong>: 68 horas<\/p>\n<p><strong>Cr\u00e9ditos<\/strong>: 4<\/p>\n<p><strong>C\u00f3digo: <\/strong>1640269<\/p>\n<p><strong>Vagas:<\/strong> 2<\/p>\n<p><strong>Ementa: <\/strong>Introdu\u00e7\u00e3o e conceitos de recupera\u00e7\u00e3o de \u00e1reas degradadas. Identifica\u00e7\u00e3o do problema: tipos de \u00e1reas degradadas, legisla\u00e7\u00e3o e normas. Conceitos e t\u00e9cnicas de remedia\u00e7\u00e3o. Conceitos e t\u00e9cnicas de biorremedia\u00e7\u00e3o. Conceitos e t\u00e9cnicas de fitorremedia\u00e7\u00e3o. Usos, aplica\u00e7\u00f5es e novas biotecnologias em recupera\u00e7\u00e3o de \u00e1reas degradadas.<\/p>\n<p><u><strong>6. Disciplina: \u200bCi\u00eancia e Sustentabilidade da Madeira<\/strong><\/u><\/p>\n<p>Professor: Rafael Beltrame\/Darci Gatto<\/p>\n<p>Dia\/hor\u00e1rio: Quinta-feira das 8h \u00e0s 11h40min<\/p>\n<p>Vagas: 05<\/p>\n<p>Cr\u00e9ditos: 4<\/p>\n<p>C\u00f3digo:1640354<\/p>\n<p>Ementa: Sustentabilidade da Madeira \u2013 Caracter\u00edsticas da madeira e seus principais usos; O papel sustent\u00e1vel da madeira no mercado brasileiro; Propriedades F\u00edsicas; Influ\u00eancia das propriedades f\u00edsicas na utiliza\u00e7\u00e3o da madeira; Propriedades Mec\u00e2nicas (Ensaios mec\u00e2nicos com esp\u00e9cies comerciais); Aspectos de qualidade para os principais usos da madeira; Caracteriza\u00e7\u00e3o de defeitos na madeira; Normas de classifica\u00e7\u00e3o da madeira; Definir conceitos de agentes causadores de degrada\u00e7\u00e3o na madeira; Influ\u00eancia da deteriora\u00e7\u00e3o na qualidade da madeira para diversos fins; Preserva\u00e7\u00e3o da madeira; Processos sustent\u00e1vel da tratamento da madeira.<\/p>\n<h2><span style=\"color: #ff0000;\">Regime Concentrado<\/span><\/h2>\n<\/div>\n<p><strong>1<u>. Disciplina: Pesquisa Orientada\u00a0<\/u><\/strong><\/p>\n<article><strong><strong style=\"text-align: justify; color: var(--cor-texto); font-family: var(--fonte-corpo);\">Professor: <\/strong><\/strong>Luciara Bilhalva Corr\u00eaa\/Eduarda Rangel\/Darci Gatto<\/article>\n<article><strong>Dia\/hor\u00e1rio: <span style=\"color: #ff0000;\">a definir<\/span><\/strong><\/article>\n<article id=\"single_post_inside\" class=\"single_post_inside\"><strong>Carga Hor\u00e1ria<\/strong>: 30 horas<\/article>\n<article class=\"single_post_inside\"><strong>Cr\u00e9ditos<\/strong>: 2<\/article>\n<article class=\"single_post_inside\"><strong>C\u00f3digo: 15000834\u00a0 \u00a0 \u00a0\u00a0<\/strong><\/article>\n<article class=\"single_post_inside\"><strong>Ementa:\u00a0<\/strong>Introdu\u00e7\u00e3o \u00e0 pesquisa em Ci\u00eancias Ambientais.\u00a0Sele\u00e7\u00e3o de t\u00f3picos de pesquisa, justificativa, revis\u00e3o bibliogr\u00e1fica, formula\u00e7\u00e3o de hip\u00f3teses, metodologia experimental e elabora\u00e7\u00e3o de projetos de pesquisa.\u00a0Execu\u00e7\u00e3o ou colabora\u00e7\u00e3o na execu\u00e7\u00e3o de pesquisas.<\/article>\n<article><\/article>\n<article><\/article>\n<article><\/article>\n<article><\/article>\n<article><\/article>\n<article><\/article>\n<article><strong>2<u>. Disciplina: Biotecnologias Aplicadas \u00e0 Biorremedia\u00e7\u00e3o\u00a0<\/u><\/strong><\/article>\n<article><strong><strong style=\"text-align: justify; color: var(--cor-texto); font-family: var(--fonte-corpo);\">Professor: <\/strong><\/strong>Robson Andreazza<\/article>\n<article><strong>Dia\/hor\u00e1rio: <span style=\"color: #ff0000;\">a definir<\/span><\/strong><\/article>\n<article class=\"single_post_inside\"><strong>Carga Hor\u00e1ria<\/strong>: 34 horas<\/article>\n<article><span style=\"color: #ff0000;\">Data: a definir<\/span><\/article>\n<article class=\"single_post_inside\"><strong>Cr\u00e9ditos<\/strong>: 3<\/article>\n<article class=\"single_post_inside\"><strong>C\u00f3digo:<\/strong>\u00a01640274<\/article>\n<article>Data: A definir<\/article>\n<article class=\"single_post_inside\"><strong>Ementa:\u00a0<\/strong>Introdu\u00e7\u00e3o e conceitos de remedia\u00e7\u00e3o e biorremedia\u00e7\u00e3o. T\u00e9cnicas de biorremedia\u00e7\u00e3o.\u00a0Usos e aplica\u00e7\u00f5es da biorremedia\u00e7\u00e3o.\u00a0Tipos e utiliza\u00e7\u00f5es de Fitorremedia\u00e7\u00e3o.\u00a0Uso e futuro da biorremedia\u00e7\u00e3o no Brasil e no mundo.<\/article>\n","protected":false},"excerpt":{"rendered":"<p>Os hor\u00e1rios pr\u00e9vios das disciplinas s\u00e3o apresentados em: Regime Normal C\u00f3digo da disciplina Nome da disciplina Professor Hor\u00e1rio 15000941 Sustentabilidade e Gest\u00e3o Ambiental (OBRIGAT\u00d3RIA) Andr\u00e9a Souza Castro\/ Diuliana Leandro Quinta-feira 14h \u00e0s 16h45min 1640262 Avalia\u00e7\u00e3o de Impactos Ambientais Tirzah Moreira Siqueira Segunda-feira 14h \u00e0s 16h45min 15000761 Materiais Vegetais Sustent\u00e1veis Andr\u00e9 Missio\/Rafael Delucis Quarta-feira 10h \u00e0s [&hellip;]<\/p>\n","protected":false},"author":707,"featured_media":0,"parent":0,"menu_order":0,"comment_status":"closed","ping_status":"closed","template":"","meta":{"footnotes":""},"class_list":["post-5853","page","type-page","status-publish","hentry"],"_links":{"self":[{"href":"https:\/\/wp.ufpel.edu.br\/ppgcamb\/wp-json\/wp\/v2\/pages\/5853","targetHints":{"allow":["GET"]}}],"collection":[{"href":"https:\/\/wp.ufpel.edu.br\/ppgcamb\/wp-json\/wp\/v2\/pages"}],"about":[{"href":"https:\/\/wp.ufpel.edu.br\/ppgcamb\/wp-json\/wp\/v2\/types\/page"}],"author":[{"embeddable":true,"href":"https:\/\/wp.ufpel.edu.br\/ppgcamb\/wp-json\/wp\/v2\/users\/707"}],"replies":[{"embeddable":true,"href":"https:\/\/wp.ufpel.edu.br\/ppgcamb\/wp-json\/wp\/v2\/comments?post=5853"}],"version-history":[{"count":35,"href":"https:\/\/wp.ufpel.edu.br\/ppgcamb\/wp-json\/wp\/v2\/pages\/5853\/revisions"}],"predecessor-version":[{"id":5897,"href":"https:\/\/wp.ufpel.edu.br\/ppgcamb\/wp-json\/wp\/v2\/pages\/5853\/revisions\/5897"}],"wp:attachment":[{"href":"https:\/\/wp.ufpel.edu.br\/ppgcamb\/wp-json\/wp\/v2\/media?parent=5853"}],"curies":[{"name":"wp","href":"https:\/\/api.w.org\/{rel}","templated":true}]}}