{"id":5638,"date":"2024-11-22T15:46:32","date_gmt":"2024-11-22T18:46:32","guid":{"rendered":"https:\/\/wp.ufpel.edu.br\/ppgcamb\/?page_id=5638"},"modified":"2025-10-08T23:00:46","modified_gmt":"2025-10-09T02:00:46","slug":"2025-2","status":"publish","type":"page","link":"https:\/\/wp.ufpel.edu.br\/ppgcamb\/2025-2\/","title":{"rendered":"2025"},"content":{"rendered":"<h1 class=\"corTexto\">EDITAL DE ALUNO DOUTORADO REGULAR 2025\/2<\/h1>\n<p><span style=\"color: #ff0000;\"><strong><a style=\"color: #ff0000;\" href=\"https:\/\/wp.ufpel.edu.br\/ppgcamb\/files\/2025\/10\/resultadodoutorado-1.pdf\">Resultado Final Doutorado p\u00f3s recursos<\/a><\/strong><\/span><\/p>\n<p><span style=\"color: #000000;\"><a style=\"color: #000000;\" href=\"https:\/\/wp.ufpel.edu.br\/ppgcamb\/files\/2025\/10\/resultadodoutorado.pdf\">Resultado<\/a><\/span><\/p>\n<p><a href=\"https:\/\/wp.ufpel.edu.br\/ppgcamb\/files\/2025\/09\/AssHomologacao_das_inscricoes_doutorado_2025-2_assinado.pdf\" target=\"_blank\" rel=\"noopener\">Homologa\u00e7\u00e3o das Inscri\u00e7\u00f5es<\/a><\/p>\n<h1 class=\"corTexto\"><span style=\"color: #ff0000;\"><strong style=\"font-size: 16px; text-align: justify;\"><a style=\"color: #ff0000;\" href=\"https:\/\/wp.ufpel.edu.br\/ppgcamb\/files\/2025\/08\/SEI_3225817_Edital_de_selecao_PRPPG_154-1.pdf\">Edital de doutorado<\/a><\/strong><\/span><\/h1>\n<p>Modelo Proposta de Pesquisa &#8211; Doutorado <a href=\"https:\/\/wp.ufpel.edu.br\/ppgcamb\/files\/2025\/06\/Modelo-Proposta-Doutorado_portugues.docx\" target=\"_blank\" rel=\"noopener\">DOCX (Baixe aqui)<\/a><\/p>\n<p>Requerimento de Inscri\u00e7\u00e3o (ANEXO 1)\u00a0<a href=\"https:\/\/wp.ufpel.edu.br\/ppgcamb\/files\/2025\/06\/formulario-de-inscricao-processo-seletivo.pdf\">PDF\u00a0<\/a><\/p>\n<p>Tabela de t\u00edtulos \u2013 Anexo 2 \u2013 Processo Seletivo\u00a0<a href=\"https:\/\/wp.ufpel.edu.br\/ppgcamb\/files\/2025\/07\/tabela_curriculo.pdf\">PDF (baixe aqui)<\/a> <a href=\"https:\/\/wp.ufpel.edu.br\/ppgcamb\/files\/2025\/07\/Prova-de-titulos-2025-2-1.xlsx\">XLSX (baixe aqui)<\/a><\/p>\n<p><a href=\"https:\/\/wp.ufpel.edu.br\/ppgcamb\/files\/2021\/05\/Documento_1307994_Autodeclaracao_de_Identidade_de_Genero.pdf\">Autodeclara\u00e7\u00e3o de Identidade de G\u00eanero \u2013 Processo Seletivo<\/a><\/p>\n<p><a href=\"https:\/\/wp.ufpel.edu.br\/ppgcamb\/files\/2023\/09\/autodeclaracao-etnico-racial.pdf\">Autodeclara\u00e7\u00e3o etnico-racial \u2013 Processo Seletivo<\/a><\/p>\n<h2 data-start=\"230\" data-end=\"309\">Perguntas Frequentes \u2013 Edital n\u00ba 154\/2025 (Doutorado em Ci\u00eancias Ambientais)<\/h2>\n<p data-start=\"311\" data-end=\"530\"><strong data-start=\"311\" data-end=\"395\">1. O que deve ser enviado na inscri\u00e7\u00e3o: projeto de tese ou proposta de pesquisa?<\/strong><br data-start=\"395\" data-end=\"398\" \/>O documento exigido \u00e9 o <strong data-start=\"422\" data-end=\"470\">projeto de tese completo, com at\u00e9 20 p\u00e1ginas<\/strong>, conforme o modelo disponibilizado na p\u00e1gina do Programa.<\/p>\n<p data-start=\"532\" data-end=\"956\"><strong data-start=\"532\" data-end=\"585\">2. Como funciona a pontua\u00e7\u00e3o do Curr\u00edculo Lattes?<\/strong><br data-start=\"585\" data-end=\"588\" \/>A pontua\u00e7\u00e3o m\u00e1xima considerada ser\u00e1 de <strong data-start=\"627\" data-end=\"641\">100 pontos<\/strong>. Embora a tabela do edital apresente a distribui\u00e7\u00e3o por categorias (produ\u00e7\u00e3o bibliogr\u00e1fica, tecnol\u00f3gica, etc.), candidatos podem obter maior pontua\u00e7\u00e3o em uma \u00e1rea em fun\u00e7\u00e3o da sua linha de pesquisa (por exemplo, artigos cient\u00edficos ou patentes). Assim, a pontua\u00e7\u00e3o final do curr\u00edculo n\u00e3o ultrapassar\u00e1 100 pontos.<\/p>\n<p data-start=\"958\" data-end=\"1109\"><strong data-start=\"958\" data-end=\"1004\">3. A entrevista ser\u00e1 presencial ou remota?<\/strong><br data-start=\"1004\" data-end=\"1007\" \/>A entrevista ser\u00e1 realizada <strong data-start=\"1035\" data-end=\"1054\">de forma remota<\/strong>, em data e link informados pela comiss\u00e3o de sele\u00e7\u00e3o.<\/p>\n<p data-start=\"1111\" data-end=\"1208\"><strong data-start=\"1111\" data-end=\"1163\">4. Existe alguma prova al\u00e9m das etapas listadas?<\/strong><br data-start=\"1163\" data-end=\"1166\" \/>N\u00e3o. As etapas do processo seletivo s\u00e3o:<\/p>\n<ul data-start=\"1209\" data-end=\"1307\">\n<li data-start=\"1209\" data-end=\"1250\">\n<p data-start=\"1211\" data-end=\"1250\"><strong data-start=\"1211\" data-end=\"1248\">Projeto de tese (at\u00e9 20 p\u00e1ginas);<\/strong><\/p>\n<\/li>\n<li data-start=\"1251\" data-end=\"1287\">\n<p data-start=\"1253\" data-end=\"1287\"><strong data-start=\"1253\" data-end=\"1285\">An\u00e1lise do Curr\u00edculo Lattes;<\/strong><\/p>\n<\/li>\n<li data-start=\"1288\" data-end=\"1307\">\n<p data-start=\"1290\" data-end=\"1307\"><strong data-start=\"1290\" data-end=\"1305\">Entrevista.<\/strong><\/p>\n<\/li>\n<\/ul>\n<p data-start=\"1309\" data-end=\"1408\">Essas tr\u00eas etapas s\u00e3o obrigat\u00f3rias, eliminat\u00f3rias e classificat\u00f3rias. <strong data-start=\"1379\" data-end=\"1405\">N\u00e3o h\u00e1 prova adicional<\/strong>.<\/p>\n<p>&nbsp;<\/p>\n<h1 class=\"corTexto\">EDITAL DE ALUNO MESTRADO REGULAR 2025\/2<\/h1>\n<p><span style=\"background-color: #00ffff; color: #ff0000;\"><a style=\"background-color: #00ffff; color: #ff0000;\" href=\"https:\/\/wp.ufpel.edu.br\/ppgcamb\/files\/2025\/08\/Orientacao_RESULTADO_FINAL.pdf\" target=\"_blank\" rel=\"noopener\">Resultado Final<\/a><\/span><\/p>\n<p><span style=\"color: #000000;\"><strong><a style=\"color: #000000;\" href=\"https:\/\/wp.ufpel.edu.br\/ppgcamb\/files\/2025\/08\/Orientacao-1.pdf\" target=\"_blank\" rel=\"noopener\">CANDIDATOS CLASSIFICADOS DE ACORDO COM A CAPACIDADE M\u00c1XIMA DOS PROFESSORES DO PROGRAMA POR TEM\u00c1TICA ESCOLHIDA PELO CANDIDATO<\/a><\/strong><\/span><\/p>\n<p><span style=\"color: #000000;\"><a style=\"color: #000000;\" href=\"https:\/\/wp.ufpel.edu.br\/ppgcamb\/files\/2025\/08\/Entrevista-2025_2.pdf\" target=\"_blank\" rel=\"noopener\">Resultado da Segunda Fase &#8211; Entrevista<\/a><\/span><\/p>\n<p><span style=\"color: #000000;\"><a style=\"color: #000000;\" href=\"https:\/\/wp.ufpel.edu.br\/ppgcamb\/files\/2025\/08\/horarios.pdf\" target=\"_blank\" rel=\"noopener\">Hor\u00e1rios e Orienta\u00e7\u00f5es para Entrevistas<\/a><\/span><\/p>\n<p><span style=\"color: #000000;\"><a style=\"color: #000000;\" href=\"https:\/\/wp.ufpel.edu.br\/ppgcamb\/files\/2025\/08\/Classificados_2fase_mestrado.pdf\" target=\"_blank\" rel=\"noopener\">Resultado Primeira Fase<\/a><\/span><\/p>\n<p><span style=\"color: #000000;\"><a style=\"color: #000000;\" href=\"https:\/\/wp.ufpel.edu.br\/ppgcamb\/files\/2025\/08\/Homologacao-das-Inscricoes-Edital-108.pdf\" target=\"_blank\" rel=\"noopener\">Homologa\u00e7\u00e3o das Inscri\u00e7\u00f5es<\/a><\/span><\/p>\n<p><span style=\"color: #ff0000;\"><a style=\"color: #ff0000;\" href=\"https:\/\/wp.ufpel.edu.br\/ppgcamb\/files\/2025\/07\/SEI_3143331_Edital_de_selecao_PRPPG_108.pdf\" target=\"_blank\" rel=\"noopener\">Edital de sele\u00e7\u00e3o &#8211; MESTRADO<\/a><\/span><\/p>\n<p>Modelo Proposta de Pesquisa &#8211; Mestrado <a href=\"https:\/\/wp.ufpel.edu.br\/ppgcamb\/files\/2025\/06\/NomeCandidato_ano_semestre.docx\" target=\"_blank\" rel=\"noopener\">DOCX (Baixe aqui)<\/a><\/p>\n<p>Requerimento de Inscri\u00e7\u00e3o (ANEXO 1)\u00a0<a href=\"https:\/\/wp.ufpel.edu.br\/ppgcamb\/files\/2025\/06\/formulario-de-inscricao-processo-seletivo.pdf\">PDF\u00a0<\/a><\/p>\n<p>Tabela de t\u00edtulos \u2013 Anexo 2 \u2013 Processo Seletivo\u00a0<a href=\"https:\/\/wp.ufpel.edu.br\/ppgcamb\/files\/2025\/07\/tabela_curriculo.pdf\">PDF (baixe aqui)<\/a> <a href=\"https:\/\/wp.ufpel.edu.br\/ppgcamb\/files\/2025\/07\/Prova-de-titulos-2025-2-1.xlsx\">XLSX (baixe aqui)<\/a><\/p>\n<p><a href=\"https:\/\/wp.ufpel.edu.br\/ppgcamb\/files\/2021\/05\/Documento_1307994_Autodeclaracao_de_Identidade_de_Genero.pdf\">Autodeclara\u00e7\u00e3o de Identidade de G\u00eanero \u2013 Processo Seletivo<\/a><\/p>\n<p><a href=\"https:\/\/wp.ufpel.edu.br\/ppgcamb\/files\/2023\/09\/autodeclaracao-etnico-racial.pdf\">Autodeclara\u00e7\u00e3o etnico-racial \u2013 Processo Seletivo<\/a><\/p>\n<p><span style=\"font-size: 8pt; color: #ff0000;\">obs: A aus\u00eancia do valor para a tabela de t\u00edtulos na categoria <em>resumos<\/em>\u00a0na tabela foi um equ\u00edvoco na vers\u00e3o atualizada. Mant\u00e9m-se o valor de\u00a0<strong>0,5 ponto por resumo<\/strong>, conforme os editais anteriores do PPG.<\/span><\/p>\n<p><a href=\"https:\/\/wp.ufpel.edu.br\/ppgcamb\/files\/2021\/05\/Documento_1307994_Autodeclaracao_de_Identidade_de_Genero.pdf\">Autodeclara\u00e7\u00e3o de Identidade de G\u00eanero \u2013 Processo Seletivo<\/a><\/p>\n<p><a href=\"https:\/\/wp.ufpel.edu.br\/ppgcamb\/files\/2023\/09\/autodeclaracao-etnico-racial.pdf\">Autodeclara\u00e7\u00e3o etnico-racial \u2013 Processo Seletivo<\/a><\/p>\n<p>&nbsp;<\/p>\n<h4><span style=\"color: #008080;\"><strong>CRONOGRAMA DO PROCESSO SELETIVO MESTRADO<\/strong><\/span><\/h4>\n<p>Per\u00edodo de inscri\u00e7\u00e3o:<strong>\u00a014 a 27 de julho de 2025<\/strong><\/p>\n<p>Homologa\u00e7\u00e3o das inscri\u00e7\u00f5es:\u00a0<strong>28 de julho de 2025<\/strong><\/p>\n<p>Per\u00edodo de interposi\u00e7\u00e3o dos recursos das inscri\u00e7\u00f5es:\u00a0<strong>29,30, 31 de julho de 2025<\/strong><\/p>\n<p>An\u00e1lise da Proposta de Pesquisa:\u00a0<strong>01 a 06 agosto de 2025<\/strong><\/p>\n<p>Divulga\u00e7\u00e3o dos resultados parcial da etapa An\u00e1lise da Proposta de Pesquisa:\u00a0<strong>07 agosto de 2025<\/strong><\/p>\n<p>Per\u00edodo de interposi\u00e7\u00e3o dos recursos das inscri\u00e7\u00f5es:\u00a0<strong>08,09 e 10 de agosto de 2025<\/strong><\/p>\n<p>Entrevista:\u00a0<strong>12 a 15 agosto de 2025<\/strong><\/p>\n<p>Divulga\u00e7\u00e3o dos resultados parcial da etapa Entrevista:\u00a0<strong>16 agosto de 2025<\/strong><\/p>\n<p>Per\u00edodo de interposi\u00e7\u00e3o dos recursos sobre o resultado da entrevista:\u00a0<strong>17, 18 a 19 agosto de 2025<\/strong><\/p>\n<p>Banca de Heteroidentifica\u00e7\u00e3o:\u00a0<strong>20 de Agosto de 2025<\/strong><\/p>\n<p>Resultado final dos recursos solicitados<strong>: 21 de agosto de 2025<\/strong><\/p>\n<p>Divulga\u00e7\u00e3o dos resultados finais:\u00a0<strong>22 agosto de 2025<\/strong><br \/>\nHomologa\u00e7\u00e3o do resultado final:<strong>\u00a025 de agosto de 2025<\/strong><\/p>\n<p><strong>Matr\u00edculas: <span style=\"color: #ff0000;\">28 e 29 de agosto de 2025<\/span><\/strong><\/p>\n<h1 data-pm-slice=\"1 1 []\"><\/h1>\n<h1 data-pm-slice=\"1 1 []\"><strong>SELE\u00c7\u00c3O DE ALUNO PARA ELEGIBILIDADE DE BOLSA CAPES<\/strong><\/h1>\n<p>O edital, <strong data-start=\"20\" data-end=\"76\">&#8220;SELE\u00c7\u00c3O DE ALUNO PARA ELEGIBILIDADE DE BOLSA CAPES&#8221;<\/strong>, pode sugerir que o objetivo \u00e9 selecionar alunos que atendam aos crit\u00e9rios m\u00ednimos para serem eleg\u00edveis a receber uma bolsa da CAPES, e n\u00e3o necessariamente a concess\u00e3o imediata da bolsa. A quantidade de bolsas depende da disponibilidade de cotas de bolsas que o programa receber\u00e1.<\/p>\n<p><a href=\"https:\/\/wp.ufpel.edu.br\/ppgcamb\/files\/2025\/04\/posicao.pdf\" target=\"_blank\" rel=\"noopener\">Classifica\u00e7\u00e3o<\/a><\/p>\n<p><a href=\"https:\/\/wp.ufpel.edu.br\/ppgcamb\/files\/2025\/04\/SEI_2982427_Despacho.pdf\" target=\"_blank\" rel=\"noopener\">Homologa\u00e7\u00e3o de Inscri\u00e7\u00f5es<\/a><\/p>\n<p><a href=\"https:\/\/wp.ufpel.edu.br\/ppgcamb\/files\/2025\/03\/SEI_2972530_Edital_02-1.pdf\">Edital<\/a><\/p>\n<p><a href=\"https:\/\/wp.ufpel.edu.br\/ppgcamb\/files\/2025\/03\/Anexo-1.pdf.docx\" target=\"_blank\" rel=\"noopener\">Anexo-1 &#8211; Inscri\u00e7\u00e3o<\/a><\/p>\n<p>Anexo 2 \u2013 Processo Seletivo\u00a0 <a href=\"https:\/\/wp.ufpel.edu.br\/ppgcamb\/files\/2024\/07\/Prova-de-titulos-2024.pdf\">PDF<\/a>\u00a0<a href=\"https:\/\/wp.ufpel.edu.br\/ppgcamb\/files\/2024\/07\/Prova-de-titulos-2024.xlsx\">XLSX<\/a><\/p>\n<p><a href=\"https:\/\/wp.ufpel.edu.br\/ppgcamb\/files\/2024\/03\/ANEXO-3.docx\">ANEXO 3<\/a><\/p>\n<h1 class=\"corTexto\">EDITAL DE ALUNO ESPECIAL 2025\/1<\/h1>\n<p>A Universidade Federal de Pelotas torna p\u00fablica a\u00a0<b>sele\u00e7\u00e3o<\/b>\u00a0para ingresso como\u00a0<strong>aluno especial<\/strong>\u00a0no curso\u00a0<b>de<\/b>\u00a0<b>Mestrado Stricto sensu em Ci\u00eancias Ambientais para o primeiro semestre de 2025. <\/b>Acesse o edital para maiores informa\u00e7\u00f5es.<\/p>\n<p><a href=\"https:\/\/wp.ufpel.edu.br\/ppgcamb\/files\/2025\/02\/SEI_2964606_Edital_001.pdf\">Resultado Final<\/a><\/p>\n<p><a href=\"https:\/\/wp.ufpel.edu.br\/ppgcamb\/files\/2025\/02\/SEI_2943289_Edital_de_selecao_PRPPG_27-1.pdf\" target=\"_blank\" rel=\"noopener\">Edital &#8211; baixe aqui<\/a><\/p>\n<p><a href=\"https:\/\/wp.ufpel.edu.br\/ppgcamb\/files\/2019\/05\/formul%C3%A1rio-de-inscri%C3%A7%C3%A3o-processo-seletivo.pdf\">Formul\u00e1rio de inscri\u00e7\u00e3o \u2013 Anexo 1 \u2013 Processo Seletivo<\/a><\/p>\n<p>As disciplinas s\u00e3o:<\/p>\n<table width=\"633\">\n<tbody>\n<tr>\n<td style=\"width: 623px;\" colspan=\"4\"><strong>Regime Normal<\/strong><\/td>\n<\/tr>\n<tr>\n<td style=\"width: 102px;\">C\u00f3digo da disciplina<\/td>\n<td style=\"width: 255px;\">Nome da disciplina<\/td>\n<td style=\"width: 174px;\">Professor<\/td>\n<td style=\"width: 92px;\">Hor\u00e1rio<\/td>\n<\/tr>\n<tr>\n<td style=\"width: 102px;\" rowspan=\"2\">15000941<\/td>\n<td style=\"width: 255px;\" rowspan=\"2\">Sustentabilidade e Gest\u00e3o Ambiental<\/td>\n<td style=\"width: 174px;\" rowspan=\"2\">Andr\u00e9a Souza Castro\/ Diuliana Leandro<\/td>\n<td style=\"width: 92px;\">Quinta-feira<\/td>\n<\/tr>\n<tr>\n<td style=\"width: 92px;\">14h \u00e0s 16h45min<\/td>\n<\/tr>\n<tr>\n<td style=\"width: 102px;\" rowspan=\"2\">1640262<\/td>\n<td style=\"width: 255px;\" rowspan=\"2\">Avalia\u00e7\u00e3o de Impactos Ambientais<\/td>\n<td style=\"width: 174px;\" rowspan=\"2\">Tirzah Moreira Siqueira<\/td>\n<td style=\"width: 92px;\">Segunda-feira<\/td>\n<\/tr>\n<tr>\n<td style=\"width: 92px;\">14h \u00e0s 16h45min<\/td>\n<\/tr>\n<tr>\n<td style=\"width: 102px;\" rowspan=\"2\">15000761<\/td>\n<td style=\"width: 255px;\" rowspan=\"2\">Materiais Vegetais Sustent\u00e1veis<\/td>\n<td style=\"width: 174px;\" rowspan=\"2\">Andr\u00e9 Missio\/Rafael Delucis<\/td>\n<td style=\"width: 92px;\">Quarta-feira<\/td>\n<\/tr>\n<tr>\n<td style=\"width: 92px;\">10h \u00e0s 11h40min<\/td>\n<\/tr>\n<tr>\n<td style=\"width: 102px;\" rowspan=\"2\">15000752<\/td>\n<td style=\"width: 255px;\" rowspan=\"2\">Processos Oxidativos Avan\u00e7ados Sustent\u00e1veis para o Tratamento da \u00c1gua<\/td>\n<td style=\"width: 174px;\" rowspan=\"2\">C\u00edcero de Escobar<\/td>\n<td style=\"width: 92px;\">Ter\u00e7a-feira<\/td>\n<\/tr>\n<tr>\n<td style=\"width: 92px;\">14h \u00e0s 16h45min<\/td>\n<\/tr>\n<tr>\n<td style=\"width: 102px;\" rowspan=\"2\">1640269<\/td>\n<td style=\"width: 255px;\" rowspan=\"2\">Recupera\u00e7\u00e3o de \u00c1reas Degradadas<\/td>\n<td style=\"width: 174px;\" rowspan=\"2\">Mar\u00edlia Lazarotto<\/td>\n<td style=\"width: 92px;\">Segunda-feira<\/td>\n<\/tr>\n<tr>\n<td style=\"width: 92px;\">14h \u00e0s 16h45min<\/td>\n<\/tr>\n<tr>\n<td style=\"width: 102px;\" rowspan=\"2\">1640354<\/td>\n<td style=\"width: 255px;\" rowspan=\"2\">Ci\u00eancia e Sustentabilidade da Madeira<\/td>\n<td style=\"width: 174px;\" rowspan=\"2\">Rafael Beltrame\/Darci Gatto<\/td>\n<td style=\"width: 92px;\">Quinta-feira<\/td>\n<\/tr>\n<tr>\n<td style=\"width: 92px;\">8h \u00e0s 11h40min<\/td>\n<\/tr>\n<\/tbody>\n<\/table>\n<p>&nbsp;<\/p>\n<table width=\"951\">\n<tbody>\n<tr>\n<td colspan=\"4\"><strong>Regime Concentrado<\/strong><\/td>\n<\/tr>\n<tr>\n<td>C\u00f3digo da disciplina<\/td>\n<td>Nome da disciplina<\/td>\n<td>Professor<\/td>\n<td>Hor\u00e1rio<\/td>\n<\/tr>\n<tr>\n<td>1640274<\/td>\n<td>Biotecnologias Aplicadas \u00e0 Biorremedia\u00e7\u00e3o<\/td>\n<td>Robson Andreazza<\/td>\n<td>A definir data e hor\u00e1rio<\/td>\n<\/tr>\n<\/tbody>\n<\/table>\n<p>&nbsp;<\/p>\n<p>&nbsp;<\/p>\n<h1 class=\"corTexto\">EDITAL DE ALUNO REGULAR 2025\/1<\/h1>\n<p>A Universidade Federal de Pelotas torna p\u00fablica a\u00a0<b>sele\u00e7\u00e3o<\/b>\u00a0para ingresso como\u00a0<strong>aluno regular<\/strong>\u00a0no curso\u00a0<b>de<\/b>\u00a0<b>Mestrado Stricto sensu em Ci\u00eancias Ambientais para o primeiro semestre de 2025. <\/b>Acesse o edital para maiores informa\u00e7\u00f5es.<\/p>\n<p><a href=\"https:\/\/wp.ufpel.edu.br\/ppgcamb\/files\/2025\/02\/SEI_2970090_Edital_001.pdf\">Resultado final<\/a><\/p>\n<p><a href=\"https:\/\/wp.ufpel.edu.br\/ppgcamb\/files\/2024\/12\/resultadook.pdf\">Resultado<\/a><\/p>\n<p><a href=\"https:\/\/wp.ufpel.edu.br\/ppgcamb\/files\/2024\/12\/homologacao.pdf\">Homologa\u00e7\u00e3o de Inscri\u00e7\u00f5es<\/a><\/p>\n<p><a href=\"https:\/\/wp.ufpel.edu.br\/ppgcamb\/files\/2024\/11\/SEI_2858892_Edital_de_selecao_PRPPG_201-1.pdf\">Edital de sele\u00e7\u00e3o 2025\/1<\/a><\/p>\n<p><a href=\"https:\/\/wp.ufpel.edu.br\/ppgcamb\/formularios\/\" target=\"_blank\" rel=\"noopener\">Formul\u00e1rios<\/a><\/p>\n<p><a href=\"https:\/\/wp.ufpel.edu.br\/ppgcamb\/files\/2019\/05\/formul%C3%A1rio-de-inscri%C3%A7%C3%A3o-processo-seletivo.pdf\">Formul\u00e1rio de inscri\u00e7\u00e3o \u2013 Anexo 1 \u2013 Processo Seletivo<\/a><\/p>\n<p><a href=\"https:\/\/wp.ufpel.edu.br\/ppgcamb\/files\/2024\/11\/NomeCandidato_ano_semestre.docx\">Modelo de Proposta de Mestrado \u2013 Processo Seletivo<\/a><\/p>\n<p>Prova de t\u00edtulos \u2013 Anexo 2 \u2013 Processo Seletivo\u00a0\u00a0<a href=\"https:\/\/wp.ufpel.edu.br\/ppgcamb\/files\/2024\/07\/Prova-de-titulos-2024.pdf\">PDF<\/a>\u00a0<a href=\"https:\/\/wp.ufpel.edu.br\/ppgcamb\/files\/2024\/07\/Prova-de-titulos-2024.xlsx\">XLSX<\/a><\/p>\n<p><a href=\"https:\/\/wp.ufpel.edu.br\/ppgcamb\/files\/2021\/05\/Documento_1307994_Autodeclaracao_de_Identidade_de_Genero.pdf\">Autodeclara\u00e7\u00e3o de Identidade de G\u00eanero \u2013 Processo Seletivo<\/a><\/p>\n<p><a href=\"https:\/\/wp.ufpel.edu.br\/ppgcamb\/files\/2023\/09\/autodeclaracao-etnico-racial.pdf\">Autodeclara\u00e7\u00e3o etnico-racial \u2013 Processo Seletivo<\/a><\/p>\n","protected":false},"excerpt":{"rendered":"<p>EDITAL DE ALUNO DOUTORADO REGULAR 2025\/2 Resultado Final Doutorado p\u00f3s recursos Resultado Homologa\u00e7\u00e3o das Inscri\u00e7\u00f5es Edital de doutorado Modelo Proposta de Pesquisa &#8211; Doutorado DOCX (Baixe aqui) Requerimento de Inscri\u00e7\u00e3o (ANEXO 1)\u00a0PDF\u00a0 Tabela de t\u00edtulos \u2013 Anexo 2 \u2013 Processo Seletivo\u00a0PDF (baixe aqui) XLSX (baixe aqui) Autodeclara\u00e7\u00e3o de Identidade de G\u00eanero \u2013 Processo Seletivo Autodeclara\u00e7\u00e3o [&hellip;]<\/p>\n","protected":false},"author":707,"featured_media":0,"parent":0,"menu_order":0,"comment_status":"closed","ping_status":"closed","template":"","meta":{"footnotes":""},"class_list":["post-5638","page","type-page","status-publish","hentry"],"_links":{"self":[{"href":"https:\/\/wp.ufpel.edu.br\/ppgcamb\/wp-json\/wp\/v2\/pages\/5638","targetHints":{"allow":["GET"]}}],"collection":[{"href":"https:\/\/wp.ufpel.edu.br\/ppgcamb\/wp-json\/wp\/v2\/pages"}],"about":[{"href":"https:\/\/wp.ufpel.edu.br\/ppgcamb\/wp-json\/wp\/v2\/types\/page"}],"author":[{"embeddable":true,"href":"https:\/\/wp.ufpel.edu.br\/ppgcamb\/wp-json\/wp\/v2\/users\/707"}],"replies":[{"embeddable":true,"href":"https:\/\/wp.ufpel.edu.br\/ppgcamb\/wp-json\/wp\/v2\/comments?post=5638"}],"version-history":[{"count":4,"href":"https:\/\/wp.ufpel.edu.br\/ppgcamb\/wp-json\/wp\/v2\/pages\/5638\/revisions"}],"predecessor-version":[{"id":6431,"href":"https:\/\/wp.ufpel.edu.br\/ppgcamb\/wp-json\/wp\/v2\/pages\/5638\/revisions\/6431"}],"wp:attachment":[{"href":"https:\/\/wp.ufpel.edu.br\/ppgcamb\/wp-json\/wp\/v2\/media?parent=5638"}],"curies":[{"name":"wp","href":"https:\/\/api.w.org\/{rel}","templated":true}]}}