{"id":5609,"date":"2024-10-20T16:32:04","date_gmt":"2024-10-20T19:32:04","guid":{"rendered":"https:\/\/wp.ufpel.edu.br\/ppgcamb\/?page_id=5609"},"modified":"2024-10-20T17:10:29","modified_gmt":"2024-10-20T20:10:29","slug":"midia_inundacoes_2024","status":"publish","type":"page","link":"https:\/\/wp.ufpel.edu.br\/ppgcamb\/midia_inundacoes_2024\/","title":{"rendered":"A\u00e7\u00f5es de Resposta \u00e0s Inunda\u00e7\u00f5es de 2024: Colabora\u00e7\u00e3o Cient\u00edfica e Gest\u00e3o de Riscos"},"content":{"rendered":"<h1><strong>Pesquisadores da UFPEL Apoiam Gest\u00e3o P\u00fablica nas Inunda\u00e7\u00f5es de 2024 com Solu\u00e7\u00f5es Inovadoras e Estrat\u00e9gicas<\/strong><\/h1>\n<p>As enchentes catastr\u00f3ficas que atingiram o Rio Grande do Sul em 2023 e 2024 demandaram respostas cient\u00edficas e tecnol\u00f3gicas avan\u00e7adas para mitigar seus impactos e orientar a tomada de decis\u00f5es. Nesse contexto, pesquisadores da tem\u00e1tica, em especial do PPGCAmb\u00a0 engajados no mapeamento de risco, resili\u00eancia, alertas e fornecimento de informa\u00e7\u00f5es para atividades operacionais de salvamento desempenharam um papel crucial, oferecendo suporte essencial para a gest\u00e3o eficaz dessa crise clim\u00e1tica.<\/p>\n<p>Desde o in\u00edcio das cheias na regi\u00e3o sul do estado, em maio de 2024, professores e t\u00e9cnicos da Universidade Federal de Pelotas (UFPel) colaboraram voluntariamente com o poder p\u00fablico e a Defesa Civil de Pelotas. O foco dessa colabora\u00e7\u00e3o foi fortalecer a gest\u00e3o p\u00fablica, promovendo solu\u00e7\u00f5es eficazes para a avalia\u00e7\u00e3o de riscos e ampliando a capacidade de resposta aos eventos extremos. Gra\u00e7as a essas contribui\u00e7\u00f5es, foi poss\u00edvel acompanhar com precis\u00e3o o comportamento dos ventos e a eleva\u00e7\u00e3o das \u00e1guas, auxiliando na defini\u00e7\u00e3o de \u00e1reas de risco e na tomada de decis\u00f5es estrat\u00e9gicas, como evacua\u00e7\u00f5es.<\/p>\n<p>O grupo interdisciplinar, composto por matem\u00e1ticos, meteorologistas, hidr\u00f3logos, engenheiros e economistas, demonstrou como a colabora\u00e7\u00e3o entre ci\u00eancia e gest\u00e3o p\u00fablica pode salvar vidas e proteger comunidades em momentos de crise. A aplica\u00e7\u00e3o de modelos matem\u00e1ticos na an\u00e1lise de inunda\u00e7\u00f5es foi um exemplo paradigm\u00e1tico de como a pesquisa acad\u00eamica pode ser mobilizada em prol do bem-estar da sociedade.<\/p>\n<h3>A\u00e7\u00f5es alinhadas aos Objetivos de Desenvolvimento Sustent\u00e1vel (ODS)<\/h3>\n<p>Essas a\u00e7\u00f5es estiveram diretamente vinculadas a diversos ODS, fortalecendo tanto a resili\u00eancia das comunidades quanto a capacidade de resposta a desastres naturais. Abaixo est\u00e1 a correla\u00e7\u00e3o com os ODS relevantes:<\/p>\n<ul>\n<li><strong>ODS 11 &#8211; Cidades e Comunidades Sustent\u00e1veis<\/strong>: A colabora\u00e7\u00e3o com a Sala de Situa\u00e7\u00e3o do Comit\u00ea de Crise e a Defesa Civil fortaleceu a resili\u00eancia urbana, promovendo infraestruturas mais seguras e planejadas para mitigar os impactos das inunda\u00e7\u00f5es.<\/li>\n<li><strong>ODS 13 &#8211; A\u00e7\u00e3o Contra a Mudan\u00e7a Global do Clima<\/strong>: A previs\u00e3o e o monitoramento de eventos hidrometeorol\u00f3gicos extremos, como chuvas intensas, contribu\u00edram diretamente para a adapta\u00e7\u00e3o \u00e0s mudan\u00e7as clim\u00e1ticas, preparando as cidades para uma resposta mais eficaz.<\/li>\n<li><strong>ODS 6 &#8211; \u00c1gua Pot\u00e1vel e Saneamento<\/strong>: As atividades de monitoramento e modelagem hidrol\u00f3gica ajudaram a prevenir inunda\u00e7\u00f5es, al\u00e9m de promover uma gest\u00e3o sustent\u00e1vel dos recursos h\u00eddricos, assegurando que a qualidade da \u00e1gua fosse preservada.<\/li>\n<li><strong>ODS 9 &#8211; Ind\u00fastria, Inova\u00e7\u00e3o e Infraestrutura<\/strong>: O uso de tecnologias avan\u00e7adas e inova\u00e7\u00f5es em modelagem espacial e hidrol\u00f3gica demonstrou o compromisso com o aprimoramento da infraestrutura de preven\u00e7\u00e3o e resposta a desastres.<\/li>\n<li><strong>ODS 16 &#8211; Paz, Justi\u00e7a e Institui\u00e7\u00f5es Eficazes<\/strong>: A coopera\u00e7\u00e3o com m\u00faltiplas entidades, como Defesa Civil, Bombeiros e Ex\u00e9rcito, fortaleceu as institui\u00e7\u00f5es respons\u00e1veis pela seguran\u00e7a p\u00fablica e garantiu uma resposta coordenada e eficiente.<\/li>\n<\/ul>\n<p>Essas iniciativas exemplificaram como a ci\u00eancia aplicada e a colabora\u00e7\u00e3o interinstitucional promoveram um desenvolvimento sustent\u00e1vel e resiliente, aumentando a capacidade de adapta\u00e7\u00e3o dos munic\u00edpios da Zona Sul do RS.<\/p>\n<p><strong>Para mais informa\u00e7\u00f5es e atualiza\u00e7\u00f5es sobre as a\u00e7\u00f5es em Pelotas e regi\u00e3o durante as inunda\u00e7\u00f5es de 2024, acesse os links abaixo das divulga\u00e7\u00f5es oficiais.<\/strong><\/p>\n<div class=\"entry-content clearfix\">\n<ul>\n<li><strong>Folha S\u00e3o Paulo \u2013 11 maio:\u00a0<\/strong><a href=\"https:\/\/www.msn.com\/pt-br\/noticias\/brasil\/pico-de-enchente-em-pelotas-rs-deve-ser-entre-segunda-13-e-quarta-15-diz-prefeita\/ar-BB1me5j0\">https:\/\/www.msn.com\/pt-br\/noticias\/brasil\/pico-de-enchente-em-pelotas-rs-deve-ser-entre-segunda-13-e-quarta-15-diz-prefeita\/ar-BB1me5j0\u00a0<\/a><\/li>\n<li><strong>Folha S\u00e3o Paulo \u2013 11 maio:\u00a0<\/strong>\u00a0<a href=\"https:\/\/www1.folha.uol.com.br\/cotidiano\/2024\/05\/pico-de-enchente-em-pelotas-rs-deve-ser-entre-segunda-13-e-quarta-15-diz-prefeita.shtml\">https:\/\/www1.folha.uol.com.br\/cotidiano\/2024\/05\/pico-de-enchente-em-pelotas-rs-deve-ser-entre-segunda-13-e-quarta-15-diz-prefeita.shtml<\/a><\/li>\n<li><strong>Jornal O Sul \u2013 12 maio:\u00a0<\/strong><a href=\"https:\/\/www.osul.com.br\/enchente-deixa-um-terco-da-cidade-de-pelotas-debaixo-dagua\/\">https:\/\/www.osul.com.br\/enchente-deixa-um-terco-da-cidade-de-pelotas-debaixo-dagua\/<\/a><\/li>\n<li><strong>O bairrista \u2013 12 maio:\u00a0<\/strong><a href=\"https:\/\/obairrista.com\/2024\/05\/pico-de-enchente-em-pelotas-sera-entre-segunda-e-quarta-feira-afirmam-pesquisadores-da-ufpel\/\">https:\/\/obairrista.com\/2024\/05\/pico-de-enchente-em-pelotas-sera-entre-segunda-e-quarta-feira-afirmam-pesquisadores-da-ufpel\/<\/a><\/li>\n<\/ul>\n<ul>\n<li><strong>Di\u00e1rio popular \u2013 11 maio:\u00a0<\/strong><a href=\"https:\/\/diariopopular.com.br\/geral\/_pior_momento_das_cheias_em_pelotas_devera_ser_entre_a_proxima_segunda_e_quarta_feira.593285\">https:\/\/diariopopular.com.br\/geral\/_pior_momento_das_cheias_em_pelotas_devera_ser_entre_a_proxima_segunda_e_quarta_feira.593285<\/a><\/li>\n<li><strong>Di\u00e1rio popular\u00a0<\/strong>\u2013<strong>18 maio:<\/strong><br \/>\nDiario Popular \/ Geral \/ Cientistas acompanham situa\u00e7\u00e3o diariamente em Pelotas<br \/>\n<a href=\"https:\/\/diariopopular.com.br\/geral\/cientistas_acompanham_situacao_diariamente_em_pelotas.594714\">https:\/\/diariopopular.com.br\/geral\/cientistas_acompanham_situacao_diariamente_em_pelotas.594714<\/a><\/li>\n<li><strong>Di\u00e1rio popular -17 e 18 maio \u2013 edi\u00e7\u00e3o do final de semana:<\/strong><br \/>\n<a href=\"https:\/\/diariopopular.com.br\/geral\/confira_a_edicao_de_sabado_e_domingo_18_e_19_de_maio.594692\">https:\/\/diariopopular.com.br\/geral\/confira_a_edicao_de_sabado_e_domingo_18_e_19_de_maio.594692<\/a><\/li>\n<li><strong>Di\u00e1rio popular \u2013 23 maio:<\/strong><br \/>\n<a href=\"https:\/\/diariopopular.com.br\/geral\/perspectiva_e_de_estabilidade_apos_chuvas.595771\">https:\/\/diariopopular.com.br\/geral\/perspectiva_e_de_estabilidade_apos_chuvas.595771<\/a><br \/>\n<a href=\"https:\/\/diariopopular.com.br\/geral\/edicao_de_quinta_feira_23_de_maio_de_2024.595710\">https:\/\/diariopopular.com.br\/geral\/edicao_de_quinta_feira_23_de_maio_de_2024.595710<\/a><\/li>\n<li><strong>Di\u00e1rio popular \u2013 24 maio:<\/strong><br \/>\n<a href=\"https:\/\/diariopopular.com.br\/geral\/edicao_de_sexta_feira_24_de_maio_de_2024.595938\">https:\/\/diariopopular.com.br\/geral\/edicao_de_sexta_feira_24_de_maio_de_2024.595938<\/a><\/li>\n<li><strong>Di\u00e1rio popular \u2013 25 e 26 maio:<\/strong><br \/>\n<a href=\"https:\/\/diariopopular.com.br\/geral\/edicao_de_sabado_e_domingo_25_e_26_de_maio_de_2024.596183\">https:\/\/diariopopular.com.br\/geral\/edicao_de_sabado_e_domingo_25_e_26_de_maio_de_2024.596183<\/a><\/li>\n<li><strong>Di\u00e1rio Popular \u2013 29 maio:<\/strong><br \/>\n<a href=\"https:\/\/diariopopular.com.br\/geral\/edicao_de_quarta_feira_29_de_maio_de_2024.596902\">https:\/\/diariopopular.com.br\/geral\/edicao_de_quarta_feira_29_de_maio_de_2024.596902<\/a><\/li>\n<li><strong>Di\u00e1rio Popular \u2013 7 junho:<\/strong><br \/>\n<a href=\"https:\/\/diariopopular.com.br\/geral\/edicao_de_sexta_feira_7_de_junho_de_2024.598598\">https:\/\/diariopopular.com.br\/geral\/edicao_de_sexta_feira_7_de_junho_de_2024.598598<\/a><br \/>\n<a href=\"https:\/\/diariopopular.com.br\/geral\/_apos_28_dias_mobilizacao_da_sala_de_situacao_e_concluida_.598537\">https:\/\/diariopopular.com.br\/geral\/_apos_28_dias_mobilizacao_da_sala_de_situacao_e_concluida_.598537<\/a><\/li>\n<li><strong>Di\u00e1rio Popular \u2013 8 e 9 junho:<\/strong><br \/>\n<a href=\"https:\/\/diariopopular.com.br\/geral\/edicao_de_sabado_e_domingo_8_e_9_de_junho_2024.598821\">https:\/\/diariopopular.com.br\/geral\/edicao_de_sabado_e_domingo_8_e_9_de_junho_2024.598821<\/a><br \/>\n<a href=\"https:\/\/diariopopular.com.br\/geral\/pelotas_teve_cerca_de_15_mil_casas_afetadas_pelas_aguas_confira_a_cronologia_da_inundacao_no_municipio.598815\">https:\/\/diariopopular.com.br\/geral\/pelotas_teve_cerca_de_15_mil_casas_afetadas_pelas_aguas_confira_a_cronologia_da_inundacao_no_municipio.598815<\/a><\/li>\n<li><strong>O tempo \u2013 11 maio:\u00a0<\/strong><br \/>\n<a href=\"https:\/\/www.otempo.com.br\/brasil\/2024\/5\/11\/pico-de-enchente-em-pelotas--rs--deve-ser-entre-segunda--13--e-q\">https:\/\/www.otempo.com.br\/brasil\/2024\/5\/11\/pico-de-enchente-em-pelotas\u2013rs\u2013deve-ser-entre-segunda\u201313\u2013e-q<\/a><\/li>\n<li><strong>Jornal tradi\u00e7\u00e3o \u2013 11 e 12 maio:<\/strong><br \/>\n<a href=\"https:\/\/www.jornaltradicao.com.br\/pelotas\/geral\/a-agua-vai-chegar-a-lugares-que-nunca-foram-atingidos-antes-diz-prefeita-de-pelotas-em-live\/\">https:\/\/www.jornaltradicao.com.br\/pelotas\/geral\/a-agua-vai-chegar-a-lugares-que-nunca-foram-atingidos-antes-diz-prefeita-de-pelotas-em-live\/<\/a><\/li>\n<li><strong>Jornal tradi\u00e7\u00e3o:\u00a0<\/strong><a href=\"https:\/\/www.jornaltradicao.com.br\/pelotas\/geral\/pelotas-sao-goncalo-atinge-288-metros-mesma-cota-da-enchente-de-1941\/\">https:\/\/www.jornaltradicao.com.br\/pelotas\/geral\/pelotas-sao-goncalo-atinge-288-metros-mesma-cota-da-enchente-de-1941\/<\/a><\/li>\n<li><strong>Jornal tradi\u00e7\u00e3o:\u00a0<\/strong><a href=\"https:\/\/www.jornaltradicao.com.br\/pelotas\/geral\/prefeitura-de-pelotas-atualiza-mapa-com-areas-em-risco-de-alagamento\/\">https:\/\/www.jornaltradicao.com.br\/pelotas\/geral\/prefeitura-de-pelotas-atualiza-mapa-com-areas-em-risco-de-alagamento\/<\/a><\/li>\n<li><strong>Jornal tradi\u00e7\u00e3o \u2013 31 maio:\u00a0<\/strong>\u00a0<a href=\"https:\/\/www.jornaltradicao.com.br\/pelotas\/geral\/pelotas-especialistas-da-sala-de-situacao-explicam-cenario-das-enchentes-na-regiao\/\">https:\/\/www.jornaltradicao.com.br\/pelotas\/geral\/pelotas-especialistas-da-sala-de-situacao-explicam-cenario-das-enchentes-na-regiao\/<\/a><\/li>\n<li><strong>Jornal Tradi\u00e7\u00e3o \u2013 v\u00eddeo mapas de risco \u2013 instagram:<\/strong>\u00a0<a href=\"https:\/\/www.instagram.com\/reel\/C7w2HbzJDsa\/?igsh=MTMxbW1obHI4ZTR1OQ%3D%3D\">https:\/\/www.instagram.com\/reel\/C7w2HbzJDsa\/?igsh=MTMxbW1obHI4ZTR1OQ%3D%3D<\/a><\/li>\n<li><strong>Jornal tradi\u00e7\u00e3o \u2013 not\u00edcia instagram \u2013 30 maio:<\/strong><a href=\"https:\/\/www.instagram.com\/p\/C7pLKDftUPG\/\">\u00a0https:\/\/www.instagram.com\/p\/C7pLKDftUPG\/<\/a><\/li>\n<li><strong>Jornal Tradi\u00e7\u00e3o \u2013 6 junho:<\/strong><br \/>\n<a href=\"https:\/\/www.instagram.com\/reel\/C74n4hHJXer\/?igsh=Z3JsZGdlYzExdDFs\">https:\/\/www.instagram.com\/reel\/C74n4hHJXer\/?igsh=Z3JsZGdlYzExdDFs<\/a><br \/>\n<a href=\"https:\/\/www.jornaltradicao.com.br\/pelotas\/geral\/pelotas-sala-de-situacao-mantem-acompanhamento-da-lagoa-e-do-sao-goncalo\/\">https:\/\/www.jornaltradicao.com.br\/pelotas\/geral\/pelotas-sala-de-situacao-mantem-acompanhamento-da-lagoa-e-do-sao-goncalo\/<\/a><br \/>\n<a href=\"https:\/\/www.jornaltradicao.com.br\/pelotas\/geral\/pelotas-prefeita-encerra-atividades-da-sala-de-situacao-e-atualiza-mapa-de-risco\/\">https:\/\/www.jornaltradicao.com.br\/pelotas\/geral\/pelotas-prefeita-encerra-atividades-da-sala-de-situacao-e-atualiza-mapa-de-risco\/<\/a><\/li>\n<li><strong>Jornal Tradi\u00e7\u00e3o \u2013 6 junho:\u00a0<\/strong><a href=\"https:\/\/www.jornaltradicao.com.br\/pelotas\/geral\/acervo-fotografico-mantido-pela-ucpel-e-usado-em-estudo-para-monitoramento-do-nivel-da-lagoa-dos-patos-e-canal-sao-goncalo\/\">https:\/\/www.jornaltradicao.com.br\/pelotas\/geral\/acervo-fotografico-mantido-pela-ucpel-e-usado-em-estudo-para-monitoramento-do-nivel-da-lagoa-dos-patos-e-canal-sao-goncalo\/<\/a><\/li>\n<li><strong>Correio do povo \u2013 11 maio:<\/strong><br \/>\n<a href=\"https:\/\/www.correiodopovo.com.br\/not%C3%ADcias\/chuvasnors\/vila-farroupilha-na-%C3%A1rea-da-rodovi%C3%A1ria-entra-em-%C3%A1rea-de-risco-para-alagamentos-em-pelotas-1.1493620\">https:\/\/www.correiodopovo.com.br\/not%C3%ADcias\/chuvasnors\/vila-farroupilha-na-%C3%A1rea-da-rodovi%C3%A1ria-entra-em-%C3%A1rea-de-risco-para-alagamentos-em-pelotas-1.1493620<\/a><\/li>\n<li><strong>Defesa civil \u2013 21 maio:<\/strong><br \/>\n<a href=\"https:\/\/www.estado.rs.gov.br\/defesa-civil-alerta-sobre-chuvas-intensas-na-metade-sul-do-estado\">https:\/\/www.estado.rs.gov.br\/defesa-civil-alerta-sobre-chuvas-intensas-na-metade-sul-do-estado<\/a><\/li>\n<li><strong>UCPel \u2013 4 junho:<\/strong><br \/>\n<a href=\"https:\/\/ucpel.edu.br\/noticias\/acervo-fotografico-mantido-pela-ucpel-e-usado-em-estudo-para-monitoramento-do-nivel-da-lagoa-dos-patos-e-canal-sao-goncalo?fbclid=PAZXh0bgNhZW0CMTEAAaZzkSl-RqCfIfpLVg1BrTPLEH3k9o_rWufsftiotZBMXgPtfXehBgrJ-HA_aem_Adx_cl1Bxw1xSUjP9Ar4J-w9e4s6tcPll6DD9vjMxYBMEtwVDUrl5LSg6rz83T4xFnGQut1WvuW6UVLS6ivsrSAy\">https:\/\/ucpel.edu.br\/noticias\/acervo-fotografico-mantido-pela-ucpel-e-usado-em-estudo-para-monitoramento-do-nivel-da-lagoa-dos-patos-e-canal-sao-goncalo?fbclid=PAZXh0bgNhZW0CMTEAAaZzkSl-RqCfIfpLVg1BrTPLEH3k9o_rWufsftiotZBMXgPtfXehBgrJ-HA_aem_Adx_cl1Bxw1xSUjP9Ar4J-w9e4s6tcPll6DD9vjMxYBMEtwVDUrl5LSg6rz83T4xFnGQut1WvuW6UVLS6ivsrSAy<\/a><\/li>\n<li><strong>Programa Zona Sul em Movimento \u2013 4 junho:<\/strong><br \/>\n<a href=\"https:\/\/www.youtube.com\/live\/HBv-ng0rbn8?si=RU5VPx9HFODPtGUv\">https:\/\/www.youtube.com\/live\/HBv-ng0rbn8?si=RU5VPx9HFODPtGUv<\/a><\/li>\n<\/ul>\n<p>&nbsp;<\/p>\n<ul>\n<li><strong>V\u00eddeos de agradecimentos:\u00a0<\/strong><\/li>\n<li><strong>Coronel Facin \u2013 Defesa Civil:<\/strong>\u00a0<a href=\"https:\/\/www.instagram.com\/reel\/C77Y8gIp8dv\/?igsh=MjVkNXlzZGN0NjZt\">https:\/\/www.instagram.com\/reel\/C77Y8gIp8dv\/?igsh=MjVkNXlzZGN0NjZt<\/a><\/li>\n<li><strong>Prefeita Paula Schild Mascarenhas:<\/strong>\u00a0<a href=\"https:\/\/www.instagram.com\/reel\/C77pa8xgLDz\/?igsh=MTUwb2ZtYmo3YXB2ag==\">https:\/\/www.instagram.com\/reel\/C77pa8xgLDz\/?igsh=MTUwb2ZtYmo3YXB2ag==<\/a>\u00a0 \u00a0e\u00a0\u00a0<a href=\"https:\/\/www.instagram.com\/p\/C75GK8EAxu6\/?igsh=aGJ1aGd0aHJodDZv\">https:\/\/www.instagram.com\/p\/C75GK8EAxu6\/?igsh=aGJ1aGd0aHJodDZv<\/a><\/li>\n<li><strong>Jornal Tradi\u00e7\u00e3o:<\/strong>\u00a0<a href=\"https:\/\/www.instagram.com\/reel\/C74n4hHJXer\/?igsh=Z3JsZGdlYzExdDFs\">https:\/\/www.instagram.com\/reel\/C74n4hHJXer\/?igsh=Z3JsZGdlYzExdDFs<\/a><\/li>\n<li><strong>Encerramento da sala \u2013 equipe t\u00e9cnica:<\/strong>\u00a0<a href=\"https:\/\/www.instagram.com\/s\/aGlnaGxpZ2h0OjE4MDA5ODA0Njg2NDM1NTg3?story_media_id=3384659394681050433_638595218&amp;igsh=MWcxaWF4bW4wemZrNQ==\">https:\/\/www.instagram.com\/s\/aGlnaGxpZ2h0OjE4MDA5ODA0Njg2NDM1NTg3?story_media_id=3384659394681050433_638595218&amp;igsh=MWcxaWF4bW4wemZrNQ==<\/a><\/li>\n<\/ul>\n<p>&nbsp;<\/p>\n<p><strong>V\u00eddeos da atua\u00e7\u00e3o de todos os pesquisadores e autoridades podem ser encontrados no instagram do PPGMMat.<\/strong><\/p>\n<ul>\n<li><strong>Primeira reuni\u00e3o da Ag\u00eancia de Desenvolvimento Regional da Zona Sul:<\/strong>\u00a0<a href=\"https:\/\/ahoradosul.com.br\/conteudos\/2024\/08\/09\/agencia-de-desenvolvimento-tem-primeira-reuniao\/\">Ag\u00eancia de desenvolvimento tem primeira reuni\u00e3o \u2013 A Hora do Sul<\/a><\/li>\n<\/ul>\n<\/div>\n<p><strong>Not\u00edcias da Prefeitura Municipal de Pelotas <\/strong><\/p>\n<div class=\"entry-content clearfix\">\n<ul>\n<li><strong>Prefeitura Municipal de Pelotas \u2013 11 maio:\u00a0<\/strong><a href=\"https:\/\/www.pelotas.com.br\/noticia\/estudo-da-ufpel-estima-chegada-do-maior-volume-de-agua-a-pelotas\">https:\/\/www.pelotas.com.br\/noticia\/estudo-da-ufpel-estima-chegada-do-maior-volume-de-agua-a-pelotas4<\/a><\/li>\n<li><strong>Prefeitura Municipal de Pelotas \u2013 11 maio: V\u00eddeo profa. Daniela \u2013\u00a0<\/strong><a href=\"https:\/\/www.instagram.com\/reel\/C64a_UbOL_Z\/?igsh=MXN5cXhuOXY0bjRxNQ==\">https:\/\/www.instagram.com\/reel\/C64a_UbOL_Z\/?igsh=MXN5cXhuOXY0bjRxNQ==<\/a><\/li>\n<li><strong>Prefeitura Municipal de Pelotas \u2013 31 maio:<\/strong><br \/>\n<a href=\"https:\/\/www.pelotas.com.br\/noticia\/comitiva-do-governo-federal-integra-reuniao-da-sala-de-situacao\">https:\/\/www.pelotas.com.br\/noticia\/comitiva-do-governo-federal-integra-reuniao-da-sala-de-situacao<\/a><\/li>\n<li><strong>Prefeitura Municipal de Pelotas \u2013 3 junho:<\/strong>\u00a0\u00a0<a href=\"https:\/\/www.pelotas.com.br\/noticia\/prefeitura-prioriza-recuperacao-de-acessos-a-z3-e-valverde\">https:\/\/www.pelotas.com.br\/noticia\/prefeitura-prioriza-recuperacao-de-acessos-a-z3-e-valverde<\/a><\/li>\n<li><strong>Prefeitura Municipal de Pelotas \u2013 4 junho:\u00a0<\/strong><a href=\"https:\/\/www.pelotas.com.br\/noticia\/sala-de-situacao-mantem-acompanhamento-da-lagoa-e-do-sao-goncalo\">https:\/\/www.pelotas.com.br\/noticia\/sala-de-situacao-mantem-acompanhamento-da-lagoa-e-do-sao-goncalo<\/a><\/li>\n<li><strong>Prefeitura Municipal de Pelotas \u2013 6 junho:\u00a0<\/strong><a href=\"https:\/\/www.pelotas.com.br\/noticia\/prefeita-encerra-atividades-coletivas-da-sala-de-situacao\">https:\/\/www.pelotas.com.br\/noticia\/prefeita-encerra-atividades-coletivas-da-sala-de-situacao<\/a><\/li>\n<\/ul>\n<\/div>\n","protected":false},"excerpt":{"rendered":"<p>Pesquisadores da UFPEL Apoiam Gest\u00e3o P\u00fablica nas Inunda\u00e7\u00f5es de 2024 com Solu\u00e7\u00f5es Inovadoras e Estrat\u00e9gicas As enchentes catastr\u00f3ficas que atingiram o Rio Grande do Sul em 2023 e 2024 demandaram respostas cient\u00edficas e tecnol\u00f3gicas avan\u00e7adas para mitigar seus impactos e orientar a tomada de decis\u00f5es. Nesse contexto, pesquisadores da tem\u00e1tica, em especial do PPGCAmb\u00a0 engajados [&hellip;]<\/p>\n","protected":false},"author":707,"featured_media":0,"parent":0,"menu_order":0,"comment_status":"closed","ping_status":"closed","template":"","meta":{"footnotes":""},"class_list":["post-5609","page","type-page","status-publish","hentry"],"_links":{"self":[{"href":"https:\/\/wp.ufpel.edu.br\/ppgcamb\/wp-json\/wp\/v2\/pages\/5609","targetHints":{"allow":["GET"]}}],"collection":[{"href":"https:\/\/wp.ufpel.edu.br\/ppgcamb\/wp-json\/wp\/v2\/pages"}],"about":[{"href":"https:\/\/wp.ufpel.edu.br\/ppgcamb\/wp-json\/wp\/v2\/types\/page"}],"author":[{"embeddable":true,"href":"https:\/\/wp.ufpel.edu.br\/ppgcamb\/wp-json\/wp\/v2\/users\/707"}],"replies":[{"embeddable":true,"href":"https:\/\/wp.ufpel.edu.br\/ppgcamb\/wp-json\/wp\/v2\/comments?post=5609"}],"version-history":[{"count":4,"href":"https:\/\/wp.ufpel.edu.br\/ppgcamb\/wp-json\/wp\/v2\/pages\/5609\/revisions"}],"predecessor-version":[{"id":5616,"href":"https:\/\/wp.ufpel.edu.br\/ppgcamb\/wp-json\/wp\/v2\/pages\/5609\/revisions\/5616"}],"wp:attachment":[{"href":"https:\/\/wp.ufpel.edu.br\/ppgcamb\/wp-json\/wp\/v2\/media?parent=5609"}],"curies":[{"name":"wp","href":"https:\/\/api.w.org\/{rel}","templated":true}]}}