{"id":5574,"date":"2024-09-04T17:02:50","date_gmt":"2024-09-04T20:02:50","guid":{"rendered":"https:\/\/wp.ufpel.edu.br\/ppgcamb\/?page_id=5574"},"modified":"2025-04-15T14:36:38","modified_gmt":"2025-04-15T17:36:38","slug":"ciencias-ambientais-ii","status":"publish","type":"page","link":"https:\/\/wp.ufpel.edu.br\/ppgcamb\/ciencias-ambientais-ii\/","title":{"rendered":"Ci\u00eancias Ambientais II"},"content":{"rendered":"<p><strong>Carga Hor\u00e1ria<\/strong>: 68 horas<\/p>\n<p><strong>Cr\u00e9ditos<\/strong>: 4<\/p>\n<p><strong>C\u00f3digo:<\/strong> 15000979<\/p>\n<p><strong>Ementa<\/strong><\/p>\n<p class=\"Texto_Justificado\">Defini\u00e7\u00e3o, objetivos e abordagens das ci\u00eancias ambientais. Controle da polui\u00e7\u00e3o e Reuso de \u00e1gua; Degrada\u00e7\u00e3o do solo e sistemas de Remedia\u00e7\u00e3o de Solos Contaminados; Disposi\u00e7\u00e3o de res\u00edduos s\u00f3lidos no solo; Sistemas de saneamento; Sistemas de tratamento de efluentes; Controle de Polui\u00e7\u00e3o Atmosf\u00e9rica.\u00a0Integra\u00e7\u00e3o da Educa\u00e7\u00e3o Ambiental nos Temas:\u00a0Conscientiza\u00e7\u00e3o Ambiental e\u00a0Controle da Polui\u00e7\u00e3o.\u00a0Inova\u00e7\u00e3o Tecnol\u00f3gica e Solu\u00e7\u00f5es Sustent\u00e1veis<\/p>\n<p>&nbsp;<\/p>\n<p><strong>Programa Anal\u00edtico<\/strong><\/p>\n<p class=\"Tabela_Texto_Alinhado_Esquerda\">Defini\u00e7\u00e3o, objetivos e abordagens das ci\u00eancias ambientais.<\/p>\n<p class=\"Tabela_Texto_Alinhado_Esquerda\">Controle da polui\u00e7\u00e3o e Reuso de \u00e1gua<\/p>\n<p class=\"Tabela_Texto_Alinhado_Esquerda\">Degrada\u00e7\u00e3o do solo e sistemas de Remedia\u00e7\u00e3o de Solos Contaminados<\/p>\n<p class=\"Tabela_Texto_Alinhado_Esquerda\">Disposi\u00e7\u00e3o de res\u00edduos s\u00f3lidos no solo<\/p>\n<p class=\"Tabela_Texto_Alinhado_Esquerda\">Sistemas de saneamento<\/p>\n<p class=\"Tabela_Texto_Alinhado_Esquerda\">Sistemas de tratamento de efluentes<\/p>\n<p class=\"Tabela_Texto_Alinhado_Esquerda\">Controle de Polui\u00e7\u00e3o Atmosf\u00e9rica<\/p>\n<p class=\"Tabela_Texto_Alinhado_Esquerda\">Integra\u00e7\u00e3o da Educa\u00e7\u00e3o Ambiental nos Temas:\u00a0Conscientiza\u00e7\u00e3o Ambiental e\u00a0Controle da Polui\u00e7\u00e3o.<\/p>\n<p>&nbsp;<\/p>\n<p><strong>Refer\u00eancias Bibliogr\u00e1ficas<\/strong><\/p>\n<p class=\"Texto_Justificado\">BRILHANTE, M.O; CALDAS, L.Q.A. Gest\u00e3o e avalia\u00e7\u00e3o de risco em sa\u00fade ambiental. Rio de Janeiro. Fiocruz, 2013.<\/p>\n<p class=\"Texto_Justificado\">Metcalf, L.; Eddy, H.P.Tratamento de Efluentes e Recupera\u00e7\u00e3o de Recursos. 5 Ed. McGraw. 2016. 2008p<\/p>\n<p class=\"Texto_Justificado\">WATER RESEARCH.\u00a00043-1354<\/p>\n<p class=\"Texto_Justificado\" data-reportrendertime=\"pcr\">ENVIRONMENTAL RESEARCH.\u00a00013-9351<\/p>\n<p class=\"Texto_Justificado\" data-reportrendertime=\"pcr\">ENVIRONMENTAL SCIENCE &amp; TECHNOLOGY.\u00a00013-936X<\/p>\n<p class=\"Texto_Justificado\" data-reportrendertime=\"pcr\">ENVIRONMENTAL POLLUTION. 0269-7491<\/p>\n<p class=\"Texto_Justificado\" data-reportrendertime=\"pcr\">JOURNAL OF ENVIRONMENTAL MANAGEMENT. 0301-4797<\/p>\n<p class=\"Texto_Justificado\" data-reportrendertime=\"pcr\">SCIENCE OF THE TOTAL ENVIRONMENT.\u00a00048-9697<\/p>\n<p class=\"Texto_Justificado\" data-reportrendertime=\"pcr\">CRITICAL REVIEWS IN ENVIRONMENTAL SCIENCE AND TECHNOLOGY.\u00a01064-3389<\/p>\n<p data-reportrendertime=\"pcr\">Entre outros<\/p>\n","protected":false},"excerpt":{"rendered":"<p>Carga Hor\u00e1ria: 68 horas Cr\u00e9ditos: 4 C\u00f3digo: 15000979 Ementa Defini\u00e7\u00e3o, objetivos e abordagens das ci\u00eancias ambientais. Controle da polui\u00e7\u00e3o e Reuso de \u00e1gua; Degrada\u00e7\u00e3o do solo e sistemas de Remedia\u00e7\u00e3o de Solos Contaminados; Disposi\u00e7\u00e3o de res\u00edduos s\u00f3lidos no solo; Sistemas de saneamento; Sistemas de tratamento de efluentes; Controle de Polui\u00e7\u00e3o Atmosf\u00e9rica.\u00a0Integra\u00e7\u00e3o da Educa\u00e7\u00e3o Ambiental nos [&hellip;]<\/p>\n","protected":false},"author":707,"featured_media":0,"parent":0,"menu_order":0,"comment_status":"closed","ping_status":"closed","template":"","meta":{"footnotes":""},"class_list":["post-5574","page","type-page","status-publish","hentry"],"_links":{"self":[{"href":"https:\/\/wp.ufpel.edu.br\/ppgcamb\/wp-json\/wp\/v2\/pages\/5574","targetHints":{"allow":["GET"]}}],"collection":[{"href":"https:\/\/wp.ufpel.edu.br\/ppgcamb\/wp-json\/wp\/v2\/pages"}],"about":[{"href":"https:\/\/wp.ufpel.edu.br\/ppgcamb\/wp-json\/wp\/v2\/types\/page"}],"author":[{"embeddable":true,"href":"https:\/\/wp.ufpel.edu.br\/ppgcamb\/wp-json\/wp\/v2\/users\/707"}],"replies":[{"embeddable":true,"href":"https:\/\/wp.ufpel.edu.br\/ppgcamb\/wp-json\/wp\/v2\/comments?post=5574"}],"version-history":[{"count":2,"href":"https:\/\/wp.ufpel.edu.br\/ppgcamb\/wp-json\/wp\/v2\/pages\/5574\/revisions"}],"predecessor-version":[{"id":6054,"href":"https:\/\/wp.ufpel.edu.br\/ppgcamb\/wp-json\/wp\/v2\/pages\/5574\/revisions\/6054"}],"wp:attachment":[{"href":"https:\/\/wp.ufpel.edu.br\/ppgcamb\/wp-json\/wp\/v2\/media?parent=5574"}],"curies":[{"name":"wp","href":"https:\/\/api.w.org\/{rel}","templated":true}]}}