{"id":5331,"date":"2024-02-29T09:48:52","date_gmt":"2024-02-29T12:48:52","guid":{"rendered":"https:\/\/wp.ufpel.edu.br\/ppgcamb\/?page_id=5331"},"modified":"2024-02-29T10:04:55","modified_gmt":"2024-02-29T13:04:55","slug":"evento","status":"publish","type":"page","link":"https:\/\/wp.ufpel.edu.br\/ppgcamb\/evento\/","title":{"rendered":"Evento"},"content":{"rendered":"<p><b>1\u00ba F\u00f3rum Internacional: Desenvolvimento Sustent\u00e1vel no Mercosul &#8211; MercoFiD<\/b><\/p>\n<p><span style=\"background-color: #ff0000;\">Em constru\u00e7\u00e3o<\/span><\/p>\n<p><span style=\"font-weight: 400;\">1\u00ba F\u00f3rum Internacional: Desenvolvimento Sustent\u00e1vel no Mercosul &#8211; MercoFiD<\/span><\/p>\n<p><span style=\"font-weight: 400;\">Per\u00edodo: de 25 a 27 de junho de 2024<\/span><\/p>\n<p><span style=\"font-weight: 400;\">Local: Audit\u00f3rio do Parque Tecnol\u00f3gico (UFPEL) ou SICREDI<\/span><\/p>\n<p><span style=\"font-weight: 400;\">\u00a0<\/span><\/p>\n<p><span style=\"font-weight: 400;\">O \u201c1\u00ba F\u00f3rum Internacional: Desenvolvimento Sustent\u00e1vel no Mercosul\u201d \u00e9 um evento inovador que visa promover a melhoria da qualidade da produ\u00e7\u00e3o cient\u00edfica e tecnol\u00f3gica nacional, fortalecer a coopera\u00e7\u00e3o cient\u00edfico-acad\u00eamica e estabelecer parcerias internacionais para enfrentar os desafios do desenvolvimento sustent\u00e1vel na regi\u00e3o do Mercosul. O f\u00f3rum se destaca por sua abordagem multidisciplinar, abrangendo diversas \u00e1reas de conhecimento relacionadas ao desenvolvimento sustent\u00e1vel e oferecendo uma oportunidade para a troca de ideias, conhecimentos e experi\u00eancias entre pesquisadores, acad\u00eamicos, profissionais e l\u00edderes de diferentes setores.<\/span><\/p>\n<p><span style=\"font-weight: 400;\">Proposto pelo Programa de P\u00f3s-Gradua\u00e7\u00e3o stricto sensu em Ci\u00eancias Ambientais (PPGCAmb) da Universidade Federal de Pelotas (UFPEL) com organiza\u00e7\u00e3o conjunta dos Curso de Engenharia Ambiental e Sanit\u00e1ria (UFPEL), Curso de Engenharia Agr\u00edcola (UFPEL), Programa de Educa\u00e7\u00e3o Tutorial Engenharia Agr\u00edcola &#8211; PET e a RBES &#8211; Revista Brasileira de Engenharia e Sustentabilidade.<\/span><\/p>\n<p><span style=\"font-weight: 400;\">P\u00fablico-alvo presencial: 100 Pesquisadores, empreendedores e sociedade em geral, al\u00e9m de palestrantes ou conferencistas provenientes Brasil e Uruguai<\/span><\/p>\n<p><span style=\"font-weight: 400;\">P\u00fablico-alvo virtual: 100 Pesquisadores, sociedade em geral, palestrantes ou conferencistas provenientes do Brasil, Uruguai, Argentina, Paraguai, Venezuela, Col\u00f4mbia, Bol\u00edvia, Guiana, entre outros.<\/span><\/p>\n<p><span style=\"font-weight: 400;\">Categoria: Evento Nacional, pois palestrantes e conferencistas estrangeiros participar\u00e3o remotamente<\/span><\/p>\n<p><span style=\"font-weight: 400;\">O evento ser\u00e1 composto por uma variedade de atividades, visando promover o di\u00e1logo, o compartilhamento de conhecimento e a colabora\u00e7\u00e3o entre os participantes. As principais atividades incluir\u00e3o:<\/span><\/p>\n<ol>\n<li style=\"font-weight: 400;\" aria-level=\"1\"><span style=\"font-weight: 400;\">Palestras de Convidados: Teremos palestrantes tanto presenciais quanto remotos, trazendo suas experi\u00eancias e insights sobre os temas em destaque.<\/span><\/li>\n<li style=\"font-weight: 400;\" aria-level=\"1\"><span style=\"font-weight: 400;\">Apresenta\u00e7\u00e3o de Trabalhos: Os participantes ter\u00e3o a oportunidade de apresentar seus trabalhos relacionados \u00e0s \u00e1reas tem\u00e1ticas previamente mencionadas. Isso proporcionar\u00e1 uma plataforma para a troca de ideias e o debate acad\u00eamico.<\/span><\/li>\n<li style=\"font-weight: 400;\" aria-level=\"1\"><span style=\"font-weight: 400;\">Coffee Break: Ser\u00e3o programados intervalos para coffee break, promovendo networking e intera\u00e7\u00e3o entre os participantes, al\u00e9m de oferecer momentos de descontra\u00e7\u00e3o e relaxamento.<\/span><\/li>\n<li style=\"font-weight: 400;\" aria-level=\"1\"><span style=\"font-weight: 400;\">Envio de Resumos Estendidos: Os participantes a submeteram resumos estendidos, os quais ser\u00e3o analisados por uma comiss\u00e3o cient\u00edfica.<\/span><\/li>\n<\/ol>\n<p><span style=\"font-weight: 400;\">Esperamos que essas atividades enrique\u00e7am a experi\u00eancia dos participantes e contribuam para o sucesso do evento. Estamos comprometidos em proporcionar um ambiente din\u00e2mico e colaborativo, onde o aprendizado e a inova\u00e7\u00e3o possam prosperar.<\/span><\/p>\n<p><span style=\"font-weight: 400;\">As \u00e1reas tem\u00e1ticas para o envio de trabalhos abrangem uma variedade de t\u00f3picos relevantes e atuais, visando promover o desenvolvimento sustent\u00e1vel e a conscientiza\u00e7\u00e3o ambiental:<\/span><\/p>\n<ol>\n<li style=\"font-weight: 400;\" aria-level=\"1\"><span style=\"font-weight: 400;\">Criminologia Verde: Desvendando os Crimes contra o Meio Ambiente<\/span><\/li>\n<li style=\"font-weight: 400;\" aria-level=\"1\"><span style=\"font-weight: 400;\">Educa\u00e7\u00e3o Ambiental para Transformar o Mundo: Construindo um Futuro Sustent\u00e1vel<\/span><\/li>\n<li style=\"font-weight: 400;\" aria-level=\"1\"><span style=\"font-weight: 400;\">Engenharia Ambiental e Civil<\/span><\/li>\n<li style=\"font-weight: 400;\" aria-level=\"1\"><span style=\"font-weight: 400;\">Engenharia de Materiais e de Produ\u00e7\u00e3o<\/span><\/li>\n<li style=\"font-weight: 400;\" aria-level=\"1\"><span style=\"font-weight: 400;\">Energias Sustent\u00e1veis<\/span><\/li>\n<li style=\"font-weight: 400;\" aria-level=\"1\"><span style=\"font-weight: 400;\">Geotecnologias: Mapeando e Preservando o Meio Ambiente<\/span><\/li>\n<li style=\"font-weight: 400;\" aria-level=\"1\"><span style=\"font-weight: 400;\">Modelagem matem\u00e1tica aplicada<\/span><\/li>\n<li style=\"font-weight: 400;\" aria-level=\"1\"><span style=\"font-weight: 400;\">Tecnologias Agr\u00edcolas e Agron\u00f4micas: Impulsionando as Metas de Desenvolvimento Sustent\u00e1vel<\/span><\/li>\n<\/ol>\n<p><span style=\"font-weight: 400;\">\u00a0<\/span><\/p>\n<p><b>Cronograma de Atividades programadas<\/b><\/p>\n<p>&nbsp;<\/p>\n<p><span style=\"font-weight: 400;\">Para o evento, os palestrantes convidados s\u00e3o os mencionados na sequ\u00eancia, abordando as tem\u00e1ticas propostas. Em caso de imprevistos relacionados \u00e0 disponibilidade deles, buscaremos substitutos que tratem dos mesmos temas e atendam as mesmas tem\u00e1ticas.<\/span><\/p>\n<p><b>\u00a0<\/b><\/p>\n<p><b>\u00a0<\/b><span style=\"font-weight: 400;\">25\/06<\/span><\/p>\n<p><span style=\"font-weight: 400;\">Palestra 1:\u00a0 &#8220;Construindo Cidades do Futuro: Estrat\u00e9gias Integradas para o Desenvolvimento Sustent\u00e1vel Urbano&#8221;<\/span><\/p>\n<ul>\n<li><span style=\"font-weight: 400;\"> Palestrante: \u00a0 Dra. Graziela Carvalho &#8211; Instituto LICI<\/span><\/li>\n<\/ul>\n<p><span style=\"font-weight: 400;\">Origem: Belo Horizonte, Minas Gerais.<\/span><\/p>\n<ul>\n<li><span style=\"font-weight: 400;\"> Hor\u00e1rio 14h \u00e0s 15h<\/span><\/li>\n<li><span style=\"font-weight: 400;\"> Formato: Presencial<\/span><\/li>\n<\/ul>\n<p><span style=\"font-weight: 400;\">\u00a0<\/span><\/p>\n<p><span style=\"font-weight: 400;\">25\/06<\/span><\/p>\n<ul>\n<li><span style=\"font-weight: 400;\"> Coffee-break<\/span><\/li>\n<li><span style=\"font-weight: 400;\"> Hor\u00e1rio 15h30 \u00e0s 16<\/span><\/li>\n<\/ul>\n<p><span style=\"font-weight: 400;\">\u00a0<\/span><\/p>\n<p><span style=\"font-weight: 400;\">25\/06<\/span><\/p>\n<ul>\n<li><span style=\"font-weight: 400;\"> Palestra 2:\u00a0 Explorando as Oportunidades e Desafios dos Cr\u00e9ditos de Carbono na Economia Verde<\/span><\/li>\n<li><span style=\"font-weight: 400;\"> Palestrante:\u00a0 Felipe Granguelli Antoniazi &#8211; NaturalAll Carbon<\/span><\/li>\n<li><span style=\"font-weight: 400;\"> Origem: Campinas, S\u00e3o Paulo<\/span><\/li>\n<li><span style=\"font-weight: 400;\"> Hor\u00e1rio 16h \u00e0s 17h<\/span><\/li>\n<li><span style=\"font-weight: 400;\"> Formato: presencial<\/span><\/li>\n<\/ul>\n<p>&nbsp;<\/p>\n<p><span style=\"font-weight: 400;\">\u00a0<\/span><span style=\"font-weight: 400;\">25\/06<\/span><\/p>\n<ul>\n<li><span style=\"font-weight: 400;\"> Apresenta\u00e7\u00e3o de Trabalhos<\/span><\/li>\n<li><span style=\"font-weight: 400;\"> Formato: remoto<\/span><\/li>\n<li><span style=\"font-weight: 400;\"> Hor\u00e1rio: 19h<\/span><\/li>\n<\/ul>\n<p>&nbsp;<\/p>\n<p><span style=\"font-weight: 400;\">26\/06<\/span><\/p>\n<ul>\n<li><span style=\"font-weight: 400;\"> Palestra 3:\u00a0 Green ammonia as a hydrogen carrier: advances, challenges and research Brazil-Europe on sustainable energies<\/span><\/li>\n<li><span style=\"font-weight: 400;\"> Palestrante: Prof PhD Grzegorz Przybyla<\/span><\/li>\n<li><span style=\"font-weight: 400;\"> Origem: Silesian University of Technology &#8211; Poland<\/span><\/li>\n<li><span style=\"font-weight: 400;\"> Hor\u00e1rio 9h \u00e0s 10h<\/span><\/li>\n<li><span style=\"font-weight: 400;\"> Formato: Virtual<\/span><\/li>\n<\/ul>\n<p><span style=\"font-weight: 400;\">\u00a0<\/span><\/p>\n<p><span style=\"font-weight: 400;\">26\/06<\/span><\/p>\n<ul>\n<li><span style=\"font-weight: 400;\"> Cofee-break<\/span><\/li>\n<li><span style=\"font-weight: 400;\"> Hor\u00e1rio 10h15 \u00e0s 10h45<\/span><\/li>\n<\/ul>\n<p><span style=\"font-weight: 400;\">\u00a0<\/span><\/p>\n<p><span style=\"font-weight: 400;\">26\/06<\/span><\/p>\n<ul>\n<li><span style=\"font-weight: 400;\"> Palestra:\u00a0 Estrat\u00e9gias Inovadoras para uma Agricultura Sustent\u00e1vel na Era da Sustentabilidade<\/span><\/li>\n<li><span style=\"font-weight: 400;\"> Palestrante:\u00a0 Lineo\u00a0 Neiva Rodrigues<\/span><\/li>\n<li><span style=\"font-weight: 400;\"> Origem: Bras\u00edlia, Distrito Federal<\/span><\/li>\n<li><span style=\"font-weight: 400;\"> Hor\u00e1rio 10h45 \u00e0s 11h45<\/span><\/li>\n<li><span style=\"font-weight: 400;\"> Formato: Virtual<\/span><\/li>\n<\/ul>\n<p><span style=\"font-weight: 400;\">\u00a0<\/span><\/p>\n<p><span style=\"font-weight: 400;\">26\/06<\/span><\/p>\n<ul>\n<li><span style=\"font-weight: 400;\"> Palestra:\u00a0 &#8220;Geotecnologias como ferramentas de Conserva\u00e7\u00e3o e Sustentabilidade na Amaz\u00f4nia&#8221;<\/span><\/li>\n<li><span style=\"font-weight: 400;\"> Palestrante: \u00a0 Andr\u00e9 Luiz Mendon\u00e7a &#8211; PROGRAMA DE P\u00d3S GRADUA\u00c7\u00c3O EM CI\u00caNCIAS FLORESTAIS E AMBIENTAIS<\/span><\/li>\n<\/ul>\n<p><span style=\"font-weight: 400;\">Origem: Manaus, Amazonas. Professor na Universidade Federal do Amazonas<\/span><\/p>\n<ul>\n<li><span style=\"font-weight: 400;\"> Hor\u00e1rio 14h \u00e0s 15h<\/span><\/li>\n<li><span style=\"font-weight: 400;\"> Formato: Virtual<\/span><\/li>\n<\/ul>\n<p><span style=\"font-weight: 400;\">\u00a0<\/span><\/p>\n<p><span style=\"font-weight: 400;\">26\/06<\/span><\/p>\n<ul>\n<li><span style=\"font-weight: 400;\"> Cofee-break<\/span><\/li>\n<li><span style=\"font-weight: 400;\"> Hor\u00e1rio 15h30 \u00e0s 16<\/span><\/li>\n<\/ul>\n<p><span style=\"font-weight: 400;\">\u00a0<\/span><\/p>\n<p><span style=\"font-weight: 400;\">26\/06<\/span><\/p>\n<ul>\n<li><span style=\"font-weight: 400;\"> Apresenta\u00e7\u00e3o de Trabalhos<\/span><\/li>\n<li><span style=\"font-weight: 400;\"> Formato: remoto<\/span><\/li>\n<li><span style=\"font-weight: 400;\"> Hor\u00e1rio: 19h<\/span><\/li>\n<\/ul>\n<p>&nbsp;<\/p>\n<ul>\n<li><b> Palestrante:\u00a0 <\/b><b>Ernesto Pecoits<\/b><b> e Hector Garcia Hernandez<\/b><\/li>\n<li><span style=\"font-weight: 400;\"> Origem: Rivera, Uruguai. UTEC &#8211; Universidad Tecnol\u00f3gica del Uruguay<\/span><\/li>\n<li><span style=\"font-weight: 400;\"> Formato: presencial<\/span><\/li>\n<li><span style=\"font-weight: 400;\"> Hor\u00e1rio 16h \u00e0s 17h<\/span><\/li>\n<\/ul>\n<p><span style=\"font-weight: 400;\">\u00a0<\/span><span style=\"font-weight: 400;\">26\/06<\/span><\/p>\n<ul>\n<li><span style=\"font-weight: 400;\"> Sess<\/span><\/li>\n<\/ul>\n<p><span style=\"font-weight: 400;\">27\/03<\/span><\/p>\n<ul>\n<li><span style=\"font-weight: 400;\"> Palestra:\u00a0 Contribui\u00e7\u00f5es Cient\u00edficas para Tecnologias Sustent\u00e1veis na SWE<\/span><\/li>\n<li><span style=\"font-weight: 400;\"> Palestrante:\u00a0 Fl\u00e1via Oliveira &#8211; SWE Brasil<\/span><\/li>\n<li><span style=\"font-weight: 400;\"> Origem: Campinas S\u00e3o Paulo<\/span><\/li>\n<li><span style=\"font-weight: 400;\"> Hor\u00e1rio 9h \u00e0s 10h<\/span><\/li>\n<li><span style=\"font-weight: 400;\"> Formato: Online<\/span><\/li>\n<\/ul>\n<p><span style=\"font-weight: 400;\">\u00a0<\/span><\/p>\n<p><span style=\"font-weight: 400;\">27\/03<\/span><\/p>\n<ul>\n<li><span style=\"font-weight: 400;\"> Cofee-break<\/span><\/li>\n<li><span style=\"font-weight: 400;\"> Hor\u00e1rio 10h15 \u00e0s 10h45<\/span><\/li>\n<\/ul>\n<p><span style=\"font-weight: 400;\">\u00a0\u00a0\u00a0\u00a0\u00a0\u00a0<\/span><\/p>\n<p><span style=\"font-weight: 400;\">27\/06<\/span><\/p>\n<ul>\n<li><span style=\"font-weight: 400;\"> Palestra:\u00a0 Estrat\u00e9gias para Combater os Desafios dos Crimes Ambientais de Fauna<\/span><\/li>\n<li><span style=\"font-weight: 400;\"> Palestrante:\u00a0 JOS\u00c9 LUIS MARIA (IBAMA)<\/span><\/li>\n<li><span style=\"font-weight: 400;\"> Origem: Porto Alegre, Rio Grande do Sul<\/span><\/li>\n<li><span style=\"font-weight: 400;\"> Hor\u00e1rio 10h45 \u00e0s 11h45<\/span><\/li>\n<li><span style=\"font-weight: 400;\"> Formato: presencial<\/span><\/li>\n<\/ul>\n<p>&nbsp;<\/p>\n","protected":false},"excerpt":{"rendered":"<p>1\u00ba F\u00f3rum Internacional: Desenvolvimento Sustent\u00e1vel no Mercosul &#8211; MercoFiD Em constru\u00e7\u00e3o 1\u00ba F\u00f3rum Internacional: Desenvolvimento Sustent\u00e1vel no Mercosul &#8211; MercoFiD Per\u00edodo: de 25 a 27 de junho de 2024 Local: Audit\u00f3rio do Parque Tecnol\u00f3gico (UFPEL) ou SICREDI \u00a0 O \u201c1\u00ba F\u00f3rum Internacional: Desenvolvimento Sustent\u00e1vel no Mercosul\u201d \u00e9 um evento inovador que visa promover a melhoria [&hellip;]<\/p>\n","protected":false},"author":707,"featured_media":0,"parent":0,"menu_order":0,"comment_status":"closed","ping_status":"closed","template":"","meta":{"footnotes":""},"class_list":["post-5331","page","type-page","status-publish","hentry"],"_links":{"self":[{"href":"https:\/\/wp.ufpel.edu.br\/ppgcamb\/wp-json\/wp\/v2\/pages\/5331","targetHints":{"allow":["GET"]}}],"collection":[{"href":"https:\/\/wp.ufpel.edu.br\/ppgcamb\/wp-json\/wp\/v2\/pages"}],"about":[{"href":"https:\/\/wp.ufpel.edu.br\/ppgcamb\/wp-json\/wp\/v2\/types\/page"}],"author":[{"embeddable":true,"href":"https:\/\/wp.ufpel.edu.br\/ppgcamb\/wp-json\/wp\/v2\/users\/707"}],"replies":[{"embeddable":true,"href":"https:\/\/wp.ufpel.edu.br\/ppgcamb\/wp-json\/wp\/v2\/comments?post=5331"}],"version-history":[{"count":5,"href":"https:\/\/wp.ufpel.edu.br\/ppgcamb\/wp-json\/wp\/v2\/pages\/5331\/revisions"}],"predecessor-version":[{"id":5338,"href":"https:\/\/wp.ufpel.edu.br\/ppgcamb\/wp-json\/wp\/v2\/pages\/5331\/revisions\/5338"}],"wp:attachment":[{"href":"https:\/\/wp.ufpel.edu.br\/ppgcamb\/wp-json\/wp\/v2\/media?parent=5331"}],"curies":[{"name":"wp","href":"https:\/\/api.w.org\/{rel}","templated":true}]}}