{"id":5175,"date":"2024-01-09T16:39:11","date_gmt":"2024-01-09T19:39:11","guid":{"rendered":"https:\/\/wp.ufpel.edu.br\/ppgcamb\/?page_id=5175"},"modified":"2024-11-22T16:08:19","modified_gmt":"2024-11-22T19:08:19","slug":"2024-2","status":"publish","type":"page","link":"https:\/\/wp.ufpel.edu.br\/ppgcamb\/2024-2\/","title":{"rendered":"2024"},"content":{"rendered":"<h1 class=\"corTexto\">EDITAL DE ALUNO ESPECIAL 2024\/2<\/h1>\n<p><b>Sele\u00e7\u00e3o<\/b>\u00a0para ingresso como\u00a0<strong>aluno especial<\/strong>\u00a0no curso\u00a0<b>de<\/b>\u00a0<b>Mestrado Stricto sensu em Ci\u00eancias Ambientais para o segundo semestre de 2024. <\/b>Acesse o edital para maiores informa\u00e7\u00f5es.<\/p>\n<p><a href=\"https:\/\/wp.ufpel.edu.br\/ppgcamb\/files\/2024\/10\/SEI_UFPel-2762251-Edital-de-selecao-PRPPG-1.pdf\">Edital de sele\u00e7\u00e3o<\/a><\/p>\n<p><a href=\"https:\/\/wp.ufpel.edu.br\/ppgcamb\/files\/2024\/10\/HOMOLOGACAO20242.pdf\">Homologa\u00e7\u00e3o de Inscri\u00e7\u00f5es<\/a><\/p>\n<h1 class=\"corTexto\">EDITAL DE ALUNO REGULAR 2024\/2<\/h1>\n<p>A Universidade Federal de Pelotas torna p\u00fablica a\u00a0<b>sele\u00e7\u00e3o<\/b>\u00a0para ingresso como\u00a0<strong>aluno regular<\/strong>\u00a0no curso\u00a0<b>de<\/b>\u00a0<b>Mestrado Stricto sensu em Ci\u00eancias Ambientais para o segundo semestre de 2024. <\/b>Acesse o edital para maiores informa\u00e7\u00f5es.<\/p>\n<p><a href=\"https:\/\/wp.ufpel.edu.br\/ppgcamb\/files\/2024\/08\/notas20242.pdf\" target=\"_blank\" rel=\"noopener\">Divulga\u00e7\u00e3o dos resultados finais<\/a><\/p>\n<p><a href=\"https:\/\/wp.ufpel.edu.br\/ppgcamb\/files\/2024\/08\/HOMOLOGACAO-3.pdf\">Homologa\u00e7\u00e3o de Inscri\u00e7\u00f5es<\/a><\/p>\n<p><a href=\"https:\/\/wp.ufpel.edu.br\/ppgcamb\/files\/2024\/07\/SEI_UFPel-2676206-Edital-de-selecao-PRPPG.pdf\" target=\"_blank\" rel=\"noopener\">Edital de sele\u00e7\u00e3o<\/a><\/p>\n<p><a href=\"https:\/\/wp.ufpel.edu.br\/ppgcamb\/formularios\/\" target=\"_blank\" rel=\"noopener\">Formul\u00e1rios<\/a><\/p>\n<p><a href=\"https:\/\/wp.ufpel.edu.br\/ppgcamb\/files\/2019\/05\/formul%C3%A1rio-de-inscri%C3%A7%C3%A3o-processo-seletivo.pdf\">Formul\u00e1rio de inscri\u00e7\u00e3o \u2013 Anexo 1 \u2013 Processo Seletivo<\/a><\/p>\n<p><a href=\"https:\/\/wp.ufpel.edu.br\/ppgcamb\/files\/2024\/07\/NomeCandidato_ano_semestre.docx\">Modelo de Proposta de Mestrado \u2013 Processo Seletivo<\/a><\/p>\n<p>Prova de t\u00edtulos \u2013 Anexo 2 \u2013 Processo Seletivo\u00a0 <a href=\"https:\/\/wp.ufpel.edu.br\/ppgcamb\/files\/2024\/07\/Prova-de-titulos-2024.pdf\">PDF<\/a> <a href=\"https:\/\/wp.ufpel.edu.br\/ppgcamb\/files\/2024\/07\/Prova-de-titulos-2024.xlsx\">XLSX<\/a><\/p>\n<p><a href=\"https:\/\/wp.ufpel.edu.br\/ppgcamb\/files\/2021\/05\/Documento_1307994_Autodeclaracao_de_Identidade_de_Genero.pdf\">Autodeclara\u00e7\u00e3o de Identidade de G\u00eanero \u2013 Processo Seletivo<\/a><\/p>\n<p><a href=\"https:\/\/wp.ufpel.edu.br\/ppgcamb\/files\/2023\/09\/autodeclaracao-etnico-racial.pdf\">Autodeclara\u00e7\u00e3o etnico-racial \u2013 Processo Seletivo<\/a><\/p>\n<p><img class=\"alignnone size-medium wp-image-5503\" src=\"https:\/\/wp.ufpel.edu.br\/ppgcamb\/files\/2024\/07\/Post-para-instagram-atencao-simples-amarelo-2-400x400.png\" alt=\"\" width=\"400\" height=\"400\" srcset=\"https:\/\/wp.ufpel.edu.br\/ppgcamb\/files\/2024\/07\/Post-para-instagram-atencao-simples-amarelo-2-400x400.png 400w, https:\/\/wp.ufpel.edu.br\/ppgcamb\/files\/2024\/07\/Post-para-instagram-atencao-simples-amarelo-2-1024x1024.png 1024w, https:\/\/wp.ufpel.edu.br\/ppgcamb\/files\/2024\/07\/Post-para-instagram-atencao-simples-amarelo-2-200x200.png 200w, https:\/\/wp.ufpel.edu.br\/ppgcamb\/files\/2024\/07\/Post-para-instagram-atencao-simples-amarelo-2-768x768.png 768w, https:\/\/wp.ufpel.edu.br\/ppgcamb\/files\/2024\/07\/Post-para-instagram-atencao-simples-amarelo-2.png 1080w\" sizes=\"(max-width: 400px) 100vw, 400px\" \/><\/p>\n<p>&nbsp;<\/p>\n<h1 class=\"corTexto\">Sele\u00e7\u00e3o de Aluno para Bolsa CAPES \u2013 Edital 01\/2024<\/h1>\n<p>Resultado do Processo de Bolsas<\/p>\n<p><a href=\"https:\/\/wp.ufpel.edu.br\/ppgcamb\/files\/2024\/03\/bolsa.pdf\" target=\"_blank\" rel=\"noopener\">Resultado do Processo de Bolsas<\/a><\/p>\n<p><a href=\"https:\/\/wp.ufpel.edu.br\/ppgcamb\/files\/2024\/03\/HOMOLOGACAO.pdf\" target=\"_blank\" rel=\"noopener\">Homologa\u00e7\u00e3o de Inscri\u00e7\u00f5es<\/a><\/p>\n<p><a href=\"https:\/\/wp.ufpel.edu.br\/ppgcamb\/files\/2024\/03\/SEI_UFPel-2550388-Edital.pdf\">Edital Bolsas Aluno Regular 2024<\/a><\/p>\n<p><a href=\"https:\/\/wp.ufpel.edu.br\/ppgcamb\/files\/2024\/03\/SEI_UFPel-2553055-Memorando.pdf\" target=\"_blank\" rel=\"noopener\">Retifica\u00e7\u00e3o do Edital<\/a><\/p>\n<p><a href=\"https:\/\/wp.ufpel.edu.br\/ppgcamb\/files\/2024\/03\/Anexo-1.pdf\">Anexo 1<\/a><\/p>\n<p><a href=\"https:\/\/wp.ufpel.edu.br\/ppgcamb\/files\/2024\/03\/Anexo-2.pdf\">Anexo 2 &#8211; PDF<\/a>\u00a0<a href=\"https:\/\/wp.ufpel.edu.br\/ppgcamb\/files\/2024\/03\/bolsa-de-titulos-2024.xlsx\" target=\"_blank\" rel=\"noopener\">xlsx<\/a><\/p>\n<p><a href=\"https:\/\/wp.ufpel.edu.br\/ppgcamb\/files\/2024\/03\/ANEXO-3.docx\">ANEXO 3<\/a><\/p>\n<p>&nbsp;<\/p>\n<h1><\/h1>\n<h1 class=\"Texto_Centralizado_Maiusculas_Negrito\"><strong>EDITAL DE SELE\u00c7\u00c3O DE ALUNO REGULAR 2024\/1 &#8211; VAGAS SUPLEMENTARES<\/strong><\/h1>\n<p><b>Sele\u00e7\u00e3o<\/b>\u00a0para ingresso como\u00a0<strong>aluno regular para vagas suplementares<\/strong>\u00a0no curso\u00a0<b>de<\/b>\u00a0<b>Mestrado Stricto sensu em Ci\u00eancias Ambientais para o primeiro semestre de 2024. <\/b>Acesse o edital para maiores informa\u00e7\u00f5es.<\/p>\n<p>Per\u00edodo de inscri\u00e7\u00e3o:<strong>\u00a006\u00a0de mar\u00e7o a 28 de mar\u00e7o\u00a0de 2024<\/strong><\/p>\n<p><a href=\"https:\/\/wp.ufpel.edu.br\/ppgcamb\/files\/2024\/04\/ResultadoSuplementares.pdf\">Resultado Vagas Suplementares<\/a><\/p>\n<p><a href=\"https:\/\/wp.ufpel.edu.br\/ppgcamb\/files\/2024\/04\/homol.pdf\">Homologa\u00e7\u00e3o de Inscri\u00e7\u00f5es<\/a><\/p>\n<p><a href=\"https:\/\/wp.ufpel.edu.br\/ppgcamb\/files\/2024\/03\/Edital-de-selecao-36-2024-Programa-de-Pos-graduacao-em-Ciencias-Ambientais-estudante-regular-2024-1-1.pdf\" target=\"_blank\" rel=\"noopener\">Edital Aluno Regular Vaga Suplementares<\/a><\/p>\n<p>&nbsp;<\/p>\n<p>&nbsp;<\/p>\n<h1><strong>SEGUNDA\u00a0SELE\u00c7\u00c3O DE ALUNO \u00a0ESPECIAL\u00a0(2024-1)<\/strong><\/h1>\n<p><b>Sele\u00e7\u00e3o<\/b>\u00a0para ingresso como\u00a0<strong>aluno especial<\/strong>\u00a0no curso\u00a0<b>de<\/b>\u00a0<b>Mestrado Stricto sensu em Ci\u00eancias Ambientais para o primeiro semestre de 2024. <\/b>Acesse o edital para maiores informa\u00e7\u00f5es.<\/p>\n<p><a href=\"https:\/\/wp.ufpel.edu.br\/ppgcamb\/files\/2024\/02\/edital-especial.pdf\">edital especial<\/a><\/p>\n<h1 class=\"corTexto\">EDITAL DE ALUNO ESPECIAL 2024\/1<\/h1>\n<p>A Universidade Federal de Pelotas torna p\u00fablica a\u00a0<b>sele\u00e7\u00e3o<\/b>\u00a0para ingresso como\u00a0<strong>aluno especial<\/strong>\u00a0no curso\u00a0<b>de<\/b>\u00a0<b>Mestrado Stricto sensu em Ci\u00eancias Ambientais para o primeiro semestre de 2024. <\/b>Acesse o edital para maiores informa\u00e7\u00f5es.<\/p>\n<p><a href=\"https:\/\/wp.ufpel.edu.br\/ppgcamb\/files\/2024\/02\/Homologacao-do-edital-para-aluno-especial-001-24-para-Diuliana.pdf\" target=\"_blank\" rel=\"noopener\">Homologa\u00e7\u00e3o do edital para aluno especial <\/a><\/p>\n<p><a href=\"https:\/\/wp.ufpel.edu.br\/ppgcamb\/files\/2024\/02\/SEI_UFPel-2517699-Edital-de-selecao-PRPPG.pdf\" target=\"_blank\" rel=\"noopener\">Edital Aluno Especial<\/a><\/p>\n<p><a href=\"https:\/\/wp.ufpel.edu.br\/ppgcamb\/files\/2019\/05\/formul%C3%A1rio-de-inscri%C3%A7%C3%A3o-processo-seletivo.pdf\">Formul\u00e1rio de inscri\u00e7\u00e3o \u2013 Anexo 1 \u2013 Processo Seletivo<\/a><\/p>\n<p>&nbsp;<\/p>\n<p>&nbsp;<\/p>\n<h1 class=\"corTexto\">EDITAL DE ALUNO REGULAR 2024\/1<\/h1>\n<p>A Universidade Federal de Pelotas torna p\u00fablica a\u00a0<b>sele\u00e7\u00e3o<\/b>\u00a0para ingresso como\u00a0<strong>aluno regular<\/strong>\u00a0no curso\u00a0<b>de<\/b>\u00a0<b>Mestrado Stricto sensu em Ci\u00eancias Ambientais para o primeiro semestre de 2024. <\/b>Acesse o edital para maiores informa\u00e7\u00f5es.<\/p>\n<p><a href=\"https:\/\/wp.ufpel.edu.br\/ppgcamb\/files\/2024\/03\/notas.pdf\" target=\"_blank\" rel=\"noopener\">Resultado Final ap\u00f3s recursos<\/a><\/p>\n<p><a href=\"https:\/\/wp.ufpel.edu.br\/ppgcamb\/files\/2024\/02\/notas.pdf\" target=\"_blank\" rel=\"noopener\">Resultado do Processo Seletivo<\/a><\/p>\n<p><strong><span style=\"color: #ff0000;\"><a style=\"color: #ff0000;\" href=\"https:\/\/wp.ufpel.edu.br\/ppgcamb\/files\/2024\/02\/homologacao-do-edital-01-2024.pdf\" target=\"_blank\" rel=\"noopener\">Homologa\u00e7\u00e3o de Inscri\u00e7\u00f5es<\/a><\/span><\/strong><\/p>\n<p><span style=\"color: #000000;\"><strong><a style=\"color: #000000;\" href=\"https:\/\/wp.ufpel.edu.br\/ppgcamb\/files\/2024\/01\/SEI_UFPel-2493404-Edital-de-selecao-PRPPG.pdf\" target=\"_blank\" rel=\"noopener\">Edital de sele\u00e7\u00e3o<\/a><\/strong><\/span><\/p>\n<p>&nbsp;<\/p>\n<p>As defesas ocorrer\u00e3o no dia 21\/02\/2024 no Centro de Engenharias &#8211; Pr\u00e9dio da Antiga Cotada, localizado na Rua Benjamin Constant, 989 &#8211; Porto, Pelotas &#8211; RS, Brasil &#8211; 96010-020, na Sala 306.<\/p>\n<p>Os candidatos devem chegar com 10 minutos de anteced\u00eancia e aguardar serem chamados.<\/p>\n<p>Candidatos de outras localidades devem ingressar na sala no hor\u00e1rio marcado.<\/p>\n<p>Link sala: <a href=\"https:\/\/webconf.ufpel.edu.br\/b\/mar-pn8-ghz-gpc\">https:\/\/webconf.ufpel.edu.br\/b\/mar-pn8-ghz-gpc<\/a><\/p>\n<table style=\"height: 702px; background-color: #a3e897; border-color: #8d9b9e; width: 384px;\" width=\"384\">\n<tbody>\n<tr style=\"height: 54px;\">\n<td style=\"height: 54px; width: 280px;\"><strong>Candidato<\/strong><\/td>\n<td style=\"height: 54px; width: 104px;\"><strong>Hor\u00e1rio*<\/strong><\/td>\n<\/tr>\n<tr style=\"height: 54px;\">\n<td style=\"height: 54px; width: 280px;\">Ebreu Nanque<strong>***<\/strong><\/td>\n<td style=\"height: 54px; width: 104px;\">13:30<\/td>\n<\/tr>\n<tr style=\"height: 54px;\">\n<td style=\"height: 54px; width: 280px;\">Geandra Duardes Braga<strong>***<\/strong><\/td>\n<td style=\"height: 54px; width: 104px;\">13:50<\/td>\n<\/tr>\n<tr style=\"height: 54px;\">\n<td style=\"height: 54px; width: 280px;\">Bernardo dos Santos Fernandes<strong>***<\/strong><\/td>\n<td style=\"height: 54px; width: 104px;\">14:10<\/td>\n<\/tr>\n<tr style=\"height: 54px;\">\n<td style=\"height: 54px; width: 280px;\">Rafael Miritz Bartz<\/td>\n<td style=\"height: 54px; width: 104px;\">14:30<\/td>\n<\/tr>\n<tr style=\"height: 54px;\">\n<td style=\"height: 54px; width: 280px;\">Jaqueline Pera\u00e7a Vieira L\u00f6per<\/td>\n<td style=\"height: 54px; width: 104px;\">14:50<\/td>\n<\/tr>\n<tr style=\"height: 54px;\">\n<td style=\"height: 54px; width: 280px;\">T\u00e1ssia Sampaio<\/td>\n<td style=\"height: 54px; width: 104px;\">15:10<\/td>\n<\/tr>\n<tr style=\"height: 54px;\">\n<td style=\"height: 54px; width: 280px;\">Tainara Zuge<\/td>\n<td style=\"height: 54px; width: 104px;\">15: 30<\/td>\n<\/tr>\n<tr style=\"height: 54px;\">\n<td style=\"height: 54px; width: 384px;\" colspan=\"2\"><span style=\"background-color: #99cc00;\">Intervalo<\/span><\/td>\n<\/tr>\n<tr style=\"height: 54px;\">\n<td style=\"height: 54px; width: 280px;\">Tainara Goulart<\/td>\n<td style=\"height: 54px; width: 104px;\">16:10<\/td>\n<\/tr>\n<tr style=\"height: 54px;\">\n<td style=\"height: 54px; width: 280px;\">Luciano Martins Tavares<\/td>\n<td style=\"height: 54px; width: 104px;\">16:30<\/td>\n<\/tr>\n<tr style=\"height: 54px;\">\n<td style=\"height: 54px; width: 280px;\">Guilherme Borzio<\/td>\n<td style=\"height: 54px; width: 104px;\">16:50<\/td>\n<\/tr>\n<tr style=\"height: 54px;\">\n<td style=\"height: 54px; width: 280px;\">Andrigo Farias Xavier<\/td>\n<td style=\"height: 54px; width: 104px;\">17:10<\/td>\n<\/tr>\n<\/tbody>\n<\/table>\n<p>* Em caso de atraso por raz\u00f5es t\u00e9cnicas, a ordem segue a mesma, portanto o candidato dever\u00e1 aguardar ser chamado e chegar com 10 minutos de anteced\u00eancia.<\/p>\n<p><strong>***<\/strong>Candidatos de outras localidades<\/p>\n<p>&nbsp;<\/p>\n<p><strong>CRONOGRAMA DO PROCESSO SELETIVO<\/strong><\/p>\n<p class=\"Texto_Justificado\">Per\u00edodo de inscri\u00e7\u00e3o:<strong>\u00a027\u00a0de janeiro de 2024 a 15\u00a0de fevereiro de 2024<\/strong><\/p>\n<p class=\"Texto_Justificado\">Homologa\u00e7\u00e3o das inscri\u00e7\u00f5es:\u00a0 16\u00a0de fevereiro de 2024<\/p>\n<p class=\"Texto_Justificado\">Per\u00edodo de interposi\u00e7\u00e3o dos recursos das inscri\u00e7\u00f5es: 17, 18, 19\u00a0de fevereiro de 2024<\/p>\n<p class=\"Texto_Justificado\">Resultado final dos recursos solicitados:20 de fevereiro de 2024<\/p>\n<p class=\"Texto_Justificado\">Sorteio da ordem de defesa do Anteprojeto: 20\u00a0de fevereiro de 2024<\/p>\n<p class=\"Texto_Justificado\">Defesa do Anteprojeto: 21\u00a0a 23\u00a0de fevereiro de 2024<\/p>\n<p class=\"Texto_Justificado\">An\u00e1lise do Curriculum documentado:\u00a021\u00a0a 23\u00a0de fevereiro de 2024<\/p>\n<p class=\"Texto_Justificado\">Divulga\u00e7\u00e3o dos resultados finais: 27\u00a0de fevereiro\u00a0de 2024<\/p>\n<p class=\"Texto_Justificado\">Per\u00edodo de interposi\u00e7\u00e3o dos recursos sobre os\u00a0resultados: 28, 29 de fevereiro e 01 de mar\u00e7o de 2024<\/p>\n<p class=\"Texto_Justificado\">Resultado final dos recursos solicitados<strong>: 04\u00a0de mar\u00e7o\u00a0de 2024<\/strong><\/p>\n<p class=\"Texto_Justificado\">Homologa\u00e7\u00e3o do resultado final:<strong>05\u00a0de mar\u00e7o de 2024<\/strong><\/p>\n<p class=\"Texto_Justificado\">Banca de heteroidentifica\u00e7\u00e3o: 20 de mar\u00e7o de 2024<\/p>\n<p>&nbsp;<\/p>\n<p><a href=\"https:\/\/wp.ufpel.edu.br\/ppgcamb\/formularios\/\" target=\"_blank\" rel=\"noopener\">Formul\u00e1rios<\/a><\/p>\n<p><a href=\"https:\/\/wp.ufpel.edu.br\/ppgcamb\/files\/2019\/05\/formul%C3%A1rio-de-inscri%C3%A7%C3%A3o-processo-seletivo.pdf\">Formul\u00e1rio de inscri\u00e7\u00e3o \u2013 Anexo 1 \u2013 Processo Seletivo<\/a><\/p>\n<p><a href=\"https:\/\/wp.ufpel.edu.br\/ppgcamb\/files\/2023\/04\/Projeto-de-Mestrado1.doc\">Modelo de Projeto de Mestrado \u2013 Processo Seletivo<\/a><\/p>\n<p>Prova de t\u00edtulos \u2013 Anexo 2 \u2013 Processo Seletivo\u00a0<a href=\"https:\/\/wp.ufpel.edu.br\/ppgcamb\/files\/2024\/01\/TABELA-ANEXO-2.pdf\" target=\"_blank\" rel=\"noopener\">PDF<\/a>\u00a0<a href=\"https:\/\/wp.ufpel.edu.br\/ppgcamb\/files\/2024\/01\/Prova-de-titulos-2024.xlsx\" target=\"_blank\" rel=\"noopener\">xlsx<\/a><\/p>\n<p><a href=\"https:\/\/wp.ufpel.edu.br\/ppgcamb\/files\/2021\/05\/Documento_1307994_Autodeclaracao_de_Identidade_de_Genero.pdf\">Autodeclara\u00e7\u00e3o de Identidade de G\u00eanero \u2013 Processo Seletivo<\/a><\/p>\n<p><a href=\"https:\/\/wp.ufpel.edu.br\/ppgcamb\/files\/2023\/09\/autodeclaracao-etnico-racial.pdf\">Autodeclara\u00e7\u00e3o etnico-racial<\/a><\/p>\n","protected":false},"excerpt":{"rendered":"<p>EDITAL DE ALUNO ESPECIAL 2024\/2 Sele\u00e7\u00e3o\u00a0para ingresso como\u00a0aluno especial\u00a0no curso\u00a0de\u00a0Mestrado Stricto sensu em Ci\u00eancias Ambientais para o segundo semestre de 2024. Acesse o edital para maiores informa\u00e7\u00f5es. Edital de sele\u00e7\u00e3o Homologa\u00e7\u00e3o de Inscri\u00e7\u00f5es EDITAL DE ALUNO REGULAR 2024\/2 A Universidade Federal de Pelotas torna p\u00fablica a\u00a0sele\u00e7\u00e3o\u00a0para ingresso como\u00a0aluno regular\u00a0no curso\u00a0de\u00a0Mestrado Stricto sensu em Ci\u00eancias Ambientais [&hellip;]<\/p>\n","protected":false},"author":707,"featured_media":0,"parent":0,"menu_order":0,"comment_status":"closed","ping_status":"closed","template":"","meta":{"footnotes":""},"class_list":["post-5175","page","type-page","status-publish","hentry"],"_links":{"self":[{"href":"https:\/\/wp.ufpel.edu.br\/ppgcamb\/wp-json\/wp\/v2\/pages\/5175","targetHints":{"allow":["GET"]}}],"collection":[{"href":"https:\/\/wp.ufpel.edu.br\/ppgcamb\/wp-json\/wp\/v2\/pages"}],"about":[{"href":"https:\/\/wp.ufpel.edu.br\/ppgcamb\/wp-json\/wp\/v2\/types\/page"}],"author":[{"embeddable":true,"href":"https:\/\/wp.ufpel.edu.br\/ppgcamb\/wp-json\/wp\/v2\/users\/707"}],"replies":[{"embeddable":true,"href":"https:\/\/wp.ufpel.edu.br\/ppgcamb\/wp-json\/wp\/v2\/comments?post=5175"}],"version-history":[{"count":39,"href":"https:\/\/wp.ufpel.edu.br\/ppgcamb\/wp-json\/wp\/v2\/pages\/5175\/revisions"}],"predecessor-version":[{"id":5650,"href":"https:\/\/wp.ufpel.edu.br\/ppgcamb\/wp-json\/wp\/v2\/pages\/5175\/revisions\/5650"}],"wp:attachment":[{"href":"https:\/\/wp.ufpel.edu.br\/ppgcamb\/wp-json\/wp\/v2\/media?parent=5175"}],"curies":[{"name":"wp","href":"https:\/\/api.w.org\/{rel}","templated":true}]}}