{"id":5022,"date":"2023-10-11T16:04:27","date_gmt":"2023-10-11T19:04:27","guid":{"rendered":"https:\/\/wp.ufpel.edu.br\/ppgcamb\/?page_id=5022"},"modified":"2023-10-11T16:04:27","modified_gmt":"2023-10-11T19:04:27","slug":"laboratorios","status":"publish","type":"page","link":"https:\/\/wp.ufpel.edu.br\/ppgcamb\/laboratorios\/","title":{"rendered":"Laborat\u00f3rios"},"content":{"rendered":"<p><a href=\"https:\/\/wp.ufpel.edu.br\/lgea\/\"><strong>Laborat\u00f3rio de Geoprocessamento aplicado a Estudos Ambientais \u2013 LGEA<\/strong><\/a><\/p>\n<p><a href=\"https:\/\/wp.ufpel.edu.br\/leae\/o-laboratorio\/\"><strong>Laborat\u00f3rio de Engenharia Ambiental e de Energia<\/strong><\/a><\/p>\n<p class=\"corTexto\"><a href=\"https:\/\/wp.ufpel.edu.br\/labdar\/2022\/10\/31\/laboratorio-de-drenagem-e-aguas-residuarias-labdar\/\"><strong>Laborat\u00f3rio de Drenagem e \u00c1guas Residu\u00e1rias \u2013 LABDAR\u00a0<\/strong><\/a><\/p>\n<p><a href=\"https:\/\/wp.ufpel.edu.br\/laboratoriodepropriedadesdamadeira\/sobrenos\/\"><strong>Laborat\u00f3rio de Propriedades da Madeira<\/strong><\/a><\/p>\n<p><a href=\"https:\/\/wp.ufpel.edu.br\/npsa\/quem-somos\/\"><strong>N\u00facleo de Ensino, Pesquisa e Extens\u00e3o em Saneamento Ambiental\u00a0<\/strong><\/a><\/p>\n<p><a href=\"https:\/\/wp.ufpel.edu.br\/labagrotec\/principal\/\"><strong>Laborat\u00f3rio De Agrotecnologia<\/strong><\/a><\/p>\n<p><a href=\"https:\/\/wp.ufpel.edu.br\/lgea\/o-laboratorio\/\"><strong>Laborat\u00f3rio\u00a0de Topografia \u2013 Cotada<\/strong><\/a><\/p>\n<p>&nbsp;<\/p>\n","protected":false},"excerpt":{"rendered":"<p>Laborat\u00f3rio de Geoprocessamento aplicado a Estudos Ambientais \u2013 LGEA Laborat\u00f3rio de Engenharia Ambiental e de Energia Laborat\u00f3rio de Drenagem e \u00c1guas Residu\u00e1rias \u2013 LABDAR\u00a0 Laborat\u00f3rio de Propriedades da Madeira N\u00facleo de Ensino, Pesquisa e Extens\u00e3o em Saneamento Ambiental\u00a0 Laborat\u00f3rio De Agrotecnologia Laborat\u00f3rio\u00a0de Topografia \u2013 Cotada &nbsp;<\/p>\n","protected":false},"author":707,"featured_media":0,"parent":0,"menu_order":0,"comment_status":"closed","ping_status":"closed","template":"","meta":{"footnotes":""},"class_list":["post-5022","page","type-page","status-publish","hentry"],"_links":{"self":[{"href":"https:\/\/wp.ufpel.edu.br\/ppgcamb\/wp-json\/wp\/v2\/pages\/5022","targetHints":{"allow":["GET"]}}],"collection":[{"href":"https:\/\/wp.ufpel.edu.br\/ppgcamb\/wp-json\/wp\/v2\/pages"}],"about":[{"href":"https:\/\/wp.ufpel.edu.br\/ppgcamb\/wp-json\/wp\/v2\/types\/page"}],"author":[{"embeddable":true,"href":"https:\/\/wp.ufpel.edu.br\/ppgcamb\/wp-json\/wp\/v2\/users\/707"}],"replies":[{"embeddable":true,"href":"https:\/\/wp.ufpel.edu.br\/ppgcamb\/wp-json\/wp\/v2\/comments?post=5022"}],"version-history":[{"count":1,"href":"https:\/\/wp.ufpel.edu.br\/ppgcamb\/wp-json\/wp\/v2\/pages\/5022\/revisions"}],"predecessor-version":[{"id":5025,"href":"https:\/\/wp.ufpel.edu.br\/ppgcamb\/wp-json\/wp\/v2\/pages\/5022\/revisions\/5025"}],"wp:attachment":[{"href":"https:\/\/wp.ufpel.edu.br\/ppgcamb\/wp-json\/wp\/v2\/media?parent=5022"}],"curies":[{"name":"wp","href":"https:\/\/api.w.org\/{rel}","templated":true}]}}