{"id":4807,"date":"2023-06-21T13:48:46","date_gmt":"2023-06-21T16:48:46","guid":{"rendered":"https:\/\/wp.ufpel.edu.br\/ppgcamb\/?page_id=4807"},"modified":"2023-06-21T13:48:46","modified_gmt":"2023-06-21T16:48:46","slug":"sala-de-coordenacao-do-programa-e-secretaria","status":"publish","type":"page","link":"https:\/\/wp.ufpel.edu.br\/ppgcamb\/sala-de-coordenacao-do-programa-e-secretaria\/","title":{"rendered":"Sala de Coordena\u00e7\u00e3o do Programa e Secretaria"},"content":{"rendered":"<p><img class=\"alignnone size-medium wp-image-4809\" src=\"https:\/\/wp.ufpel.edu.br\/ppgcamb\/files\/2023\/06\/Captura-de-tela-2023-06-21-134625-305x400.png\" alt=\"\" width=\"305\" height=\"400\" srcset=\"https:\/\/wp.ufpel.edu.br\/ppgcamb\/files\/2023\/06\/Captura-de-tela-2023-06-21-134625-305x400.png 305w, https:\/\/wp.ufpel.edu.br\/ppgcamb\/files\/2023\/06\/Captura-de-tela-2023-06-21-134625.png 345w\" sizes=\"(max-width: 305px) 100vw, 305px\" \/><\/p>\n<p>Figura 1. Sala de Coordena\u00e7\u00e3o do Programa na sala 308<\/p>\n<p><img class=\"alignnone size-medium wp-image-4810\" src=\"https:\/\/wp.ufpel.edu.br\/ppgcamb\/files\/2023\/06\/Captura-de-tela-2023-06-21-134705-400x242.png\" alt=\"\" width=\"400\" height=\"242\" srcset=\"https:\/\/wp.ufpel.edu.br\/ppgcamb\/files\/2023\/06\/Captura-de-tela-2023-06-21-134705-400x242.png 400w, https:\/\/wp.ufpel.edu.br\/ppgcamb\/files\/2023\/06\/Captura-de-tela-2023-06-21-134705.png 576w\" sizes=\"(max-width: 400px) 100vw, 400px\" \/><\/p>\n<p>Figura 2. Sala de Secret\u00e1ria do Programa na sala 307.<\/p>\n","protected":false},"excerpt":{"rendered":"<p>Figura 1. Sala de Coordena\u00e7\u00e3o do Programa na sala 308 Figura 2. Sala de Secret\u00e1ria do Programa na sala 307.<\/p>\n","protected":false},"author":707,"featured_media":0,"parent":0,"menu_order":0,"comment_status":"closed","ping_status":"closed","template":"","meta":{"footnotes":""},"class_list":["post-4807","page","type-page","status-publish","hentry"],"_links":{"self":[{"href":"https:\/\/wp.ufpel.edu.br\/ppgcamb\/wp-json\/wp\/v2\/pages\/4807","targetHints":{"allow":["GET"]}}],"collection":[{"href":"https:\/\/wp.ufpel.edu.br\/ppgcamb\/wp-json\/wp\/v2\/pages"}],"about":[{"href":"https:\/\/wp.ufpel.edu.br\/ppgcamb\/wp-json\/wp\/v2\/types\/page"}],"author":[{"embeddable":true,"href":"https:\/\/wp.ufpel.edu.br\/ppgcamb\/wp-json\/wp\/v2\/users\/707"}],"replies":[{"embeddable":true,"href":"https:\/\/wp.ufpel.edu.br\/ppgcamb\/wp-json\/wp\/v2\/comments?post=4807"}],"version-history":[{"count":1,"href":"https:\/\/wp.ufpel.edu.br\/ppgcamb\/wp-json\/wp\/v2\/pages\/4807\/revisions"}],"predecessor-version":[{"id":4812,"href":"https:\/\/wp.ufpel.edu.br\/ppgcamb\/wp-json\/wp\/v2\/pages\/4807\/revisions\/4812"}],"wp:attachment":[{"href":"https:\/\/wp.ufpel.edu.br\/ppgcamb\/wp-json\/wp\/v2\/media?parent=4807"}],"curies":[{"name":"wp","href":"https:\/\/api.w.org\/{rel}","templated":true}]}}