{"id":4800,"date":"2023-06-19T12:55:55","date_gmt":"2023-06-19T15:55:55","guid":{"rendered":"https:\/\/wp.ufpel.edu.br\/ppgcamb\/?page_id=4800"},"modified":"2023-06-19T12:56:10","modified_gmt":"2023-06-19T15:56:10","slug":"aproveitamento-de-disciplinas","status":"publish","type":"page","link":"https:\/\/wp.ufpel.edu.br\/ppgcamb\/aproveitamento-de-disciplinas\/","title":{"rendered":"Aproveitamento de Disciplinas"},"content":{"rendered":"<ul>\n<li style=\"text-align: justify;\">Os alunos poder\u00e3o obter cr\u00e9ditos em disciplinas isoladas cursadas em outros programas de P\u00f3s-Gradua\u00e7\u00e3o stricto sensu, devidamente reconhecidos pela CAPES, que sejam em \u00e1rea afim com este programa de P\u00f3s-Gradua\u00e7\u00e3o, desde que n\u00e3o ultrapassem um ter\u00e7o do total de cr\u00e9ditos em disciplinas.<\/li>\n<li style=\"text-align: justify;\">A solicita\u00e7\u00e3o de aproveitamento de cr\u00e9ditos dever\u00e1 apresentar provas de que o aluno obteve aprova\u00e7\u00e3o e conceito na disciplina, juntamente \u00e0 ementa e carga hor\u00e1ria desta.<\/li>\n<li style=\"text-align: justify;\">Para o aproveitamento dos cr\u00e9ditos previstos, o aluno dever\u00e1 apresentar requerimento, devidamente justificado pelo orientador, e depender\u00e1 de aprecia\u00e7\u00e3o pelo Colegiado do Programa.<br \/>\n\u00a7 Um cr\u00e9dito corresponde a quinze horas de atividade ou hora\/aula.<\/li>\n<li>O tempo de aproveitamento de cr\u00e9ditos seguir\u00e1 o regimento geral da P\u00f3s-Gradua\u00e7\u00e3o.<\/li>\n<li>O pedido dever\u00e1 ser apresentado juntamente com o formul\u00e1rio de aprova\u00e7\u00e3o do orientador dessas disciplinas.<\/li>\n<\/ul>\n<p>&nbsp;<\/p>\n<p><a href=\"https:\/\/wp.ufpel.edu.br\/ppgcamb\/files\/2023\/06\/Aproveitamento.docx\">Aproveitamento<\/a><\/p>\n","protected":false},"excerpt":{"rendered":"<p>Os alunos poder\u00e3o obter cr\u00e9ditos em disciplinas isoladas cursadas em outros programas de P\u00f3s-Gradua\u00e7\u00e3o stricto sensu, devidamente reconhecidos pela CAPES, que sejam em \u00e1rea afim com este programa de P\u00f3s-Gradua\u00e7\u00e3o, desde que n\u00e3o ultrapassem um ter\u00e7o do total de cr\u00e9ditos em disciplinas. A solicita\u00e7\u00e3o de aproveitamento de cr\u00e9ditos dever\u00e1 apresentar provas de que o aluno [&hellip;]<\/p>\n","protected":false},"author":707,"featured_media":0,"parent":0,"menu_order":0,"comment_status":"closed","ping_status":"closed","template":"","meta":{"footnotes":""},"class_list":["post-4800","page","type-page","status-publish","hentry"],"_links":{"self":[{"href":"https:\/\/wp.ufpel.edu.br\/ppgcamb\/wp-json\/wp\/v2\/pages\/4800","targetHints":{"allow":["GET"]}}],"collection":[{"href":"https:\/\/wp.ufpel.edu.br\/ppgcamb\/wp-json\/wp\/v2\/pages"}],"about":[{"href":"https:\/\/wp.ufpel.edu.br\/ppgcamb\/wp-json\/wp\/v2\/types\/page"}],"author":[{"embeddable":true,"href":"https:\/\/wp.ufpel.edu.br\/ppgcamb\/wp-json\/wp\/v2\/users\/707"}],"replies":[{"embeddable":true,"href":"https:\/\/wp.ufpel.edu.br\/ppgcamb\/wp-json\/wp\/v2\/comments?post=4800"}],"version-history":[{"count":2,"href":"https:\/\/wp.ufpel.edu.br\/ppgcamb\/wp-json\/wp\/v2\/pages\/4800\/revisions"}],"predecessor-version":[{"id":4805,"href":"https:\/\/wp.ufpel.edu.br\/ppgcamb\/wp-json\/wp\/v2\/pages\/4800\/revisions\/4805"}],"wp:attachment":[{"href":"https:\/\/wp.ufpel.edu.br\/ppgcamb\/wp-json\/wp\/v2\/media?parent=4800"}],"curies":[{"name":"wp","href":"https:\/\/api.w.org\/{rel}","templated":true}]}}