{"id":4528,"date":"2023-01-17T12:49:08","date_gmt":"2023-01-17T15:49:08","guid":{"rendered":"https:\/\/wp.ufpel.edu.br\/ppgcamb\/?page_id=4528"},"modified":"2023-03-23T13:14:55","modified_gmt":"2023-03-23T16:14:55","slug":"oferta-2023-1","status":"publish","type":"page","link":"https:\/\/wp.ufpel.edu.br\/ppgcamb\/oferta-2023-1\/","title":{"rendered":"Oferta 2023\/1"},"content":{"rendered":"<p>Calend\u00e1rio, Ofertas e Ensalamento 2023-1 -Mestrado em Ci\u00eancias Ambientais<\/p>\n<p>&nbsp;<\/p>\n<h2>Calend\u00e1rio 2023<\/h2>\n<p>Primeiro semestre 2023<\/p>\n<p>27\/02\/2023 &#8211; 12\/05\/2023 &#8211; 11 semanas<\/p>\n<p>12\/06\/2023 &#8211; 22\/07\/2023 &#8211; 6 semanas<\/p>\n<p>Segundo semestre 2023<\/p>\n<p>07\/08\/2023 &#8211; 23\/09\/2023 &#8211; 7 semanas<\/p>\n<p>23\/10\/2023 &#8211; 16\/12\/2023 &#8211; 8 semanas<\/p>\n<p>&nbsp;<\/p>\n<ul>\n<li><span style=\"color: #ff0000;\">A disciplina Enviromental Science Seminar mudou da sala 1 no Pr\u00e9dio 33 para a sala 2 no mesmo pr\u00e9dio<\/span><\/li>\n<\/ul>\n<p><img class=\"alignnone wp-image-4537 size-full\" src=\"https:\/\/wp.ufpel.edu.br\/ppgcamb\/files\/2023\/01\/Captura-de-tela-2023-01-18-163429.png\" alt=\"\" width=\"795\" height=\"677\" srcset=\"https:\/\/wp.ufpel.edu.br\/ppgcamb\/files\/2023\/01\/Captura-de-tela-2023-01-18-163429.png 795w, https:\/\/wp.ufpel.edu.br\/ppgcamb\/files\/2023\/01\/Captura-de-tela-2023-01-18-163429-400x341.png 400w, https:\/\/wp.ufpel.edu.br\/ppgcamb\/files\/2023\/01\/Captura-de-tela-2023-01-18-163429-768x654.png 768w\" sizes=\"(max-width: 795px) 100vw, 795px\" \/><\/p>\n<p>Elabora\u00e7\u00e3o de disserta\u00e7\u00e3o -c\u00f3digo 9999803*<br \/>\nDoc\u00eancia Orientada-c\u00f3digo 1640263*<br \/>\n*Essas disciplinas dever\u00e3o ser solicitadas por e-mail a secretaria do programa informando o<br \/>\nnome do orientador, o nome do aluno, a matr\u00edcula do aluno no curso.<\/p>\n<p><a href=\"https:\/\/wp.ufpel.edu.br\/ppgcamb\/files\/2023\/01\/hor.pdf\">Baixe o arquivo em PDF aqui!<\/a><\/p>\n","protected":false},"excerpt":{"rendered":"<p>Calend\u00e1rio, Ofertas e Ensalamento 2023-1 -Mestrado em Ci\u00eancias Ambientais &nbsp; Calend\u00e1rio 2023 Primeiro semestre 2023 27\/02\/2023 &#8211; 12\/05\/2023 &#8211; 11 semanas 12\/06\/2023 &#8211; 22\/07\/2023 &#8211; 6 semanas Segundo semestre 2023 07\/08\/2023 &#8211; 23\/09\/2023 &#8211; 7 semanas 23\/10\/2023 &#8211; 16\/12\/2023 &#8211; 8 semanas &nbsp; A disciplina Enviromental Science Seminar mudou da sala 1 no Pr\u00e9dio 33 [&hellip;]<\/p>\n","protected":false},"author":707,"featured_media":0,"parent":0,"menu_order":0,"comment_status":"closed","ping_status":"closed","template":"","meta":{"footnotes":""},"class_list":["post-4528","page","type-page","status-publish","hentry"],"_links":{"self":[{"href":"https:\/\/wp.ufpel.edu.br\/ppgcamb\/wp-json\/wp\/v2\/pages\/4528","targetHints":{"allow":["GET"]}}],"collection":[{"href":"https:\/\/wp.ufpel.edu.br\/ppgcamb\/wp-json\/wp\/v2\/pages"}],"about":[{"href":"https:\/\/wp.ufpel.edu.br\/ppgcamb\/wp-json\/wp\/v2\/types\/page"}],"author":[{"embeddable":true,"href":"https:\/\/wp.ufpel.edu.br\/ppgcamb\/wp-json\/wp\/v2\/users\/707"}],"replies":[{"embeddable":true,"href":"https:\/\/wp.ufpel.edu.br\/ppgcamb\/wp-json\/wp\/v2\/comments?post=4528"}],"version-history":[{"count":5,"href":"https:\/\/wp.ufpel.edu.br\/ppgcamb\/wp-json\/wp\/v2\/pages\/4528\/revisions"}],"predecessor-version":[{"id":4706,"href":"https:\/\/wp.ufpel.edu.br\/ppgcamb\/wp-json\/wp\/v2\/pages\/4528\/revisions\/4706"}],"wp:attachment":[{"href":"https:\/\/wp.ufpel.edu.br\/ppgcamb\/wp-json\/wp\/v2\/media?parent=4528"}],"curies":[{"name":"wp","href":"https:\/\/api.w.org\/{rel}","templated":true}]}}