{"id":45,"date":"2016-10-31T16:26:58","date_gmt":"2016-10-31T18:26:58","guid":{"rendered":"https:\/\/wp.ufpel.edu.br\/ppgcamb\/?page_id=45"},"modified":"2026-03-26T20:14:54","modified_gmt":"2026-03-26T23:14:54","slug":"colaboradores-e-apoiadores","status":"publish","type":"page","link":"https:\/\/wp.ufpel.edu.br\/ppgcamb\/colaboradores-e-apoiadores\/","title":{"rendered":"Docentes Colaboradores"},"content":{"rendered":"<p><img class=\" wp-image-6921 alignleft\" src=\"https:\/\/wp.ufpel.edu.br\/ppgcamb\/files\/2026\/03\/sfdfsdsffs-385x400.png\" alt=\"\" width=\"140\" height=\"146\" srcset=\"https:\/\/wp.ufpel.edu.br\/ppgcamb\/files\/2026\/03\/sfdfsdsffs-385x400.png 385w, https:\/\/wp.ufpel.edu.br\/ppgcamb\/files\/2026\/03\/sfdfsdsffs-984x1024.png 984w, https:\/\/wp.ufpel.edu.br\/ppgcamb\/files\/2026\/03\/sfdfsdsffs-768x799.png 768w, https:\/\/wp.ufpel.edu.br\/ppgcamb\/files\/2026\/03\/sfdfsdsffs.png 1270w\" sizes=\"(max-width: 140px) 100vw, 140px\" \/><\/p>\n<p><strong>Andr\u00e9 Longaray<\/strong><\/p>\n<p><a href=\"https:\/\/wp.ufpel.edu.br\/ppgcamb\/files\/2025\/07\/long.mp4\" target=\"_blank\" rel=\"noopener\">V\u00eddeo<\/a><\/p>\n<p>andrelongaray@gmail.com<\/p>\n<p>Professor<\/p>\n<p>&nbsp;<\/p>\n<p>&nbsp;<\/p>\n<p><strong><img class=\"alignleft wp-image-1114\" src=\"https:\/\/wp.ufpel.edu.br\/ppgcamb\/files\/2019\/05\/everton.png\" alt=\"\" width=\"136\" height=\"142\" \/>Everton Anger Cavalheiro<\/strong><\/p>\n<p>eacavalheiro@hotmail.com<\/p>\n<p><a href=\"http:\/\/buscatextual.cnpq.br\/buscatextual\/visualizacv.do?id=K4234636Y9\" target=\"_blank\" rel=\"noopener noreferrer\">Curr\u00edculo<\/a><\/p>\n<p>Professor<\/p>\n<p>&nbsp;<\/p>\n<p>&nbsp;<\/p>\n<p><strong><img class=\" wp-image-6919 alignleft\" src=\"https:\/\/wp.ufpel.edu.br\/ppgcamb\/files\/2026\/03\/aadaddada-384x400.png\" alt=\"\" width=\"140\" height=\"146\" srcset=\"https:\/\/wp.ufpel.edu.br\/ppgcamb\/files\/2026\/03\/aadaddada-384x400.png 384w, https:\/\/wp.ufpel.edu.br\/ppgcamb\/files\/2026\/03\/aadaddada-982x1024.png 982w, https:\/\/wp.ufpel.edu.br\/ppgcamb\/files\/2026\/03\/aadaddada-768x801.png 768w, https:\/\/wp.ufpel.edu.br\/ppgcamb\/files\/2026\/03\/aadaddada.png 1279w\" sizes=\"(max-width: 140px) 100vw, 140px\" \/>N\u00e1dia Campos Pereira Bruhn<\/strong><\/p>\n<p>nadiacbruhn@gmail.com<\/p>\n<p><a href=\"https:\/\/wp.ufpel.edu.br\/ppgcamb\/files\/2025\/07\/nadia.mp4\" target=\"_blank\" rel=\"noopener\">V\u00eddeo<\/a><\/p>\n<p>Professora<\/p>\n<p>&nbsp;<\/p>\n<p>&nbsp;<\/p>\n<p><strong><img class=\"wp-image-2235 alignleft\" src=\"https:\/\/wp.ufpel.edu.br\/ppgcamb\/files\/2021\/01\/132321_288585867909175_1547861179_o-e1609800762518.jpg\" alt=\"\" width=\"136\" height=\"167\" srcset=\"https:\/\/wp.ufpel.edu.br\/ppgcamb\/files\/2021\/01\/132321_288585867909175_1547861179_o-e1609800762518.jpg 1254w, https:\/\/wp.ufpel.edu.br\/ppgcamb\/files\/2021\/01\/132321_288585867909175_1547861179_o-e1609800762518-327x400.jpg 327w, https:\/\/wp.ufpel.edu.br\/ppgcamb\/files\/2021\/01\/132321_288585867909175_1547861179_o-e1609800762518-836x1024.jpg 836w, https:\/\/wp.ufpel.edu.br\/ppgcamb\/files\/2021\/01\/132321_288585867909175_1547861179_o-e1609800762518-768x941.jpg 768w\" sizes=\"(max-width: 136px) 100vw, 136px\" \/>Rubia Flores Romani<\/strong><\/p>\n<p>fgrubia@yahoo.com.br<\/p>\n<p><a href=\"http:\/\/buscatextual.cnpq.br\/buscatextual\/visualizacv.do?id=K4137071P4\" target=\"_blank\" rel=\"noopener noreferrer\">Curr\u00edculo<\/a><\/p>\n<p>Professora<\/p>\n<p>&nbsp;<\/p>\n<p>&nbsp;<\/p>\n<p>&nbsp;<\/p>\n","protected":false},"excerpt":{"rendered":"<p>Andr\u00e9 Longaray V\u00eddeo andrelongaray@gmail.com Professor &nbsp; &nbsp; Everton Anger Cavalheiro eacavalheiro@hotmail.com Curr\u00edculo Professor &nbsp; &nbsp; N\u00e1dia Campos Pereira Bruhn nadiacbruhn@gmail.com V\u00eddeo Professora &nbsp; &nbsp; Rubia Flores Romani fgrubia@yahoo.com.br Curr\u00edculo Professora &nbsp; &nbsp; &nbsp;<\/p>\n","protected":false},"author":707,"featured_media":0,"parent":0,"menu_order":0,"comment_status":"closed","ping_status":"closed","template":"","meta":{"footnotes":""},"class_list":["post-45","page","type-page","status-publish","hentry"],"_links":{"self":[{"href":"https:\/\/wp.ufpel.edu.br\/ppgcamb\/wp-json\/wp\/v2\/pages\/45","targetHints":{"allow":["GET"]}}],"collection":[{"href":"https:\/\/wp.ufpel.edu.br\/ppgcamb\/wp-json\/wp\/v2\/pages"}],"about":[{"href":"https:\/\/wp.ufpel.edu.br\/ppgcamb\/wp-json\/wp\/v2\/types\/page"}],"author":[{"embeddable":true,"href":"https:\/\/wp.ufpel.edu.br\/ppgcamb\/wp-json\/wp\/v2\/users\/707"}],"replies":[{"embeddable":true,"href":"https:\/\/wp.ufpel.edu.br\/ppgcamb\/wp-json\/wp\/v2\/comments?post=45"}],"version-history":[{"count":3,"href":"https:\/\/wp.ufpel.edu.br\/ppgcamb\/wp-json\/wp\/v2\/pages\/45\/revisions"}],"predecessor-version":[{"id":6922,"href":"https:\/\/wp.ufpel.edu.br\/ppgcamb\/wp-json\/wp\/v2\/pages\/45\/revisions\/6922"}],"wp:attachment":[{"href":"https:\/\/wp.ufpel.edu.br\/ppgcamb\/wp-json\/wp\/v2\/media?parent=45"}],"curies":[{"name":"wp","href":"https:\/\/api.w.org\/{rel}","templated":true}]}}