{"id":4226,"date":"2022-10-28T21:21:34","date_gmt":"2022-10-29T00:21:34","guid":{"rendered":"https:\/\/wp.ufpel.edu.br\/ppgcamb\/?page_id=4226"},"modified":"2022-10-28T21:21:34","modified_gmt":"2022-10-29T00:21:34","slug":"avaliacao-discente","status":"publish","type":"page","link":"https:\/\/wp.ufpel.edu.br\/ppgcamb\/avaliacao-discente\/","title":{"rendered":"Avalia\u00e7\u00e3o Discente"},"content":{"rendered":"<p>Este question\u00e1rio \u00e9 disponibilizado anualmente aos discentes com o objetivo coletar informa\u00e7\u00f5es atualizadas sobre o perfil dos alunos, seu desenvolvimento acad\u00eamico e sua vis\u00e3o acerca do Programa de P\u00f3s Gradua\u00e7\u00e3o em Ci\u00eancias Ambientais e constitui-se como parte fundamental do processo de autoavalia\u00e7\u00e3o do mesmo.<br \/>\n\u00c9 solicitada\u00a0 a colabora\u00e7\u00e3o de todos discentes no preenchimento das quest\u00f5es, a fim de que que atrav\u00e9s de uma an\u00e1lise cr\u00edtica o programa possa melhorar constantemente os servi\u00e7os prestados, buscando os ajustes necess\u00e1rios tendo em vista o atendimento dos anseios do alunos. Os resultados gerais e sugest\u00f5es s\u00e3o levados ao colegiado.<\/p>\n<p><a href=\"https:\/\/wp.ufpel.edu.br\/ppgcamb\/files\/2022\/10\/Questionario-para-alunos-regulares-do-Programa-de-Pos-Graduacao-em-Ciencias-Ambientais-PPGCamb-Formularios-Google.pdf\">Question\u00e1rio para alunos regulares do Programa de P\u00f3s-Gradua\u00e7\u00e3o em Ci\u00eancias Ambientais-PPGCamb &#8211; Formul\u00e1rios Google<\/a><\/p>\n","protected":false},"excerpt":{"rendered":"<p>Este question\u00e1rio \u00e9 disponibilizado anualmente aos discentes com o objetivo coletar informa\u00e7\u00f5es atualizadas sobre o perfil dos alunos, seu desenvolvimento acad\u00eamico e sua vis\u00e3o acerca do Programa de P\u00f3s Gradua\u00e7\u00e3o em Ci\u00eancias Ambientais e constitui-se como parte fundamental do processo de autoavalia\u00e7\u00e3o do mesmo. \u00c9 solicitada\u00a0 a colabora\u00e7\u00e3o de todos discentes no preenchimento das quest\u00f5es, [&hellip;]<\/p>\n","protected":false},"author":707,"featured_media":0,"parent":0,"menu_order":0,"comment_status":"closed","ping_status":"closed","template":"","meta":{"footnotes":""},"class_list":["post-4226","page","type-page","status-publish","hentry"],"_links":{"self":[{"href":"https:\/\/wp.ufpel.edu.br\/ppgcamb\/wp-json\/wp\/v2\/pages\/4226","targetHints":{"allow":["GET"]}}],"collection":[{"href":"https:\/\/wp.ufpel.edu.br\/ppgcamb\/wp-json\/wp\/v2\/pages"}],"about":[{"href":"https:\/\/wp.ufpel.edu.br\/ppgcamb\/wp-json\/wp\/v2\/types\/page"}],"author":[{"embeddable":true,"href":"https:\/\/wp.ufpel.edu.br\/ppgcamb\/wp-json\/wp\/v2\/users\/707"}],"replies":[{"embeddable":true,"href":"https:\/\/wp.ufpel.edu.br\/ppgcamb\/wp-json\/wp\/v2\/comments?post=4226"}],"version-history":[{"count":1,"href":"https:\/\/wp.ufpel.edu.br\/ppgcamb\/wp-json\/wp\/v2\/pages\/4226\/revisions"}],"predecessor-version":[{"id":4230,"href":"https:\/\/wp.ufpel.edu.br\/ppgcamb\/wp-json\/wp\/v2\/pages\/4226\/revisions\/4230"}],"wp:attachment":[{"href":"https:\/\/wp.ufpel.edu.br\/ppgcamb\/wp-json\/wp\/v2\/media?parent=4226"}],"curies":[{"name":"wp","href":"https:\/\/api.w.org\/{rel}","templated":true}]}}