{"id":4220,"date":"2022-10-28T20:35:26","date_gmt":"2022-10-28T23:35:26","guid":{"rendered":"https:\/\/wp.ufpel.edu.br\/ppgcamb\/?page_id=4220"},"modified":"2022-10-28T20:35:26","modified_gmt":"2022-10-28T23:35:26","slug":"avaliacao-egresso","status":"publish","type":"page","link":"https:\/\/wp.ufpel.edu.br\/ppgcamb\/avaliacao-egresso\/","title":{"rendered":"Avalia\u00e7\u00e3o Egressos"},"content":{"rendered":"<p style=\"text-align: justify;\">Este question\u00e1rio objetiva coletar informa\u00e7\u00f5es atualizadas sobre o desenvolvimento profissional dos egressos da Institui\u00e7\u00e3o. \u00c9 um formul\u00e1rio enviados aos egressos, para os quais se solicita a colabora\u00e7\u00e3o no preenchimento das quest\u00f5es a seguir, a fim de que o PPGCAmb possa melhorar constantemente os anseios dos alunos e \u00e0s necessidades do curso. Salienta-se que s\u00e3o levados ao colegiado somente os resultados gerais das sugest\u00f5es.<\/p>\n<p><a href=\"https:\/\/wp.ufpel.edu.br\/ppgcamb\/files\/2022\/10\/Egressos-PPGCAmb-Formularios-Google.pdf\">Egressos PPGCAmb &#8211; Formul\u00e1rios Google<\/a><\/p>\n","protected":false},"excerpt":{"rendered":"<p>Este question\u00e1rio objetiva coletar informa\u00e7\u00f5es atualizadas sobre o desenvolvimento profissional dos egressos da Institui\u00e7\u00e3o. \u00c9 um formul\u00e1rio enviados aos egressos, para os quais se solicita a colabora\u00e7\u00e3o no preenchimento das quest\u00f5es a seguir, a fim de que o PPGCAmb possa melhorar constantemente os anseios dos alunos e \u00e0s necessidades do curso. Salienta-se que s\u00e3o levados [&hellip;]<\/p>\n","protected":false},"author":707,"featured_media":0,"parent":0,"menu_order":0,"comment_status":"closed","ping_status":"closed","template":"","meta":{"footnotes":""},"class_list":["post-4220","page","type-page","status-publish","hentry"],"_links":{"self":[{"href":"https:\/\/wp.ufpel.edu.br\/ppgcamb\/wp-json\/wp\/v2\/pages\/4220","targetHints":{"allow":["GET"]}}],"collection":[{"href":"https:\/\/wp.ufpel.edu.br\/ppgcamb\/wp-json\/wp\/v2\/pages"}],"about":[{"href":"https:\/\/wp.ufpel.edu.br\/ppgcamb\/wp-json\/wp\/v2\/types\/page"}],"author":[{"embeddable":true,"href":"https:\/\/wp.ufpel.edu.br\/ppgcamb\/wp-json\/wp\/v2\/users\/707"}],"replies":[{"embeddable":true,"href":"https:\/\/wp.ufpel.edu.br\/ppgcamb\/wp-json\/wp\/v2\/comments?post=4220"}],"version-history":[{"count":1,"href":"https:\/\/wp.ufpel.edu.br\/ppgcamb\/wp-json\/wp\/v2\/pages\/4220\/revisions"}],"predecessor-version":[{"id":4224,"href":"https:\/\/wp.ufpel.edu.br\/ppgcamb\/wp-json\/wp\/v2\/pages\/4220\/revisions\/4224"}],"wp:attachment":[{"href":"https:\/\/wp.ufpel.edu.br\/ppgcamb\/wp-json\/wp\/v2\/media?parent=4220"}],"curies":[{"name":"wp","href":"https:\/\/api.w.org\/{rel}","templated":true}]}}