{"id":42,"date":"2016-10-31T16:26:35","date_gmt":"2016-10-31T18:26:35","guid":{"rendered":"https:\/\/wp.ufpel.edu.br\/ppgcamb\/?page_id=42"},"modified":"2026-03-26T20:20:32","modified_gmt":"2026-03-26T23:20:32","slug":"permanentes","status":"publish","type":"page","link":"https:\/\/wp.ufpel.edu.br\/ppgcamb\/permanentes\/","title":{"rendered":"Docentes Permanentes"},"content":{"rendered":"<h1>Quadr\u00eanio 2025-2028<\/h1>\n<p><strong><img class=\"wp-image-2230 alignleft\" src=\"https:\/\/wp.ufpel.edu.br\/ppgcamb\/files\/2021\/01\/servletrecuperafoto-2.jpg\" alt=\"\" width=\"136\" height=\"130\" \/>C\u00edcero de Coelho Escobar<\/strong><\/p>\n<p>cicero.escobar@gmail.com<\/p>\n<p><a href=\"http:\/\/lattes.cnpq.br\/2824357187395679\">Curr\u00edculo<\/a>\u00a0 \u00a0 \u00a0 \u00a0 \u00a0\u00a0<a href=\"https:\/\/youtu.be\/ZV4rLI8ykwM\">V\u00eddeo<\/a><\/p>\n<p>Coordenador<\/p>\n<p>&nbsp;<\/p>\n<p><img class=\"wp-image-202 alignleft\" src=\"https:\/\/wp.ufpel.edu.br\/ppgcamb\/files\/2016\/11\/andrea-283x318.png\" alt=\"andrea\" width=\"136\" height=\"153\" srcset=\"https:\/\/wp.ufpel.edu.br\/ppgcamb\/files\/2016\/11\/andrea-283x318.png 283w, https:\/\/wp.ufpel.edu.br\/ppgcamb\/files\/2016\/11\/andrea-141x159.png 141w, https:\/\/wp.ufpel.edu.br\/ppgcamb\/files\/2016\/11\/andrea.png 298w\" sizes=\"(max-width: 136px) 100vw, 136px\" \/><strong>Andr\u00e9a Souza Castro<\/strong><\/p>\n<p>andreascastro@gmail.com<\/p>\n<p><a href=\"http:\/\/buscatextual.cnpq.br\/buscatextual\/visualizacv.do?id=K4770495Z1\" target=\"_blank\" rel=\"noopener noreferrer\">Curr\u00edculo\u00a0<\/a>\u00a0 \u00a0 \u00a0 \u00a0\u00a0<a href=\"https:\/\/wp.ufpel.edu.br\/ppgcamb\/files\/2025\/07\/andrea.mp4\">V\u00eddeo<\/a><\/p>\n<p>Coordenadora Adjunta<\/p>\n<p>&nbsp;<\/p>\n<p>&nbsp;<\/p>\n<p><strong><img class=\"wp-image-2200 size-full alignleft\" src=\"https:\/\/wp.ufpel.edu.br\/ppgcamb\/files\/2021\/01\/WhatsApp-Image-2021-01-04-at-13.57.52-e1609803344309.jpeg\" alt=\"\" width=\"136\" height=\"162\" \/>Andr\u00e9 Luiz Missio<\/strong><\/p>\n<p>andre.missio@ufpel.edu.br<\/p>\n<p><a href=\"http:\/\/lattes.cnpq.br\/6923877786371495\">Curiculo<\/a><\/p>\n<p>Professor<\/p>\n<p>&nbsp;<\/p>\n<p>&nbsp;<\/p>\n<p><img class=\"alignleft wp-image-2204\" src=\"https:\/\/wp.ufpel.edu.br\/ppgcamb\/files\/2021\/01\/bruno.png\" alt=\"\" width=\"136\" height=\"146\" \/><\/p>\n<p><strong>Bruno M\u00fcller Vieira<\/strong><\/p>\n<p>bruno.prppg@hotmail.com<\/p>\n<p><a href=\"http:\/\/buscatextual.cnpq.br\/buscatextual\/visualizacv.do?id=K4461620A6\" target=\"_blank\" rel=\"noopener noreferrer\">Curr\u00edculo<\/a><\/p>\n<p>Professor<\/p>\n<p>&nbsp;<\/p>\n<p>&nbsp;<\/p>\n<p><strong><img class=\"alignleft wp-image-2249\" src=\"https:\/\/wp.ufpel.edu.br\/ppgcamb\/files\/2021\/01\/servletrecuperafoto-3-1.jpg\" alt=\"\" width=\"136\" height=\"195\" \/>Daniela Buske<\/strong><\/p>\n<p>&nbsp;<\/p>\n<p><span id=\"yui_3_16_0_ym19_1_1477913858550_398371\">daniela.buske@ufpel.edu.br<\/span><\/p>\n<p><a href=\"http:\/\/buscatextual.cnpq.br\/buscatextual\/visualizacv.do?id=K4730701E4\">Curr\u00edculo<\/a>\u00a0 \u00a0 \u00a0 \u00a0 \u00a0 <a href=\"https:\/\/wp.ufpel.edu.br\/ppgcamb\/files\/2025\/07\/daniela.mp4\">V\u00eddeo<\/a><\/p>\n<p>Professora<\/p>\n<p>&nbsp;<\/p>\n<p>&nbsp;<\/p>\n<p>&nbsp;<\/p>\n<p><strong><img class=\" alignleft wp-image-1080\" src=\"https:\/\/wp.ufpel.edu.br\/ppgcamb\/files\/2019\/05\/darci.png\" alt=\"\" width=\"128\" height=\"167\" \/>Darci Alberto\u00a0Gatto<\/strong><\/p>\n<p>darcigatto@yahoo.com<\/p>\n<p><a href=\"http:\/\/lattes.cnpq.br\/0592339091520248\">Curr\u00edculo<\/a><\/p>\n<p>Professor<\/p>\n<p>&nbsp;<\/p>\n<p>&nbsp;<\/p>\n<p><strong><img class=\"wp-image-5933 alignleft\" src=\"https:\/\/wp.ufpel.edu.br\/ppgcamb\/files\/2025\/02\/WhatsApp-Image-2025-02-24-at-11.52.24-300x400.jpeg\" alt=\"\" width=\"136\" height=\"181\" srcset=\"https:\/\/wp.ufpel.edu.br\/ppgcamb\/files\/2025\/02\/WhatsApp-Image-2025-02-24-at-11.52.24-300x400.jpeg 300w, https:\/\/wp.ufpel.edu.br\/ppgcamb\/files\/2025\/02\/WhatsApp-Image-2025-02-24-at-11.52.24-768x1023.jpeg 768w, https:\/\/wp.ufpel.edu.br\/ppgcamb\/files\/2025\/02\/WhatsApp-Image-2025-02-24-at-11.52.24-1153x1536.jpeg 1153w, https:\/\/wp.ufpel.edu.br\/ppgcamb\/files\/2025\/02\/WhatsApp-Image-2025-02-24-at-11.52.24.jpeg 1200w\" sizes=\"(max-width: 136px) 100vw, 136px\" \/>Diuliana Leandro<\/strong><\/p>\n<p>diuliana.leandro@gmail.com<\/p>\n<p><a href=\"http:\/\/buscatextual.cnpq.br\/buscatextual\/visualizacv.do?id=K4243548T1\" target=\"_blank\" rel=\"noopener noreferrer\">Curr\u00edculo<\/a>\u00a0 \u00a0 \u00a0 \u00a0 \u00a0<a href=\"https:\/\/youtu.be\/32_rOj_Ns5I\" target=\"_blank\" rel=\"noopener\">V\u00eddeo<\/a><\/p>\n<p>Coordenadora<\/p>\n<p>&nbsp;<\/p>\n<p>&nbsp;<\/p>\n<p>&nbsp;<\/p>\n<p><img class=\"wp-image-204 alignleft\" src=\"https:\/\/wp.ufpel.edu.br\/ppgcamb\/files\/2016\/11\/erico.png\" alt=\"erico\" width=\"136\" height=\"136\" srcset=\"https:\/\/wp.ufpel.edu.br\/ppgcamb\/files\/2016\/11\/erico.png 180w, https:\/\/wp.ufpel.edu.br\/ppgcamb\/files\/2016\/11\/erico-159x159.png 159w\" sizes=\"(max-width: 136px) 100vw, 136px\" \/><\/p>\n<p><strong>\u00c9rico Kunde Corr\u00eaa<\/strong><\/p>\n<p>ericokundecorrea@yahoo.com.br<\/p>\n<p><a href=\"http:\/\/buscatextual.cnpq.br\/buscatextual\/visualizacv.do?id=K4763026E7\" target=\"_blank\" rel=\"noopener noreferrer\">Curr\u00edculo<\/a><\/p>\n<p>Professor<\/p>\n<p>&nbsp;<\/p>\n<p><strong><img class=\"alignleft wp-image-2217\" src=\"https:\/\/wp.ufpel.edu.br\/ppgcamb\/files\/2021\/01\/servletrecuperafoto.jpg\" alt=\"\" width=\"136\" height=\"199\" \/>Fernando Machado Machado<\/strong><\/p>\n<p>fernando.machado@hotmail.com.br<\/p>\n<p><a href=\"http:\/\/lattes.cnpq.br\/4817691053221537\">Curr\u00edculo<\/a>\u00a0 \u00a0 \u00a0 \u00a0 <a href=\"https:\/\/wp.ufpel.edu.br\/ppgcamb\/files\/2025\/07\/fern-1.mp4\">V\u00eddeo<\/a><\/p>\n<p>&nbsp;<\/p>\n<p>&nbsp;<\/p>\n<p>&nbsp;<\/p>\n<p>&nbsp;<\/p>\n<p><img class=\"alignleft wp-image-205\" src=\"https:\/\/wp.ufpel.edu.br\/ppgcamb\/files\/2016\/11\/gizele-299x318.png\" alt=\"gizele\" width=\"136\" height=\"145\" srcset=\"https:\/\/wp.ufpel.edu.br\/ppgcamb\/files\/2016\/11\/gizele-299x318.png 299w, https:\/\/wp.ufpel.edu.br\/ppgcamb\/files\/2016\/11\/gizele-150x159.png 150w, https:\/\/wp.ufpel.edu.br\/ppgcamb\/files\/2016\/11\/gizele.png 428w\" sizes=\"(max-width: 136px) 100vw, 136px\" \/><\/p>\n<p><strong>Gizele Ingrid Gadotti<\/strong><\/p>\n<p>gigadotti@hotmail.com<\/p>\n<p><a href=\"http:\/\/buscatextual.cnpq.br\/buscatextual\/visualizacv.do?id=K4739991D1\" target=\"_blank\" rel=\"noopener noreferrer\">Curr\u00edculo<\/a>\u00a0 \u00a0 \u00a0 \u00a0 \u00a0\u00a0<a href=\"https:\/\/youtu.be\/B-1nc8Jm9Cw\">V\u00eddeo<\/a><\/p>\n<p>Professora<\/p>\n<p>&nbsp;<\/p>\n<p>&nbsp;<\/p>\n<p><strong><img class=\"alignleft wp-image-5403\" src=\"https:\/\/wp.ufpel.edu.br\/ppgcamb\/files\/2024\/03\/WhatsApp-Image-2024-03-31-at-9.00.49-AM-235x400.jpeg\" alt=\"\" width=\"136\" height=\"231\" srcset=\"https:\/\/wp.ufpel.edu.br\/ppgcamb\/files\/2024\/03\/WhatsApp-Image-2024-03-31-at-9.00.49-AM-235x400.jpeg 235w, https:\/\/wp.ufpel.edu.br\/ppgcamb\/files\/2024\/03\/WhatsApp-Image-2024-03-31-at-9.00.49-AM-602x1024.jpeg 602w, https:\/\/wp.ufpel.edu.br\/ppgcamb\/files\/2024\/03\/WhatsApp-Image-2024-03-31-at-9.00.49-AM.jpeg 714w\" sizes=\"(max-width: 136px) 100vw, 136px\" \/>Luciara Bilhalva Corr\u00eaa<\/strong><\/p>\n<p>luciarabc@gmail.com<\/p>\n<p><a href=\"http:\/\/buscatextual.cnpq.br\/buscatextual\/visualizacv.do?id=K4773121Y9\" target=\"_blank\" rel=\"noopener noreferrer\">Curr\u00edculo<\/a><\/p>\n<p>Professora<\/p>\n<p>&nbsp;<\/p>\n<p>&nbsp;<\/p>\n<p>&nbsp;<\/p>\n<p>&nbsp;<\/p>\n<p><img class=\"wp-image-2213 alignleft\" src=\"https:\/\/wp.ufpel.edu.br\/ppgcamb\/files\/2021\/01\/mar.png\" alt=\"\" width=\"136\" height=\"188\" \/><\/p>\n<p class=\"nome\"><strong>Mar\u00edlia Lazarotto<\/strong><\/p>\n<p>marilia.lazarotto@ufpel.edu.br<\/p>\n<p><a href=\"http:\/\/lattes.cnpq.br\/1310246210091310\">Curr\u00edculo<\/a>\u00a0 \u00a0 \u00a0 \u00a0 \u00a0\u00a0<a href=\"https:\/\/youtu.be\/8_gVYV4rbmw\" target=\"_blank\" rel=\"noopener\">V\u00eddeo<\/a><\/p>\n<p>Professora<\/p>\n<p>&nbsp;<\/p>\n<p>&nbsp;<\/p>\n<p>&nbsp;<\/p>\n<p><strong><img class=\" wp-image-294 alignleft\" src=\"https:\/\/wp.ufpel.edu.br\/ppgcamb\/files\/2016\/12\/maurizio-275x318.png\" alt=\"maurizio\" width=\"144\" height=\"167\" srcset=\"https:\/\/wp.ufpel.edu.br\/ppgcamb\/files\/2016\/12\/maurizio-275x318.png 275w, https:\/\/wp.ufpel.edu.br\/ppgcamb\/files\/2016\/12\/maurizio-138x159.png 138w, https:\/\/wp.ufpel.edu.br\/ppgcamb\/files\/2016\/12\/maurizio.png 307w\" sizes=\"(max-width: 144px) 100vw, 144px\" \/>Maurizio Silveira Quadro<\/strong><\/p>\n<p>mausq@hotmail.com<\/p>\n<p><a href=\"http:\/\/buscatextual.cnpq.br\/buscatextual\/visualizacv.do?id=K4775497J6\">Curr\u00edculo<\/a><\/p>\n<p>Professor<\/p>\n<p>&nbsp;<\/p>\n<p>&nbsp;<\/p>\n<p><strong><img class=\"alignleft wp-image-1079\" src=\"https:\/\/wp.ufpel.edu.br\/ppgcamb\/files\/2019\/05\/rafael-beltrame.png\" alt=\"\" width=\"136\" height=\"182\" \/>Rafael Beltrame<\/strong><\/p>\n<p>beltrame.rafael@yahoo.com.br<\/p>\n<p><a href=\"http:\/\/lattes.cnpq.br\/1995147035662011\">Curr\u00edculo<\/a>\u00a0 \u00a0 \u00a0 <a href=\"https:\/\/wp.ufpel.edu.br\/ppgcamb\/files\/2025\/07\/Sem-Titulo-2025-07-14-15-34-29copy.mp4\">V\u00eddeo<\/a><\/p>\n<p>Professor<\/p>\n<p>&nbsp;<\/p>\n<p>&nbsp;<\/p>\n<p>&nbsp;<\/p>\n<div class=\"infpessoa\"><strong><img class=\"alignleft wp-image-2219\" src=\"https:\/\/wp.ufpel.edu.br\/ppgcamb\/files\/2021\/01\/servletrecuperafoto-1.jpg\" alt=\"\" width=\"136\" height=\"227\" srcset=\"https:\/\/wp.ufpel.edu.br\/ppgcamb\/files\/2021\/01\/servletrecuperafoto-1.jpg 574w, https:\/\/wp.ufpel.edu.br\/ppgcamb\/files\/2021\/01\/servletrecuperafoto-1-240x400.jpg 240w\" sizes=\"(max-width: 136px) 100vw, 136px\" \/>Rafael de Avila Delucis<\/strong><\/div>\n<div class=\"infpessoa\">rafael.delucis@ufpel.edu.br<\/div>\n<div class=\"infpessoa\"><a href=\"http:\/\/lattes.cnpq.br\/0457288721496478\">Curr\u00edculo<\/a><\/div>\n<p>Professor<\/p>\n<p>&nbsp;<\/p>\n<p>&nbsp;<\/p>\n<p>&nbsp;<\/p>\n<p>&nbsp;<\/p>\n<p>&nbsp;<\/p>\n<p><img class=\"alignleft wp-image-208\" src=\"https:\/\/wp.ufpel.edu.br\/ppgcamb\/files\/2016\/11\/robson-171x159.png\" alt=\"robson\" width=\"136\" height=\"126\" srcset=\"https:\/\/wp.ufpel.edu.br\/ppgcamb\/files\/2016\/11\/robson-171x159.png 171w, https:\/\/wp.ufpel.edu.br\/ppgcamb\/files\/2016\/11\/robson-343x318.png 343w, https:\/\/wp.ufpel.edu.br\/ppgcamb\/files\/2016\/11\/robson.png 390w\" sizes=\"(max-width: 136px) 100vw, 136px\" \/><\/p>\n<p><strong>Robson Andreazza\u00a0<\/strong><\/p>\n<p>robsonandreazza@yahoo.com.br<\/p>\n<p><a href=\"http:\/\/buscatextual.cnpq.br\/buscatextual\/visualizacv.do?id=K4771495A9\" target=\"_blank\" rel=\"noopener noreferrer\">Curr\u00edculo<\/a>\u00a0 \u00a0 \u00a0 \u00a0 \u00a0\u00a0<a href=\"https:\/\/youtu.be\/ilNnSY5xC50\" target=\"_blank\" rel=\"noopener\">V\u00eddeo<\/a><\/p>\n<p>Professor<\/p>\n<p>&nbsp;<\/p>\n<p><strong><img class=\"wp-image-2206 alignleft\" src=\"https:\/\/wp.ufpel.edu.br\/ppgcamb\/files\/2021\/01\/WhatsApp-Image-2021-01-04-at-14.33.53.jpeg\" alt=\"\" width=\"136\" height=\"191\" srcset=\"https:\/\/wp.ufpel.edu.br\/ppgcamb\/files\/2021\/01\/WhatsApp-Image-2021-01-04-at-14.33.53.jpeg 411w, https:\/\/wp.ufpel.edu.br\/ppgcamb\/files\/2021\/01\/WhatsApp-Image-2021-01-04-at-14.33.53-285x400.jpeg 285w\" sizes=\"(max-width: 136px) 100vw, 136px\" \/>Simone Pieniz<\/strong><\/p>\n<p>nutrisimone@yahoo.com.br<\/p>\n<p><a href=\"http:\/\/buscatextual.cnpq.br\/buscatextual\/visualizacv.do?id=K4266140H0#Identificacao\" target=\"_blank\" rel=\"noopener noreferrer\">Curr\u00edculo<\/a><\/p>\n<p>Professora<\/p>\n<p>&nbsp;<\/p>\n<p>&nbsp;<\/p>\n<p>&nbsp;<\/p>\n<p><strong><img class=\"alignleft wp-image-2245\" src=\"https:\/\/wp.ufpel.edu.br\/ppgcamb\/files\/2021\/01\/servletrecuperafoto-4.jpg\" alt=\"\" width=\"136\" height=\"154\" srcset=\"https:\/\/wp.ufpel.edu.br\/ppgcamb\/files\/2021\/01\/servletrecuperafoto-4.jpg 365w, https:\/\/wp.ufpel.edu.br\/ppgcamb\/files\/2021\/01\/servletrecuperafoto-4-353x400.jpg 353w\" sizes=\"(max-width: 136px) 100vw, 136px\" \/>Tirzah Moreira Siqueira<\/strong><\/p>\n<p>tirzahsiqueira@hotmail.com<\/p>\n<p><a href=\"http:\/\/buscatextual.cnpq.br\/buscatextual\/visualizacv.do?id=K4282614U3\">Curr\u00edculo<\/a><\/p>\n<p>Professora<\/p>\n<p>&nbsp;<\/p>\n<p>&nbsp;<\/p>\n<p><strong><img class=\"alignleft wp-image-1078\" src=\"https:\/\/wp.ufpel.edu.br\/ppgcamb\/files\/2019\/05\/nadaleti.png\" alt=\"\" width=\"136\" height=\"192\" \/>Willian C\u00e9sar Nadaleti<\/strong><\/p>\n<p>williancezarnadaletti@gmail.com<\/p>\n<p><a href=\"http:\/\/lattes.cnpq.br\/4670559561277136\">Curr\u00edculo<\/a><\/p>\n<p>Professor<\/p>\n<p>&nbsp;<\/p>\n<p>&nbsp;<\/p>\n<p>&nbsp;<\/p>\n<p>&nbsp;<\/p>\n<p>&nbsp;<\/p>\n","protected":false},"excerpt":{"rendered":"<p>Quadr\u00eanio 2025-2028 C\u00edcero de Coelho Escobar cicero.escobar@gmail.com Curr\u00edculo\u00a0 \u00a0 \u00a0 \u00a0 \u00a0\u00a0V\u00eddeo Coordenador &nbsp; Andr\u00e9a Souza Castro andreascastro@gmail.com Curr\u00edculo\u00a0\u00a0 \u00a0 \u00a0 \u00a0\u00a0V\u00eddeo Coordenadora Adjunta &nbsp; &nbsp; Andr\u00e9 Luiz Missio andre.missio@ufpel.edu.br Curiculo Professor &nbsp; &nbsp; Bruno M\u00fcller Vieira bruno.prppg@hotmail.com Curr\u00edculo Professor &nbsp; &nbsp; Daniela Buske &nbsp; daniela.buske@ufpel.edu.br Curr\u00edculo\u00a0 \u00a0 \u00a0 \u00a0 \u00a0 V\u00eddeo Professora &nbsp; &nbsp; [&hellip;]<\/p>\n","protected":false},"author":707,"featured_media":0,"parent":0,"menu_order":0,"comment_status":"closed","ping_status":"closed","template":"","meta":{"footnotes":""},"class_list":["post-42","page","type-page","status-publish","hentry"],"_links":{"self":[{"href":"https:\/\/wp.ufpel.edu.br\/ppgcamb\/wp-json\/wp\/v2\/pages\/42","targetHints":{"allow":["GET"]}}],"collection":[{"href":"https:\/\/wp.ufpel.edu.br\/ppgcamb\/wp-json\/wp\/v2\/pages"}],"about":[{"href":"https:\/\/wp.ufpel.edu.br\/ppgcamb\/wp-json\/wp\/v2\/types\/page"}],"author":[{"embeddable":true,"href":"https:\/\/wp.ufpel.edu.br\/ppgcamb\/wp-json\/wp\/v2\/users\/707"}],"replies":[{"embeddable":true,"href":"https:\/\/wp.ufpel.edu.br\/ppgcamb\/wp-json\/wp\/v2\/comments?post=42"}],"version-history":[{"count":4,"href":"https:\/\/wp.ufpel.edu.br\/ppgcamb\/wp-json\/wp\/v2\/pages\/42\/revisions"}],"predecessor-version":[{"id":6925,"href":"https:\/\/wp.ufpel.edu.br\/ppgcamb\/wp-json\/wp\/v2\/pages\/42\/revisions\/6925"}],"wp:attachment":[{"href":"https:\/\/wp.ufpel.edu.br\/ppgcamb\/wp-json\/wp\/v2\/media?parent=42"}],"curies":[{"name":"wp","href":"https:\/\/api.w.org\/{rel}","templated":true}]}}