{"id":3937,"date":"2022-07-07T14:28:52","date_gmt":"2022-07-07T17:28:52","guid":{"rendered":"https:\/\/wp.ufpel.edu.br\/ppgcamb\/?page_id=3937"},"modified":"2022-07-29T19:07:21","modified_gmt":"2022-07-29T22:07:21","slug":"oferta-2022-2","status":"publish","type":"page","link":"https:\/\/wp.ufpel.edu.br\/ppgcamb\/oferta-2022-2\/","title":{"rendered":"2022\/2"},"content":{"rendered":"<h3><a href=\"https:\/\/wp.ufpel.edu.br\/ppgcamb\/files\/2022\/07\/HORARIOS-PPGCAmb-2022-2o-1.pdf\">SALAS\/DISCIPLINAS<\/a><\/h3>\n<h3><a href=\"https:\/\/wp.ufpel.edu.br\/ppgcamb\/files\/2022\/07\/HORARIOS-PPGCAmb-2022-2o.pdf\">OFERTAS E HOR\u00c1RIOS PPGCAmb &#8211; 2022-2<\/a> <a href=\"https:\/\/wp.ufpel.edu.br\/ppgcamb\/files\/2022\/07\/HORARIOS-PPGCAmb-2022-2o.pdf\" target=\"_blank\" rel=\"noopener\">PDF<\/a><\/h3>\n<p>&nbsp;<\/p>\n<p><strong>Calend\u00e1rio Acad\u00eamico PPGCAmb<\/strong><\/p>\n<p>Matricula Alunos Regulares Mestrado: 25 a 28\/07<\/p>\n<p>Matricula Alunos Regulares Aprovados Edital 2022\/2\u00ba : 29\/07<\/p>\n<p>Matricula Alunos Especiais: 01 e 02\/08<\/p>\n<p>Aulas iniciar\u00e3o dia 08\/08<\/p>\n<p>Formul\u00e1rio de Matr\u00edcula no link:\u00a0<a href=\"https:\/\/wp.ufpel.edu.br\/ppgcamb\/formularios\/\">https:\/\/wp.ufpel.edu.br\/ppgcamb\/formularios\/<\/a> (NOVOS ALUNOS)<\/p>\n<p>&nbsp;<\/p>\n<h2><strong>Orienta\u00e7\u00f5es gerais para a matr\u00edcula\u00a0<\/strong><\/h2>\n<p>&nbsp;<\/p>\n<p><strong>Alunos NOVOS do Programa de P\u00f3s-Gradua\u00e7\u00e3o em Ci\u00eancias Ambientais da UFPel<\/strong><\/p>\n<ul>\n<li>Sou ingresso no curso nesse semestre, como farei a matr\u00edcula?<\/li>\n<\/ul>\n<p>N\u00e3o se preocupe, voc\u00ea receber\u00e1 um e-mail com as orienta\u00e7\u00f5es, inclusive seu n\u00famero de matr\u00edcula e o nome do seu orientador.<\/p>\n<p><a href=\"https:\/\/wp.ufpel.edu.br\/ppgcamb\/files\/2022\/07\/Matriculas-2022-2.pdf\" target=\"_blank\" rel=\"noopener\">Orienta\u00e7\u00e3o Geral<\/a><\/p>\n<p><a href=\"https:\/\/wp.ufpel.edu.br\/ppgcamb\/files\/2022\/07\/HORARIOS-PPGCAmb-2022-2o.pdf\">OFERTAS E HOR\u00c1RIOS PPGCAmb &#8211; 2022-2<\/a><\/p>\n<p>&nbsp;<\/p>\n<p><strong>Alunos regulares do Programa de P\u00f3s-Gradua\u00e7\u00e3o em Ci\u00eancias Ambientais da UFPel\u00a0<\/strong><\/p>\n<p>. J\u00e1 verificou o hor\u00e1rio das disciplinas?<\/p>\n<p><a href=\"https:\/\/wp.ufpel.edu.br\/ppgcamb\/files\/2022\/07\/HORARIOS-PPGCAmb-2022-2o.pdf\">OFERTAS E HOR\u00c1RIOS PPGCAmb &#8211; 2022-2<\/a><\/p>\n<p>Tudo ok? Sim, hor\u00e1rios e disciplinas definidos juntamente com meu orientador(a). Ent\u00e3o j\u00e1 posso solicitar a matr\u00edcula!<\/p>\n<p>Fa\u00e7a a solicita\u00e7\u00e3o pelo COBALTO<\/p>\n<p>At\u00e9 que dia posso solicitar a matr\u00edcula?<\/p>\n<p>28 de julho de 2022<\/p>\n<p>&nbsp;<\/p>\n<p><strong>N\u00e3o sou aluno desse curso de p\u00f3s-gradua\u00e7\u00e3o, mas tenho interesse em fazer uma disciplina, como devo proceder?<\/strong><\/p>\n<p>Fa\u00e7a a solicita\u00e7\u00e3o pelo email\u00a0<a class=\"rABsFf RffVmb AL18ce\" href=\"mailto:ppgcamb@gmail.com\" target=\"_blank\" rel=\"noopener noreferrer\" data-tooltip=\"Do perfil do usu\u00e1rio do Google\" data-tooltip-position=\"top\">ppgcamb@gmail.com<\/a> (Assunto: Matr\u00edcula 2022\/2 &#8211; NOME DO ALUNO &#8211; CURSO); o programa verificar\u00e1 a disponibilidade de vaga e disponibilizar\u00e1 a vaga para o seu Curso, assim voc\u00ea poder\u00e1 se matricular pelo COBALTO. N\u00e3o esque\u00e7a de colocar o assunto no t\u00edtulo do email, nome do programa e matr\u00edcula. Se for aluno externo a UFPel deve participar do edital de aluno especial e apresentar um certificado de estar cursando um programa de p\u00f3s assinado pela coordena\u00e7\u00e3o do programa.<\/p>\n<p>&nbsp;<\/p>\n<h2>A inser\u00e7\u00e3o da carteira de vacina\u00e7\u00e3o com a <strong>dose de refor\u00e7o da vacina<\/strong> \u00e9 primordial para que o aluno possa assistir as aulas e para acesso ao pr\u00e9dio do Ceng.<\/h2>\n<p>&nbsp;<\/p>\n<ul>\n<li>Observa\u00e7\u00e3o:\u00a0O atendimento aos alunos continuar\u00e1 sendo por este e-mail ou Presencial na sala 308 do Pr\u00e9dio Cotada. Como estamos sem secret\u00e1ria pedimos o agendamento ou verifica\u00e7\u00e3o de hor\u00e1rio previa por email.<\/li>\n<\/ul>\n<p>&nbsp;<\/p>\n<h1><strong>Bom semestre a todos!<\/strong><\/h1>\n","protected":false},"excerpt":{"rendered":"<p>SALAS\/DISCIPLINAS OFERTAS E HOR\u00c1RIOS PPGCAmb &#8211; 2022-2 PDF &nbsp; Calend\u00e1rio Acad\u00eamico PPGCAmb Matricula Alunos Regulares Mestrado: 25 a 28\/07 Matricula Alunos Regulares Aprovados Edital 2022\/2\u00ba : 29\/07 Matricula Alunos Especiais: 01 e 02\/08 Aulas iniciar\u00e3o dia 08\/08 Formul\u00e1rio de Matr\u00edcula no link:\u00a0https:\/\/wp.ufpel.edu.br\/ppgcamb\/formularios\/ (NOVOS ALUNOS) &nbsp; Orienta\u00e7\u00f5es gerais para a matr\u00edcula\u00a0 &nbsp; Alunos NOVOS do Programa [&hellip;]<\/p>\n","protected":false},"author":707,"featured_media":0,"parent":0,"menu_order":0,"comment_status":"closed","ping_status":"closed","template":"","meta":{"footnotes":""},"class_list":["post-3937","page","type-page","status-publish","hentry"],"_links":{"self":[{"href":"https:\/\/wp.ufpel.edu.br\/ppgcamb\/wp-json\/wp\/v2\/pages\/3937","targetHints":{"allow":["GET"]}}],"collection":[{"href":"https:\/\/wp.ufpel.edu.br\/ppgcamb\/wp-json\/wp\/v2\/pages"}],"about":[{"href":"https:\/\/wp.ufpel.edu.br\/ppgcamb\/wp-json\/wp\/v2\/types\/page"}],"author":[{"embeddable":true,"href":"https:\/\/wp.ufpel.edu.br\/ppgcamb\/wp-json\/wp\/v2\/users\/707"}],"replies":[{"embeddable":true,"href":"https:\/\/wp.ufpel.edu.br\/ppgcamb\/wp-json\/wp\/v2\/comments?post=3937"}],"version-history":[{"count":16,"href":"https:\/\/wp.ufpel.edu.br\/ppgcamb\/wp-json\/wp\/v2\/pages\/3937\/revisions"}],"predecessor-version":[{"id":4005,"href":"https:\/\/wp.ufpel.edu.br\/ppgcamb\/wp-json\/wp\/v2\/pages\/3937\/revisions\/4005"}],"wp:attachment":[{"href":"https:\/\/wp.ufpel.edu.br\/ppgcamb\/wp-json\/wp\/v2\/media?parent=3937"}],"curies":[{"name":"wp","href":"https:\/\/api.w.org\/{rel}","templated":true}]}}