{"id":3782,"date":"2022-06-25T21:35:05","date_gmt":"2022-06-26T00:35:05","guid":{"rendered":"https:\/\/wp.ufpel.edu.br\/ppgcamb\/?page_id=3782"},"modified":"2024-01-09T12:51:19","modified_gmt":"2024-01-09T15:51:19","slug":"pos-doc","status":"publish","type":"page","link":"https:\/\/wp.ufpel.edu.br\/ppgcamb\/pos-doc\/","title":{"rendered":"P\u00f3s-Doc"},"content":{"rendered":"<p><strong><img class=\"wp-image-5168 alignleft\" src=\"https:\/\/wp.ufpel.edu.br\/ppgcamb\/files\/2024\/01\/MARIANE-400x400.png\" alt=\"\" width=\"176\" height=\"176\" srcset=\"https:\/\/wp.ufpel.edu.br\/ppgcamb\/files\/2024\/01\/MARIANE-400x400.png 400w, https:\/\/wp.ufpel.edu.br\/ppgcamb\/files\/2024\/01\/MARIANE-200x200.png 200w, https:\/\/wp.ufpel.edu.br\/ppgcamb\/files\/2024\/01\/MARIANE.png 762w\" sizes=\"(max-width: 176px) 100vw, 176px\" \/>Mariane Weirich Bosenbecker<\/strong><\/p>\n<p>marianebosenbecker@gmail.com<\/p>\n<p>&nbsp;<\/p>\n<p>P\u00f3s-Doc<\/p>\n<p>Situa\u00e7\u00e3o: andamento<\/p>\n<p>&nbsp;<\/p>\n<p><img class=\"wp-image-4835 alignleft\" style=\"text-align: justify;\" src=\"https:\/\/wp.ufpel.edu.br\/ppgcamb\/files\/2023\/07\/Captura-de-tela-2023-07-11-073708-381x400.png\" alt=\"\" width=\"176\" height=\"185\" srcset=\"https:\/\/wp.ufpel.edu.br\/ppgcamb\/files\/2023\/07\/Captura-de-tela-2023-07-11-073708-381x400.png 381w, https:\/\/wp.ufpel.edu.br\/ppgcamb\/files\/2023\/07\/Captura-de-tela-2023-07-11-073708.png 512w\" sizes=\"(max-width: 176px) 100vw, 176px\" \/><strong>Eduarda Medran Rangel<\/strong><\/p>\n<p tabindex=\"0\">eduardamrangel@gmail.com<\/p>\n<p><a href=\"http:\/\/lattes.cnpq.br\/8556335072141185\" target=\"_blank\" rel=\"noopener\">Curr\u00edculo<\/a><\/p>\n<p>P\u00f3s-Doc<\/p>\n<p>Situa\u00e7\u00e3o: andamento<\/p>\n<p>&nbsp;<\/p>\n<div class=\"ficha-campo caps maior cor-texto\"><strong><img class=\"alignleft wp-image-4838\" src=\"https:\/\/wp.ufpel.edu.br\/ppgcamb\/files\/2023\/07\/Captura-de-tela-2023-07-11-075029-307x400.png\" alt=\"\" width=\"176\" height=\"229\" srcset=\"https:\/\/wp.ufpel.edu.br\/ppgcamb\/files\/2023\/07\/Captura-de-tela-2023-07-11-075029-307x400.png 307w, https:\/\/wp.ufpel.edu.br\/ppgcamb\/files\/2023\/07\/Captura-de-tela-2023-07-11-075029.png 353w\" sizes=\"(max-width: 176px) 100vw, 176px\" \/>Vera Lucia Borbrowski<\/strong><\/div>\n<p>vera.bobrowski@ufpel.edu.br<\/p>\n<p><a href=\"http:\/\/lattes.cnpq.br\/9555221124800026\">Curr\u00edculo<\/a><\/p>\n<p>P\u00f3s-Doc<\/p>\n<p>Situa\u00e7\u00e3o: andamento<\/p>\n<p>&nbsp;<\/p>\n<p>&nbsp;<\/p>\n<p>&nbsp;<\/p>\n<p><img class=\"wp-image-3779 alignleft\" src=\"https:\/\/wp.ufpel.edu.br\/ppgcamb\/files\/2022\/06\/Captura-de-tela-2022-06-25-213128-377x400.png\" alt=\"\" width=\"176\" height=\"186\" srcset=\"https:\/\/wp.ufpel.edu.br\/ppgcamb\/files\/2022\/06\/Captura-de-tela-2022-06-25-213128-377x400.png 377w, https:\/\/wp.ufpel.edu.br\/ppgcamb\/files\/2022\/06\/Captura-de-tela-2022-06-25-213128.png 708w\" sizes=\"(max-width: 176px) 100vw, 176px\" \/><\/p>\n<p><strong>Mery Vieira<\/strong><\/p>\n<p>meryluiza@yahoo.com.br<\/p>\n<p><a href=\"http:\/\/lattes.cnpq.br\/4150741435340492\">Curr\u00edculo<\/a><\/p>\n<p>P\u00f3s-Doc<\/p>\n<p>Situa\u00e7\u00e3o: finalizado 2023<\/p>\n<p>&nbsp;<\/p>\n<p>&nbsp;<\/p>\n<p>&nbsp;<\/p>\n","protected":false},"excerpt":{"rendered":"<p>Mariane Weirich Bosenbecker marianebosenbecker@gmail.com &nbsp; P\u00f3s-Doc Situa\u00e7\u00e3o: andamento &nbsp; Eduarda Medran Rangel eduardamrangel@gmail.com Curr\u00edculo P\u00f3s-Doc Situa\u00e7\u00e3o: andamento &nbsp; Vera Lucia Borbrowski vera.bobrowski@ufpel.edu.br Curr\u00edculo P\u00f3s-Doc Situa\u00e7\u00e3o: andamento &nbsp; &nbsp; &nbsp; Mery Vieira meryluiza@yahoo.com.br Curr\u00edculo P\u00f3s-Doc Situa\u00e7\u00e3o: finalizado 2023 &nbsp; &nbsp; &nbsp;<\/p>\n","protected":false},"author":707,"featured_media":0,"parent":0,"menu_order":0,"comment_status":"closed","ping_status":"closed","template":"","meta":{"footnotes":""},"class_list":["post-3782","page","type-page","status-publish","hentry"],"_links":{"self":[{"href":"https:\/\/wp.ufpel.edu.br\/ppgcamb\/wp-json\/wp\/v2\/pages\/3782","targetHints":{"allow":["GET"]}}],"collection":[{"href":"https:\/\/wp.ufpel.edu.br\/ppgcamb\/wp-json\/wp\/v2\/pages"}],"about":[{"href":"https:\/\/wp.ufpel.edu.br\/ppgcamb\/wp-json\/wp\/v2\/types\/page"}],"author":[{"embeddable":true,"href":"https:\/\/wp.ufpel.edu.br\/ppgcamb\/wp-json\/wp\/v2\/users\/707"}],"replies":[{"embeddable":true,"href":"https:\/\/wp.ufpel.edu.br\/ppgcamb\/wp-json\/wp\/v2\/comments?post=3782"}],"version-history":[{"count":6,"href":"https:\/\/wp.ufpel.edu.br\/ppgcamb\/wp-json\/wp\/v2\/pages\/3782\/revisions"}],"predecessor-version":[{"id":5169,"href":"https:\/\/wp.ufpel.edu.br\/ppgcamb\/wp-json\/wp\/v2\/pages\/3782\/revisions\/5169"}],"wp:attachment":[{"href":"https:\/\/wp.ufpel.edu.br\/ppgcamb\/wp-json\/wp\/v2\/media?parent=3782"}],"curies":[{"name":"wp","href":"https:\/\/api.w.org\/{rel}","templated":true}]}}