{"id":3488,"date":"2022-05-25T11:27:03","date_gmt":"2022-05-25T14:27:03","guid":{"rendered":"https:\/\/wp.ufpel.edu.br\/ppgcamb\/?page_id=3488"},"modified":"2025-04-15T13:36:31","modified_gmt":"2025-04-15T16:36:31","slug":"enviromental-science-seminar-emi","status":"publish","type":"page","link":"https:\/\/wp.ufpel.edu.br\/ppgcamb\/enviromental-science-seminar-emi\/","title":{"rendered":"Enviromental Science Seminar &#8211; EMI"},"content":{"rendered":"<p>N\u00edvel: Mestrado e Doutorado<\/p>\n<p>Obrigat\u00f3ria: N\u00e3o<\/p>\n<p>Carga Hor\u00e1ria: 34 horas<\/p>\n<p>Cr\u00e9ditos: 2<\/p>\n<p>&nbsp;<\/p>\n<p><strong>Ementa<\/strong><\/p>\n<p>Preparation and oral presentation of a seminar related to Environmental Sciences in English. Provide opportunities for the use of the English language. Make use of the English of Medium of Instruction technique.<\/p>\n<p>+++++++++<\/p>\n<ul>\n<li class=\"Tabela_Texto_Alinhado_Esquerda\">Students to be able to prepare and present a seminar in English related to Environmental Sciences in English.<\/li>\n<li class=\"Tabela_Texto_Alinhado_Esquerda\">Students to be able to read and discuss main points\u00a0related to Environmental Sciences in English.<\/li>\n<li class=\"Tabela_Texto_Alinhado_Esquerda\">Individual reports will show the students accomplished the goals for the course.<\/li>\n<\/ul>\n<p>&nbsp;<\/p>\n<p id=\"tw-target-text\" dir=\"ltr\" data-placeholder=\"Tradu\u00e7\u00e3o\">1. Basics of presentation<\/p>\n<p dir=\"ltr\" data-placeholder=\"Tradu\u00e7\u00e3o\">1.1 Presentation and posture<\/p>\n<p dir=\"ltr\" data-placeholder=\"Tradu\u00e7\u00e3o\">1.2 Clarity and objectivity<\/p>\n<p dir=\"ltr\" data-placeholder=\"Tradu\u00e7\u00e3o\">1.3 Technical domain on the subject discussed<\/p>\n<p dir=\"ltr\" data-placeholder=\"Tradu\u00e7\u00e3o\">1.4 Sequential organization of the subject covered in the presentation<\/p>\n<p dir=\"ltr\" data-placeholder=\"Tradu\u00e7\u00e3o\">1.5 Ability to correctly use the audiovisual resource<\/p>\n<p dir=\"ltr\" data-placeholder=\"Tradu\u00e7\u00e3o\">1.6 Adequacy of presentation time<\/p>\n<p dir=\"ltr\" data-placeholder=\"Tradu\u00e7\u00e3o\">1.7 Critical analysis<\/p>\n<p dir=\"ltr\" data-placeholder=\"Tradu\u00e7\u00e3o\">2. Pre-presentation<\/p>\n<p dir=\"ltr\" data-placeholder=\"Tradu\u00e7\u00e3o\">3. Project presentation<\/p>\n","protected":false},"excerpt":{"rendered":"<p>N\u00edvel: Mestrado e Doutorado Obrigat\u00f3ria: N\u00e3o Carga Hor\u00e1ria: 34 horas Cr\u00e9ditos: 2 &nbsp; Ementa Preparation and oral presentation of a seminar related to Environmental Sciences in English. Provide opportunities for the use of the English language. Make use of the English of Medium of Instruction technique. +++++++++ Students to be able to prepare and present [&hellip;]<\/p>\n","protected":false},"author":707,"featured_media":0,"parent":0,"menu_order":0,"comment_status":"closed","ping_status":"closed","template":"","meta":{"footnotes":""},"class_list":["post-3488","page","type-page","status-publish","hentry"],"_links":{"self":[{"href":"https:\/\/wp.ufpel.edu.br\/ppgcamb\/wp-json\/wp\/v2\/pages\/3488","targetHints":{"allow":["GET"]}}],"collection":[{"href":"https:\/\/wp.ufpel.edu.br\/ppgcamb\/wp-json\/wp\/v2\/pages"}],"about":[{"href":"https:\/\/wp.ufpel.edu.br\/ppgcamb\/wp-json\/wp\/v2\/types\/page"}],"author":[{"embeddable":true,"href":"https:\/\/wp.ufpel.edu.br\/ppgcamb\/wp-json\/wp\/v2\/users\/707"}],"replies":[{"embeddable":true,"href":"https:\/\/wp.ufpel.edu.br\/ppgcamb\/wp-json\/wp\/v2\/comments?post=3488"}],"version-history":[{"count":6,"href":"https:\/\/wp.ufpel.edu.br\/ppgcamb\/wp-json\/wp\/v2\/pages\/3488\/revisions"}],"predecessor-version":[{"id":6033,"href":"https:\/\/wp.ufpel.edu.br\/ppgcamb\/wp-json\/wp\/v2\/pages\/3488\/revisions\/6033"}],"wp:attachment":[{"href":"https:\/\/wp.ufpel.edu.br\/ppgcamb\/wp-json\/wp\/v2\/media?parent=3488"}],"curies":[{"name":"wp","href":"https:\/\/api.w.org\/{rel}","templated":true}]}}