{"id":3433,"date":"2022-05-12T13:07:48","date_gmt":"2022-05-12T16:07:48","guid":{"rendered":"https:\/\/wp.ufpel.edu.br\/ppgcamb\/?page_id=3433"},"modified":"2022-05-14T18:35:30","modified_gmt":"2022-05-14T21:35:30","slug":"divulgacao","status":"publish","type":"page","link":"https:\/\/wp.ufpel.edu.br\/ppgcamb\/divulgacao\/","title":{"rendered":"Divulga\u00e7\u00e3o"},"content":{"rendered":"<p>Os v\u00eddeos abaixo s\u00e3o inseridos em redes sociais (Facebook, Youtube, Instagram, Kwai, Twiter e TikTok) para divulga\u00e7\u00e3o dos processos seletivos e cursos. Esses s\u00e3o disseminados diretamente pelas redes dos professores, alunos e tamb\u00e9m principalmente em:<\/p>\n<p><a href=\"https:\/\/www.instagram.com\/ppgcamb\/\">https:\/\/www.instagram.com\/ppgcamb\/<\/a>\u00a0 &#8211; Instagram do PPGCAmg<\/p>\n<p><a href=\"https:\/\/www.instagram.com\/cursodeinvernoppgcamb\/\">https:\/\/www.instagram.com\/cursodeinvernoppgcamb\/<\/a> &#8211; Instagram do Curso de Inverno<\/p>\n<p><a href=\"https:\/\/www.facebook.com\/groups\/291179437623771\">https:\/\/www.facebook.com\/groups\/291179437623771<\/a> &#8211; Facebook do Centro de Engenharias UFPEL<\/p>\n<p><a href=\"https:\/\/www.facebook.com\/groups\/ufpel\">https:\/\/www.facebook.com\/groups\/ufpel<\/a> &#8211;\u00a0Facebook da UFPEL<\/p>\n<p><a href=\"https:\/\/www.facebook.com\/groups\/efurg\">https:\/\/www.facebook.com\/groups\/efurg<\/a> &#8211; Facebook da FURG<\/p>\n<p><a href=\"https:\/\/twitter.com\/PPGCAmb\">https:\/\/twitter.com\/PPGCAmb<\/a> &#8211; Twitter do PPGCAmb<\/p>\n<p>&nbsp;<\/p>\n<p><a href=\"https:\/\/youtube.com\/shorts\/dHJW_luusrI\" target=\"_blank\" rel=\"noopener\"><img class=\"alignnone size-full wp-image-3463\" src=\"https:\/\/wp.ufpel.edu.br\/ppgcamb\/files\/2022\/05\/mq1-3.jpg\" alt=\"\" width=\"320\" height=\"180\" \/><\/a><\/p>\n<p>&nbsp;<\/p>\n<p><a href=\"https:\/\/youtu.be\/k_hAwz5tY5A\" target=\"_blank\" rel=\"noopener\"><img class=\"alignnone wp-image-3457\" src=\"https:\/\/wp.ufpel.edu.br\/ppgcamb\/files\/2022\/05\/Snapshot_9-400x225.png\" alt=\"\" width=\"320\" height=\"180\" srcset=\"https:\/\/wp.ufpel.edu.br\/ppgcamb\/files\/2022\/05\/Snapshot_9-400x225.png 400w, https:\/\/wp.ufpel.edu.br\/ppgcamb\/files\/2022\/05\/Snapshot_9-1024x576.png 1024w, https:\/\/wp.ufpel.edu.br\/ppgcamb\/files\/2022\/05\/Snapshot_9-768x432.png 768w, https:\/\/wp.ufpel.edu.br\/ppgcamb\/files\/2022\/05\/Snapshot_9-1536x864.png 1536w, https:\/\/wp.ufpel.edu.br\/ppgcamb\/files\/2022\/05\/Snapshot_9.png 1920w\" sizes=\"(max-width: 320px) 100vw, 320px\" \/><\/a><\/p>\n<p>&nbsp;<\/p>\n<p><a href=\"https:\/\/youtube.com\/shorts\/qboO_W9IMfM\"><img class=\"alignnone wp-image-3438\" title=\"https:\/\/youtube.com\/shorts\/qboO_W9IMfM\" src=\"https:\/\/wp.ufpel.edu.br\/ppgcamb\/files\/2022\/05\/Captura-de-tela-2022-05-12-131037-200x200.png\" alt=\"\" width=\"320\" height=\"231\" srcset=\"https:\/\/wp.ufpel.edu.br\/ppgcamb\/files\/2022\/05\/Captura-de-tela-2022-05-12-131037-400x289.png 400w, https:\/\/wp.ufpel.edu.br\/ppgcamb\/files\/2022\/05\/Captura-de-tela-2022-05-12-131037-1024x740.png 1024w, https:\/\/wp.ufpel.edu.br\/ppgcamb\/files\/2022\/05\/Captura-de-tela-2022-05-12-131037-768x555.png 768w, https:\/\/wp.ufpel.edu.br\/ppgcamb\/files\/2022\/05\/Captura-de-tela-2022-05-12-131037.png 1267w\" sizes=\"(max-width: 320px) 100vw, 320px\" \/><\/a><\/p>\n<p>&nbsp;<\/p>\n<p><a href=\"https:\/\/youtu.be\/9y3SBxZCihY\"><img class=\"alignnone wp-image-3439 size-full\" src=\"https:\/\/wp.ufpel.edu.br\/ppgcamb\/files\/2022\/05\/mq2.jpg\" alt=\"\" width=\"320\" height=\"180\" \/><\/a><\/p>\n<p>&nbsp;<\/p>\n<p><a href=\"https:\/\/youtu.be\/jaNNM1K7KFU\"><img class=\"alignnone wp-image-3441\" src=\"https:\/\/wp.ufpel.edu.br\/ppgcamb\/files\/2022\/05\/mq3.jpg\" alt=\"\" width=\"320\" height=\"180\" \/><\/a><\/p>\n<p>&nbsp;<\/p>\n<p><a href=\"https:\/\/youtu.be\/ikn9XnreHwo\"><img class=\"alignnone size-full wp-image-3442\" src=\"https:\/\/wp.ufpel.edu.br\/ppgcamb\/files\/2022\/05\/mq1.jpg\" alt=\"\" width=\"320\" height=\"180\" \/><\/a><\/p>\n<p>&nbsp;<\/p>\n<p><a href=\"https:\/\/youtu.be\/XWEK_ayGk4E\"><img class=\"alignnone size-full wp-image-3443\" src=\"https:\/\/wp.ufpel.edu.br\/ppgcamb\/files\/2022\/05\/mq2-2.jpg\" alt=\"\" width=\"320\" height=\"180\" \/><\/a><\/p>\n<p>&nbsp;<\/p>\n<p><a href=\"https:\/\/youtu.be\/9JEZR2qZd0E\"><img class=\"alignnone size-full wp-image-3445\" src=\"https:\/\/wp.ufpel.edu.br\/ppgcamb\/files\/2022\/05\/mq2-3.jpg\" alt=\"\" width=\"320\" height=\"180\" \/><\/a><\/p>\n<p>&nbsp;<\/p>\n<p><a href=\"https:\/\/youtu.be\/6xyvbDWok00\"><img class=\"alignnone wp-image-3446 size-full\" src=\"https:\/\/wp.ufpel.edu.br\/ppgcamb\/files\/2022\/05\/mq1-1.jpg\" alt=\"\" width=\"320\" height=\"180\" \/><\/a><\/p>\n<p>&nbsp;<\/p>\n<p><a href=\"https:\/\/youtu.be\/ilNnSY5xC50\"><img class=\"alignnone size-full wp-image-3450\" src=\"https:\/\/wp.ufpel.edu.br\/ppgcamb\/files\/2022\/05\/mq2-5.jpg\" alt=\"\" width=\"320\" height=\"180\" \/><\/a><\/p>\n<p>&nbsp;<\/p>\n<p><a href=\"https:\/\/youtu.be\/luTSFDvPoeo\"><img class=\"alignnone size-full wp-image-3449\" src=\"https:\/\/wp.ufpel.edu.br\/ppgcamb\/files\/2022\/05\/mq2-4.jpg\" alt=\"\" width=\"320\" height=\"180\" \/><\/a><\/p>\n<p>&nbsp;<\/p>\n<p><a href=\"https:\/\/youtu.be\/ZoMsxi-eUWU\"><img class=\"alignnone size-full wp-image-3451\" src=\"https:\/\/wp.ufpel.edu.br\/ppgcamb\/files\/2022\/05\/mq1-2.jpg\" alt=\"\" width=\"320\" height=\"180\" \/><\/a><\/p>\n<p>&nbsp;<\/p>\n<p><a href=\"https:\/\/youtu.be\/B-1nc8Jm9Cw\"><img class=\"alignnone size-full wp-image-3452\" src=\"https:\/\/wp.ufpel.edu.br\/ppgcamb\/files\/2022\/05\/mq2-1.jpg\" alt=\"\" width=\"320\" height=\"180\" \/><\/a><\/p>\n<p>&nbsp;<\/p>\n<p><a href=\"https:\/\/youtu.be\/32_rOj_Ns5I\"><img class=\"alignnone size-full wp-image-3453\" src=\"https:\/\/wp.ufpel.edu.br\/ppgcamb\/files\/2022\/05\/mq3-1.jpg\" alt=\"\" width=\"320\" height=\"180\" \/><\/a><\/p>\n<p>&nbsp;<\/p>\n<p>&nbsp;<\/p>\n","protected":false},"excerpt":{"rendered":"<p>Os v\u00eddeos abaixo s\u00e3o inseridos em redes sociais (Facebook, Youtube, Instagram, Kwai, Twiter e TikTok) para divulga\u00e7\u00e3o dos processos seletivos e cursos. Esses s\u00e3o disseminados diretamente pelas redes dos professores, alunos e tamb\u00e9m principalmente em: https:\/\/www.instagram.com\/ppgcamb\/\u00a0 &#8211; Instagram do PPGCAmg https:\/\/www.instagram.com\/cursodeinvernoppgcamb\/ &#8211; Instagram do Curso de Inverno https:\/\/www.facebook.com\/groups\/291179437623771 &#8211; Facebook do Centro de Engenharias UFPEL [&hellip;]<\/p>\n","protected":false},"author":707,"featured_media":0,"parent":0,"menu_order":0,"comment_status":"closed","ping_status":"closed","template":"","meta":{"footnotes":""},"class_list":["post-3433","page","type-page","status-publish","hentry"],"_links":{"self":[{"href":"https:\/\/wp.ufpel.edu.br\/ppgcamb\/wp-json\/wp\/v2\/pages\/3433","targetHints":{"allow":["GET"]}}],"collection":[{"href":"https:\/\/wp.ufpel.edu.br\/ppgcamb\/wp-json\/wp\/v2\/pages"}],"about":[{"href":"https:\/\/wp.ufpel.edu.br\/ppgcamb\/wp-json\/wp\/v2\/types\/page"}],"author":[{"embeddable":true,"href":"https:\/\/wp.ufpel.edu.br\/ppgcamb\/wp-json\/wp\/v2\/users\/707"}],"replies":[{"embeddable":true,"href":"https:\/\/wp.ufpel.edu.br\/ppgcamb\/wp-json\/wp\/v2\/comments?post=3433"}],"version-history":[{"count":10,"href":"https:\/\/wp.ufpel.edu.br\/ppgcamb\/wp-json\/wp\/v2\/pages\/3433\/revisions"}],"predecessor-version":[{"id":3468,"href":"https:\/\/wp.ufpel.edu.br\/ppgcamb\/wp-json\/wp\/v2\/pages\/3433\/revisions\/3468"}],"wp:attachment":[{"href":"https:\/\/wp.ufpel.edu.br\/ppgcamb\/wp-json\/wp\/v2\/media?parent=3433"}],"curies":[{"name":"wp","href":"https:\/\/api.w.org\/{rel}","templated":true}]}}