{"id":3255,"date":"2022-02-23T14:11:47","date_gmt":"2022-02-23T17:11:47","guid":{"rendered":"https:\/\/wp.ufpel.edu.br\/ppgcamb\/?page_id=3255"},"modified":"2022-03-17T19:39:32","modified_gmt":"2022-03-17T22:39:32","slug":"estagio-de-docencia-orientada","status":"publish","type":"page","link":"https:\/\/wp.ufpel.edu.br\/ppgcamb\/estagio-de-docencia-orientada\/","title":{"rendered":"Est\u00e1gio de Doc\u00eancia Orientada"},"content":{"rendered":"<p>O Est\u00e1gio de Doc\u00eancia Orientada tem por objetivo a prepara\u00e7\u00e3o de p\u00f3s-graduandos para a doc\u00eancia em n\u00edvel superior e a qualifica\u00e7\u00e3o do ensino de gradua\u00e7\u00e3o.<\/p>\n<p><a href=\"https:\/\/wp.ufpel.edu.br\/ppgcamb\/files\/2022\/02\/Resolucao-47-de-2017.pdf\">Resolu\u00e7\u00e3o-47-de-2017<\/a><\/p>\n<p><a href=\"https:\/\/wp.ufpel.edu.br\/ppgcamb\/files\/2018\/04\/Roteirobasico-para-Plano-de-Aula.doc\">Roteiro b\u00e1sico para Plano de Aula<\/a><\/p>\n<p><a href=\"https:\/\/wp.ufpel.edu.br\/ppgcamb\/files\/2018\/04\/relat%C3%B3rio-de-est%C3%A1gio-de-doc%C3%AAncia-orientada.doc\">Relat\u00f3rio de est\u00e1gio de doc\u00eancia orientada<\/a><\/p>\n<p><a href=\"https:\/\/wp.ufpel.edu.br\/ppgcamb\/files\/2018\/04\/modelo-estagio-de-docencia-orientada-1-1.doc\">Modelo est\u00e1gio de doc\u00eancia orientada<\/a><\/p>\n<p>&nbsp;<\/p>\n<p>Procedimentos:<\/p>\n<ol>\n<li>Aluno solicitar matr\u00edcula na disciplina<\/li>\n<li>Leia a resolu\u00e7\u00e3o RESOLU\u00c7\u00c3O N\u00ba 47, DE 21 DE DEZEMBRO DE 2017<\/li>\n<li>Docente abrir processo no SEI, nesse deve constar:\n<ol>\n<li>Despacho para Comiss\u00e3o de Bolsas do Programa de P\u00f3s-Gradua\u00e7\u00e3o<\/li>\n<li>Despacho para Coordena\u00e7\u00e3o do Curso de Gradua\u00e7\u00e3o solicitando ci\u00eancia<\/li>\n<li>Plano de Ensino da disciplina com a inser\u00e7\u00e3o do estagi\u00e1rio de doc\u00eancia discriminando no cronograma (data, assunto)<\/li>\n<li><span id=\"span301029\" class=\"\" title=\"P\u00f3s-Gradua\u00e7\u00e3o: Est\u00e1gios n\u00e3o Obrigat\u00f3rios - Lato\/Stricto Sensu\">Exemplos no SEI:\u00a0 <a id=\"anchor1124555\" href=\"https:\/\/sei.ufpel.edu.br\/sei\/controlador.php?acao=arvore_visualizar&amp;acao_origem=procedimento_visualizar&amp;id_procedimento=1124555&amp;infra_sistema=100000100&amp;infra_unidade_atual=110000638&amp;infra_hash=b6e967d40403fbb501975ab56b069a050ec9cbc79f03b4db2150c0ae8933c9aa\" target=\"ifrVisualizacao\" rel=\"noopener\"><span id=\"span1124555\" class=\"infraArvoreNoSelecionado\" title=\"P\u00f3s-Gradua\u00e7\u00e3o: Est\u00e1gios n\u00e3o Obrigat\u00f3rios - Lato\/Stricto Sensu\">23110.016368\/2020-08\u00a0<\/span><\/a><img src=\"https:\/\/sei.ufpel.edu.br\/infra_css\/imagens\/espaco.gif\" \/>, <a id=\"anchor310683\" href=\"https:\/\/sei.ufpel.edu.br\/sei\/controlador.php?acao=arvore_visualizar&amp;acao_origem=procedimento_visualizar&amp;id_procedimento=310683&amp;infra_sistema=100000100&amp;infra_unidade_atual=110000638&amp;infra_hash=f456f4c0814beaeafa0f42989bd9f60fd44b8b429073ddaa986762282e9029a9\" target=\"ifrVisualizacao\" rel=\"noopener\"><span id=\"span310683\" class=\"infraArvoreNoSelecionado\" title=\"P\u00f3s-Gradua\u00e7\u00e3o: Est\u00e1gios n\u00e3o Obrigat\u00f3rios - Lato\/Stricto Sensu\">23110.041391\/2018-16<\/span><\/a>, <\/span><a id=\"anchor1560520\" href=\"https:\/\/sei.ufpel.edu.br\/sei\/controlador.php?acao=arvore_visualizar&amp;acao_origem=procedimento_visualizar&amp;id_procedimento=1560520&amp;infra_sistema=100000100&amp;infra_unidade_atual=110000638&amp;infra_hash=eea0b244154a626824fe0d631358d39a2a2ddabcf7c6747378d01f3881b7ca86\" target=\"ifrVisualizacao\" rel=\"noopener\"><span id=\"span1560520\" class=\"infraArvoreNoSelecionado\" title=\"P\u00f3s-Gradua\u00e7\u00e3o: Est\u00e1gios n\u00e3o Obrigat\u00f3rios - Lato\/Stricto Sensu\">23110.023110\/2021-31\u00a0<\/span><\/a><img src=\"https:\/\/sei.ufpel.edu.br\/infra_css\/imagens\/espaco.gif\" \/>, <a id=\"anchor301029\" href=\"https:\/\/sei.ufpel.edu.br\/sei\/controlador.php?acao=arvore_visualizar&amp;acao_origem=procedimento_visualizar&amp;id_procedimento=301029&amp;infra_sistema=100000100&amp;infra_unidade_atual=110000638&amp;infra_hash=dea774c771a8bd4d87daab8b5c313dc4f896dfb9cd3844d43f6cccf5190ff4cb\" target=\"ifrVisualizacao\" rel=\"noopener\"><span id=\"span301029\" class=\"\" title=\"P\u00f3s-Gradua\u00e7\u00e3o: Est\u00e1gios n\u00e3o Obrigat\u00f3rios - Lato\/Stricto Sensu\">23110.040061\/2018-03 <\/span><\/a><img src=\"https:\/\/sei.ufpel.edu.br\/infra_css\/imagens\/espaco.gif\" \/><\/li>\n<li>Guarde o n\u00famero de seu processo, no final do semestre vc deve inserir o Relat\u00f3rio de Doc\u00eancia do seu aluno corrigido no processo.<\/li>\n<\/ol>\n<\/li>\n<\/ol>\n","protected":false},"excerpt":{"rendered":"<p>O Est\u00e1gio de Doc\u00eancia Orientada tem por objetivo a prepara\u00e7\u00e3o de p\u00f3s-graduandos para a doc\u00eancia em n\u00edvel superior e a qualifica\u00e7\u00e3o do ensino de gradua\u00e7\u00e3o. Resolu\u00e7\u00e3o-47-de-2017 Roteiro b\u00e1sico para Plano de Aula Relat\u00f3rio de est\u00e1gio de doc\u00eancia orientada Modelo est\u00e1gio de doc\u00eancia orientada &nbsp; Procedimentos: Aluno solicitar matr\u00edcula na disciplina Leia a resolu\u00e7\u00e3o RESOLU\u00c7\u00c3O N\u00ba [&hellip;]<\/p>\n","protected":false},"author":707,"featured_media":0,"parent":0,"menu_order":0,"comment_status":"closed","ping_status":"closed","template":"","meta":{"footnotes":""},"class_list":["post-3255","page","type-page","status-publish","hentry"],"_links":{"self":[{"href":"https:\/\/wp.ufpel.edu.br\/ppgcamb\/wp-json\/wp\/v2\/pages\/3255","targetHints":{"allow":["GET"]}}],"collection":[{"href":"https:\/\/wp.ufpel.edu.br\/ppgcamb\/wp-json\/wp\/v2\/pages"}],"about":[{"href":"https:\/\/wp.ufpel.edu.br\/ppgcamb\/wp-json\/wp\/v2\/types\/page"}],"author":[{"embeddable":true,"href":"https:\/\/wp.ufpel.edu.br\/ppgcamb\/wp-json\/wp\/v2\/users\/707"}],"replies":[{"embeddable":true,"href":"https:\/\/wp.ufpel.edu.br\/ppgcamb\/wp-json\/wp\/v2\/comments?post=3255"}],"version-history":[{"count":9,"href":"https:\/\/wp.ufpel.edu.br\/ppgcamb\/wp-json\/wp\/v2\/pages\/3255\/revisions"}],"predecessor-version":[{"id":3307,"href":"https:\/\/wp.ufpel.edu.br\/ppgcamb\/wp-json\/wp\/v2\/pages\/3255\/revisions\/3307"}],"wp:attachment":[{"href":"https:\/\/wp.ufpel.edu.br\/ppgcamb\/wp-json\/wp\/v2\/media?parent=3255"}],"curies":[{"name":"wp","href":"https:\/\/api.w.org\/{rel}","templated":true}]}}