{"id":3211,"date":"2022-02-10T19:28:19","date_gmt":"2022-02-10T22:28:19","guid":{"rendered":"https:\/\/wp.ufpel.edu.br\/ppgcamb\/?page_id=3211"},"modified":"2022-02-21T20:01:55","modified_gmt":"2022-02-21T23:01:55","slug":"aluno-externo-e-especial","status":"publish","type":"page","link":"https:\/\/wp.ufpel.edu.br\/ppgcamb\/aluno-externo-e-especial\/","title":{"rendered":"Aluno Externo e Especial"},"content":{"rendered":"<p style=\"text-align: justify\"><strong>Estudantes da UFPel, formalmente matriculados em outro Programa de P\u00f3s-Gradua\u00e7\u00e3o, interessados em cursar at\u00e9 2 (duas) disciplina(s) do PPGCamb -&gt;<\/strong>\u00a0Contatar o professor respons\u00e1vel pela disciplina via e-mail, e havendo a confirma\u00e7\u00e3o de disponibilidade de vaga, enviar solicita\u00e7\u00e3o ao PPGCamb via e-mail (ppgcamb@gmail.com), no formato de Carta de Inten\u00e7\u00f5es, no prazo de 09\/03\/22 a 11\/03\/22, indicando justificativa de import\u00e2ncia para seu Projeto de Pesquisa e autoriza\u00e7\u00e3o por meio da assinatura do(a) coordenador(a) do Programa de P\u00f3s-Gradua\u00e7\u00e3o do qual faz parte. T\u00e3o logo as solicita\u00e7\u00f5es sejam avaliadas em colegiado, em caso positivo, ser\u00e1 disponibilizada a vaga na referida disciplina, para posterior matr\u00edcula a cargo do Programa do qual o estudante faz parte.<\/p>\n<p style=\"text-align: justify\"><strong>Estudantes externos, formalmente matriculados em Programas de P\u00f3s-Gradua\u00e7\u00e3o de outras Institui\u00e7\u00f5es, interessados em cursar at\u00e9 2 (duas) disciplina(s) do PPGCamb -&gt;\u00a0<\/strong>Contatar o professor respons\u00e1vel pela disciplina via e-mail, e havendo a confirma\u00e7\u00e3o de disponibilidade de vaga, enviar solicita\u00e7\u00e3o ao PPGCamb via e-mail (ppgcamb@gmail.com), no formato de Carta de Inten\u00e7\u00f5es, no prazo de 09\/03\/22 a 11\/03\/22, indicando justificativa de import\u00e2ncia para seu Projeto de Pesquisa e autoriza\u00e7\u00e3o por meio da assinatura do(a) coordenador(a) do Programa de P\u00f3s-Gradua\u00e7\u00e3o do qual faz parte. T\u00e3o logo as solicita\u00e7\u00f5es sejam avaliadas em colegiado, em caso positivo,\u00a0 documentos comprobat\u00f3rios e de identifica\u00e7\u00e3o ser\u00e3o solicitados para a matr\u00edcula.<\/p>\n<p><a href=\"https:\/\/wp.ufpel.edu.br\/ppgcamb\/files\/2022\/02\/Resolucao-no-19-2021-do-COCEPE-dispoe-sobre-aluno-especial.pdf\">Resolu\u00e7\u00e3o n\u00ba 19-2021 do COCEPE <\/a><\/p>\n","protected":false},"excerpt":{"rendered":"<p>Estudantes da UFPel, formalmente matriculados em outro Programa de P\u00f3s-Gradua\u00e7\u00e3o, interessados em cursar at\u00e9 2 (duas) disciplina(s) do PPGCamb -&gt;\u00a0Contatar o professor respons\u00e1vel pela disciplina via e-mail, e havendo a confirma\u00e7\u00e3o de disponibilidade de vaga, enviar solicita\u00e7\u00e3o ao PPGCamb via e-mail (ppgcamb@gmail.com), no formato de Carta de Inten\u00e7\u00f5es, no prazo de 09\/03\/22 a 11\/03\/22, indicando [&hellip;]<\/p>\n","protected":false},"author":707,"featured_media":0,"parent":0,"menu_order":0,"comment_status":"closed","ping_status":"closed","template":"","meta":{"footnotes":""},"class_list":["post-3211","page","type-page","status-publish","hentry"],"_links":{"self":[{"href":"https:\/\/wp.ufpel.edu.br\/ppgcamb\/wp-json\/wp\/v2\/pages\/3211","targetHints":{"allow":["GET"]}}],"collection":[{"href":"https:\/\/wp.ufpel.edu.br\/ppgcamb\/wp-json\/wp\/v2\/pages"}],"about":[{"href":"https:\/\/wp.ufpel.edu.br\/ppgcamb\/wp-json\/wp\/v2\/types\/page"}],"author":[{"embeddable":true,"href":"https:\/\/wp.ufpel.edu.br\/ppgcamb\/wp-json\/wp\/v2\/users\/707"}],"replies":[{"embeddable":true,"href":"https:\/\/wp.ufpel.edu.br\/ppgcamb\/wp-json\/wp\/v2\/comments?post=3211"}],"version-history":[{"count":3,"href":"https:\/\/wp.ufpel.edu.br\/ppgcamb\/wp-json\/wp\/v2\/pages\/3211\/revisions"}],"predecessor-version":[{"id":3246,"href":"https:\/\/wp.ufpel.edu.br\/ppgcamb\/wp-json\/wp\/v2\/pages\/3211\/revisions\/3246"}],"wp:attachment":[{"href":"https:\/\/wp.ufpel.edu.br\/ppgcamb\/wp-json\/wp\/v2\/media?parent=3211"}],"curies":[{"name":"wp","href":"https:\/\/api.w.org\/{rel}","templated":true}]}}