{"id":3114,"date":"2021-12-03T17:19:48","date_gmt":"2021-12-03T20:19:48","guid":{"rendered":"https:\/\/wp.ufpel.edu.br\/ppgcamb\/?page_id=3114"},"modified":"2024-11-22T16:09:17","modified_gmt":"2024-11-22T19:09:17","slug":"2022-2","status":"publish","type":"page","link":"https:\/\/wp.ufpel.edu.br\/ppgcamb\/2022-2\/","title":{"rendered":"2022"},"content":{"rendered":"<h1>PROCESSO SELETIVO SIMPLIFICADO PARA PROFESSOR VISITANTE<\/h1>\n<p>O Programa de P\u00f3s-Gradua\u00e7\u00e3o em Ci\u00eancias Ambientais (Mestrado) torna p\u00fablico o processo de sele\u00e7\u00e3o de Professor<br \/>\nVisitante (Nacional ou Estrangeiro)<\/p>\n<p><a href=\"https:\/\/wp.ufpel.edu.br\/ppgcamb\/files\/2022\/09\/SEI_UFPel-1817045-Edital-de-selecao-PRPPG.pdf\">Edital de sele\u00e7\u00e3o PRPPG<\/a><\/p>\n<p><a href=\"https:\/\/wp.ufpel.edu.br\/ppgcamb\/files\/2022\/09\/ANEXO_I.pdf\">ANEXO_I<\/a><\/p>\n<p><a href=\"https:\/\/wp.ufpel.edu.br\/ppgcamb\/files\/2022\/09\/ANEXO_II.pdf\">ANEXO_II<\/a><\/p>\n<p><a href=\"https:\/\/wp.ufpel.edu.br\/ppgcamb\/files\/2022\/10\/PPGCAmb-HOMOLOGACAO-DO-PROCESSO-SELETIVO-SIMPLIFICADO-PARA-PROFESSOR-VISITANTE.pdf\">RESULTADO FINAL &#8211; EDITAL N\u00ba 159\/2022<\/a><\/p>\n<h1><\/h1>\n<h1 class=\"corTexto\">EDITAL DE ALUNO ESPECIAL 2022\/2<\/h1>\n<p>O Programa de P\u00f3s-Gradua\u00e7\u00e3o em Ci\u00eancias Ambientais (Mestrado) torna p\u00fablico o processo de sele\u00e7\u00e3o de candidatos interessados em cursar disciplinas obrigat\u00f3rias e\/ou optativas como aluno especial. Fique atento as datas! Inscri\u00e7\u00f5es 01 a 02 de agosto de 2022.<\/p>\n<p><a href=\"https:\/\/wp.ufpel.edu.br\/ppgcamb\/files\/2022\/07\/SEI_UFPel-1776641-Edital-de-selecao-PRPPG.pdf\">Edital de sele\u00e7\u00e3o PRPPG &#8211; ALUNO ESPECIAL<\/a><\/p>\n<p><a href=\"https:\/\/wp.ufpel.edu.br\/ppgcamb\/files\/2022\/08\/MAtricula-alunos-especiais.pdf\" target=\"_blank\" rel=\"noopener\">Matr\u00edculas homologadas<\/a><\/p>\n<h1 class=\"corTexto\">EDITAL DE ALUNO REGULAR 2022\/2<\/h1>\n<p>A Universidade Federal de Pelotas torna p\u00fablica a\u00a0<b>sele\u00e7\u00e3o<\/b>\u00a0para ingresso como\u00a0<strong>aluno regular<\/strong>\u00a0no curso\u00a0<b>de<\/b>\u00a0<b>Mestrado Stricto sensu em Ci\u00eancias Ambientais para o primeiro semestre de 2022.\u00a0<\/b>Acesse o edital para maiores informa\u00e7\u00f5es.<\/p>\n<p><a href=\"https:\/\/wp.ufpel.edu.br\/ppgcamb\/files\/2022\/05\/Edital-Regular-2022_2.html\">Edital de sele\u00e7\u00e3o \u2013 aluno regular 2022\/2 <\/a> \u00a0 <a href=\"https:\/\/wp.ufpel.edu.br\/ppgcamb\/files\/2022\/05\/Edital-Regular-2022_2.pdf\" target=\"_blank\" rel=\"noopener\">PDF<\/a><\/p>\n<p><a href=\"https:\/\/wp.ufpel.edu.br\/ppgcamb\/files\/2019\/05\/formul%C3%A1rio-de-inscri%C3%A7%C3%A3o-processo-seletivo.pdf\">Formul\u00e1rio de inscri\u00e7\u00e3o \u2013 Anexo 1 \u2013 Processo Seletivo<\/a><\/p>\n<p><a href=\"https:\/\/wp.ufpel.edu.br\/ppgcamb\/files\/2021\/11\/Projeto-de-Mestrado1.doc\">Modelo de Projeto de Mestrado \u2013 Processo Seletivo<\/a><\/p>\n<p>Prova de t\u00edtulos \u2013 Anexo 2 \u2013 Processo Seletivo\u00a0<a href=\"https:\/\/wp.ufpel.edu.br\/ppgcamb\/files\/2022\/02\/Prova-de-titulos-2022_2.xlsx\">.xlsx<\/a>\u00a0<a href=\"https:\/\/wp.ufpel.edu.br\/ppgcamb\/files\/2022\/02\/Prova-de-titulos-2022_2.pdf\">.PDF<\/a><\/p>\n<p><a href=\"https:\/\/wp.ufpel.edu.br\/ppgcamb\/files\/2021\/05\/Documento_1307994_Autodeclaracao_de_Identidade_de_Genero.pdf\">Autodeclara\u00e7\u00e3o de Identidade de G\u00eanero \u2013 Processo Seletivo<\/a><\/p>\n<p><a href=\"https:\/\/wp.ufpel.edu.br\/ppgcamb\/files\/2022\/06\/HOMOLOGACAO-DAS-INSCRICOES-aluno-regular-2022-2.pdf\">Homologa\u00e7\u00e3o das Inscri\u00e7\u00f5es<\/a><\/p>\n<p><a href=\"https:\/\/wp.ufpel.edu.br\/ppgcamb\/files\/2022\/07\/Horario-de-defesa-de-ANTEPROJETO.pdf\">Hor\u00e1rio de defesa de ANTEPROJETO<\/a><\/p>\n<p><a href=\"https:\/\/wp.ufpel.edu.br\/ppgcamb\/files\/2022\/07\/Resultado-Final-2022-2.pdf\">Resultado Final &#8211; 2022-2<\/a><\/p>\n<p>&nbsp;<\/p>\n<h1 class=\"corTexto\">EDITAL PARA SELE\u00c7\u00c3O E CONCESS\u00c3O DE BOLSAS 2022\/1<\/h1>\n<p>O Programa de P\u00f3s-Gradua\u00e7\u00e3o em Ci\u00eancias Ambientais (PPGCAmb) abre inscri\u00e7\u00f5es e determina procedimentos para sele\u00e7\u00e3o e concess\u00e3o de\u00a0<b>Bolsas<\/b>\u00a0para o primeiro semestre de 2021 na modalidade ampla concorr\u00eancia.<\/p>\n<p><a href=\"https:\/\/wp.ufpel.edu.br\/ppgcamb\/files\/2022\/02\/Edital-BOLSA-PPGCAmb-2022-2.pdf\" target=\"_blank\" rel=\"noopener\">Edital \u2013 BOLSA PPGCAmb 2022\/1<\/a><\/p>\n<p><a href=\"https:\/\/wp.ufpel.edu.br\/ppgcamb\/files\/2022\/02\/Prova-de-titulos-Edital-Bolsas-1.pdf\">Tabela de pontua\u00e7\u00e3o \u2013 Prova de t\u00edtulos<\/a><\/p>\n<p>Ao candidato a bolsa \u00e9 importante estar ciente das\u00a0<a href=\"https:\/\/wp.ufpel.edu.br\/ppgcamb\/normas-para-a-concessao-e-manutencao-de-bolsa\/\">NORMAS PARA CONCESS\u00c3O E MANUTEN\u00c7\u00c3O DE BOLSA<\/a><\/p>\n<p><a href=\"https:\/\/wp.ufpel.edu.br\/ppgcamb\/files\/2022\/02\/Homologacao-Inscricoes.pdf\">Homologa\u00e7\u00e3o &#8211; Inscri\u00e7\u00f5es<\/a><\/p>\n<p><a href=\"https:\/\/wp.ufpel.edu.br\/ppgcamb\/files\/2022\/02\/RESULTADO-FINAL-1.pdf\">Resultado Final &#8211; Classifica\u00e7\u00e3o<\/a><\/p>\n<p>&nbsp;<\/p>\n<h1 class=\"corTexto\">EDITAL DE ALUNO ESPECIAL 2022\/1<\/h1>\n<p style=\"text-align: justify;\">O Programa de P\u00f3s-Gradua\u00e7\u00e3o em Ci\u00eancias Ambientais (Mestrado) torna p\u00fablico o processo de sele\u00e7\u00e3o de candidatos interessados em cursar disciplinas obrigat\u00f3rias e\/ou optativas como aluno especial.<\/p>\n<p><a href=\"https:\/\/wp.ufpel.edu.br\/ppgcamb\/files\/2022\/02\/SEI_UFPel-1576049-Edital-de-selecao-PRPPGI.pdf\" target=\"_blank\" rel=\"noopener\">Edital de sele\u00e7\u00e3o &#8211; aluno especial 2022\/1<\/a><\/p>\n<p><a href=\"https:\/\/wp.ufpel.edu.br\/ppgcamb\/files\/2022\/02\/formulario_de_inscricao_processo_seletivo__2_.pdf\" target=\"_blank\" rel=\"noopener\">Formul\u00e1rio de inscri\u00e7\u00e3o &#8211; Anexo 1 &#8211; processo seletivo <\/a><\/p>\n<p>&nbsp;<\/p>\n<h1 class=\"corTexto\">EDITAL DE ALUNO REGULAR 2022\/1<\/h1>\n<p style=\"text-align: justify;\">A Universidade Federal de Pelotas torna p\u00fablica a\u00a0<b>sele\u00e7\u00e3o<\/b>\u00a0para ingresso como\u00a0<strong>aluno regular<\/strong>\u00a0no curso\u00a0<b>de<\/b>\u00a0<b>Mestrado Stricto sensu em Ci\u00eancias Ambientais para o primeiro semestre de 2022.\u00a0<\/b>Acesse o edital para maiores informa\u00e7\u00f5es.<\/p>\n<p><a href=\"https:\/\/wp.ufpel.edu.br\/ppgcamb\/files\/2021\/12\/SEI_UFPel-1522304-Edital-de-selecao-PRPPGI.pdf\">Edital de sele\u00e7\u00e3o \u2013 aluno regular 2022\/1<\/a><\/p>\n<p><a href=\"https:\/\/wp.ufpel.edu.br\/ppgcamb\/files\/2019\/05\/formul%C3%A1rio-de-inscri%C3%A7%C3%A3o-processo-seletivo.pdf\">Formul\u00e1rio de inscri\u00e7\u00e3o &#8211; Anexo 1 &#8211; Processo Seletivo<\/a><\/p>\n<p><a href=\"https:\/\/wp.ufpel.edu.br\/ppgcamb\/files\/2021\/11\/Projeto-de-Mestrado1.doc\">Modelo de Projeto de Mestrado &#8211; Processo Seletivo<\/a><\/p>\n<p>Prova de t\u00edtulos \u2013 Anexo 2 \u2013 Processo Seletivo\u00a0<a href=\"https:\/\/wp.ufpel.edu.br\/ppgcamb\/files\/2022\/02\/Prova-de-titulos-2022_2.xlsx\">.xlsx<\/a>\u00a0<a href=\"https:\/\/wp.ufpel.edu.br\/ppgcamb\/files\/2022\/02\/Prova-de-titulos-2022_2.pdf\">.PDF<\/a><\/p>\n<p><a href=\"https:\/\/wp.ufpel.edu.br\/ppgcamb\/files\/2021\/05\/Documento_1307994_Autodeclaracao_de_Identidade_de_Genero.pdf\">Autodeclara\u00e7\u00e3o de Identidade de G\u00eanero &#8211; Processo Seletivo<\/a><\/p>\n<p><a href=\"https:\/\/wp.ufpel.edu.br\/ppgcamb\/files\/2022\/02\/homologacao-das-inscricoes-edital-regular-2022-1.pdf\">Homologa\u00e7\u00e3o das inscri\u00e7\u00f5es edital regular 2022-1<\/a><\/p>\n<ul>\n<li>Recurso da inscri\u00e7\u00e3o do candidato Ederson Fiss Weber deferido.<\/li>\n<\/ul>\n<div>Prezado candidatos a sala virtual\/link onde ocorrer\u00e1 o sorteio da ordem de defesa anteprojeto (amanh\u00e3 (17\/02\/22) \u00e0s 17 h) e as defesas de anteprojeto (dia 21\/02 a partir das 13:30 h):<\/div>\n<div>Sala:\u00a0Defesa do Anteprojeto &#8211; Sele\u00e7\u00e3o de Aluno Regular PPGCAmb 1\u00ba\/2022<\/div>\n<div>Link:\u00a0<a id=\"m_2915261524963988054m_3776951558981503946LPlnkOWALinkPreview\" href=\"https:\/\/webconf.ufpel.edu.br\/b\/fer-kw7-utt-tjq\" target=\"_blank\" rel=\"noopener\" data-saferedirecturl=\"https:\/\/www.google.com\/url?q=https:\/\/webconf.ufpel.edu.br\/b\/fer-kw7-utt-tjq&amp;source=gmail&amp;ust=1645124547816000&amp;usg=AOvVaw2IfwD2ZuDNde_SecXTY_vZ\">https:\/\/webconf.ufpel.edu.br\/b\/fer-kw7-utt-tjq<\/a><\/div>\n<div><a href=\"https:\/\/wp.ufpel.edu.br\/ppgcamb\/files\/2022\/02\/ordem-candidato.docx\">ORDEM DE DEFESAS DE ANTEPROJETO<\/a><\/div>\n<div><a href=\"https:\/\/wp.ufpel.edu.br\/ppgcamb\/files\/2022\/02\/Resultado-Final.pdf\">Resultado Final<\/a><\/div>\n<div>Os candidatos poder\u00e3o ter individualmente acesso \u00e0s notas obtidas nas duas fases na Secretaria do Programa (ppgcamb@gmail.com).<\/div>\n","protected":false},"excerpt":{"rendered":"<p>PROCESSO SELETIVO SIMPLIFICADO PARA PROFESSOR VISITANTE O Programa de P\u00f3s-Gradua\u00e7\u00e3o em Ci\u00eancias Ambientais (Mestrado) torna p\u00fablico o processo de sele\u00e7\u00e3o de Professor Visitante (Nacional ou Estrangeiro) Edital de sele\u00e7\u00e3o PRPPG ANEXO_I ANEXO_II RESULTADO FINAL &#8211; EDITAL N\u00ba 159\/2022 EDITAL DE ALUNO ESPECIAL 2022\/2 O Programa de P\u00f3s-Gradua\u00e7\u00e3o em Ci\u00eancias Ambientais (Mestrado) torna p\u00fablico o processo [&hellip;]<\/p>\n","protected":false},"author":707,"featured_media":0,"parent":0,"menu_order":0,"comment_status":"closed","ping_status":"closed","template":"","meta":{"footnotes":""},"class_list":["post-3114","page","type-page","status-publish","hentry"],"_links":{"self":[{"href":"https:\/\/wp.ufpel.edu.br\/ppgcamb\/wp-json\/wp\/v2\/pages\/3114","targetHints":{"allow":["GET"]}}],"collection":[{"href":"https:\/\/wp.ufpel.edu.br\/ppgcamb\/wp-json\/wp\/v2\/pages"}],"about":[{"href":"https:\/\/wp.ufpel.edu.br\/ppgcamb\/wp-json\/wp\/v2\/types\/page"}],"author":[{"embeddable":true,"href":"https:\/\/wp.ufpel.edu.br\/ppgcamb\/wp-json\/wp\/v2\/users\/707"}],"replies":[{"embeddable":true,"href":"https:\/\/wp.ufpel.edu.br\/ppgcamb\/wp-json\/wp\/v2\/comments?post=3114"}],"version-history":[{"count":31,"href":"https:\/\/wp.ufpel.edu.br\/ppgcamb\/wp-json\/wp\/v2\/pages\/3114\/revisions"}],"predecessor-version":[{"id":5652,"href":"https:\/\/wp.ufpel.edu.br\/ppgcamb\/wp-json\/wp\/v2\/pages\/3114\/revisions\/5652"}],"wp:attachment":[{"href":"https:\/\/wp.ufpel.edu.br\/ppgcamb\/wp-json\/wp\/v2\/media?parent=3114"}],"curies":[{"name":"wp","href":"https:\/\/api.w.org\/{rel}","templated":true}]}}