{"id":3080,"date":"2021-11-24T18:22:36","date_gmt":"2021-11-24T21:22:36","guid":{"rendered":"https:\/\/wp.ufpel.edu.br\/ppgcamb\/?page_id=3080"},"modified":"2025-09-09T12:22:44","modified_gmt":"2025-09-09T15:22:44","slug":"bolsista","status":"publish","type":"page","link":"https:\/\/wp.ufpel.edu.br\/ppgcamb\/bolsista\/","title":{"rendered":"Bolsista"},"content":{"rendered":"<p>Os bolsistas do Programa devem se atentar as normas internas do programa e tamb\u00e9m da sua ag\u00eancia de fomento.<\/p>\n<p>Lembramos que a cess\u00e3o das bolsas s\u00e3o anuais, n\u00e3o esque\u00e7a de participar da sele\u00e7\u00f5es!<\/p>\n<p><a href=\"https:\/\/wp.ufpel.edu.br\/ppgcamb\/files\/2025\/09\/Regimento_PPGCAmb_2025.pdf\">Regimento NOVO 2025<\/a><\/p>\n<p><a href=\"https:\/\/wp.ufpel.edu.br\/ppgcamb\/files\/2019\/11\/Regimento-bolsista.pdf\">Regimento para Bolsistas<\/a><\/p>\n<p><a href=\"https:\/\/wp.ufpel.edu.br\/ppgcamb\/files\/2021\/11\/Modelo-de-Relatorio-de-atividades-Bolsistas-1.docx\">Relat\u00f3rio Semestral para Bolsistas<\/a><\/p>\n","protected":false},"excerpt":{"rendered":"<p>Os bolsistas do Programa devem se atentar as normas internas do programa e tamb\u00e9m da sua ag\u00eancia de fomento. Lembramos que a cess\u00e3o das bolsas s\u00e3o anuais, n\u00e3o esque\u00e7a de participar da sele\u00e7\u00f5es! Regimento NOVO 2025 Regimento para Bolsistas Relat\u00f3rio Semestral para Bolsistas<\/p>\n","protected":false},"author":707,"featured_media":0,"parent":0,"menu_order":0,"comment_status":"closed","ping_status":"closed","template":"","meta":{"footnotes":""},"class_list":["post-3080","page","type-page","status-publish","hentry"],"_links":{"self":[{"href":"https:\/\/wp.ufpel.edu.br\/ppgcamb\/wp-json\/wp\/v2\/pages\/3080","targetHints":{"allow":["GET"]}}],"collection":[{"href":"https:\/\/wp.ufpel.edu.br\/ppgcamb\/wp-json\/wp\/v2\/pages"}],"about":[{"href":"https:\/\/wp.ufpel.edu.br\/ppgcamb\/wp-json\/wp\/v2\/types\/page"}],"author":[{"embeddable":true,"href":"https:\/\/wp.ufpel.edu.br\/ppgcamb\/wp-json\/wp\/v2\/users\/707"}],"replies":[{"embeddable":true,"href":"https:\/\/wp.ufpel.edu.br\/ppgcamb\/wp-json\/wp\/v2\/comments?post=3080"}],"version-history":[{"count":3,"href":"https:\/\/wp.ufpel.edu.br\/ppgcamb\/wp-json\/wp\/v2\/pages\/3080\/revisions"}],"predecessor-version":[{"id":6365,"href":"https:\/\/wp.ufpel.edu.br\/ppgcamb\/wp-json\/wp\/v2\/pages\/3080\/revisions\/6365"}],"wp:attachment":[{"href":"https:\/\/wp.ufpel.edu.br\/ppgcamb\/wp-json\/wp\/v2\/media?parent=3080"}],"curies":[{"name":"wp","href":"https:\/\/api.w.org\/{rel}","templated":true}]}}