{"id":30,"date":"2016-10-31T16:25:05","date_gmt":"2016-10-31T18:25:05","guid":{"rendered":"https:\/\/wp.ufpel.edu.br\/ppgcamb\/?page_id=30"},"modified":"2025-04-15T14:24:52","modified_gmt":"2025-04-15T17:24:52","slug":"optativas","status":"publish","type":"page","link":"https:\/\/wp.ufpel.edu.br\/ppgcamb\/disciplinas\/optativas\/","title":{"rendered":"Optativas"},"content":{"rendered":"<ul>\n<li><a href=\"https:\/\/wp.ufpel.edu.br\/ppgcamb\/disciplinas\/obrigatorias\/avaliacao-de-impactos-ambientais\/\" target=\"_blank\" rel=\"noopener\">Avalia\u00e7\u00e3o de impactos ambientais (AIA)<\/a><\/li>\n<li><a href=\"https:\/\/wp.ufpel.edu.br\/ppgcamb\/disciplinas\/optativas\/educacao-ambiental-sustentavel\/\">Educa\u00e7\u00e3o Ambiental<\/a><\/li>\n<li><a href=\"https:\/\/wp.ufpel.edu.br\/ppgcamb\/enviromental-science-seminar-emi\/\">Enviromental Science Seminar \u2013 EMI<\/a><\/li>\n<li><a href=\"https:\/\/wp.ufpel.edu.br\/ppgcamb\/disciplinas\/optativas\/gerenciamento-e-tratamento-de-residuos-solidos\/\">Gerenciamento e Tratamento de Res\u00edduos S\u00f3lidos<\/a><\/li>\n<li><a href=\"https:\/\/wp.ufpel.edu.br\/ppgcamb\/disciplinas\/optativas\/mapeamento-ambiental-para-identificacao-e-recuperacao-de-areas-degradadas\/\" target=\"_blank\" rel=\"noopener\">Mapeamento Ambiental <\/a><\/li>\n<li><a href=\"https:\/\/wp.ufpel.edu.br\/ppgcamb\/disciplinas\/optativas\/quimica-ambiental\/\">Qu\u00edmica Ambiental<\/a><\/li>\n<li><a href=\"https:\/\/wp.ufpel.edu.br\/ppgcamb\/disciplinas\/optativas\/recuperacao-de-areas-degradadas\/\">Recupera\u00e7\u00e3o de \u00c1reas Degradadas<\/a><\/li>\n<li><a href=\"https:\/\/wp.ufpel.edu.br\/ppgcamb\/disciplinas\/optativas\/toxicologia-aplicada-para-ciencias-ambientais-2\/\">Toxicologia Aplicada para Ci\u00eancias Ambientais<\/a><\/li>\n<li><a href=\"https:\/\/wp.ufpel.edu.br\/ppgcamb\/area\/tecnologias-aplicadas-ao-meio-ambiente-sustentavel\/\" target=\"_blank\" rel=\"noopener\">Tecnologias Aplicadas ao Meio Ambiente Sustent\u00e1vel<\/a><\/li>\n<li><a href=\"https:\/\/wp.ufpel.edu.br\/ppgcamb\/topicos-especiais\/\" target=\"_blank\" rel=\"noopener\">T\u00f3picos especiais em tecnologias aplicadas ao meio ambiente sustent\u00e1vel<\/a><\/li>\n<li><a href=\"https:\/\/wp.ufpel.edu.br\/ppgcamb\/topicos-especiais\/\" target=\"_blank\" rel=\"noopener\">T\u00f3picos especiais em gest\u00e3o e avalia\u00e7\u00e3o de ambientes naturais e antr\u00f3picos<\/a><\/li>\n<\/ul>\n","protected":false},"excerpt":{"rendered":"<p>Avalia\u00e7\u00e3o de impactos ambientais (AIA) Educa\u00e7\u00e3o Ambiental Enviromental Science Seminar \u2013 EMI Gerenciamento e Tratamento de Res\u00edduos S\u00f3lidos Mapeamento Ambiental Qu\u00edmica Ambiental Recupera\u00e7\u00e3o de \u00c1reas Degradadas Toxicologia Aplicada para Ci\u00eancias Ambientais Tecnologias Aplicadas ao Meio Ambiente Sustent\u00e1vel T\u00f3picos especiais em tecnologias aplicadas ao meio ambiente sustent\u00e1vel T\u00f3picos especiais em gest\u00e3o e avalia\u00e7\u00e3o de ambientes naturais [&hellip;]<\/p>\n","protected":false},"author":707,"featured_media":0,"parent":22,"menu_order":9,"comment_status":"closed","ping_status":"closed","template":"","meta":{"footnotes":""},"class_list":["post-30","page","type-page","status-publish","hentry"],"_links":{"self":[{"href":"https:\/\/wp.ufpel.edu.br\/ppgcamb\/wp-json\/wp\/v2\/pages\/30","targetHints":{"allow":["GET"]}}],"collection":[{"href":"https:\/\/wp.ufpel.edu.br\/ppgcamb\/wp-json\/wp\/v2\/pages"}],"about":[{"href":"https:\/\/wp.ufpel.edu.br\/ppgcamb\/wp-json\/wp\/v2\/types\/page"}],"author":[{"embeddable":true,"href":"https:\/\/wp.ufpel.edu.br\/ppgcamb\/wp-json\/wp\/v2\/users\/707"}],"replies":[{"embeddable":true,"href":"https:\/\/wp.ufpel.edu.br\/ppgcamb\/wp-json\/wp\/v2\/comments?post=30"}],"version-history":[{"count":30,"href":"https:\/\/wp.ufpel.edu.br\/ppgcamb\/wp-json\/wp\/v2\/pages\/30\/revisions"}],"predecessor-version":[{"id":6040,"href":"https:\/\/wp.ufpel.edu.br\/ppgcamb\/wp-json\/wp\/v2\/pages\/30\/revisions\/6040"}],"up":[{"embeddable":true,"href":"https:\/\/wp.ufpel.edu.br\/ppgcamb\/wp-json\/wp\/v2\/pages\/22"}],"wp:attachment":[{"href":"https:\/\/wp.ufpel.edu.br\/ppgcamb\/wp-json\/wp\/v2\/media?parent=30"}],"curies":[{"name":"wp","href":"https:\/\/api.w.org\/{rel}","templated":true}]}}