{"id":2803,"date":"2021-06-24T12:11:09","date_gmt":"2021-06-24T15:11:09","guid":{"rendered":"https:\/\/wp.ufpel.edu.br\/ppgcamb\/?page_id=2803"},"modified":"2021-08-02T19:18:48","modified_gmt":"2021-08-02T22:18:48","slug":"2021-2-2","status":"publish","type":"page","link":"https:\/\/wp.ufpel.edu.br\/ppgcamb\/2021-2-2\/","title":{"rendered":"2021\/2"},"content":{"rendered":"<h2 style=\"text-align: center\"><strong><u>OFERTAS 2021 \u20132 \u2013 EAD \u2013 Aluno Regular<\/u><\/strong><\/h2>\n<table style=\"width: 101.504%\" width=\"100%\">\n<tbody>\n<tr>\n<td style=\"width: 19%\" width=\"19%\"><strong>Professores<\/strong><\/td>\n<td style=\"width: 37.8862%\" width=\"41%\"><strong>Disciplina<\/strong><\/td>\n<td style=\"width: 10.1138%\" width=\"7%\"><strong>C\u00f3digo<\/strong><\/td>\n<td style=\"width: 22.7762%\" width=\"14%\"><strong>Hor\u00e1rio<\/strong><\/td>\n<td style=\"width: 1.20048%\" width=\"7%\"><strong>Cr\u00e9ditos<\/strong><\/td>\n<td style=\"width: 10.5041%\" width=\"9%\"><strong>Vagas<\/strong><\/td>\n<\/tr>\n<tr>\n<td style=\"width: 19%\" width=\"19%\"><strong>Maurizio Quadro<\/strong><\/td>\n<td style=\"width: 37.8862%\" width=\"41%\"><strong>Ci\u00eancias Ambientais<\/strong><\/td>\n<td style=\"width: 10.1138%\" width=\"7%\">1640260<\/td>\n<td style=\"width: 22.7762%\" width=\"14%\"><strong>Segunda &#8211; 08h<\/strong><\/td>\n<td style=\"width: 1.20048%\" width=\"7%\">4<\/td>\n<td style=\"width: 10.5041%\" width=\"9%\">20 vagas<\/td>\n<\/tr>\n<tr>\n<td style=\"width: 19%\" width=\"19%\"><strong>Tirzah Siqueira<\/strong><\/td>\n<td style=\"width: 37.8862%\" width=\"41%\"><strong>Avalia\u00e7\u00e3o de Impactos Ambientais<\/strong><\/td>\n<td style=\"width: 10.1138%\" width=\"7%\">1640262<\/td>\n<td style=\"width: 22.7762%\" width=\"14%\"><strong>Segunda &#8211; 14h<\/strong><\/td>\n<td style=\"width: 1.20048%\" width=\"7%\">4<\/td>\n<td style=\"width: 10.5041%\" width=\"9%\">20 vagas<\/td>\n<\/tr>\n<tr>\n<td style=\"width: 19%\" width=\"19%\"><strong>Diuliana Leandro<\/strong><\/td>\n<td style=\"width: 37.8862%\" width=\"41%\"><strong>Sensoriamento Remoto<\/strong><\/td>\n<td style=\"width: 10.1138%\" width=\"7%\">1640323<\/td>\n<td style=\"width: 22.7762%\" width=\"14%\"><strong>Segunda &#8211; 19h<\/strong><\/td>\n<td style=\"width: 1.20048%\" width=\"7%\">4<\/td>\n<td style=\"width: 10.5041%\" width=\"9%\">15 vagas<\/td>\n<\/tr>\n<tr>\n<td style=\"width: 19%\" width=\"19%\"><strong>Luciara Bilhalva Corr\u00eaa\/Mar\u00edlia Lazarotto<\/strong><\/td>\n<td style=\"width: 37.8862%\" width=\"41%\"><strong>Pesquisa Orientada <\/strong><\/td>\n<td style=\"width: 10.1138%\" width=\"7%\">1640264<\/td>\n<td style=\"width: 22.7762%\" width=\"14%\"><strong>Ter\u00e7a &#8211; 08h<\/strong><\/td>\n<td style=\"width: 1.20048%\" width=\"7%\">2<\/td>\n<td style=\"width: 10.5041%\" width=\"9%\">15 vagas<\/td>\n<\/tr>\n<tr>\n<td style=\"width: 19%\" width=\"19%\"><strong>\u00c9rico Kunde<\/strong><\/td>\n<td style=\"width: 37.8862%\" width=\"41%\"><strong>Gerenciamento e Tratamento de Res\u00edduos S\u00f3lidos<\/strong><\/td>\n<td style=\"width: 10.1138%\" width=\"7%\">1640278<\/td>\n<td style=\"width: 22.7762%\" width=\"14%\"><strong>Ter\u00e7a \u2013 14h<\/strong><\/td>\n<td style=\"width: 1.20048%\" width=\"7%\">4<\/td>\n<td style=\"width: 10.5041%\" width=\"9%\">5 vagas<\/td>\n<\/tr>\n<tr>\n<td style=\"width: 19%\" width=\"19%\"><strong>Wilian Nadaleti<\/strong><\/td>\n<td style=\"width: 37.8862%\" width=\"41%\"><strong>Tecnologias em Sistemas Energ\u00e9ticos Ambientais e engenharia bioenerg\u00e9tica<\/strong><\/td>\n<td style=\"width: 10.1138%\" width=\"7%\">1640355<\/td>\n<td style=\"width: 22.7762%\" width=\"14%\"><strong>Quarta &#8211; 10h<\/strong><\/td>\n<td style=\"width: 1.20048%\" width=\"7%\">4<\/td>\n<td style=\"width: 10.5041%\" width=\"9%\">10 vagas<\/td>\n<\/tr>\n<tr>\n<td style=\"width: 19%\" width=\"19%\"><strong>Luciara Bilhalva\/Larissa Bolzan<\/strong><\/td>\n<td style=\"width: 37.8862%\" width=\"41%\"><strong>Educa\u00e7\u00e3o Ambiental e Sanit\u00e1ria<\/strong><\/td>\n<td style=\"width: 10.1138%\" width=\"7%\">15000675<\/td>\n<td style=\"width: 22.7762%\" width=\"14%\"><strong>Quarta &#8211; 14h<\/strong><\/td>\n<td style=\"width: 1.20048%\" width=\"7%\">4<\/td>\n<td style=\"width: 10.5041%\" width=\"9%\">10 vagas<\/td>\n<\/tr>\n<tr>\n<td style=\"width: 19%\" width=\"19%\"><strong>Robson Andreazza<\/strong><\/td>\n<td style=\"width: 37.8862%\" width=\"41%\"><strong>Biotecnologias Aplicadas a Biorremedia\u00e7\u00e3o\u00a0 <\/strong><\/td>\n<td style=\"width: 10.1138%\" width=\"7%\">1640274<\/td>\n<td style=\"width: 22.7762%\" width=\"14%\"><strong>Quarta &#8211; 14h<\/strong><\/td>\n<td style=\"width: 1.20048%\" width=\"7%\">3<\/td>\n<td style=\"width: 10.5041%\" width=\"9%\">15 vagas<\/td>\n<\/tr>\n<tr>\n<td style=\"width: 19%\" width=\"19%\"><strong>Andr\u00e9a Castro\/ Everton, Diuliana e Nadaletti<\/strong><\/td>\n<td style=\"width: 37.8862%\" width=\"41%\"><strong>Planejamento e Gest\u00e3o Ambiental<\/strong><\/td>\n<td style=\"width: 10.1138%\" width=\"7%\">1640261<\/td>\n<td style=\"width: 22.7762%\" width=\"14%\"><strong>Quinta &#8211; 8h50min<\/strong><\/td>\n<td style=\"width: 1.20048%\" width=\"7%\">4<\/td>\n<td style=\"width: 10.5041%\" width=\"9%\">15 vagas<\/td>\n<\/tr>\n<tr>\n<td style=\"width: 19%\" width=\"19%\"><strong>Gizele Gadotti \/ Larissa Bolzan<\/strong><\/td>\n<td style=\"width: 37.8862%\" width=\"41%\"><strong>Semin\u00e1rio em Ci\u00eancia Ambiental<\/strong><\/td>\n<td style=\"width: 10.1138%\" width=\"7%\">1640259<\/td>\n<td style=\"width: 22.7762%\" width=\"14%\"><strong>Quinta -14h<\/strong><\/td>\n<td style=\"width: 1.20048%\" width=\"7%\">2<\/td>\n<td style=\"width: 10.5041%\" width=\"9%\">15 vagas<\/td>\n<\/tr>\n<tr>\n<td style=\"width: 19%\" width=\"19%\"><strong>C\u00edcero Escobar<\/strong><\/td>\n<td style=\"width: 37.8862%\" width=\"41%\"><strong>Processos Oxidativos Avan\u00e7ados Sustent\u00e1veis para o Tratamento da \u00c1gua<\/strong><\/td>\n<td style=\"width: 10.1138%\" width=\"7%\">15000752<\/td>\n<td style=\"width: 22.7762%\" width=\"14%\"><strong>Sexta-08h<\/strong><\/td>\n<td style=\"width: 1.20048%\" width=\"7%\">4<\/td>\n<td style=\"width: 10.5041%\" width=\"9%\">20 vagas<\/td>\n<\/tr>\n<\/tbody>\n<\/table>\n<p>Obs: Doc\u00eancia orientada sempre \u00e9 ofertada, mas os alunos devem solicitar a seus orientadores nas matr\u00edculas.<\/p>\n<p style=\"text-align: justify\">Lembre-se que \u00e9 necess\u00e1rio o preenchimento do <a href=\"https:\/\/wp.ufpel.edu.br\/ppgcamb\/files\/2021\/03\/Formulario-matricula.doc\">Formul\u00e1rio matr\u00edcula<\/a> dispon\u00edvel em <a href=\"https:\/\/wp.ufpel.edu.br\/ppgcamb\/formularios\/\">https:\/\/wp.ufpel.edu.br\/ppgcamb\/formularios\/<\/a> e esse precisa estar assinado pelo orientador. Destacando que as disciplinas a serem cursadas ser\u00e3o apontadas ou no m\u00ednimo sancionadas pelo orientador.<\/p>\n<p>&nbsp;<\/p>\n","protected":false},"excerpt":{"rendered":"<p>OFERTAS 2021 \u20132 \u2013 EAD \u2013 Aluno Regular Professores Disciplina C\u00f3digo Hor\u00e1rio Cr\u00e9ditos Vagas Maurizio Quadro Ci\u00eancias Ambientais 1640260 Segunda &#8211; 08h 4 20 vagas Tirzah Siqueira Avalia\u00e7\u00e3o de Impactos Ambientais 1640262 Segunda &#8211; 14h 4 20 vagas Diuliana Leandro Sensoriamento Remoto 1640323 Segunda &#8211; 19h 4 15 vagas Luciara Bilhalva Corr\u00eaa\/Mar\u00edlia Lazarotto Pesquisa Orientada [&hellip;]<\/p>\n","protected":false},"author":707,"featured_media":0,"parent":0,"menu_order":0,"comment_status":"closed","ping_status":"closed","template":"","meta":{"footnotes":""},"class_list":["post-2803","page","type-page","status-publish","hentry"],"_links":{"self":[{"href":"https:\/\/wp.ufpel.edu.br\/ppgcamb\/wp-json\/wp\/v2\/pages\/2803","targetHints":{"allow":["GET"]}}],"collection":[{"href":"https:\/\/wp.ufpel.edu.br\/ppgcamb\/wp-json\/wp\/v2\/pages"}],"about":[{"href":"https:\/\/wp.ufpel.edu.br\/ppgcamb\/wp-json\/wp\/v2\/types\/page"}],"author":[{"embeddable":true,"href":"https:\/\/wp.ufpel.edu.br\/ppgcamb\/wp-json\/wp\/v2\/users\/707"}],"replies":[{"embeddable":true,"href":"https:\/\/wp.ufpel.edu.br\/ppgcamb\/wp-json\/wp\/v2\/comments?post=2803"}],"version-history":[{"count":3,"href":"https:\/\/wp.ufpel.edu.br\/ppgcamb\/wp-json\/wp\/v2\/pages\/2803\/revisions"}],"predecessor-version":[{"id":2888,"href":"https:\/\/wp.ufpel.edu.br\/ppgcamb\/wp-json\/wp\/v2\/pages\/2803\/revisions\/2888"}],"wp:attachment":[{"href":"https:\/\/wp.ufpel.edu.br\/ppgcamb\/wp-json\/wp\/v2\/media?parent=2803"}],"curies":[{"name":"wp","href":"https:\/\/api.w.org\/{rel}","templated":true}]}}