{"id":2780,"date":"2021-06-15T14:34:14","date_gmt":"2021-06-15T17:34:14","guid":{"rendered":"https:\/\/wp.ufpel.edu.br\/ppgcamb\/?page_id=2780"},"modified":"2025-04-15T13:30:15","modified_gmt":"2025-04-15T16:30:15","slug":"processamento-digital-de-imagens-para-producao-agricola-sustentavel","status":"publish","type":"page","link":"https:\/\/wp.ufpel.edu.br\/ppgcamb\/processamento-digital-de-imagens-para-producao-agricola-sustentavel\/","title":{"rendered":"PROCESSAMENTO DIGITAL DE IMAGENS PARA PRODU\u00c7\u00c3O AGR\u00cdCOLA SUSTENT\u00c1VEL"},"content":{"rendered":"<p><strong>Ementa<\/strong><\/p>\n<p style=\"text-align: justify;\">Apresentar aos alunos de p\u00f3s-gradua\u00e7\u00e3o conhecimentos fundamentais sobre t\u00e9cnicas de an\u00e1lise de imagens aplicadas na avalia\u00e7\u00e3o da qualidade produtos de origem vegetal. Formar profissionais que entendam de t\u00e9cnicas n\u00e3o destrutivas de an\u00e1lise com fins sustent\u00e1veis. Formar profissionais habilitados na utiliza\u00e7\u00e3o dos recursos de an\u00e1lise de imagens para avalia\u00e7\u00e3o de origem vegetal e despertar seu interesse na amplia\u00e7\u00e3o dos conhecimentos e no desenvolvimento cient\u00edfico e tecnol\u00f3gico e sustent\u00e1vel.<\/p>\n","protected":false},"excerpt":{"rendered":"<p>Ementa Apresentar aos alunos de p\u00f3s-gradua\u00e7\u00e3o conhecimentos fundamentais sobre t\u00e9cnicas de an\u00e1lise de imagens aplicadas na avalia\u00e7\u00e3o da qualidade produtos de origem vegetal. Formar profissionais que entendam de t\u00e9cnicas n\u00e3o destrutivas de an\u00e1lise com fins sustent\u00e1veis. Formar profissionais habilitados na utiliza\u00e7\u00e3o dos recursos de an\u00e1lise de imagens para avalia\u00e7\u00e3o de origem vegetal e despertar seu [&hellip;]<\/p>\n","protected":false},"author":707,"featured_media":0,"parent":0,"menu_order":0,"comment_status":"closed","ping_status":"closed","template":"","meta":{"footnotes":""},"class_list":["post-2780","page","type-page","status-publish","hentry"],"_links":{"self":[{"href":"https:\/\/wp.ufpel.edu.br\/ppgcamb\/wp-json\/wp\/v2\/pages\/2780","targetHints":{"allow":["GET"]}}],"collection":[{"href":"https:\/\/wp.ufpel.edu.br\/ppgcamb\/wp-json\/wp\/v2\/pages"}],"about":[{"href":"https:\/\/wp.ufpel.edu.br\/ppgcamb\/wp-json\/wp\/v2\/types\/page"}],"author":[{"embeddable":true,"href":"https:\/\/wp.ufpel.edu.br\/ppgcamb\/wp-json\/wp\/v2\/users\/707"}],"replies":[{"embeddable":true,"href":"https:\/\/wp.ufpel.edu.br\/ppgcamb\/wp-json\/wp\/v2\/comments?post=2780"}],"version-history":[{"count":2,"href":"https:\/\/wp.ufpel.edu.br\/ppgcamb\/wp-json\/wp\/v2\/pages\/2780\/revisions"}],"predecessor-version":[{"id":6029,"href":"https:\/\/wp.ufpel.edu.br\/ppgcamb\/wp-json\/wp\/v2\/pages\/2780\/revisions\/6029"}],"wp:attachment":[{"href":"https:\/\/wp.ufpel.edu.br\/ppgcamb\/wp-json\/wp\/v2\/media?parent=2780"}],"curies":[{"name":"wp","href":"https:\/\/api.w.org\/{rel}","templated":true}]}}