{"id":2776,"date":"2021-06-15T14:32:23","date_gmt":"2021-06-15T17:32:23","guid":{"rendered":"https:\/\/wp.ufpel.edu.br\/ppgcamb\/?page_id=2776"},"modified":"2021-06-15T14:32:26","modified_gmt":"2021-06-15T17:32:26","slug":"monitoramento-da-qualidade-do-ar-e-controle-da-poluicao-atmosferica","status":"publish","type":"page","link":"https:\/\/wp.ufpel.edu.br\/ppgcamb\/monitoramento-da-qualidade-do-ar-e-controle-da-poluicao-atmosferica\/","title":{"rendered":"MONITORAMENTO DA QUALIDADE DO AR E CONTROLE DA POLUI\u00c7\u00c3O ATMOSF\u00c9RICA"},"content":{"rendered":"<p><strong>Carga Hor\u00e1ria<\/strong>: 68 horas<\/p>\n<p><strong>Cr\u00e9ditos<\/strong>: 4<\/p>\n<p><strong>C\u00f3digo:<\/strong> 15000754<\/p>\n<p><strong>Ementa<\/strong><\/p>\n<p style=\"text-align: justify\">\u00a0Composi\u00e7\u00e3o e estrutura da atmosfera; classifica\u00e7\u00e3o dos poluentes prim\u00e1rios e secund\u00e1rios. Unidades de medida. Princ\u00edpios de mec\u00e2nica dos fluidos, conceitos de balan\u00e7o de calor e massa na atmosfera. Poluentes e gases de efeito estufa. Fontes poluidoras. Energias renov\u00e1veis x emiss\u00e3o de poluentes. Crit\u00e9rios e padr\u00f5es de qualidade. Crit\u00e9rios e padr\u00f5es de emiss\u00e3o. Legisla\u00e7\u00e3o espec\u00edfica. Efeitos causados pela polui\u00e7\u00e3o atmosf\u00e9rica. \u00a0Transporte e dispers\u00e3o de poluentes atmosf\u00e9ricos. Controle da polui\u00e7\u00e3o atmosf\u00e9rica. Equipamentos de controle. Monitoramento de poluentes atmosf\u00e9ricos. Amostragem e an\u00e1lise. Repercuss\u00f5es na sa\u00fade humana, meio ambiente e na economia. Projetos e dimensionamentos.<\/p>\n","protected":false},"excerpt":{"rendered":"<p>Carga Hor\u00e1ria: 68 horas Cr\u00e9ditos: 4 C\u00f3digo: 15000754 Ementa \u00a0Composi\u00e7\u00e3o e estrutura da atmosfera; classifica\u00e7\u00e3o dos poluentes prim\u00e1rios e secund\u00e1rios. Unidades de medida. Princ\u00edpios de mec\u00e2nica dos fluidos, conceitos de balan\u00e7o de calor e massa na atmosfera. Poluentes e gases de efeito estufa. Fontes poluidoras. Energias renov\u00e1veis x emiss\u00e3o de poluentes. Crit\u00e9rios e padr\u00f5es de [&hellip;]<\/p>\n","protected":false},"author":707,"featured_media":0,"parent":0,"menu_order":0,"comment_status":"closed","ping_status":"closed","template":"","meta":{"footnotes":""},"class_list":["post-2776","page","type-page","status-publish","hentry"],"_links":{"self":[{"href":"https:\/\/wp.ufpel.edu.br\/ppgcamb\/wp-json\/wp\/v2\/pages\/2776","targetHints":{"allow":["GET"]}}],"collection":[{"href":"https:\/\/wp.ufpel.edu.br\/ppgcamb\/wp-json\/wp\/v2\/pages"}],"about":[{"href":"https:\/\/wp.ufpel.edu.br\/ppgcamb\/wp-json\/wp\/v2\/types\/page"}],"author":[{"embeddable":true,"href":"https:\/\/wp.ufpel.edu.br\/ppgcamb\/wp-json\/wp\/v2\/users\/707"}],"replies":[{"embeddable":true,"href":"https:\/\/wp.ufpel.edu.br\/ppgcamb\/wp-json\/wp\/v2\/comments?post=2776"}],"version-history":[{"count":1,"href":"https:\/\/wp.ufpel.edu.br\/ppgcamb\/wp-json\/wp\/v2\/pages\/2776\/revisions"}],"predecessor-version":[{"id":2779,"href":"https:\/\/wp.ufpel.edu.br\/ppgcamb\/wp-json\/wp\/v2\/pages\/2776\/revisions\/2779"}],"wp:attachment":[{"href":"https:\/\/wp.ufpel.edu.br\/ppgcamb\/wp-json\/wp\/v2\/media?parent=2776"}],"curies":[{"name":"wp","href":"https:\/\/api.w.org\/{rel}","templated":true}]}}