{"id":2769,"date":"2021-06-15T14:25:59","date_gmt":"2021-06-15T17:25:59","guid":{"rendered":"https:\/\/wp.ufpel.edu.br\/ppgcamb\/?page_id=2769"},"modified":"2021-06-15T14:41:45","modified_gmt":"2021-06-15T17:41:45","slug":"processos-oxidativos-avancados-sustentaveis-para-o-tratamento-de-agua","status":"publish","type":"page","link":"https:\/\/wp.ufpel.edu.br\/ppgcamb\/processos-oxidativos-avancados-sustentaveis-para-o-tratamento-de-agua\/","title":{"rendered":"Processos Oxidativos Avan\u00e7ados Sustent\u00e1veis para o Tratamento de \u00e1gua"},"content":{"rendered":"<p><strong>Carga Hor\u00e1ria<\/strong>: 68 horas<\/p>\n<p><strong>Cr\u00e9ditos<\/strong>: 4<\/p>\n<p><strong>C\u00f3digo:<\/strong> 15000752<\/p>\n<p><strong>Ementa<\/strong><\/p>\n<p style=\"text-align: justify\">Fundamentos da oxida\u00e7\u00e3o qu\u00edmica: Rea\u00e7\u00f5es de oxi-redu\u00e7\u00e3o; Processos cl\u00e1ssicos de oxida\u00e7\u00e3o (Permanganato, Per\u00f3xido de hidrog\u00eanio, Cloro, Oz\u00f4nio). Processos Oxidativos Avan\u00e7ados Sustent\u00e1veis no contexto de tratamento de \u00e1guas e efluentes: Fundamentos, aplica\u00e7\u00f5es. Vantagens dos Processos Oxidativos Avan\u00e7ados como tecnologia Sustent\u00e1vel para o tratamento de \u00e1guas e efluentes. Principais Processos Oxidativos Avan\u00e7ados Sustent\u00e1veis: Processos com fotoqu\u00edmicos com irradia\u00e7\u00e3o artificial e solar, Processos tipo Fenton, Ozon\u00f3lise, Fotocat\u00e1lise, Son\u00f3lise e outros processos (Micro-ondas\/H<sub>2<\/sub>O<sub>2<\/sub>; Raios gama e raios-x; Oxida\u00e7\u00e3o supercr\u00edtica; Oxida\u00e7\u00e3o\u00a0 eletroqu\u00edmica). T\u00e9cnicas de caracteriza\u00e7\u00e3o de catalisadores heterog\u00eaneo. T\u00e9cnicas anal\u00edticas para quantifica\u00e7\u00e3o e detec\u00e7\u00e3o de contaminantes emergentes no contexto de Processos Oxidativos Avan\u00e7ados Sustent\u00e1veis.<\/p>\n","protected":false},"excerpt":{"rendered":"<p>Carga Hor\u00e1ria: 68 horas Cr\u00e9ditos: 4 C\u00f3digo: 15000752 Ementa Fundamentos da oxida\u00e7\u00e3o qu\u00edmica: Rea\u00e7\u00f5es de oxi-redu\u00e7\u00e3o; Processos cl\u00e1ssicos de oxida\u00e7\u00e3o (Permanganato, Per\u00f3xido de hidrog\u00eanio, Cloro, Oz\u00f4nio). Processos Oxidativos Avan\u00e7ados Sustent\u00e1veis no contexto de tratamento de \u00e1guas e efluentes: Fundamentos, aplica\u00e7\u00f5es. Vantagens dos Processos Oxidativos Avan\u00e7ados como tecnologia Sustent\u00e1vel para o tratamento de \u00e1guas e efluentes. [&hellip;]<\/p>\n","protected":false},"author":707,"featured_media":0,"parent":0,"menu_order":0,"comment_status":"closed","ping_status":"closed","template":"","meta":{"footnotes":""},"class_list":["post-2769","page","type-page","status-publish","hentry"],"_links":{"self":[{"href":"https:\/\/wp.ufpel.edu.br\/ppgcamb\/wp-json\/wp\/v2\/pages\/2769","targetHints":{"allow":["GET"]}}],"collection":[{"href":"https:\/\/wp.ufpel.edu.br\/ppgcamb\/wp-json\/wp\/v2\/pages"}],"about":[{"href":"https:\/\/wp.ufpel.edu.br\/ppgcamb\/wp-json\/wp\/v2\/types\/page"}],"author":[{"embeddable":true,"href":"https:\/\/wp.ufpel.edu.br\/ppgcamb\/wp-json\/wp\/v2\/users\/707"}],"replies":[{"embeddable":true,"href":"https:\/\/wp.ufpel.edu.br\/ppgcamb\/wp-json\/wp\/v2\/comments?post=2769"}],"version-history":[{"count":4,"href":"https:\/\/wp.ufpel.edu.br\/ppgcamb\/wp-json\/wp\/v2\/pages\/2769\/revisions"}],"predecessor-version":[{"id":2785,"href":"https:\/\/wp.ufpel.edu.br\/ppgcamb\/wp-json\/wp\/v2\/pages\/2769\/revisions\/2785"}],"wp:attachment":[{"href":"https:\/\/wp.ufpel.edu.br\/ppgcamb\/wp-json\/wp\/v2\/media?parent=2769"}],"curies":[{"name":"wp","href":"https:\/\/api.w.org\/{rel}","templated":true}]}}