{"id":2649,"date":"2021-04-22T20:16:38","date_gmt":"2021-04-22T23:16:38","guid":{"rendered":"https:\/\/wp.ufpel.edu.br\/ppgcamb\/?page_id=2649"},"modified":"2026-03-03T23:13:41","modified_gmt":"2026-03-04T02:13:41","slug":"orientacoes-para-as-defesas-e-qualificacoes-do-ppgamb","status":"publish","type":"page","link":"https:\/\/wp.ufpel.edu.br\/ppgcamb\/orientacoes-para-as-defesas-e-qualificacoes-do-ppgamb\/","title":{"rendered":"Orienta\u00e7\u00f5es para as defesas e qualifica\u00e7\u00f5es do PPGAmb"},"content":{"rendered":"<p>Antes de continuar nos passos necess\u00e1rios, esteja ciente das seguintes informa\u00e7\u00f5es abaixo.<\/p>\n<p>&#8211;&gt;<strong> IMPORTANTE 1,<\/strong> para alunos preencherem: Orienta\u00e7\u00f5es do TEXTO (obrigat\u00f3rio) do impacto de sua disserta\u00e7\u00e3o ou tese. Deve ser enviado juntamente com os documentos obrigat\u00f3rio (apenas na <strong>defesa de disserta\u00e7\u00e3o ou tese<\/strong>). <a href=\"https:\/\/wp.ufpel.edu.br\/ppgcamb\/files\/2026\/02\/Orientacoes-do-TEXTO-obrigatorio-do-impacto-de-sua-dissertacao-ou-tese-1.pdf\">Orienta\u00e7\u00f5es do TEXTO (obrigat\u00f3rio) do impacto de sua disserta\u00e7\u00e3o ou tese<\/a>. Este documento poder\u00e1 ser enviado ap\u00f3s sua defesa (mestrado ou doutorado), junto com as corre\u00e7\u00f5es do texto ap\u00f3s a banca.<\/p>\n<p>&#8211;&gt; <strong>IMPORTANTE 2<\/strong>. Segundo regimento do programa, \u00e9 obrigat\u00f3rio envio de Comprovante de <strong>submiss\u00e3o de artigo<\/strong>, ou <strong>artigo aceito<\/strong>, em revista. Este documento poder\u00e1 ser enviado ap\u00f3s sua defesa (mestrado ou doutorado), junto com as corre\u00e7\u00f5es do texto ap\u00f3s a banca. <strong>Disserta\u00e7\u00f5es ou teses n\u00e3o ser\u00e3o homologados pelo Colegiado se n\u00e3o houver este documento enviado.<\/strong> Na etapa da qualifica\u00e7\u00e3o n\u00e3o \u00e9 necess\u00e1rio enviar comprovante de submiss\u00e3o.<\/p>\n<p>&#8211;&gt; <strong>IMPORTANTE 3.<\/strong> O discente dever\u00e1 entregar o<strong> certificado de compet\u00eancia em leitura em l\u00edngua estrangeira em at\u00e9 12 (doze) meses<\/strong> ap\u00f3s a primeira matr\u00edcula, sendo vedada, no entanto, a realiza\u00e7\u00e3o de sua banca de qualifica\u00e7\u00e3o sem a entrega do referido documento.<\/p>\n<p><em><span style=\"color: #993300;\">Seguir o passo a passo abaixo:<\/span><\/em><\/p>\n<p style=\"text-align: justify;\">1) Orientador ou aluno com aval do orientador: Enviar o <a href=\"https:\/\/wp.ufpel.edu.br\/ppgcamb\/files\/2021\/04\/formulario-4_encaminhamento_dissertacao.doc\">formul\u00e1rio 4 (defesa)<\/a> ou <a href=\"https:\/\/wp.ufpel.edu.br\/ppgcamb\/files\/2021\/04\/formulario11.doc\">11 (qualifica\u00e7\u00e3o)<\/a> com a proposi\u00e7\u00e3o da banca examinadora e o documento com os dados da banca\u00a0\u00a0<a href=\"https:\/\/wp.ufpel.edu.br\/ppgcamb\/files\/2023\/08\/Dados-Banca-Defesa-.docx\">(Baixe aqui)<\/a>&#8211; 15 dias antes.<\/p>\n<p>&nbsp;<\/p>\n<p><strong><span style=\"color: #ff0000;\">Para Mestrado\u00a0<\/span><\/strong><\/p>\n<p style=\"text-align: justify;\">\u00a71\u00b0 &#8211; A banca deve ser composta por um presidente (Orientador do Discente ou um dos membros do comit\u00ea de orienta\u00e7\u00e3o), sem direito a voto.<\/p>\n<p style=\"text-align: justify;\">\u00a72\u00b0 &#8211; Em caso da exist\u00eancia de um coorientador ou de um comit\u00ea de orienta\u00e7\u00e3o, \u00e9 permitida a participa\u00e7\u00e3o deste(s) membro(s) na Banca Examinadora, sem direito a voto.<\/p>\n<p style=\"text-align: justify;\">\u00a73\u00b0 &#8211; A Banca Examinadora dever\u00e1 conter, no m\u00ednimo, um membro externo ao Programa e \u00e0 UFPel, com direito a voto. \u00a74\u00b0 &#8211; A Banca Examinadora dever\u00e1 conter, no m\u00ednimo, um membro regente com direito a voto, do PPGCAmb.<\/p>\n<p style=\"text-align: justify;\">\u00a75\u00b0 &#8211; A Banca Examinadora dever\u00e1 conter, no m\u00ednimo, 2 (dois) membros suplentes, um pesquisador doutor externo ao Programa, seja da UFPel ou de outra institui\u00e7\u00e3o, e um membro suplente interno ao programa.<\/p>\n<p>&nbsp;<\/p>\n<p><strong><span style=\"color: #ff0000;\">Para Doutorado\u00a0<\/span><\/strong><\/p>\n<p>\u00a71\u00b0 &#8211; A banca deve ser composta por um presidente (Orientador do Discente ou um dos membros do comit\u00ea de orienta\u00e7\u00e3o), sem direito a voto.<\/p>\n<p>\u00a72\u00b0 &#8211; Em caso da exist\u00eancia de um coorientador ou de um comit\u00ea de orienta\u00e7\u00e3o, \u00e9 permitida a participa\u00e7\u00e3o deste(s) membro(s) na Banca Examinadora, sem direito a voto.<\/p>\n<p>\u00a73\u00b0 &#8211; A Banca Examinadora dever\u00e1 conter, no m\u00ednimo, um membro externo ao Programa e \u00e0 UFPel, com direito a voto.<\/p>\n<p>\u00a74\u00b0 &#8211; A Banca Examinadora dever\u00e1 conter, no m\u00ednimo, um membro regente com direito a voto, do PPGCAmb.<\/p>\n<p>\u00a75\u00b0 &#8211; A Banca Examinadora dever\u00e1 conter, no m\u00ednimo, 2 (dois) membros suplentes, um pesquisador doutor externo ao Programa, seja da UFPel ou de outra institui\u00e7\u00e3o, e um membro suplente interno ao programa.<\/p>\n<p>\u00a76\u00b0 &#8211; Nesta etapa, o docente externo ao Programa pode enviar o seu parecer por escrito, caso a banca seja presencial, sendo facultada a participa\u00e7\u00e3o por webconfer\u00eancia.<\/p>\n<p>\u00a77\u00b0 &#8211; Na banca presencial, caso o membro externo envie o parecer por escrito e n\u00e3o possa participar via webconfer\u00eancia, e na composi\u00e7\u00e3o da banca n\u00e3o tiver outro membro externo, o suplente dever\u00e1 participar da avalia\u00e7\u00e3o.<\/p>\n<p>&#8230;&#8230;&#8230;<\/p>\n<ul>\n<li>Dever\u00e1 ser informado por e-mail para a secretaria, a institui\u00e7\u00e3o\/setor dos professores examinadores externos ao programa com anteced\u00eancia de <strong>5 dias \u00fateis.<\/strong><\/li>\n<\/ul>\n<p style=\"text-align: justify;\">2) Coordenador do PPG encaminha para aprova\u00e7\u00e3o da CPG a composi\u00e7\u00e3o da banca.<\/p>\n<p style=\"text-align: justify;\">3) Coordenador do PPG emite portaria interna para a banca, via SEI.<\/p>\n<p style=\"text-align: justify;\">4) Coordenador do PPG encaminha para o orientador a portaria &#8211; 15 dias antes (se o prazo do item 1 foi obedecido!).<\/p>\n<p>5) Orientador envia o PDF da disserta\u00e7\u00e3o para a banca, com a c\u00f3pia da portaria.<\/p>\n<p>6) Orientador deve informar o link do webconf para a coordena\u00e7\u00e3o no m\u00ednimo 1 semana antes da defesa (Devido a pandemia, as defesas ser\u00e3o via webconf)<\/p>\n<p>7) A coordena\u00e7\u00e3o do PPG: Divulgar na p\u00e1gina do curso e nas redes sociais o convite para a defesa (com link do webconf)<\/p>\n<p>8) Documento para a defesa<\/p>\n<ul>\n<li style=\"text-align: justify;\">Qualifica\u00e7\u00e3o: formul\u00e1rio 7, do site da PRPPGI, <a href=\"https:\/\/wp.ufpel.edu.br\/prppgi\/documentos-2\/\">https:\/\/wp.ufpel.edu.br\/prppgi\/documentos-2\/<\/a><\/li>\n<\/ul>\n<p style=\"text-align: justify;\">Depois de preenchido pelo orientador, o qual gera o PDF e encaminha para os membros da banca inserirem as suas assinaturas.<\/p>\n<ul>\n<li>Qualifica\u00e7\u00e3o: Enviar <strong>certificado de compet\u00eancia em leitura em l\u00edngua estrangeira.<\/strong><\/li>\n<li>Quando houverem examinadores externos ao programa dever\u00e1 ser informado por e-mail: o nome completo, a data de nascimento, a \u00e1rea e o local onde realizou o doutorado e o ano de conclus\u00e3o do doutorado com anteced\u00eancia de <strong>10 dias \u00fateis.<\/strong><\/li>\n<li>Enviar foto do mestrando para o convite e divulga\u00e7\u00e3o.<\/li>\n<\/ul>\n<p style=\"text-align: justify;\">Este arquivo deve ser enviado ao email da Coordena\u00e7\u00e3o ap\u00f3s a defesa.<\/p>\n<ul>\n<li style=\"text-align: justify;\">Defesa: os documentos s\u00e3o gerados no Cobalto (pelo coordenador).<\/li>\n<li>Convite Preenchido modelo de convite para banca <span style=\"color: #993300;\"><a href=\"https:\/\/wp.ufpel.edu.br\/ppgcamb\/files\/2025\/04\/MODELO-CONVITE-BANCA.docx\">DOC<\/a><\/span><\/li>\n<li>Modelo de divulga\u00e7\u00e3o da Banca <a href=\"https:\/\/wp.ufpel.edu.br\/ppgcamb\/files\/2024\/12\/modeloConvite.pptx\">Baixe aqui o PPTX<\/a><\/li>\n<li>A secretaria do PPGCamb encaminhar\u00e1 ao orientador a ata com a nomea\u00e7\u00e3o da banca examinadora e o n\u00famero do processo em que se encontra a portaria interna que nomeia a banca.<\/li>\n<\/ul>\n<p><span style=\"color: #ff0000;\">Importante: \u00a7 2\u00b0 &#8211; Antes da argui\u00e7\u00e3o, o(a) discente dever\u00e1 realizar uma exposi\u00e7\u00e3o oral, com dura\u00e7\u00e3o m\u00ednima de 20 (vinte) minutos e <\/span>m\u00e1xima de 50 (cinquenta) minutos, podendo utilizar recursos audiovisuais dispon\u00edveis.<\/p>\n<p>\u00a7 3\u00b0 &#8211; Conclu\u00edda a exposi\u00e7\u00e3o oral, ser\u00e1 realizada argui\u00e7\u00e3o dialogada entre o(a) discente e os membros da Banca Examinadora. Cada examinador dispor\u00e1 de, no m\u00e1ximo, 60 (sessenta) minutos para suas considera\u00e7\u00f5es e perguntas.<\/p>\n<p style=\"text-align: justify;\">O orientador encaminha para os membros da banca inserirem as suas assinaturas.<\/p>\n<p style=\"text-align: justify;\">Este arquivo deve ser enviado ao email da Coordena\u00e7\u00e3o ap\u00f3s a defesa.<\/p>\n<p style=\"text-align: justify;\">9) No dia da defesa, pedir que aos que estejam assistindo coloquem seus nomes nas notas compartilhadas para se ter uma ata de presen\u00e7a. Ao final, salvar a nota compartilhada e enviar junto ao documento assinado pela banca para o email do PPG.<\/p>\n<p style=\"text-align: justify;\">10) Para divulga\u00e7\u00e3o e registro, solicita-se que seja feito um print do webconf, onde apare\u00e7am todos os membros da banca e o discente. Este print deve ser enviado ao email do PPG para ajustes e posterior divulga\u00e7\u00e3o na p\u00e1gina do PPG e nas redes sociais. Os nomes dos que est\u00e3o assistindo tamb\u00e9m podem ser inseridos no(s) print(s).<\/p>\n<p style=\"text-align: justify;\">11) A secretaria do PPGCamb enviar\u00e1 para o orientador a ata de nomea\u00e7\u00e3o da banca examinadora do cobalto assinada pelo coordenador do curso, a ata de defesa onde a banca dever\u00e1 assinar (que dever\u00e1 retornar para a secretaria em at\u00e9 5 dias \u00fateis) e o n\u00famero do processo onde constar\u00e1 a portaria interna com a nomea\u00e7\u00e3o da banca.<\/p>\n<p style=\"text-align: justify;\">A Coordena\u00e7\u00e3o.<\/p>\n","protected":false},"excerpt":{"rendered":"<p>Antes de continuar nos passos necess\u00e1rios, esteja ciente das seguintes informa\u00e7\u00f5es abaixo. &#8211;&gt; IMPORTANTE 1, para alunos preencherem: Orienta\u00e7\u00f5es do TEXTO (obrigat\u00f3rio) do impacto de sua disserta\u00e7\u00e3o ou tese. Deve ser enviado juntamente com os documentos obrigat\u00f3rio (apenas na defesa de disserta\u00e7\u00e3o ou tese). Orienta\u00e7\u00f5es do TEXTO (obrigat\u00f3rio) do impacto de sua disserta\u00e7\u00e3o ou tese. [&hellip;]<\/p>\n","protected":false},"author":707,"featured_media":0,"parent":0,"menu_order":0,"comment_status":"closed","ping_status":"closed","template":"","meta":{"footnotes":""},"class_list":["post-2649","page","type-page","status-publish","hentry"],"_links":{"self":[{"href":"https:\/\/wp.ufpel.edu.br\/ppgcamb\/wp-json\/wp\/v2\/pages\/2649","targetHints":{"allow":["GET"]}}],"collection":[{"href":"https:\/\/wp.ufpel.edu.br\/ppgcamb\/wp-json\/wp\/v2\/pages"}],"about":[{"href":"https:\/\/wp.ufpel.edu.br\/ppgcamb\/wp-json\/wp\/v2\/types\/page"}],"author":[{"embeddable":true,"href":"https:\/\/wp.ufpel.edu.br\/ppgcamb\/wp-json\/wp\/v2\/users\/707"}],"replies":[{"embeddable":true,"href":"https:\/\/wp.ufpel.edu.br\/ppgcamb\/wp-json\/wp\/v2\/comments?post=2649"}],"version-history":[{"count":4,"href":"https:\/\/wp.ufpel.edu.br\/ppgcamb\/wp-json\/wp\/v2\/pages\/2649\/revisions"}],"predecessor-version":[{"id":6842,"href":"https:\/\/wp.ufpel.edu.br\/ppgcamb\/wp-json\/wp\/v2\/pages\/2649\/revisions\/6842"}],"wp:attachment":[{"href":"https:\/\/wp.ufpel.edu.br\/ppgcamb\/wp-json\/wp\/v2\/media?parent=2649"}],"curies":[{"name":"wp","href":"https:\/\/api.w.org\/{rel}","templated":true}]}}