{"id":2606,"date":"2021-04-06T12:48:47","date_gmt":"2021-04-06T15:48:47","guid":{"rendered":"https:\/\/wp.ufpel.edu.br\/ppgcamb\/?page_id=2606"},"modified":"2026-03-04T16:41:29","modified_gmt":"2026-03-04T19:41:29","slug":"para-obtencao-do-grau-de-mestre","status":"publish","type":"page","link":"https:\/\/wp.ufpel.edu.br\/ppgcamb\/para-obtencao-do-grau-de-mestre\/","title":{"rendered":"Para obten\u00e7\u00e3o do grau de Mestre"},"content":{"rendered":"<p>Antes de continuar nos passos necess\u00e1rios, esteja ciente das seguintes informa\u00e7\u00f5es abaixo.<\/p>\n<p>\u2013&gt;<strong> IMPORTANTE 1,<\/strong> para alunos preencherem: Orienta\u00e7\u00f5es do TEXTO (obrigat\u00f3rio) do impacto de sua disserta\u00e7\u00e3o ou tese. Deve ser enviado juntamente com os documentos obrigat\u00f3rio (apenas na <strong>defesa de disserta\u00e7\u00e3o ou tese<\/strong>). <a href=\"https:\/\/wp.ufpel.edu.br\/ppgcamb\/files\/2026\/02\/Orientacoes-do-TEXTO-obrigatorio-do-impacto-de-sua-dissertacao-ou-tese-1.pdf\">Orienta\u00e7\u00f5es do TEXTO (obrigat\u00f3rio) do impacto de sua disserta\u00e7\u00e3o ou tese<\/a>. Este documento poder\u00e1 ser enviado ap\u00f3s sua defesa (mestrado ou doutorado), junto com as corre\u00e7\u00f5es do texto ap\u00f3s a banca.<\/p>\n<p>\u2013&gt; <strong>IMPORTANTE 2<\/strong>. Segundo regimento do programa, \u00e9 obrigat\u00f3rio envio de Comprovante de <strong>submiss\u00e3o de artigo<\/strong>, ou <strong>artigo aceito<\/strong>, em revista. Este documento <em>poder\u00e1<\/em> ser enviado ap\u00f3s sua defesa (mestrado ou doutorado), junto com as corre\u00e7\u00f5es do texto ap\u00f3s a banca (etapa de homologa\u00e7\u00e3o). <strong>Disserta\u00e7\u00f5es ou teses n\u00e3o ser\u00e3o homologados pelo Colegiado se n\u00e3o houver este documento enviado.<\/strong><\/p>\n<p>\u2013&gt; <strong>IMPORTANTE 3.<\/strong> O discente dever\u00e1 entregar o<strong> certificado de compet\u00eancia em leitura em l\u00edngua estrangeira em at\u00e9 12 (doze) meses<\/strong> ap\u00f3s a primeira matr\u00edcula, sendo vedada, no entanto, a realiza\u00e7\u00e3o de sua banca de qualifica\u00e7\u00e3o sem a entrega do referido documento.<\/p>\n<p><span style=\"color: #993300;\">Primeiro passo:<\/span><\/p>\n<p>Ap\u00f3s a defesa o estudante ter\u00e1 um prazo m\u00e1ximo de 60 dias para encaminhar \u00e0 secretaria do Programa um exemplar da vers\u00e3o definitiva da disserta\u00e7\u00e3o. Lembrando que ela deve ter a folha de aprova\u00e7\u00e3o e a ficha catalogr\u00e1fica<\/p>\n<p><span style=\"color: #ff0000;\">N\u00e3o tenho a ata de aprova\u00e7\u00e3o da disserta\u00e7\u00e3o assinada\u00a0 pela Banca Examinadora?<\/span><\/p>\n<p>Solicite ao seu orientador.<\/p>\n<p style=\"text-align: justify;\">Formul\u00e1rios 5A gerado no Cobalto (Ata de defesa). Este formul\u00e1rio \u00e9 preenchido pela coordena\u00e7\u00e3o no Cobalto e enviado para o orientador antes da defesa. No dia da apresenta\u00e7\u00e3o da Disserta\u00e7\u00e3o deve ser assinado pela banca examinadora, e deve conter a ASSINATURA de todos os membros da banca. Este documento pode ser assinado<br \/>\nmanualmente no final da banca (se for preenchido presencialmente), ou as assinaturas digitalizadas devem ser inseridas no documento PDF (se a defesa for online).<\/p>\n<p><span style=\"color: #ff0000;\">N\u00e3o tenho a ficha catalogr\u00e1fica?<\/span><\/p>\n<p>Seu orientador j\u00e1 aprovou sua vers\u00e3o final? Sim! Ent\u00e3o voc\u00ea deve solicitar no Programa de Gera\u00e7\u00e3o de Fichas do Sistema de Bibliotecas da UFPel<\/p>\n<p>Informamos que a\u00a0solicita\u00e7\u00e3o de ficha catalogr\u00e1fica para trabalhos acad\u00eamicos a partir do dia\u00a0<strong>30 de novembro de 2023<\/strong> ser\u00e1 realizada\u00a0via Cobalto.\u00a0As solicita\u00e7\u00f5es a partir dessa data\u00a0devem ser feitas em:\u00a0<em>Sistema Cobalto \u2013 Biblioteca \u2013 Cadastros \u2013 Ficha catalogr\u00e1fica.<\/em><\/p>\n<p>O tutorial est\u00e1\u00a0dispon\u00edvel em:\u00a0<a href=\"https:\/\/www.google.com\/url?q=https:\/\/wp.ufpel.edu.br\/sisbi\/documentos\/manuais-e-tutoriais\/&amp;source=gmail-html&amp;ust=1701374468349000&amp;usg=AOvVaw0rgsTYvMrR1L93PIFHOyyo\" target=\"_blank\" rel=\"noopener noreferrer\">https:\/\/wp.ufpel.edu.br\/<wbr \/>sisbi\/documentos\/manuais-e-<wbr \/>tutoriais\/<\/a><\/p>\n<p>Maiores informa\u00e7\u00f5es sobre sua ficha catal\u00f3grafica em <a href=\"https:\/\/wp.ufpel.edu.br\/bibcp\/solicitacao-de-ficha-catalografica\/\">https:\/\/wp.ufpel.edu.br\/bibcp\/solicitacao-de-ficha-catalografica\/<\/a><\/p>\n<p>Ap\u00f3s sua ficha ser feita insira ela na sua disserta\u00e7\u00e3o de acordo com as normas da Universidade <a href=\"https:\/\/wp.ufpel.edu.br\/sisbi\/files\/2019\/06\/Manual.pdf\">(https:\/\/wp.ufpel.edu.br\/sisbi\/files\/2019\/06\/Manual.pdf).<\/a><\/p>\n<p>Gere um PDF, abra-o e verifique se sua forma\u00e7\u00e3o geral est\u00e1 ok.<\/p>\n<p>Obs: cuidado para que a vers\u00e3o enviada no processo seja a correta.<\/p>\n<p>&nbsp;<\/p>\n<p><span style=\"color: #993300;\">Segundo passo:<\/span><\/p>\n<p>Quais os outros documentos vou precisar?<\/p>\n<ul>\n<li>A ata de aprova\u00e7\u00e3o da disserta\u00e7\u00e3o assinada\u00a0 pela Banca Examinadora<\/li>\n<li>O comprovante de profici\u00eancia em ingl\u00eas<\/li>\n<li>O termo de autoriza\u00e7\u00e3o para inserir teses e disserta\u00e7\u00f5es nas bases de dados da UFPel e IBICT\u00a0 \u00a0 <a href=\"https:\/\/wp.ufpel.edu.br\/ppgcamb\/files\/2024\/11\/termo-de-autorizacao-da-biblioteca-novo-para-site.pdf\">PDF (baixe aqui)<\/a><\/li>\n<li>A vers\u00e3o final da sua disserta\u00e7\u00e3o que deve conter a ficha catalogr\u00e1fica (Esta ficha dever\u00e1 ser solicitada \u00e0 Biblioteca de Ci\u00eancia &amp;Tecnologia, localizada no campus Cap\u00e3o do Le\u00e3o, por email) e a <a href=\"https:\/\/wp.ufpel.edu.br\/ppgcamb\/files\/2021\/04\/folha-de-aprovacao-modelo.doc\">folha de aprova\u00e7\u00e3o<\/a><\/li>\n<li>Arquivo contendo RG, CPF, diploma de gradua\u00e7\u00e3o (frente e verso), certid\u00e3o de nascimento ou casamento se trocou de nome. Os mesmos documentos devem ser enviados em um arquivos em PDF separados e denominados adequadamente, exemplo, RG_Fulano.pdf<\/li>\n<li>Arquivo em doc, com os dados da Disserta\u00e7\u00e3o (conforme abaixo). Este arquivo eletr\u00f4nico dever\u00e1 ter a estrutura:<br \/>\nT\u00edtulo: ??????? usar letras min\u00fasculas. ????????<br \/>\nAutor: ???? nome completo do aluno. ??????<br \/>\nOrientador: ???? nome completo. ?????<br \/>\nCo-Orientador: ???? incluir, caso exista. ????<br \/>\nDefesa: ??? colocar a data de defesa no formato dia\/m\u00eas\/ano. ?????<br \/>\nPalavras-Chave: ??? incluir pelo menos 3, separadas por ponto. ?????<br \/>\n\u00c1rea de Conhecimento: ??? usar as \u00e1reas de conhecimento da CAPES. ????<br \/>\nProjeto de Pesquisa: ??? incluir o projeto de pesquisa no qual a Disserta\u00e7\u00e3o se insere. Consultar<br \/>\nos projetos em andamento do Programa no qual o estudante esteja vinculado. ?????<br \/>\nResumo: ????? colar o resumo apresentado na vers\u00e3o da disserta\u00e7\u00e3o para homologa\u00e7\u00e3o.?????<br \/>\nOs mesmos dados em ingl\u00eas devem ser inseridos<\/li>\n<li>Formul\u00e1rio de ci\u00eancia do orientado e banca (baixe aqui <a href=\"https:\/\/wp.ufpel.edu.br\/ppgcamb\/files\/2021\/08\/Formulario-de-ciencia-do-orientador.docx\">Formul\u00e1rio de ciencia do orientador<\/a>)<\/li>\n<li>Comprovante de <strong>submiss\u00e3o de artigo<\/strong>, ou <strong>artigo aceito<\/strong>, em revista.<\/li>\n<li>TEXTO (obrigat\u00f3rio) do impacto de sua disserta\u00e7\u00e3o ou tese, <a href=\"https:\/\/wp.ufpel.edu.br\/ppgcamb\/files\/2026\/02\/Orientacoes-do-TEXTO-obrigatorio-do-impacto-de-sua-dissertacao-ou-tese-1.pdf\">conforme orienta\u00e7\u00f5es aqui<\/a>.<\/li>\n<\/ul>\n<p><span style=\"color: #ffffff;\">.<\/span><\/p>\n<p><span style=\"color: #993300;\"><strong>Terceiro passo:<\/strong><\/span><\/p>\n<p>A c\u00f3pia da vers\u00e3o definitiva da disserta\u00e7\u00e3o e demais documentos exigidos para emiss\u00e3o do diploma devem ser enviados ao programa para homologa\u00e7\u00e3o pelo Colegiado. Vers\u00e3o eletr\u00f4nica em pdf da vers\u00e3o final a ser homologada.<\/p>\n<p>&nbsp;<\/p>\n","protected":false},"excerpt":{"rendered":"<p>Antes de continuar nos passos necess\u00e1rios, esteja ciente das seguintes informa\u00e7\u00f5es abaixo. \u2013&gt; IMPORTANTE 1, para alunos preencherem: Orienta\u00e7\u00f5es do TEXTO (obrigat\u00f3rio) do impacto de sua disserta\u00e7\u00e3o ou tese. Deve ser enviado juntamente com os documentos obrigat\u00f3rio (apenas na defesa de disserta\u00e7\u00e3o ou tese). Orienta\u00e7\u00f5es do TEXTO (obrigat\u00f3rio) do impacto de sua disserta\u00e7\u00e3o ou tese. [&hellip;]<\/p>\n","protected":false},"author":707,"featured_media":0,"parent":0,"menu_order":0,"comment_status":"closed","ping_status":"closed","template":"","meta":{"footnotes":""},"class_list":["post-2606","page","type-page","status-publish","hentry"],"_links":{"self":[{"href":"https:\/\/wp.ufpel.edu.br\/ppgcamb\/wp-json\/wp\/v2\/pages\/2606","targetHints":{"allow":["GET"]}}],"collection":[{"href":"https:\/\/wp.ufpel.edu.br\/ppgcamb\/wp-json\/wp\/v2\/pages"}],"about":[{"href":"https:\/\/wp.ufpel.edu.br\/ppgcamb\/wp-json\/wp\/v2\/types\/page"}],"author":[{"embeddable":true,"href":"https:\/\/wp.ufpel.edu.br\/ppgcamb\/wp-json\/wp\/v2\/users\/707"}],"replies":[{"embeddable":true,"href":"https:\/\/wp.ufpel.edu.br\/ppgcamb\/wp-json\/wp\/v2\/comments?post=2606"}],"version-history":[{"count":4,"href":"https:\/\/wp.ufpel.edu.br\/ppgcamb\/wp-json\/wp\/v2\/pages\/2606\/revisions"}],"predecessor-version":[{"id":6845,"href":"https:\/\/wp.ufpel.edu.br\/ppgcamb\/wp-json\/wp\/v2\/pages\/2606\/revisions\/6845"}],"wp:attachment":[{"href":"https:\/\/wp.ufpel.edu.br\/ppgcamb\/wp-json\/wp\/v2\/media?parent=2606"}],"curies":[{"name":"wp","href":"https:\/\/api.w.org\/{rel}","templated":true}]}}