{"id":26,"date":"2016-10-31T16:24:32","date_gmt":"2016-10-31T18:24:32","guid":{"rendered":"https:\/\/wp.ufpel.edu.br\/ppgcamb\/?page_id=26"},"modified":"2025-04-15T14:39:02","modified_gmt":"2025-04-15T17:39:02","slug":"obrigatorias","status":"publish","type":"page","link":"https:\/\/wp.ufpel.edu.br\/ppgcamb\/disciplinas\/obrigatorias\/","title":{"rendered":"Obrigat\u00f3rias"},"content":{"rendered":"<p><strong>DISCIPLINAS OBRIGAT\u00d3RIAS \u2013 MESTRADO:<\/strong><\/p>\n<ul>\n<li><a href=\"https:\/\/wp.ufpel.edu.br\/ppgcamb\/disciplinas\/obrigatorias\/ciencias-ambientais\/\">Ci\u00eancias Ambientais I<\/a><\/li>\n<li><a href=\"https:\/\/wp.ufpel.edu.br\/ppgcamb\/disciplinas\/obrigatorias\/sustentabilidadegestaoambiental\/\" target=\"_blank\" rel=\"noopener\">Sustentabilidade e Gest\u00e3o Ambiental<\/a><\/li>\n<li><a href=\"https:\/\/wp.ufpel.edu.br\/ppgcamb\/disciplinas\/obrigatorias\/docencia-orientada\/\">Doc\u00eancia Orientada<\/a><\/li>\n<li><a href=\"https:\/\/wp.ufpel.edu.br\/ppgcamb\/disciplinas\/obrigatorias\/pesquisa-orientada\/\">Pesquisa Orientada<\/a><\/li>\n<li><a href=\"https:\/\/wp.ufpel.edu.br\/ppgcamb\/disciplinas\/obrigatorias\/seminario-em-ciencia-ambiental\/\">Semin\u00e1rio em Ci\u00eancia Ambiental<\/a><\/li>\n<li>Elabora\u00e7\u00e3o de disserta\u00e7\u00e3o (9999803)<\/li>\n<\/ul>\n<p>A elabora\u00e7\u00e3o da disserta\u00e7\u00e3o com o c\u00f3digo 9999803 n\u00e3o garante a obten\u00e7\u00e3o de cr\u00e9ditos. No entanto, essa etapa \u00e9 fundamental para manter o v\u00ednculo com o programa ap\u00f3s a conclus\u00e3o dos cr\u00e9ditos obrigat\u00f3rios e optativos.<br \/>\n\u00c9 importante ressaltar que, durante esse per\u00edodo que os alunos n\u00e3o tem matr\u00edcula em nenhuma disciplina, atrav\u00e9s deste c\u00f3digo, esses t\u00eam a oportunidade de utilizar o tempo dispon\u00edvel para desenvolver sua disserta\u00e7\u00e3o, preservando assim o v\u00ednculo com o PPGCAMB e com a Universidade Federal de Pelotas (UFPel).<\/p>\n<p>&nbsp;<\/p>\n<p><strong>DISCIPLINAS OBRIGAT\u00d3RIAS \u2013 DOUTORADO:<\/strong><\/p>\n<ul>\n<li><a href=\"https:\/\/wp.ufpel.edu.br\/ppgcamb\/disciplinas\/obrigatorias\/ciencias-ambientais\/\">Ci\u00eancias Ambientais I<\/a><\/li>\n<li><a href=\"https:\/\/wp.ufpel.edu.br\/ppgcamb\/ciencias-ambientais-ii\/\">Ci\u00eancias Ambientais II<\/a><\/li>\n<li><a href=\"https:\/\/wp.ufpel.edu.br\/ppgcamb\/disciplinas\/obrigatorias\/sustentabilidadegestaoambiental\/\" target=\"_blank\" rel=\"noopener\">Sustentabilidade e Gest\u00e3o Ambiental<\/a><\/li>\n<li><a href=\"https:\/\/wp.ufpel.edu.br\/ppgcamb\/disciplinas\/obrigatorias\/docencia-orientada\/\">Doc\u00eancia Orientada<\/a><\/li>\n<li><a href=\"https:\/\/wp.ufpel.edu.br\/ppgcamb\/disciplinas\/obrigatorias\/pesquisa-orientada\/\">Pesquisa Orientada<\/a><\/li>\n<li><a href=\"https:\/\/wp.ufpel.edu.br\/ppgcamb\/disciplinas\/obrigatorias\/seminario-em-ciencia-ambiental\/\">Semin\u00e1rio em Ci\u00eancia Ambiental<\/a><\/li>\n<\/ul>\n<p>&nbsp;<\/p>\n","protected":false},"excerpt":{"rendered":"<p>DISCIPLINAS OBRIGAT\u00d3RIAS \u2013 MESTRADO: Ci\u00eancias Ambientais I Sustentabilidade e Gest\u00e3o Ambiental Doc\u00eancia Orientada Pesquisa Orientada Semin\u00e1rio em Ci\u00eancia Ambiental Elabora\u00e7\u00e3o de disserta\u00e7\u00e3o (9999803) A elabora\u00e7\u00e3o da disserta\u00e7\u00e3o com o c\u00f3digo 9999803 n\u00e3o garante a obten\u00e7\u00e3o de cr\u00e9ditos. No entanto, essa etapa \u00e9 fundamental para manter o v\u00ednculo com o programa ap\u00f3s a conclus\u00e3o dos cr\u00e9ditos [&hellip;]<\/p>\n","protected":false},"author":707,"featured_media":0,"parent":22,"menu_order":0,"comment_status":"closed","ping_status":"closed","template":"","meta":{"footnotes":""},"class_list":["post-26","page","type-page","status-publish","hentry"],"_links":{"self":[{"href":"https:\/\/wp.ufpel.edu.br\/ppgcamb\/wp-json\/wp\/v2\/pages\/26","targetHints":{"allow":["GET"]}}],"collection":[{"href":"https:\/\/wp.ufpel.edu.br\/ppgcamb\/wp-json\/wp\/v2\/pages"}],"about":[{"href":"https:\/\/wp.ufpel.edu.br\/ppgcamb\/wp-json\/wp\/v2\/types\/page"}],"author":[{"embeddable":true,"href":"https:\/\/wp.ufpel.edu.br\/ppgcamb\/wp-json\/wp\/v2\/users\/707"}],"replies":[{"embeddable":true,"href":"https:\/\/wp.ufpel.edu.br\/ppgcamb\/wp-json\/wp\/v2\/comments?post=26"}],"version-history":[{"count":9,"href":"https:\/\/wp.ufpel.edu.br\/ppgcamb\/wp-json\/wp\/v2\/pages\/26\/revisions"}],"predecessor-version":[{"id":6055,"href":"https:\/\/wp.ufpel.edu.br\/ppgcamb\/wp-json\/wp\/v2\/pages\/26\/revisions\/6055"}],"up":[{"embeddable":true,"href":"https:\/\/wp.ufpel.edu.br\/ppgcamb\/wp-json\/wp\/v2\/pages\/22"}],"wp:attachment":[{"href":"https:\/\/wp.ufpel.edu.br\/ppgcamb\/wp-json\/wp\/v2\/media?parent=26"}],"curies":[{"name":"wp","href":"https:\/\/api.w.org\/{rel}","templated":true}]}}