{"id":2511,"date":"2021-03-13T14:26:19","date_gmt":"2021-03-13T17:26:19","guid":{"rendered":"https:\/\/wp.ufpel.edu.br\/ppgcamb\/?page_id=2511"},"modified":"2021-03-13T15:29:20","modified_gmt":"2021-03-13T18:29:20","slug":"parcerias-e-atividades","status":"publish","type":"page","link":"https:\/\/wp.ufpel.edu.br\/ppgcamb\/parcerias-e-atividades\/","title":{"rendered":"Parcerias e atividades"},"content":{"rendered":"<p><strong>MICROBIOLOGIA INDUSTRIAL E AMBIENTAL<\/strong><\/p>\n<p style=\"text-align: justify\">Os Professores Robson Andreazza e Simone Pieniz, tem parcerias com o Professor de ci\u00eancias ambientais, Benedict C. Okeke, do Departamento de Biologia \u00a0da Universidade de Auburn at Montgomery USA,\u00a0 Alabama. Que realizou um interc\u00e2mbio de pesquisa na UFPel, dentro de um projeto com biocombust\u00edveis de res\u00edduos. Okeke \u00e9 professor de microbiologia industrial e ambiental, e seus interesses de pesquisa incluem: biocombust\u00edvel e co-produtos, biossensores, biorremedia\u00e7\u00e3o, biotecnologia enzim\u00e1tica, efeitos de poluentes nas comunidades microbianas, indicadores de seguran\u00e7a microbiol\u00f3gica da \u00e1gua e dos alimentos e engenharia gen\u00e9tica de micr\u00f3bios. Ele ensina microbiologia industrial, microbiologia ambiental, microbiologia geral e pesquisa direcionada. O professor Okeke fez p\u00f3s-doutorado na Universidade da Calif\u00f3rnia, em Riverside; Universidade de Gifu, Jap\u00e3o; e o Centro Internacional de Engenharia Gen\u00e9tica e Biotecnologia, Trieste, It\u00e1lia. Okeke possui 60 trabalhos de pesquisa em revistas especializadas, duas patentes nos EUA, numerosos resumos de confer\u00eancias e v\u00e1rias bolsas de pesquisa, incluindo uma doa\u00e7\u00e3o de um milh\u00e3o de d\u00f3lares para pesquisas sobre etanol combust\u00edvel a partir de biomassa. Ele \u00e9 o vencedor do pr\u00eamio Ida Belle Young Endowed Professorship e o diretor fundador do Laborat\u00f3rio de Pesquisa em Bioprocessamento e Biocombust\u00edveis (BBRL).<\/p>\n<p><img class=\"alignnone wp-image-2520 size-medium\" src=\"https:\/\/wp.ufpel.edu.br\/ppgcamb\/files\/2021\/03\/Slide1-400x225.png\" alt=\"\" width=\"400\" height=\"225\" srcset=\"https:\/\/wp.ufpel.edu.br\/ppgcamb\/files\/2021\/03\/Slide1-400x225.png 400w, https:\/\/wp.ufpel.edu.br\/ppgcamb\/files\/2021\/03\/Slide1-1024x576.png 1024w, https:\/\/wp.ufpel.edu.br\/ppgcamb\/files\/2021\/03\/Slide1-768x432.png 768w, https:\/\/wp.ufpel.edu.br\/ppgcamb\/files\/2021\/03\/Slide1.png 1280w\" sizes=\"(max-width: 400px) 100vw, 400px\" \/><\/p>\n<p>&nbsp;<\/p>\n<p style=\"text-align: justify\"><strong>ENERGIAS RENOV\u00c1VEIS E POLUI\u00c7\u00c3O ATMOSF\u00c9RICA<\/strong><\/p>\n<p style=\"text-align: justify\">Atualmente, o PPGCAmb conta com uma rede de colabora\u00e7\u00e3o internacional na \u00e1rea de energias renov\u00e1veis e polui\u00e7\u00e3o atmosf\u00e9rica coordenada pelo prof. Willian C\u00e9sar Nadaleti.<\/p>\n<p style=\"text-align: justify\">No ano de 2019, foi realizada a primeira visita financiada pelo governo Polon\u00eas e pela ag\u00eancia NAWA\/<em>European Funds\u00a0<\/em>para o desenvolvimento um projeto entre a Silesian University of Technology e o PPGCAmb, onde o prof Willian realizou pesquisas relacionadas a planejamento energ\u00e9tico e a emiss\u00e3o de poluentes empregando diferentes misturas de biog\u00e1s e hidrog\u00eanio. A visita gerou uma participa\u00e7\u00e3o como apresentador no evento THE 32ND INTERNATIONAL CONFERENCE ON EFFICIENCY, COST, OPTIMIZATION, SIMULATION AND ENVIRONMENTAL IMPACT OF ENERGY SYSTEMS, em Wroclaw. O trabalho apresentado foi: Potential for methane production and electric energy generation from sugarcane in Brazil.<\/p>\n<p style=\"text-align: justify\">No mesmo ano, a comiss\u00e3o do Pr\u00eamio\u00a0<em>Eni Award\u00a0<\/em>da It\u00e1lia solicitou a inscri\u00e7\u00e3o desse professor ao referido pr\u00eamio, cujo m\u00e9rito ainda se encontra em avalia\u00e7\u00e3o devido \u00e0 pandemia de COVID-19. Essa premia\u00e7\u00e3o \u00e9 da Funda\u00e7\u00e3o FEEM \u2013 Fondazione Eni Enrico Mattei de Mil\u00e3o na It\u00e1lia, da Companhia de \u00d3leo e G\u00e1s Eni e foi fundada em 1989, com a fun\u00e7\u00e3o de estimular a pesquisa internacional, a educa\u00e7\u00e3o de alta qualidade, entre outros. O Pr\u00eamio Eni Award tem o intuito de encorajar o bom uso de fontes de energia e sustentabilidade ambiental. J\u00e1 receberam esse pr\u00eamio laureados do Pr\u00eamio Nobel Harold W. Kroto e Alan Heeger. Entre os anos de 2018 e 2019 o prof. Willian recebeu tr\u00eas premia\u00e7\u00f5es da <em>ELSEVIER\u00a0<\/em>pelas excepcionais contribui\u00e7\u00f5es (<em>Outstanding Contribuition<\/em>) para a qualidade dos peri\u00f3dicos em Ci\u00eancias Ambientais, fortalecendo o car\u00e1ter internacional do nosso programa.<\/p>\n<p style=\"text-align: justify\">Em 2020, o PPGCAmb realizou nova aproxima\u00e7\u00e3o com grupos internacionais, onde um professor recebeu uma bolsa de professor visitante pela\u00a0<em>Fundaci\u00f3n Carolina<\/em>, Espanha para um per\u00edodo de palestras e pesquisas junto ao Programa de P\u00f3s-gradua\u00e7\u00e3o em Engenharia Industrial e Ambiental, Universidade de\u00a0<em>Almer\u00eda<\/em>. Em 2021, um novo financiamento foi recebido pelo\u00a0<em>NSP\/European Funds\u00a0<\/em>em um edital para professor visitante na Universidade de\u00a0<em>Zilina<\/em>, na Eslov\u00e1quia. Dos 58 pesquisadores contemplados em todo o mundo, um professor do PPGCAmb foi o \u00fanico do Brasil.<\/p>\n<p style=\"text-align: justify\">Mais recentemente, o projeto incluiu a Universidade de Leeds e o Imperial College London que fazem parte da gera\u00e7\u00e3o\/an\u00e1lise de dados e publica\u00e7\u00f5es. H\u00e1 previs\u00e3o de visitas a esses grupos em 2021\/2022.<\/p>\n<p style=\"text-align: justify\">Nessa \u00e1rea de pesquisa, o professor Willian mant\u00e9m uma rede de colabora\u00e7\u00e3o Brasil-Pol\u00f4nia-Eslov\u00e1quia-Espanha-Reino Unido, tanto no desenvolvimento de projetos conjuntos em energia, como publica\u00e7\u00f5es e visitas financiadas, incluindo a participa\u00e7\u00e3o de nossos alunos do PPGCAmb.<\/p>\n<p><img class=\"alignnone wp-image-2522 size-medium\" src=\"https:\/\/wp.ufpel.edu.br\/ppgcamb\/files\/2021\/03\/wil1-400x225.png\" alt=\"\" width=\"400\" height=\"225\" srcset=\"https:\/\/wp.ufpel.edu.br\/ppgcamb\/files\/2021\/03\/wil1-400x225.png 400w, https:\/\/wp.ufpel.edu.br\/ppgcamb\/files\/2021\/03\/wil1-1024x576.png 1024w, https:\/\/wp.ufpel.edu.br\/ppgcamb\/files\/2021\/03\/wil1-768x432.png 768w, https:\/\/wp.ufpel.edu.br\/ppgcamb\/files\/2021\/03\/wil1.png 1280w\" sizes=\"(max-width: 400px) 100vw, 400px\" \/><\/p>\n","protected":false},"excerpt":{"rendered":"<p>MICROBIOLOGIA INDUSTRIAL E AMBIENTAL Os Professores Robson Andreazza e Simone Pieniz, tem parcerias com o Professor de ci\u00eancias ambientais, Benedict C. Okeke, do Departamento de Biologia \u00a0da Universidade de Auburn at Montgomery USA,\u00a0 Alabama. Que realizou um interc\u00e2mbio de pesquisa na UFPel, dentro de um projeto com biocombust\u00edveis de res\u00edduos. Okeke \u00e9 professor de microbiologia [&hellip;]<\/p>\n","protected":false},"author":707,"featured_media":0,"parent":0,"menu_order":0,"comment_status":"closed","ping_status":"closed","template":"","meta":{"footnotes":""},"class_list":["post-2511","page","type-page","status-publish","hentry"],"_links":{"self":[{"href":"https:\/\/wp.ufpel.edu.br\/ppgcamb\/wp-json\/wp\/v2\/pages\/2511","targetHints":{"allow":["GET"]}}],"collection":[{"href":"https:\/\/wp.ufpel.edu.br\/ppgcamb\/wp-json\/wp\/v2\/pages"}],"about":[{"href":"https:\/\/wp.ufpel.edu.br\/ppgcamb\/wp-json\/wp\/v2\/types\/page"}],"author":[{"embeddable":true,"href":"https:\/\/wp.ufpel.edu.br\/ppgcamb\/wp-json\/wp\/v2\/users\/707"}],"replies":[{"embeddable":true,"href":"https:\/\/wp.ufpel.edu.br\/ppgcamb\/wp-json\/wp\/v2\/comments?post=2511"}],"version-history":[{"count":9,"href":"https:\/\/wp.ufpel.edu.br\/ppgcamb\/wp-json\/wp\/v2\/pages\/2511\/revisions"}],"predecessor-version":[{"id":2527,"href":"https:\/\/wp.ufpel.edu.br\/ppgcamb\/wp-json\/wp\/v2\/pages\/2511\/revisions\/2527"}],"wp:attachment":[{"href":"https:\/\/wp.ufpel.edu.br\/ppgcamb\/wp-json\/wp\/v2\/media?parent=2511"}],"curies":[{"name":"wp","href":"https:\/\/api.w.org\/{rel}","templated":true}]}}