{"id":2464,"date":"2021-03-11T13:49:44","date_gmt":"2021-03-11T16:49:44","guid":{"rendered":"https:\/\/wp.ufpel.edu.br\/ppgcamb\/?page_id=2464"},"modified":"2023-08-24T14:35:26","modified_gmt":"2023-08-24T17:35:26","slug":"portarias","status":"publish","type":"page","link":"https:\/\/wp.ufpel.edu.br\/ppgcamb\/portarias\/","title":{"rendered":"Portarias"},"content":{"rendered":"<p><a href=\"https:\/\/wp.ufpel.edu.br\/ppgcamb\/files\/2023\/08\/1139__DIULIANA_LEANDRO.pdf\">PORTARIA DE PESSOAL N\u00ba 1139\/UFPEL, DE 12 DE ABRIL DE 2023<\/a><\/p>\n<p><a href=\"https:\/\/wp.ufpel.edu.br\/ppgcamb\/files\/2021\/03\/DOU-_Rafael_Beltrame_e_Diuliana_Leandro.pdf\">PORTARIA N\u00ba 377, DE 5 DE MAR\u00c7O DE 2021 &#8211; Coordena\u00e7\u00e3o<\/a><\/p>\n<p><a href=\"https:\/\/wp.ufpel.edu.br\/ppgcamb\/files\/2021\/03\/SEI_UFPel-1228609-Portaria-InternaColegiado.pdf\">PORTARIA N\u00ba 4, DE 09 DE MAR\u00c7O DE 2021 &#8211; Colegiado<\/a><\/p>\n<p><a href=\"https:\/\/wp.ufpel.edu.br\/ppgcamb\/files\/2021\/03\/SEI_UFPel-0699790-Portaria.pdf\">PORTARIA N\u00ba 2454, DE 11 DE SETEMBRO DE 2019 &#8211; Colegiado<\/a><\/p>\n","protected":false},"excerpt":{"rendered":"<p>PORTARIA DE PESSOAL N\u00ba 1139\/UFPEL, DE 12 DE ABRIL DE 2023 PORTARIA N\u00ba 377, DE 5 DE MAR\u00c7O DE 2021 &#8211; Coordena\u00e7\u00e3o PORTARIA N\u00ba 4, DE 09 DE MAR\u00c7O DE 2021 &#8211; Colegiado PORTARIA N\u00ba 2454, DE 11 DE SETEMBRO DE 2019 &#8211; Colegiado<\/p>\n","protected":false},"author":707,"featured_media":0,"parent":0,"menu_order":0,"comment_status":"closed","ping_status":"closed","template":"","meta":{"footnotes":""},"class_list":["post-2464","page","type-page","status-publish","hentry"],"_links":{"self":[{"href":"https:\/\/wp.ufpel.edu.br\/ppgcamb\/wp-json\/wp\/v2\/pages\/2464","targetHints":{"allow":["GET"]}}],"collection":[{"href":"https:\/\/wp.ufpel.edu.br\/ppgcamb\/wp-json\/wp\/v2\/pages"}],"about":[{"href":"https:\/\/wp.ufpel.edu.br\/ppgcamb\/wp-json\/wp\/v2\/types\/page"}],"author":[{"embeddable":true,"href":"https:\/\/wp.ufpel.edu.br\/ppgcamb\/wp-json\/wp\/v2\/users\/707"}],"replies":[{"embeddable":true,"href":"https:\/\/wp.ufpel.edu.br\/ppgcamb\/wp-json\/wp\/v2\/comments?post=2464"}],"version-history":[{"count":7,"href":"https:\/\/wp.ufpel.edu.br\/ppgcamb\/wp-json\/wp\/v2\/pages\/2464\/revisions"}],"predecessor-version":[{"id":4929,"href":"https:\/\/wp.ufpel.edu.br\/ppgcamb\/wp-json\/wp\/v2\/pages\/2464\/revisions\/4929"}],"wp:attachment":[{"href":"https:\/\/wp.ufpel.edu.br\/ppgcamb\/wp-json\/wp\/v2\/media?parent=2464"}],"curies":[{"name":"wp","href":"https:\/\/api.w.org\/{rel}","templated":true}]}}