{"id":2460,"date":"2021-03-11T13:40:19","date_gmt":"2021-03-11T16:40:19","guid":{"rendered":"https:\/\/wp.ufpel.edu.br\/ppgcamb\/?page_id=2460"},"modified":"2023-04-17T18:06:17","modified_gmt":"2023-04-17T21:06:17","slug":"colegiado-2","status":"publish","type":"page","link":"https:\/\/wp.ufpel.edu.br\/ppgcamb\/colegiado-2\/","title":{"rendered":"Colegiado"},"content":{"rendered":"<p class=\"Texto_Justificado\">A composi\u00e7\u00e3o do Colegiado do Programa de P\u00f3s-Gradua\u00e7\u00e3o em Ci\u00eancias Ambientais, do Centro de Engenharias (PORTARIA N\u00ba 14, DE 17 DE ABRIL DE 2023):<\/p>\n<p><b>Titulares<\/b><\/p>\n<p>Prof\u00aa. Diuliana Leandro (Coordenadora )<\/p>\n<p>Prof. Rafael de Avuila Delucis (Coordenador Adjunto)<\/p>\n<p>Prof.\u00aa Andr\u00e9a Souza Castro<\/p>\n<p>Prof. \u00c9rico Kunde Corr\u00eaa<\/p>\n<p>Prof. Fernando Machado Machado<\/p>\n<p>Prof\u00aa. Luciara Bilhalva Corr\u00eaa<\/p>\n<p>Prof\u00aa. Mar\u00edlia Lazarotto<\/p>\n<p>Prof. Rafael Beltrame<\/p>\n<p>Prof\u00aa. Tirzah Moreira Siqueira<\/p>\n<p>&nbsp;<\/p>\n<p><b>Suplentes:<\/b><\/p>\n<p>Prof\u00aa. Daniela Buske<\/p>\n<p>Prof\u00aa. Simone Pieniz<\/p>\n<p>Prof. Robson Andreazza<\/p>\n<p>Prof. Darci Alberto Gatto<\/p>\n<p>Prof\u00aa. Gizele Gadotti<\/p>\n<p>Prof\u00aa. Rubia Flores Romani<\/p>\n<p>Prof. Bruno M\u00fcller Vieira<\/p>\n<p>Prof. Maurizio Quadro<\/p>\n<p>Prof. Andr\u00e9 Luiz Missio<\/p>\n<p>Prof. Flavio Manoel Rodrigues da Silva J\u00fanior<\/p>\n<p>Prof. Willian C\u00e9sar Nadaleti<\/p>\n<p>Prof. C\u00edcero de Coelho Escobar<\/p>\n<p>Prof. Everton Anger Cavalheiro<\/p>\n<p>&nbsp;<\/p>\n<p><b>Representantes Discentes<\/b><\/p>\n<p>Everton Rodrigues Zirbes\u00a0(Titular)<\/p>\n<p>Rafael Moreira\u00a0(Suplente)<\/p>\n","protected":false},"excerpt":{"rendered":"<p>A composi\u00e7\u00e3o do Colegiado do Programa de P\u00f3s-Gradua\u00e7\u00e3o em Ci\u00eancias Ambientais, do Centro de Engenharias (PORTARIA N\u00ba 14, DE 17 DE ABRIL DE 2023): Titulares Prof\u00aa. Diuliana Leandro (Coordenadora ) Prof. Rafael de Avuila Delucis (Coordenador Adjunto) Prof.\u00aa Andr\u00e9a Souza Castro Prof. \u00c9rico Kunde Corr\u00eaa Prof. Fernando Machado Machado Prof\u00aa. Luciara Bilhalva Corr\u00eaa Prof\u00aa. Mar\u00edlia [&hellip;]<\/p>\n","protected":false},"author":707,"featured_media":0,"parent":0,"menu_order":0,"comment_status":"closed","ping_status":"closed","template":"","meta":{"footnotes":""},"class_list":["post-2460","page","type-page","status-publish","hentry"],"_links":{"self":[{"href":"https:\/\/wp.ufpel.edu.br\/ppgcamb\/wp-json\/wp\/v2\/pages\/2460","targetHints":{"allow":["GET"]}}],"collection":[{"href":"https:\/\/wp.ufpel.edu.br\/ppgcamb\/wp-json\/wp\/v2\/pages"}],"about":[{"href":"https:\/\/wp.ufpel.edu.br\/ppgcamb\/wp-json\/wp\/v2\/types\/page"}],"author":[{"embeddable":true,"href":"https:\/\/wp.ufpel.edu.br\/ppgcamb\/wp-json\/wp\/v2\/users\/707"}],"replies":[{"embeddable":true,"href":"https:\/\/wp.ufpel.edu.br\/ppgcamb\/wp-json\/wp\/v2\/comments?post=2460"}],"version-history":[{"count":3,"href":"https:\/\/wp.ufpel.edu.br\/ppgcamb\/wp-json\/wp\/v2\/pages\/2460\/revisions"}],"predecessor-version":[{"id":4720,"href":"https:\/\/wp.ufpel.edu.br\/ppgcamb\/wp-json\/wp\/v2\/pages\/2460\/revisions\/4720"}],"wp:attachment":[{"href":"https:\/\/wp.ufpel.edu.br\/ppgcamb\/wp-json\/wp\/v2\/media?parent=2460"}],"curies":[{"name":"wp","href":"https:\/\/api.w.org\/{rel}","templated":true}]}}