{"id":2414,"date":"2021-02-27T15:42:26","date_gmt":"2021-02-27T18:42:26","guid":{"rendered":"https:\/\/wp.ufpel.edu.br\/ppgcamb\/?page_id=2414"},"modified":"2021-03-05T13:23:39","modified_gmt":"2021-03-05T16:23:39","slug":"2021ofertas","status":"publish","type":"page","link":"https:\/\/wp.ufpel.edu.br\/ppgcamb\/2021ofertas\/","title":{"rendered":"2021\/1"},"content":{"rendered":"<p>Orienta\u00e7\u00f5es gerais para a matr\u00edcula de alunos regulares do Programa de P\u00f3s-Gradua\u00e7\u00e3o em Ci\u00eancias Ambientais da UFPel<\/p>\n<p>. J\u00e1 verificou o hor\u00e1rio das disciplinas?<\/p>\n<p><a href=\"https:\/\/wp.ufpel.edu.br\/ppgcamb\/files\/2021\/03\/novooooPublicacao-Ofertas-EAD-PPGCAmb-2021-1.docx\">Ofertas e hor\u00e1rios &#8211; Novo<\/a> <a href=\"https:\/\/wp.ufpel.edu.br\/ppgcamb\/files\/2021\/03\/novooooPublicacao-Ofertas-EAD-PPGCAmb-2021-1.pdf\">PDF<\/a><\/p>\n<p>&nbsp;<\/p>\n<p>. J\u00e1 preencheu o formul\u00e1rio de matr\u00edcula?<\/p>\n<p><a href=\"https:\/\/wp.ufpel.edu.br\/ppgcamb\/files\/2021\/03\/Formulario-matricula.doc\">Formul\u00e1rio matr\u00edcula<\/a><\/p>\n<p>. J\u00e1 assinou seu formul\u00e1rio de matr\u00edcula e salvou em PDF ou PNG?<br \/>\n. Seu orientador j\u00e1 assinou o formul\u00e1rio? Obs: Haver\u00e1 um item especifico para a justificativa<\/p>\n<p>Tudo ok? Sim, hor\u00e1rios e disciplinas definidos juntamente com meu orientador(a). Ent\u00e3o j\u00e1 posso solicitar a matr\u00edcula!<\/p>\n<p><a href=\"https:\/\/forms.gle\/ZAer5vKQe64mJit9A\">Solicita\u00e7\u00e3o de matr\u00edcula<\/a><\/p>\n<p>&nbsp;<\/p>\n<p>At\u00e9 que dia posso solitar a matr\u00edcula?<\/p>\n<p>05 de mar\u00e7o de 2021<\/p>\n<p>&nbsp;<\/p>\n<p><span style=\"color: #ff0000\">Sou ingresso no curso nesse semestre, como farei a matr\u00edcula?\u00a0<\/span><\/p>\n<p>N\u00e3o se preocupe, voc\u00ea receber\u00e1 um email com as orienta\u00e7\u00f5es, inclusive seu n\u00famero de matr\u00edcula e o nome do seu orientador.<\/p>\n<p>&nbsp;<\/p>\n<p><span style=\"color: #ff0000\">N\u00e3o sou aluno desse curso de p\u00f3s-gradua\u00e7\u00e3o, mas tenho interesse em fazer uma disciplina, como devo proceder?<\/span><\/p>\n<p>Fa\u00e7a a solicita\u00e7\u00e3o pelo email\u00a0<a class=\"rABsFf RffVmb AL18ce\" href=\"mailto:ppgcamb@gmail.com\" target=\"_blank\" rel=\"noopener noreferrer\" data-tooltip=\"Do perfil do usu\u00e1rio do Google\" data-tooltip-position=\"top\">ppgcamb@gmail.com<\/a>; o programa verificar\u00e1 a disponibilidade de vaga. N\u00e3o esque\u00e7a de colocar o assunto no t\u00edtulo do email, nome do programa e matr\u00edcula. Se for aluno externo a UFPel deve participar do edital de aluno especial e apresentar um certificado de estar cursando um programa de p\u00f3s assinado pela coordena\u00e7\u00e3o do programa.<\/p>\n<p>&nbsp;<\/p>\n<p><span style=\"color: #3366ff\"><strong>Calend\u00e1rio Acad\u00eamico PPGCAmb\u00a0<\/strong><\/span><\/p>\n<p>01,02,03,04 e 05\/03\/2021 \u2013 Inscri\u00e7\u00e3o Sele\u00e7\u00e3o Aluno Especial 1\/2021 \u2013 Edital 07\/2021;<\/p>\n<p>At\u00e9 dia 08\/03\/2021 \u2013 Matr\u00edcula Alunos Regulares;<\/p>\n<p>10 e 11\/03\/2021 \u2013 Matr\u00edcula Alunos Regulares 1\/2021 -Edital 146\/2020;\u00a0e-mail: ppgcamb@gmail,com<\/p>\n<p><span style=\"color: #ff0000\">15\/03\/2020 \u2013 In\u00edcio das Aulas<\/span><\/p>\n<p>Formul\u00e1rio de Matr\u00edcula no link: <a href=\"https:\/\/wp.ufpel.edu.br\/ppgcamb\/formularios\/\">https:\/\/wp.ufpel.edu.br\/ppgcamb\/formularios\/<\/a><\/p>\n<p>&nbsp;<\/p>\n<p><strong>Bom semestre a todos!<\/strong><\/p>\n","protected":false},"excerpt":{"rendered":"<p>Orienta\u00e7\u00f5es gerais para a matr\u00edcula de alunos regulares do Programa de P\u00f3s-Gradua\u00e7\u00e3o em Ci\u00eancias Ambientais da UFPel . J\u00e1 verificou o hor\u00e1rio das disciplinas? Ofertas e hor\u00e1rios &#8211; Novo PDF &nbsp; . J\u00e1 preencheu o formul\u00e1rio de matr\u00edcula? Formul\u00e1rio matr\u00edcula . J\u00e1 assinou seu formul\u00e1rio de matr\u00edcula e salvou em PDF ou PNG? . Seu [&hellip;]<\/p>\n","protected":false},"author":707,"featured_media":0,"parent":0,"menu_order":0,"comment_status":"closed","ping_status":"closed","template":"","meta":{"footnotes":""},"class_list":["post-2414","page","type-page","status-publish","hentry"],"_links":{"self":[{"href":"https:\/\/wp.ufpel.edu.br\/ppgcamb\/wp-json\/wp\/v2\/pages\/2414","targetHints":{"allow":["GET"]}}],"collection":[{"href":"https:\/\/wp.ufpel.edu.br\/ppgcamb\/wp-json\/wp\/v2\/pages"}],"about":[{"href":"https:\/\/wp.ufpel.edu.br\/ppgcamb\/wp-json\/wp\/v2\/types\/page"}],"author":[{"embeddable":true,"href":"https:\/\/wp.ufpel.edu.br\/ppgcamb\/wp-json\/wp\/v2\/users\/707"}],"replies":[{"embeddable":true,"href":"https:\/\/wp.ufpel.edu.br\/ppgcamb\/wp-json\/wp\/v2\/comments?post=2414"}],"version-history":[{"count":11,"href":"https:\/\/wp.ufpel.edu.br\/ppgcamb\/wp-json\/wp\/v2\/pages\/2414\/revisions"}],"predecessor-version":[{"id":2454,"href":"https:\/\/wp.ufpel.edu.br\/ppgcamb\/wp-json\/wp\/v2\/pages\/2414\/revisions\/2454"}],"wp:attachment":[{"href":"https:\/\/wp.ufpel.edu.br\/ppgcamb\/wp-json\/wp\/v2\/media?parent=2414"}],"curies":[{"name":"wp","href":"https:\/\/api.w.org\/{rel}","templated":true}]}}