{"id":2356,"date":"2021-02-18T21:20:17","date_gmt":"2021-02-19T00:20:17","guid":{"rendered":"https:\/\/wp.ufpel.edu.br\/ppgcamb\/?page_id=2356"},"modified":"2021-02-18T21:22:59","modified_gmt":"2021-02-19T00:22:59","slug":"colegiado","status":"publish","type":"page","link":"https:\/\/wp.ufpel.edu.br\/ppgcamb\/colegiado\/","title":{"rendered":"Colegiado"},"content":{"rendered":"<table dir=\"ltr\" style=\"width: 599px\" border=\"1\" cellspacing=\"0\" cellpadding=\"0\">\n<colgroup>\n<col width=\"216\" \/>\n<col width=\"333\" \/><\/colgroup>\n<tbody>\n<tr>\n<td style=\"text-align: center;width: 599px\" colspan=\"2\" data-sheets-value=\"{&quot;1&quot;:2,&quot;2&quot;:&quot;Colegiado do Programa de P\u00f3s-Gradua\u00e7\u00e3o em Ci\u00eancias Ambientais&quot;}\"><strong>Colegiado do Programa de P\u00f3s-Gradua\u00e7\u00e3o em Ci\u00eancias Ambientais<\/strong><\/td>\n<\/tr>\n<tr>\n<td style=\"width: 216px;text-align: center\" data-sheets-value=\"{&quot;1&quot;:2,&quot;2&quot;:&quot;Portaria -  718\/2019&quot;}\">Portaria &#8211; 718\/2019<\/td>\n<td style=\"width: 383px;text-align: center\" data-sheets-value=\"{&quot;1&quot;:3,&quot;3&quot;:43550}\" data-sheets-numberformat=\"[null,5,&quot;dd\/mm\/yyyy&quot;,1]\">26\/03\/2019<\/td>\n<\/tr>\n<tr>\n<td style=\"width: 599px\" colspan=\"2\" data-sheets-value=\"{&quot;1&quot;:2,&quot;2&quot;:&quot;Prof. Robson Andreazza (coordenador)&quot;}\">Prof. Robson Andreazza (coordenador)<\/td>\n<\/tr>\n<tr>\n<td style=\"width: 599px\" colspan=\"2\" data-sheets-value=\"{&quot;1&quot;:2,&quot;2&quot;:&quot;Prof\u00aa. Gizele Ingrid Gadotti (coordenadora adjunta)&quot;}\">Prof\u00aa. Gizele Ingrid Gadotti (coordenadora adjunta)<\/td>\n<\/tr>\n<tr>\n<td style=\"width: 599px\" colspan=\"2\" data-sheets-value=\"{&quot;1&quot;:2,&quot;2&quot;:&quot;Prof. \u00c9rico Kunde Corr\u00eaa&quot;}\">Prof. \u00c9rico Kunde Corr\u00eaa<\/td>\n<\/tr>\n<tr>\n<td style=\"width: 599px\" colspan=\"2\" data-sheets-value=\"{&quot;1&quot;:2,&quot;2&quot;:&quot;Prof\u00aa. Luciara Bilhalva Corr\u00eaa&quot;}\">Prof\u00aa. Luciara Bilhalva Corr\u00eaa<\/td>\n<\/tr>\n<tr>\n<td style=\"width: 599px\" colspan=\"2\" data-sheets-value=\"{&quot;1&quot;:2,&quot;2&quot;:&quot;Prof\u00aa. Andrea Souza Castro&quot;}\">Prof\u00aa. Andrea Souza Castro<\/td>\n<\/tr>\n<tr>\n<td style=\"width: 599px\" colspan=\"2\" data-sheets-value=\"{&quot;1&quot;:2,&quot;2&quot;:&quot;Prof\u00aa. Diuliana Leandro&quot;}\">Prof\u00aa. Diuliana Leandro<\/td>\n<\/tr>\n<tr>\n<td style=\"width: 599px\" colspan=\"2\" data-sheets-value=\"{&quot;1&quot;:2,&quot;2&quot;:&quot;Prof. Maurizio Silveira Quadro&quot;}\">Prof. Maurizio Silveira Quadro<\/td>\n<\/tr>\n<tr>\n<td style=\"width: 599px\" colspan=\"2\" data-sheets-value=\"{&quot;1&quot;:2,&quot;2&quot;:&quot;Prof\u00aa. Tirzah Moreira Siqueira&quot;}\">Prof\u00aa. Tirzah Moreira Siqueira<\/td>\n<\/tr>\n<tr>\n<td style=\"width: 599px\" colspan=\"2\" data-sheets-value=\"{&quot;1&quot;:2,&quot;2&quot;:&quot;Prof\u00aa. Daniela Buske (suplente)&quot;}\">Prof\u00aa. Daniela Buske (suplente)<\/td>\n<\/tr>\n<tr>\n<td style=\"width: 599px\" colspan=\"2\" data-sheets-value=\"{&quot;1&quot;:2,&quot;2&quot;:&quot;Prof\u00aa. Simone Pieniz (suplente)&quot;}\">Prof\u00aa. Simone Pieniz (suplente)<\/td>\n<\/tr>\n<tr>\n<td style=\"width: 599px\" colspan=\"2\" data-sheets-value=\"{&quot;1&quot;:2,&quot;2&quot;:&quot;Prof. Hugo Alexandre Soares Guedes (suplente)&quot;}\">Prof. Hugo Alexandre Soares Guedes (suplente)<\/td>\n<\/tr>\n<tr>\n<td style=\"width: 599px\" colspan=\"2\" data-sheets-value=\"{&quot;1&quot;:2,&quot;2&quot;:&quot;Prof. Rafael Beltrame (suplente)&quot;}\">Prof. Rafael Beltrame (suplente)<\/td>\n<\/tr>\n<tr>\n<td style=\"width: 599px\" colspan=\"2\" data-sheets-value=\"{&quot;1&quot;:2,&quot;2&quot;:&quot;Prof. Darci Alberto Gatto (suplente)&quot;}\">Prof. Darci Alberto Gatto (suplente)<\/td>\n<\/tr>\n<tr>\n<td style=\"width: 599px\" colspan=\"2\">Prof. Fabiula Danielli Bastos de Sousa (suplente)<\/td>\n<\/tr>\n<tr>\n<td style=\"width: 599px\" colspan=\"2\" data-sheets-value=\"{&quot;1&quot;:2,&quot;2&quot;:&quot;Representa\u00e7\u00e3o Discente:&quot;}\">Representa\u00e7\u00e3o Discente:<\/td>\n<\/tr>\n<tr>\n<td style=\"width: 599px\" colspan=\"2\" data-sheets-value=\"{&quot;1&quot;:2,&quot;2&quot;:&quot;Acad. Ana Luiza Bertani Dall\\&quot;Agnol  (titular)&quot;}\">Acad. Ana Luiza Bertani Dall&#8221;Agnol (titular)<\/td>\n<\/tr>\n<tr>\n<td style=\"width: 599px\" colspan=\"2\" data-sheets-value=\"{&quot;1&quot;:2,&quot;2&quot;:&quot;Acad. Carolina da Silva Gon\u00e7alves (suplente)&quot;}\">Acad. Carolina da Silva Gon\u00e7alves (suplente)<\/td>\n<\/tr>\n<\/tbody>\n<\/table>\n<p><\/p>\n","protected":false},"excerpt":{"rendered":"<p>Colegiado do Programa de P\u00f3s-Gradua\u00e7\u00e3o em Ci\u00eancias Ambientais Portaria &#8211; 718\/2019 26\/03\/2019 Prof. Robson Andreazza (coordenador) Prof\u00aa. Gizele Ingrid Gadotti (coordenadora adjunta) Prof. \u00c9rico Kunde Corr\u00eaa Prof\u00aa. Luciara Bilhalva Corr\u00eaa Prof\u00aa. Andrea Souza Castro Prof\u00aa. Diuliana Leandro Prof. Maurizio Silveira Quadro Prof\u00aa. Tirzah Moreira Siqueira Prof\u00aa. Daniela Buske (suplente) Prof\u00aa. Simone Pieniz (suplente) Prof. Hugo [&hellip;]<\/p>\n","protected":false},"author":707,"featured_media":0,"parent":0,"menu_order":0,"comment_status":"closed","ping_status":"closed","template":"","meta":{"footnotes":""},"class_list":["post-2356","page","type-page","status-publish","hentry"],"_links":{"self":[{"href":"https:\/\/wp.ufpel.edu.br\/ppgcamb\/wp-json\/wp\/v2\/pages\/2356","targetHints":{"allow":["GET"]}}],"collection":[{"href":"https:\/\/wp.ufpel.edu.br\/ppgcamb\/wp-json\/wp\/v2\/pages"}],"about":[{"href":"https:\/\/wp.ufpel.edu.br\/ppgcamb\/wp-json\/wp\/v2\/types\/page"}],"author":[{"embeddable":true,"href":"https:\/\/wp.ufpel.edu.br\/ppgcamb\/wp-json\/wp\/v2\/users\/707"}],"replies":[{"embeddable":true,"href":"https:\/\/wp.ufpel.edu.br\/ppgcamb\/wp-json\/wp\/v2\/comments?post=2356"}],"version-history":[{"count":3,"href":"https:\/\/wp.ufpel.edu.br\/ppgcamb\/wp-json\/wp\/v2\/pages\/2356\/revisions"}],"predecessor-version":[{"id":2361,"href":"https:\/\/wp.ufpel.edu.br\/ppgcamb\/wp-json\/wp\/v2\/pages\/2356\/revisions\/2361"}],"wp:attachment":[{"href":"https:\/\/wp.ufpel.edu.br\/ppgcamb\/wp-json\/wp\/v2\/media?parent=2356"}],"curies":[{"name":"wp","href":"https:\/\/api.w.org\/{rel}","templated":true}]}}