{"id":2321,"date":"2021-02-18T20:01:33","date_gmt":"2021-02-18T23:01:33","guid":{"rendered":"https:\/\/wp.ufpel.edu.br\/ppgcamb\/?page_id=2321"},"modified":"2022-10-28T22:57:21","modified_gmt":"2022-10-29T01:57:21","slug":"colegiado-e-comissoes","status":"publish","type":"page","link":"https:\/\/wp.ufpel.edu.br\/ppgcamb\/colegiado-e-comissoes\/","title":{"rendered":"Colegiado e Comiss\u00f5es"},"content":{"rendered":"<p>A composi\u00e7\u00e3o do PPGCAmb em:<\/p>\n<p><a href=\"https:\/\/wp.ufpel.edu.br\/ppgcamb\/colegiado-2\/\">Colegiado<\/a><\/p>\n<p><a href=\"https:\/\/wp.ufpel.edu.br\/ppgcamb\/comissao-de-bolsas\/\">Comiss\u00e3o de Bolsas<\/a><\/p>\n","protected":false},"excerpt":{"rendered":"<p>A composi\u00e7\u00e3o do PPGCAmb em: Colegiado Comiss\u00e3o de Bolsas<\/p>\n","protected":false},"author":707,"featured_media":0,"parent":0,"menu_order":0,"comment_status":"closed","ping_status":"closed","template":"","meta":{"footnotes":""},"class_list":["post-2321","page","type-page","status-publish","hentry"],"_links":{"self":[{"href":"https:\/\/wp.ufpel.edu.br\/ppgcamb\/wp-json\/wp\/v2\/pages\/2321","targetHints":{"allow":["GET"]}}],"collection":[{"href":"https:\/\/wp.ufpel.edu.br\/ppgcamb\/wp-json\/wp\/v2\/pages"}],"about":[{"href":"https:\/\/wp.ufpel.edu.br\/ppgcamb\/wp-json\/wp\/v2\/types\/page"}],"author":[{"embeddable":true,"href":"https:\/\/wp.ufpel.edu.br\/ppgcamb\/wp-json\/wp\/v2\/users\/707"}],"replies":[{"embeddable":true,"href":"https:\/\/wp.ufpel.edu.br\/ppgcamb\/wp-json\/wp\/v2\/comments?post=2321"}],"version-history":[{"count":4,"href":"https:\/\/wp.ufpel.edu.br\/ppgcamb\/wp-json\/wp\/v2\/pages\/2321\/revisions"}],"predecessor-version":[{"id":4405,"href":"https:\/\/wp.ufpel.edu.br\/ppgcamb\/wp-json\/wp\/v2\/pages\/2321\/revisions\/4405"}],"wp:attachment":[{"href":"https:\/\/wp.ufpel.edu.br\/ppgcamb\/wp-json\/wp\/v2\/media?parent=2321"}],"curies":[{"name":"wp","href":"https:\/\/api.w.org\/{rel}","templated":true}]}}