{"id":2153,"date":"2020-12-16T16:16:23","date_gmt":"2020-12-16T19:16:23","guid":{"rendered":"https:\/\/wp.ufpel.edu.br\/ppgcamb\/?page_id=2153"},"modified":"2024-11-22T16:09:32","modified_gmt":"2024-11-22T19:09:32","slug":"editais-2021","status":"publish","type":"page","link":"https:\/\/wp.ufpel.edu.br\/ppgcamb\/editais-2021\/","title":{"rendered":"2021"},"content":{"rendered":"<h2><span style=\"color: #ff0000;\"><strong>EDITAL DE ALUNO ESPECIAL 2021\/2<\/strong><\/span><\/h2>\n<p>A Universidade Federal de Pelotas torna p\u00fablica a\u00a0<b>sele\u00e7\u00e3o<\/b> para ingresso como <strong><span style=\"color: #ff0000;\">aluno especial<\/span><\/strong>\u00a0no curso <b>de<\/b>\u00a0<b>Mestrado Stricto sensu em Ci\u00eancias Ambientais para o segundo semestre de 2021. <\/b>Acesse o edital para maiores informa\u00e7\u00f5es.<\/p>\n<p><a href=\"https:\/\/wp.ufpel.edu.br\/ppgcamb\/files\/2021\/06\/edital-aluno-especial-2021-2.pdf\">Edital de sele\u00e7\u00e3o &#8211; aluno especial 2021-2<\/a><\/p>\n<p>&nbsp;<\/p>\n<h2><span style=\"color: #ff0000;\"><strong>EDITAL DE ALUNO REGULAR 2021\/2<\/strong><\/span><\/h2>\n<p>A Universidade Federal de Pelotas torna p\u00fablica a\u00a0<b>sele\u00e7\u00e3o<\/b> para ingresso como <strong><span style=\"color: #ff0000;\">aluno regular<\/span><\/strong> no curso <b>de<\/b>\u00a0<b>Mestrado Stricto sensu em Ci\u00eancias Ambientais para o segundo semestre de 2021. <\/b>Acesse o edital para maiores informa\u00e7\u00f5es.<\/p>\n<p><a href=\"https:\/\/wp.ufpel.edu.br\/ppgcamb\/files\/2021\/05\/edital-de-selecao-2021-2-aluno-regular.pdf\">Edital de sele\u00e7\u00e3o &#8211; aluno regular 2021\/2<\/a><\/p>\n<p><a href=\"https:\/\/wp.ufpel.edu.br\/ppgcamb\/files\/2021\/07\/homologacao-aluno-regular-2021-2final-1.pdf\">Homologa\u00e7\u00e3o das Inscri\u00e7\u00f5es<\/a><\/p>\n<p><a href=\"https:\/\/wp.ufpel.edu.br\/ppgcamb\/files\/2021\/07\/dia-e-horario-da-defesa-do-anteprojeto-2021_2.pdf\">Dia e hor\u00e1rio da defesa do anteprojeto<\/a><\/p>\n<p><a href=\"https:\/\/wp.ufpel.edu.br\/ppgcamb\/files\/2021\/07\/aprovados.pdf\">Resultado Final &#8211; Classifica\u00e7\u00e3o<\/a><\/p>\n<p>Quero fazer o processo de sele\u00e7\u00e3o, mas ainda n\u00e3o tenho meu diploma?\u00a0 Voc\u00ea pode participar, preencha a <a href=\"https:\/\/wp.ufpel.edu.br\/ppgcamb\/files\/2021\/06\/Termo_de_Matricula_provisoria.pdf\">DECLARA\u00c7\u00c3O DE CI\u00caNCIA DE CONFIRMA\u00c7AO DE MATR\u00cdCULA PROVIS\u00d3RIA SOBRE O INGRESSO EXCEPCIONAL NOS CURSOS DE MESTRADO<\/a><\/p>\n<p><a href=\"https:\/\/wp.ufpel.edu.br\/ppgcamb\/files\/2021\/06\/Termo_de_Matricula_provisoria.pdf\">Termo de Matr\u00edcula Provis\u00f3ria<\/a><\/p>\n<h2><\/h2>\n<h2>EDITAL PARA SELE\u00c7\u00c3O E CONCESS\u00c3O DE BOLSAS PARA ALUNOS REGULARES &#8211; 2020\/1<\/h2>\n<p>O Programa de P\u00f3s-Gradua\u00e7\u00e3o em Ci\u00eancias Ambientais (PPGCAmb) abre inscri\u00e7\u00f5es e determina procedimentos para sele\u00e7\u00e3o e concess\u00e3o de\u00a0<b>Bolsas<\/b> para o primeiro semestre de 2021 na modalidade ampla concorr\u00eancia.<\/p>\n<p><a href=\"https:\/\/wp.ufpel.edu.br\/ppgcamb\/files\/2021\/02\/Resultado-Final-Edital-Bolsas-Ratificacao.pdf\">Resultado Final &#8211; Edital Bolsas &#8211; Ratifica\u00e7\u00e3o<\/a><\/p>\n<p><a href=\"https:\/\/wp.ufpel.edu.br\/ppgcamb\/files\/2021\/02\/Resultado-Final-Edital-Bolsas.pdf\">Resultado Final &#8211; Edital Bolsas<\/a><\/p>\n<p><a href=\"https:\/\/wp.ufpel.edu.br\/ppgcamb\/files\/2021\/02\/pos2021bolsa_homologacao.pdf\">Homologa\u00e7\u00e3o das Inscri\u00e7\u00f5es dos Candidatos<\/a><\/p>\n<p><a href=\"https:\/\/wp.ufpel.edu.br\/ppgcamb\/files\/2021\/02\/Edital-BOLSA-PPGCAmb-1.pdf\">Sele\u00e7\u00e3o Edital 01\/2021 &#8211; BOLSA CAPES \/ PPGCAmb<\/a><\/p>\n<p><a href=\"https:\/\/wp.ufpel.edu.br\/ppgcamb\/files\/2021\/02\/Prova-de-titulos-Edital-Bolsas.pdf\">Tabela de pontua\u00e7\u00e3o &#8211; Prova de titulos<\/a><\/p>\n<p>Ao candidato a bolsa \u00e9 importante estar ciente das\u00a0<a href=\"https:\/\/wp.ufpel.edu.br\/ppgcamb\/normas-para-a-concessao-e-manutencao-de-bolsa\/\">NORMAS PARA CONCESS\u00c3O E MANUTEN\u00c7\u00c3O DE BOLSA<\/a><\/p>\n<p>&nbsp;<\/p>\n<h2><span style=\"color: #ff0000;\"><strong>EDITAL DE ALUNO REGULAR 2021\/1<\/strong><\/span><\/h2>\n<p style=\"text-align: justify;\">A Universidade Federal de Pelotas torna p\u00fablica a\u00a0<b>sele\u00e7\u00e3o<\/b>\u00a0para ingresso no curso\u00a0<b>de<\/b>\u00a0<b>Mestrado Stricto sensu em Ci\u00eancias Ambientais para o primeiro semestre de 2021. <\/b>Acesse o edital para maiores informa\u00e7\u00f5es.<\/p>\n<p><a href=\"https:\/\/wp.ufpel.edu.br\/ppgcamb\/files\/2021\/02\/RESULTADO-FINAL-classificacao.pdf\">Resultado Final &#8211; Classifica\u00e7\u00e3o<\/a><\/p>\n<p><a href=\"https:\/\/wp.ufpel.edu.br\/ppgcamb\/files\/2021\/02\/RESULTADO-FINAL-Regular-2021_1_.pdf\">Resultado Final Regular 2021\/1<\/a><\/p>\n<p><a href=\"https:\/\/wp.ufpel.edu.br\/ppgcamb\/files\/2021\/02\/pos2021regular_homologacao-2.pdf\">Homologa\u00e7\u00e3o das Inscri\u00e7\u00f5es dos Candidatos<\/a><\/p>\n<p><a href=\"https:\/\/wp.ufpel.edu.br\/ppgcamb\/files\/2021\/02\/Instrucoes-para-apresentacao-dos-Anteprojetos.pdf\">Instru\u00e7\u00f5es para apresenta\u00e7\u00e3o dos Anteprojetos<\/a><\/p>\n<p><a href=\"https:\/\/wp.ufpel.edu.br\/ppgcamb\/files\/2020\/12\/Edital-SEI_UFPel-1160460-Edital-de-selecao-PRPPGI.pdf\">Edital de Sele\u00e7\u00e3o Aluno Regular 2021\/1<\/a><\/p>\n<p><a href=\"https:\/\/wp.ufpel.edu.br\/ppgcamb\/files\/2021\/01\/SEI_23110.033363_2020_31-Edital-retificacao-2.pdf\">Retifica\u00e7\u00e3o do Edital<\/a><\/p>\n<p><a href=\"https:\/\/wp.ufpel.edu.br\/ppgcamb\/files\/2019\/05\/formul%C3%A1rio-de-inscri%C3%A7%C3%A3o-processo-seletivo.pdf\">Formul\u00e1rio de inscri\u00e7\u00e3o &#8211; Processo Seletivo<\/a><\/p>\n<p><a href=\"https:\/\/wp.ufpel.edu.br\/ppgcamb\/files\/2020\/12\/Projeto-de-Mestrado_2021-1.doc\">Projeto de Mestrado \u2013 Processo seletivo<\/a><\/p>\n<p><a href=\"https:\/\/wp.ufpel.edu.br\/ppgcamb\/files\/2020\/12\/Prova-de-titulos-2021_1_ok.pdf\">Prova de t\u00edtulos \u2013 Anexo 2 \u2013 Processo Seletivo<\/a><\/p>\n<h2><\/h2>\n<h2><span style=\"color: #ff0000;\"><strong>EDITAL DE ALUNO ESPECIAL<\/strong><\/span><\/h2>\n<p style=\"text-align: justify;\">Aos interessados em participar da modalidade de <strong>aluno especial<\/strong> do Mestrado Stricto Sensu em<b> Ci\u00eancias Ambientais <\/b>para o<b> primeiro semestre de 2021 <\/b>o edital publico ter\u00e1 inscri\u00e7\u00f5es de abertas no per\u00edodo de 01 a 05 de mar\u00e7o de 2021. As disciplinas realizadas na categoria de aluno especial poder\u00e3o ser aproveitadas no Programa.<\/p>\n<p><a href=\"https:\/\/wp.ufpel.edu.br\/ppgcamb\/files\/2021\/01\/SEI_23110.035216_2020_04-Edital-aluno-especial.pdf\">Edital Aluno Especial<\/a><\/p>\n","protected":false},"excerpt":{"rendered":"<p>EDITAL DE ALUNO ESPECIAL 2021\/2 A Universidade Federal de Pelotas torna p\u00fablica a\u00a0sele\u00e7\u00e3o para ingresso como aluno especial\u00a0no curso de\u00a0Mestrado Stricto sensu em Ci\u00eancias Ambientais para o segundo semestre de 2021. Acesse o edital para maiores informa\u00e7\u00f5es. Edital de sele\u00e7\u00e3o &#8211; aluno especial 2021-2 &nbsp; EDITAL DE ALUNO REGULAR 2021\/2 A Universidade Federal de Pelotas [&hellip;]<\/p>\n","protected":false},"author":707,"featured_media":0,"parent":0,"menu_order":0,"comment_status":"closed","ping_status":"closed","template":"","meta":{"footnotes":""},"class_list":["post-2153","page","type-page","status-publish","hentry"],"_links":{"self":[{"href":"https:\/\/wp.ufpel.edu.br\/ppgcamb\/wp-json\/wp\/v2\/pages\/2153","targetHints":{"allow":["GET"]}}],"collection":[{"href":"https:\/\/wp.ufpel.edu.br\/ppgcamb\/wp-json\/wp\/v2\/pages"}],"about":[{"href":"https:\/\/wp.ufpel.edu.br\/ppgcamb\/wp-json\/wp\/v2\/types\/page"}],"author":[{"embeddable":true,"href":"https:\/\/wp.ufpel.edu.br\/ppgcamb\/wp-json\/wp\/v2\/users\/707"}],"replies":[{"embeddable":true,"href":"https:\/\/wp.ufpel.edu.br\/ppgcamb\/wp-json\/wp\/v2\/comments?post=2153"}],"version-history":[{"count":39,"href":"https:\/\/wp.ufpel.edu.br\/ppgcamb\/wp-json\/wp\/v2\/pages\/2153\/revisions"}],"predecessor-version":[{"id":5653,"href":"https:\/\/wp.ufpel.edu.br\/ppgcamb\/wp-json\/wp\/v2\/pages\/2153\/revisions\/5653"}],"wp:attachment":[{"href":"https:\/\/wp.ufpel.edu.br\/ppgcamb\/wp-json\/wp\/v2\/media?parent=2153"}],"curies":[{"name":"wp","href":"https:\/\/api.w.org\/{rel}","templated":true}]}}