{"id":2107,"date":"2020-12-04T15:28:11","date_gmt":"2020-12-04T18:28:11","guid":{"rendered":"https:\/\/wp.ufpel.edu.br\/ppgcamb\/?page_id=2107"},"modified":"2021-03-12T16:14:27","modified_gmt":"2021-03-12T19:14:27","slug":"conheca-um-pouco-nossos-professores","status":"publish","type":"page","link":"https:\/\/wp.ufpel.edu.br\/ppgcamb\/conheca-um-pouco-nossos-professores\/","title":{"rendered":"Um pouco sobre n\u00f3s&#8230;"},"content":{"rendered":"<p style=\"text-align: justify\"><span style=\"font-family: georgia, palatino, serif;font-size: 12pt\">Aqui voc\u00ea pode conhecer um pouquinho dos projetos de pesquisa de nossos professores, atrav\u00e9s de v\u00eddeos que foram apresentados em congressos e semin\u00e1rios! Os v\u00eddeos s\u00e3o dos grupos de pesquisa, alunos do PPCGAmb e tamb\u00e9m da gradua\u00e7\u00e3o! Esses v\u00eddeos apresentam\u00a0 a liga\u00e7\u00e3o intima dos programas de p\u00f3s-gradua\u00e7\u00e3o com a gradua\u00e7\u00e3o!<\/span><\/p>\n<ul style=\"text-align: justify\">\n<li><span style=\"font-family: georgia, palatino, serif;font-size: 12pt\"><a href=\"https:\/\/youtu.be\/iIie5KPT4CM\">ESTUDO SOBRE A APLICA\u00c7\u00c3O DE BOAS PR\u00c1TICAS NA GEST\u00c3O DE RES\u00cdDUOS SOLIDOS NO BRASIL<\/a>. CAROLINA DA SILVA SILVA; <strong><span style=\"color: #ff0000\">ANDREA SOUZA CASTRO<\/span><\/strong>; <span style=\"color: #ff0000\"><strong>DIULIANA LEANDRO<\/strong><\/span>; <span style=\"color: #ff0000\"><strong>EVERTON ANGER CAVALHEIRO<\/strong><\/span>; DENISE DOS SANTOS VIEIRA; <strong><span style=\"color: #ff0000\">WILLIAN CEZAR NADALETI<\/span><\/strong><\/span><\/li>\n<\/ul>\n<p>&nbsp;<\/p>\n<ul style=\"text-align: justify\">\n<li><span style=\"font-family: georgia, palatino, serif;font-size: 12pt\"><a href=\"https:\/\/www.youtube.com\/watch?v=mJ8LG89lkyk&amp;t=23s\">SOLU\u00c7\u00c3O DO MODELO MATEM\u00c1TICO BIDIMENSIONAL PARA A DISPERS\u00c3O DE POLUENTES EM CORPOS H\u00cdDRICOS PELO M\u00c9TODO GILTT.<\/a> ANDR\u00c9 RICKES; JOSIANE KONRADT; TAMIRES FONSECA DE ALMEIDA; <span style=\"color: #000000\">GUILHERME WEYMAR<\/span>; R\u00c9GIS QUADROS; <span style=\"color: #ff0000\"><strong>DANIELA BUSKE<\/strong><\/span><\/span><\/li>\n<\/ul>\n<p>&nbsp;<\/p>\n<ul style=\"text-align: justify\">\n<li>P<a href=\"https:\/\/youtu.be\/Jb_MI_6bmNg\">OTENCIAL DE APLICA\u00c7\u00c3O DO RES\u00cdDUO GRITS PARA REMO\u00c7\u00c3O DE CROMO (III) EM \u00c1GUAS CONTAMINADAS.<\/a> GUILHERME PEREIRA SCHOELER; THAYS FRAN\u00c7A AFONSO; CAROLINA FACCIO DEMARCO; <span style=\"color: #ff0000\"><strong>RAFAEL DE AVILA DELUCIS<\/strong><\/span>; <strong><span style=\"color: #ff0000\">ROBSON ANDREAZZA<\/span><\/strong><\/li>\n<\/ul>\n<p>&nbsp;<\/p>\n<ul style=\"text-align: justify\">\n<li><a href=\"https:\/\/youtu.be\/WEBRtUqSPB4\">A INFLU\u00caNCIA DA TEMPERATURA NA BIORREMO\u00c7\u00c3O DE CR(III) POR UMA BACT\u00c9RIA ISOLADA DA MACR\u00d3FITA HYMENACHNE GRUMOSA.<\/a> DIENIFER ALINE BRAUN BUNDE; AMANDA GARCIA DA CUNHA; <strong><span style=\"color: #ff0000\">ROBSON ANDREAZZA<\/span><\/strong>; <strong><span style=\"color: #ff0000\">ANDR\u00c9A SOUZA CASTRO<\/span><\/strong>; <strong><span style=\"color: #ff0000\">DIULIANA LEANDRO<\/span><\/strong>; <strong><span style=\"color: #ff0000\">SIMONE PIENIZ<\/span><\/strong><\/li>\n<\/ul>\n<p>&nbsp;<\/p>\n<ul style=\"text-align: justify\">\n<li><span style=\"font-family: georgia, palatino, serif;font-size: 12pt\"><a href=\"https:\/\/youtu.be\/RmezKagf5FI\">DIAGN\u00d3STICO E REDIMENSIONAMENTO DA ATUAL REDE DE MICRODRENAGEM DA AVENIDA SALDANHA MARINHO, PELOTAS \u2013 RS.\u00a0<\/a> V\u00cdTOR MASCARENHAS FERREIRA; DENISE DOS SANTOS VIEIRA; <span style=\"color: #ff0000\"><strong>DIULIANA LEANDRO<\/strong><\/span>; RITA DE C\u00c1SSIA FRAGA DAM\u00c9; <span style=\"color: #ff0000\"><strong>ANDR\u00c9A SOUZA CASTRO<\/strong><\/span><\/span><\/li>\n<\/ul>\n<p>&nbsp;<\/p>\n<ul>\n<li><span style=\"font-family: georgia, palatino, serif;font-size: 12pt\"><a href=\"https:\/\/www.youtube.com\/watch?v=7KmmQTF9tY4&amp;feature=youtu.be\">INVESTIGA\u00c7\u00c3O DO POTENCIAL T\u00c9RMICO DE TROCADORES DE CALOR SOLO-AR EM PELOTAS \u2013 RS.<\/a> PATRICK GARCIA MACHADO; <span style=\"color: #ff0000\"><strong>DANIELA BUSKE<\/strong><\/span>; RUTH BRUM<\/span><\/li>\n<\/ul>\n<p>&nbsp;<\/p>\n<ul>\n<li><a href=\"https:\/\/youtu.be\/ZuZ8hQWqWaU\">PRODU\u00c7\u00c3O DE BIOG\u00c1S VIA DIGEST\u00c3O ANAER\u00d3BIA DE VINHA\u00c7A NO BRASIL: COMPARA\u00c7\u00c3O ENTRE O POTENCIAL DE OFERTA ENERG\u00c9TICA DE METANO E HIDROG\u00caNIO<\/a>. VITOR ALVES LOUREN\u00c7O; <strong><span style=\"color: #ff0000\">WILLIAN NADALETTI<\/span><\/strong><\/li>\n<\/ul>\n<p>&nbsp;<\/p>\n<ul style=\"text-align: justify\">\n<li><a href=\"https:\/\/youtu.be\/rMpVqekwUU8\">LICENCIAMENTO AMBIENTAL: UMA S\u00cdNTESE SOBRE A NECESSIDADE DE AVALIAR OS PROCEDIMENTOS ADMINISTRATIVOS.<\/a> HELENA DE FIGUEIREDO HAMMES; <strong><span style=\"color: #ff0000\">TIRZAH MOREIRA SIQUEIRA<\/span><\/strong><\/li>\n<\/ul>\n<p>&nbsp;<\/p>\n<ul style=\"text-align: justify\">\n<li><a href=\"https:\/\/youtu.be\/vIO2saJaAak\">TEMPOS DE PANDEMIA: DETERMINA\u00c7\u00c3O DE \u00c1REAS VULNER\u00c1VEIS EM RELA\u00c7\u00c3O AO CORONAV\u00cdRUS NO MUNIC\u00cdPIO DO RIO GRANDE \/ RIO GRANDE DO SUL.<\/a> GABRIELA TOMBINI PONZI; <strong><span style=\"color: #ff0000\">DIULIANA LEANDRO<\/span><\/strong><\/li>\n<\/ul>\n<p>&nbsp;<\/p>\n<ul style=\"text-align: justify\">\n<li><a href=\"https:\/\/youtu.be\/P-1bWRGqGC0\">UTILIZA\u00c7\u00c3O DE FOTOCAT\u00c1LISE COMO FORMA DE TRATAMENTO DE EFLUENTES: UMA REVIS\u00c3O.<\/a> J\u00c9SSICA TORRES DOS SANTOS; J\u00c9SSICA DA ROCHA ALENCAR BEZERRA DE HOLANDA; CAROLINE MENEZES PINHEIRO; JULIA KAIANE PRATES DA SILVA; <strong><span style=\"color: #ff0000\">MAURIZIO SILVEIRA QUADRO<\/span><\/strong><\/li>\n<\/ul>\n<p>&nbsp;<\/p>\n<ul>\n<li><a href=\"https:\/\/youtu.be\/5ACKvsXeIUs\">EVOLU\u00c7\u00c3O DA COLETA CONTEINERIZADA NO MUNIC\u00cdPIO DE PELOTAS\/RS.<\/a> LET\u00cdCIA DEMARI ANTUNES; <span style=\"color: #ff0000\"><strong>LUCIARA BILHALVA CORR\u00caA<\/strong><\/span><\/li>\n<\/ul>\n<p>&nbsp;<\/p>\n<ul>\n<li><a href=\"https:\/\/youtu.be\/nH7UqViz7Ak\">EXTRA\u00c7\u00c3O DE \u00d3LEO FIXO EM MACR\u00d3FITAS PRESENTES NO RES\u00cdDUO DO TRATAMENTO DO ESGOTO EM LAGOA DE ESTABILIZA\u00c7\u00c3O NO MUNIC\u00cdPIO DE PELOTAS \u2013 RS.<\/a> LUCAS REINALDO WACHHOLZ ROMANO; NIDRIA DIAS CRUZ; IVANDRA IGN\u00caS DE SANTI; <strong><span style=\"color: #ff0000\">DARCI ALBERTO GATTO<\/span><\/strong><\/li>\n<\/ul>\n<p>&nbsp;<\/p>\n<ul style=\"text-align: justify\">\n<li style=\"text-align: justify\"><a href=\"https:\/\/youtu.be\/UZ3MIHbVTiE\">AVALIA\u00c7\u00c3O DA EMISS\u00c3O DE DI\u00d3XIDO DE CARBONO NO BENEFICIAMENTO DO ARROZ EM PELOTAS\/RS.<\/a> L\u00cdLIAN DE QUEIROZ FIRMINO; RAFAEL PRIEBE GRIEP; <span style=\"color: #ff0000\"><strong>GIZELE INGRID GADOTTI<\/strong><\/span>; VIVIANE FARIAS SILVA<\/li>\n<\/ul>\n<p>&nbsp;<\/p>\n<ul style=\"text-align: justify\">\n<li style=\"text-align: justify\"><a href=\"https:\/\/youtu.be\/7oyi_9sqGa0\">REGENERA\u00c7\u00c3O NATURAL DE FRAGMENTO DE FLORESTA ESTACIONAL SEMIDECIDUAL EM PELOTAS, RS<\/a>. THALES CASTILHOS DE FREITAS; MARIANA M\u00dcHLENBERG SOARES; ERNESTINO DE SOUZA G. GUARINO; ISADORA M. DA LUZ REAL; ARTUR RAMOS MOLINA; <strong><span style=\"color: #ff0000\">RAFAEL BELTRAME<\/span><\/strong><\/li>\n<\/ul>\n<p>&nbsp;<\/p>\n<ul style=\"text-align: justify\">\n<li><a href=\"https:\/\/youtu.be\/kzWqFiAigsE\">UM ESTUDO SOBRE A UTILIZA\u00c7\u00c3O DO SISTEMA TESTE DE Allium cepa PARA AVALIAR A CITOGENOTOXICIDADE DE PRODUTOS FARMAC\u00caUTICOS.<\/a> J\u00c9SSICA DA ROCHA ALENCAR BEZERRA DE HOLANDA; J\u00c9SSICA TORRES DOS SANTOS; J\u00daLIA KAIANE PRATES DA SILVA; MANOELA COLPES VIEIRA; VERA LUCIA BOBROWSKI; <strong><span style=\"color: #ff0000\">MAURIZIO SILVEIRA QUADRO<\/span><\/strong><\/li>\n<\/ul>\n<p>&nbsp;<\/p>\n<ul style=\"text-align: justify\">\n<li><span style=\"font-family: georgia, palatino, serif;font-size: 12pt\"><a href=\"https:\/\/www.youtube.com\/watch?v=KDbnmlxvphY&amp;feature=youtu.be\">MODELAGEM MATEM\u00c1TICA PARA DISPERS\u00c3O DE POLUENTES EM UM CORPO H\u00cdDRICO.\u00a0<\/a> SILVANA BARBOSA COSTA GARCIA; <span style=\"color: #000000\">GUILHERME WEYMAR<\/span>; IGOR FURTADO; HUGO GUEDES; <span style=\"color: #ff0000\"><strong>DANIELA BUSKE<\/strong><\/span><\/span><\/li>\n<\/ul>\n<p>&nbsp;<\/p>\n<ul style=\"text-align: justify\">\n<li><a href=\"https:\/\/youtu.be\/XSCrzqqKr6Y\">AN\u00c1LISE DA DEGRADA\u00c7\u00c3O T\u00c9RMICA DA BIOMASSA DE MACR\u00d3FITAS AQU\u00c1TICAS PARA PRODU\u00c7\u00c3O DE CARV\u00c3O ATIVADO.<\/a> CAROLINA FACCIO DEMARCO; THAYS FRAN\u00c7A AFONSO; GUILHERME PEREIRA SCHOELER; JOSIANE FARIAS; FERNANDA DIAS DE \u00c1VILA; <strong><span style=\"color: #ff0000\">ROBSON ANDREAZZA<\/span><\/strong><\/li>\n<\/ul>\n<p>&nbsp;<\/p>\n<ul style=\"text-align: justify\">\n<li style=\"text-align: justify\"><span style=\"font-family: georgia, palatino, serif;font-size: 12pt\"><a href=\"https:\/\/www.youtube.com\/watch?v=aPfH8mR5tv0&amp;feature=youtu.be\">SIMULA\u00c7\u00c3O TRANSIENTE UNIDIMENSIONAL DA DISPERS\u00c3O DE POLUENTES NA ATMOSFERA, CONSIDERANDO O FECHAMENTO N\u00c3O LOCAL DA TURBUL\u00caNCIA.\u00a0<\/a> LUCAS BERNA;\u00a0 VILIAM CARDOSO DA SILVEIRA; LUCAS TADEO; <span style=\"color: #ff0000\"><strong>DANIELA BUSKE<\/strong><\/span><\/span><\/li>\n<\/ul>\n<p>&nbsp;<\/p>\n<ul style=\"text-align: justify\">\n<li style=\"text-align: justify\"><a href=\"https:\/\/youtu.be\/5W64MkE5cds\">ATIVIDADE ENZIM\u00c1TICA E HIDR\u00d3LISE DO BAGA\u00c7O DE CANA-DEA\u00c7\u00daCAR POR ENZIMA PRODUZIDA PELA TRICHODERMA SG2<\/a>. JOSIANE PINHEIRO FARIAS; FERNANDA DIAS DE \u00c1VILA; CAROLINA FACCIO DEMARCO2 ; CAROLINE SOARES SANTOS; <strong><span style=\"color: #ff0000\">BENEDICT C. OKEKE<\/span><\/strong>; <strong><span style=\"color: #ff0000\">ROBSON ANDREAZZA<\/span><\/strong><\/li>\n<\/ul>\n<p>&nbsp;<\/p>\n<ul style=\"text-align: justify\">\n<li style=\"text-align: justify\"><a href=\"https:\/\/youtu.be\/5g5tk6OADNs\">CONSCIENTIZA\u00c7\u00c3O, O IN\u00cdCIO DOS PROBLEMAS AMBIENTAIS CAUSADOS PELOS RESIDUOS DA CONSTRU\u00c7\u00c3O CIVIL.<\/a> NESTOR JOS\u00c9 SILVEIRA DE SILVEIRA; <strong><span style=\"color: #ff0000\">DIULIANA LEANDRO<\/span><\/strong>; <strong><span style=\"color: #ff0000\">EVERTON ANGER CAVALHEIRO<\/span><\/strong>; DENISE DOS SANTOS VIEIRA; SIDERLY DAHLE DE ALMEIDA; <strong><span style=\"color: #ff0000\">ANDR\u00c9A SOUZA CASTRO<\/span><\/strong><\/li>\n<\/ul>\n<p>&nbsp;<\/p>\n<ul style=\"text-align: justify\">\n<li style=\"text-align: justify\"><a href=\"https:\/\/youtu.be\/6wFGofpVT3M\">INVERSO DA DIST\u00c2NCIA PONDERADA APLICADO \u00c0 GERA\u00c7\u00c3O DE EQUA\u00c7\u00d5ES INTENSIDADE-DURA\u00c7\u00c3O-FREQU\u00caNCIA PARA O ESTADO DO RIO GRANDE DO SUL.<\/a> ARYANE ARAUJO RODRIGUES; TAMARA LEITZKE CALDEIRA BESKOW; <span style=\"color: #ff0000\"><strong>TIRZAH MOREIRA SIQUEIRA<\/strong><\/span><\/li>\n<\/ul>\n<p>&nbsp;<\/p>\n<ul style=\"text-align: justify\">\n<li><span style=\"font-family: georgia, palatino, serif;font-size: 12pt\"><a href=\"https:\/\/www.youtube.com\/watch?v=Hv84LR8-lJs&amp;feature=youtu.be\">AN\u00c1LISE E PROJE\u00c7\u00c3O DA COVID-19 NO MUNIC\u00cdPIO DE PELOTAS AT\u00c9 26\/09\/2020.\u00a0<\/a> GUSTAVO BRAZ KURZ, R\u00c9GIS QUADROS; GL\u00caNIO GON\u00c7ALVES; <span style=\"color: #ff0000\"><strong>DANIELA BUSKE<\/strong><\/span><\/span><\/li>\n<\/ul>\n<p>&nbsp;<\/p>\n<ul style=\"text-align: justify\">\n<li style=\"text-align: justify\"><a href=\"https:\/\/youtu.be\/ISyU7FUE1JY\">RECEITA SUSTENT\u00c1VEL COMO FERRAMENTA DE EDUCA\u00c7\u00c3O AMBIENTAL: ESTUDO DE CASO EM UMA ESCOLA DE EDUCA\u00c7\u00c3O INFANTIL.<\/a> ZILDA DIANE DA SILVA LEAL; <span style=\"color: #ff0000\"><strong>\u00c9RICO KUNDE CORR\u00caA<\/strong><\/span><\/li>\n<\/ul>\n<p>&nbsp;<\/p>\n<ul style=\"text-align: justify\">\n<li><a href=\"https:\/\/youtu.be\/-tZ12GHu49o\">A NECESSIDADE DE DIVULGAR INFORMA\u00c7\u00d5ES SOBRE A GEST\u00c3O P\u00daBLICA E VALORAR O CADASTRO T\u00c9CNICO MULTIFINALIT\u00c1RIO (CTM)<\/a> . LISMARA CARVALHO MARQUES; LET\u00cdCIA BRAND\u00c3O CALDAS; LARISSA ALDRIGHI DA SILVA; SILVIA SIM\u00d5ES ADONES; GABRIELA TOMBINI PONZI; <span style=\"color: #ff0000\"><strong>DIULIANA LEANDRO<\/strong><\/span><\/li>\n<\/ul>\n<p>&nbsp;<\/p>\n<ul>\n<li style=\"text-align: justify\"><a href=\"https:\/\/youtu.be\/O4_OzzGkdNQ\">JOGOS INFANTIS COMO PROPOSTA DE EDUCA\u00c7\u00c3O AMBIENTAL EM UM CONDOM\u00cdNIO RESIDENCIAL NA CIDADE PELOTAS &#8211; RS.<\/a> VANESSA FARIA DE OLIVEIRA; <span style=\"color: #ff0000\"><strong>LUCIARA BILHALVA CORR\u00caA<\/strong><\/span>; <span style=\"color: #ff0000\"><strong>\u00c9RICO KUNDE CORR\u00caA<\/strong><\/span><\/li>\n<\/ul>\n<p>&nbsp;<\/p>\n<ul>\n<li><a href=\"https:\/\/youtu.be\/V3huBWdDJQ4\">AN\u00c1LISE DO \u00cdNDICE DE IODO DO BIODIESEL DE \u00d3LEO DE P\u00caSSEGO<\/a>. ANDERSON GABRIEL CORR\u00caA; <span style=\"font-family: georgia, palatino, serif;font-size: 12pt\"><strong><span style=\"color: #ff0000\">WILLIAN CEZAR NADALETI<\/span><\/strong><\/span><\/li>\n<\/ul>\n<p>&nbsp;<\/p>\n<ul>\n<li><a href=\"https:\/\/youtu.be\/tepzlZboeXE\">\u00cdNDICE DE VULNERABILIDADE SOCIOAMBIENTAL PARA TOMADA DE DECIS\u00d5ES NO \u00c2MBITO DE POL\u00cdTICAS P\u00daBLICAS.<\/a> LARISSA ALDRIGHI DA SILVA ; GABRIELA TOMBINI PONZI; LET\u00cdCIA BRAND\u00c3O CALDAS; LISMARA CARVALHO MARQUES; <strong><span style=\"color: #ff0000\">ANDR\u00c9A SOUZA DE CASTRO<\/span><\/strong>; <span style=\"color: #ff0000\"><strong>DIULIANA LEANDRO<\/strong><\/span><\/li>\n<\/ul>\n<p>&nbsp;<\/p>\n<ul>\n<li><a href=\"https:\/\/youtu.be\/-A4-dOebYuo\">ANALISE DE VISCOSIDADE CINEM\u00c1TICA DE BIOCOMBUST\u00cdVEL DE CONSERVAS DE P\u00caSSEGO NO MUNIC\u00cdPIO DE PELOTAS\/RS<\/a>.\u00a0<span style=\"font-family: georgia, palatino, serif;font-size: 12pt\"><strong><span style=\"color: #ff0000\">WILLIAN CEZAR NADALETI<\/span><\/strong><\/span><\/li>\n<\/ul>\n<p>&nbsp;<\/p>\n<ul>\n<li><span style=\"font-family: georgia, palatino, serif;font-size: 12pt\"><a href=\"https:\/\/youtu.be\/D5QJoEcB-H0\">A STUDY OF SOME PHYSICAL PARAMETERS OF EARTH-AIR HEAT EXCHANGERS<\/a>. \u00a0PATRICK MACHADO; LUCAS LUCENA; RUTH BRUM; <span style=\"color: #ff0000\"><strong>DANIELA BUSKE<\/strong><\/span><\/span><\/li>\n<\/ul>\n<p>&nbsp;<\/p>\n<ul>\n<li><a href=\"https:\/\/youtu.be\/G0i4Ys982RA\">AN\u00c1LISE DO PERFIL SETORIAL DAS EMISS\u00d5ES DE GASES DE EFEITO ESTUFA NO RIO GRANDE DO SUL DE 2002 A 2018.<\/a> EDUARDA GOMES; <strong><span style=\"color: #ff0000\">WILLIAN NADALETTI<\/span><\/strong><\/li>\n<\/ul>\n<p>&nbsp;<\/p>\n<ul style=\"text-align: justify\">\n<li><span style=\"font-family: georgia, palatino, serif;font-size: 12pt\"><a href=\"https:\/\/www.youtube.com\/watch?v=4WmR5wzXsK4&amp;feature=youtu.be\">CONTAMINANT DISPERSION MODEL IN A WATER BODY \u2013 CASE STUDY: RIO PARAIBUNA\u00a0\u00a0<\/a>. SILVANA GARCIA; <span style=\"color: #ff0000\"><strong>DANIELA BUSKE<\/strong><span style=\"color: #000000\">;<\/span><\/span>\u00a0<span style=\"color: #000000\">GUILHERME WEYMAR<\/span>; IGOR FURTADO; HUGO GUEDES<\/span><\/li>\n<\/ul>\n<p>&nbsp;<\/p>\n<ul>\n<li style=\"text-align: justify\"><a href=\"https:\/\/youtu.be\/WWWffadYNSk\">DESMATAMENTO NO ESTADO DO PAR\u00c1: UMA AN\u00c1LISE CONTEXTUAL.<\/a> EDUARDA GOMES; ANDERSON CORR\u00caA; <strong><span style=\"color: #ff0000\">WILLIAN NADALETTI<\/span><\/strong>; <span style=\"color: #ff0000\"><strong>BRUNO VIEIRA<\/strong><\/span>; <strong><span style=\"color: #ff0000\">DIULIANA LEANDRO<\/span><\/strong><\/li>\n<\/ul>\n<p>&nbsp;<\/p>\n<ul>\n<li style=\"text-align: justify\"><span style=\"font-family: georgia, palatino, serif;font-size: 12pt\"><a href=\"https:\/\/youtu.be\/--45TE1R87w\">A SEGMENT PLUME MODEL CONSIDERING STOCHASTIC VELOCITIES FOR DISPERSION IN STABLE LOW WIND CONDITIONS<\/a>. CAMILA FAVERO; GLENIO GON\u00c7ALVES; <span style=\"color: #ff0000\"><strong>DANIELA BUSKE<\/strong><\/span><\/span><\/li>\n<\/ul>\n<p>&nbsp;<\/p>\n<ul>\n<li><a href=\"https:\/\/youtu.be\/cMC2CNbMt2E\">UTILIZA\u00c7\u00c3O DE BIODIGESTORES SOB A \u00d3TICA DA ECONOMIA CIRCULAR.<\/a> GABRIEL AM\u00c9RICO ALVES DOS SANTOS; <strong><span style=\"color: #ff0000\">WILLIAN NADALETTI<\/span><\/strong><\/li>\n<\/ul>\n<p>&nbsp;<\/p>\n<ul>\n<li style=\"text-align: justify\">POTENCIAL DE PRODU\u00c7\u00c3O DE BIODIESEL E METANO EMPREGANDO RES\u00cdDUOS DO SETOR DE RIZICULTURA DO RS. ANDERSON GABRIEL CORR\u00caA; <strong><span style=\"color: #ff0000\">WILLIAN CEZAR NADALETI<\/span><\/strong>;<span style=\"color: #ff0000\"><strong> BRUNO VIEIRA<\/strong><\/span><\/li>\n<\/ul>\n<p>&nbsp;<\/p>\n<ul>\n<li style=\"text-align: justify\"><a href=\"https:\/\/youtu.be\/Aq5Tds97mzc\">ANALISE DAS CONCENTRA\u00c7\u00d5ES DE DI\u00d3XIDO DE NITROG\u00caNIO (NO2) NA REGI\u00c3O DA AM\u00c9RICA DO SUL DURANTE A PANDEMIA DO NOVO CORONAV\u00cdRUS.\u00a0<\/a>\u00a0ANDERSON GABRIEL CORR\u00caA; LET\u00cdCIA BRAND\u00c3O CALDAS; ANAIS FRAN\u00c7A DE MATTOS; <strong><span style=\"color: #ff0000\">DIULIANA<\/span><\/strong><span style=\"color: #ff0000\"><strong> LEANDRO<\/strong>; <\/span><strong><span style=\"color: #ff0000\">WILLIAN<\/span><span style=\"color: #ff0000\"> CEZAR NADALETI<\/span><\/strong><\/li>\n<\/ul>\n<p>&nbsp;<\/p>\n<ul>\n<li>\n<div style=\"text-align: justify\"><a href=\"https:\/\/youtu.be\/iqaADxPElfM\">ESTUDO SOBRE A INFLU\u00caNCIA DA EPIDEMIA DO NOVO CORONAV\u00cdRUS NA REDU\u00c7\u00c3O DA POLUI\u00c7\u00c3O ATMOSF\u00c9RICA NO BRASIL.<\/a> ANDERSON GABRIEL CORR\u00caA; LET\u00cdCIA BRAND\u00c3O CALDAS; EDUARDA GOMES DE SOUZA; \u00a0<strong><span style=\"color: #ff0000\">DIULIANA<\/span><\/strong><span style=\"color: #ff0000\"><strong> LEANDRO<\/strong>; <\/span><strong><span style=\"color: #ff0000\">WILLIAN<\/span><span style=\"color: #ff0000\"> CEZAR NADALETI<\/span><\/strong><\/div>\n<\/li>\n<\/ul>\n<p>&nbsp;<\/p>\n<ul>\n<li><a href=\"https:\/\/youtu.be\/PI2hvUMc8Pw\">INFLU\u00caNCIA DA TEMPERATURA NA PRODU\u00c7\u00c3O DE BIOG\u00c1S ATRAV\u00c9S DA CODIGEST\u00c3O ANAER\u00d3BIA DE RES\u00cdDUOS ORG\u00c2NICO<\/a>.\u00a0ANDERSON GABRIEL CORR\u00caA; <strong><span style=\"color: #ff0000\">WILLIAN CEZAR NADALETI<\/span><\/strong>;<span style=\"color: #ff0000\"><strong> BRUNO VIEIRA<\/strong><\/span><\/li>\n<\/ul>\n<p>&nbsp;<\/p>\n<ul>\n<li>\n<div><a href=\"https:\/\/youtu.be\/e0di_gh23Bk\">AVALIA\u00c7\u00c3O DO GRAU DE REMO\u00c7\u00c3O DA MAT\u00c9RIA ORG\u00c2NICA NA CODIGEST\u00c3O ANAER\u00d3BIA DE RES\u00cdDUOS ORG\u00c2NICOS<\/a>.\u00a0ANDERSON GABRIEL CORR\u00caA; <strong><span style=\"color: #ff0000\">WILLIAN CEZAR NADALETI<\/span><\/strong>;<span style=\"color: #ff0000\"><strong> BRUNO VIEIRA<\/strong><\/span><\/div>\n<\/li>\n<\/ul>\n<p>&nbsp;<\/p>\n<p>&nbsp;<\/p>\n<p>&nbsp;<\/p>\n","protected":false},"excerpt":{"rendered":"<p>Aqui voc\u00ea pode conhecer um pouquinho dos projetos de pesquisa de nossos professores, atrav\u00e9s de v\u00eddeos que foram apresentados em congressos e semin\u00e1rios! Os v\u00eddeos s\u00e3o dos grupos de pesquisa, alunos do PPCGAmb e tamb\u00e9m da gradua\u00e7\u00e3o! Esses v\u00eddeos apresentam\u00a0 a liga\u00e7\u00e3o intima dos programas de p\u00f3s-gradua\u00e7\u00e3o com a gradua\u00e7\u00e3o! ESTUDO SOBRE A APLICA\u00c7\u00c3O DE [&hellip;]<\/p>\n","protected":false},"author":707,"featured_media":0,"parent":0,"menu_order":0,"comment_status":"closed","ping_status":"closed","template":"","meta":{"footnotes":""},"class_list":["post-2107","page","type-page","status-publish","hentry"],"_links":{"self":[{"href":"https:\/\/wp.ufpel.edu.br\/ppgcamb\/wp-json\/wp\/v2\/pages\/2107","targetHints":{"allow":["GET"]}}],"collection":[{"href":"https:\/\/wp.ufpel.edu.br\/ppgcamb\/wp-json\/wp\/v2\/pages"}],"about":[{"href":"https:\/\/wp.ufpel.edu.br\/ppgcamb\/wp-json\/wp\/v2\/types\/page"}],"author":[{"embeddable":true,"href":"https:\/\/wp.ufpel.edu.br\/ppgcamb\/wp-json\/wp\/v2\/users\/707"}],"replies":[{"embeddable":true,"href":"https:\/\/wp.ufpel.edu.br\/ppgcamb\/wp-json\/wp\/v2\/comments?post=2107"}],"version-history":[{"count":31,"href":"https:\/\/wp.ufpel.edu.br\/ppgcamb\/wp-json\/wp\/v2\/pages\/2107\/revisions"}],"predecessor-version":[{"id":2501,"href":"https:\/\/wp.ufpel.edu.br\/ppgcamb\/wp-json\/wp\/v2\/pages\/2107\/revisions\/2501"}],"wp:attachment":[{"href":"https:\/\/wp.ufpel.edu.br\/ppgcamb\/wp-json\/wp\/v2\/media?parent=2107"}],"curies":[{"name":"wp","href":"https:\/\/api.w.org\/{rel}","templated":true}]}}