{"id":185,"date":"2016-10-31T18:20:36","date_gmt":"2016-10-31T20:20:36","guid":{"rendered":"https:\/\/wp.ufpel.edu.br\/ppgcamb\/?page_id=185"},"modified":"2019-04-10T08:04:10","modified_gmt":"2019-04-10T11:04:10","slug":"home","status":"publish","type":"page","link":"https:\/\/wp.ufpel.edu.br\/ppgcamb\/home\/","title":{"rendered":"Inicial"},"content":{"rendered":"<p>Prezados Alunos,<\/p>\n<p>A matr\u00edcula ser\u00e1 realizada na sala 308, do centro de engenharias, quinta feira dia 11\/04\/2019, das 9:00 as 12:00 h. Trazendo duas folhas do formul\u00e1rio de matr\u00edcula. As disciplinas dispon\u00edveis est\u00e3o no link ofertas.<\/p>\n<p>Att.,<\/p>\n<p>Coordena\u00e7\u00e3o<\/p>\n<p><a href=\"https:\/\/wp.ufpel.edu.br\/ppgcamb\/files\/2019\/04\/Formulario-Matr\u00edcula.doc\">Formulario Matr\u00edcula<\/a><\/p>\n<p>_____________________________________________________________<\/p>\n<p>Prezados Alunos,<\/p>\n<p>Em reuni\u00e3o de Colegiado realizada ontem 25\/03\/2019, se decidiu que as aulas ser\u00e3o iniciadas dia 08 de Abril, em virtude da Finaliza\u00e7\u00e3o do Edital de alunos regulares, vagas remanescentes.<\/p>\n<p>Outra informa\u00e7\u00e3o sobre as disciplinas. A disciplina de Avalia\u00e7\u00e3o de Impactos Ambientais ser\u00e1 cancelada no semestre 2019\/1, em virtude da Professora entrar de licen\u00e7a no mes de abril. Os alunos que se matricularam nela, podem solicitar a substitui\u00e7\u00e3o da disciplina por outra ofertada no semestre, ou esperarem para se matricular no semestre seguinte 2019\/2. Os alunos Especiais podem solicitar ao colegiado (robsonandreazza@yahoo.com.br ou gizeleingrid@gmail.com), a substitui\u00e7\u00e3o da disciplina de avalia\u00e7\u00e3o de impactos ambientais.<\/p>\n<p>Desde j\u00e1 agradecemos,<\/p>\n<p>Att.,<\/p>\n<p>Coordena\u00e7\u00e3o<\/p>\n<p>_____________________________________________________________<\/p>\n<p>Prezados Alunos Especiais,<\/p>\n<p>Todos os alunos especiais aprovados devem comparecer na sala 102 da Cotada para realizar a matr\u00edcula, no dia 21\/03\/2019. Ressaltamos que n\u00e3o haver\u00e1 mais matr\u00edcula caso n\u00e3o haja o comparecimento neste dia. O Professor Robson ir\u00e1 atende-los das 13:30 h, at\u00e9 as 17:30 h. Trazer o formul\u00e1rio de matr\u00edcula preenchido em duas vias.<\/p>\n<p>Att.,<\/p>\n<p>Coordena\u00e7\u00e3o<\/p>\n<p>&nbsp;<\/p>\n<p>&nbsp;<\/p>\n<p>Prezados Alunos,<\/p>\n<p>Atividades com os alunos 2019\/1, ter\u00e7a-feira, dia 19\/03, atividade de Pesquisa no Laborat\u00f3rio da Cotada n. 200, as 14 h, com o Professor \u00c9rico.<\/p>\n<p>Dia 20\/03, as 14:00 h, na Engenharia Industrial Madeireira, R. Conde de Porto Alegre, 793, com o Professor Rafael Beltrame e Darci Gatto. No Laborat\u00f3rio de Ci\u00eancia da Madeira.<\/p>\n<p>Dia 21\/03, as 14:00. No campus Cap\u00e3o do Le\u00e3o. No Laborat\u00f3rio GDISPEN, no Pr\u00e9dio 16, sala 105. A Professora Daniela vai dar uma palestra sobre a dispers\u00e3o de Poluentes.<\/p>\n<p>Att.,<\/p>\n<p>Coordena\u00e7\u00e3o<\/p>\n<p>Prezados Alunos,<\/p>\n<p>As matr\u00edculas e corre\u00e7\u00e3o das mesmas podem ser feitas na segunda-feira dia 18\/03\/2019 aqui na secretaria do Curso. Como n\u00e3o temos secret\u00e1ria, o Coordenador do Curso ir\u00e1 realiz\u00e1-las na medida do Poss\u00edvel, durante todo o dia. Assim, a coordena\u00e7\u00e3o agradece a compreens\u00e3o, pois o coordenador tem outras atividades e necessitar\u00e1 se ausentar em alguns momentos.<\/p>\n<p>Alunos regulares, todos est\u00e3o convocados para uma conversa as 15:00 h na sala da coordena\u00e7\u00e3o. Explicarei a todos os alunos as atividades e ou encontros que realizaremos.<\/p>\n<p>Na semana entre o dia 18 e o dia\u00a0 22 n\u00e3o haver\u00e3o aulas presenciais do PPGCAmb, contudo, haver\u00e1 atividades durante a semana para os alunos regulares.<\/p>\n<p>&nbsp;<\/p>\n<p>Informa\u00e7\u00f5es importantes 2018-2<\/p>\n<p><a href=\"https:\/\/wp.ufpel.edu.br\/ppgcamb\/files\/2018\/06\/informa\u00e7\u00f5es-importantes-2018-2.pdf\">informa\u00e7\u00f5es importantes 2018-2<\/a><\/p>\n<p>&nbsp;<\/p>\n<p>Curr\u00edculo do curso<\/p>\n<p><a href=\"https:\/\/wp.ufpel.edu.br\/ppgcamb\/files\/2018\/06\/curr\u00edculo-do-curso-novo-2018-2.pdf\">curr\u00edculo do curso novo 2018-2<\/a><\/p>\n<p>&nbsp;<\/p>\n<p>&nbsp;<\/p>\n","protected":false},"excerpt":{"rendered":"<p>Prezados Alunos, A matr\u00edcula ser\u00e1 realizada na sala 308, do centro de engenharias, quinta feira dia 11\/04\/2019, das 9:00 as 12:00 h. Trazendo duas folhas do formul\u00e1rio de matr\u00edcula. As disciplinas dispon\u00edveis est\u00e3o no link ofertas. Att., Coordena\u00e7\u00e3o Formulario Matr\u00edcula _____________________________________________________________ Prezados Alunos, Em reuni\u00e3o de Colegiado realizada ontem 25\/03\/2019, se decidiu que as aulas [&hellip;]<\/p>\n","protected":false},"author":707,"featured_media":0,"parent":0,"menu_order":0,"comment_status":"closed","ping_status":"closed","template":"","meta":{"footnotes":""},"class_list":["post-185","page","type-page","status-publish","hentry"],"_links":{"self":[{"href":"https:\/\/wp.ufpel.edu.br\/ppgcamb\/wp-json\/wp\/v2\/pages\/185","targetHints":{"allow":["GET"]}}],"collection":[{"href":"https:\/\/wp.ufpel.edu.br\/ppgcamb\/wp-json\/wp\/v2\/pages"}],"about":[{"href":"https:\/\/wp.ufpel.edu.br\/ppgcamb\/wp-json\/wp\/v2\/types\/page"}],"author":[{"embeddable":true,"href":"https:\/\/wp.ufpel.edu.br\/ppgcamb\/wp-json\/wp\/v2\/users\/707"}],"replies":[{"embeddable":true,"href":"https:\/\/wp.ufpel.edu.br\/ppgcamb\/wp-json\/wp\/v2\/comments?post=185"}],"version-history":[{"count":64,"href":"https:\/\/wp.ufpel.edu.br\/ppgcamb\/wp-json\/wp\/v2\/pages\/185\/revisions"}],"predecessor-version":[{"id":943,"href":"https:\/\/wp.ufpel.edu.br\/ppgcamb\/wp-json\/wp\/v2\/pages\/185\/revisions\/943"}],"wp:attachment":[{"href":"https:\/\/wp.ufpel.edu.br\/ppgcamb\/wp-json\/wp\/v2\/media?parent=185"}],"curies":[{"name":"wp","href":"https:\/\/api.w.org\/{rel}","templated":true}]}}