{"id":1789,"date":"2020-03-24T13:13:42","date_gmt":"2020-03-24T16:13:42","guid":{"rendered":"https:\/\/wp.ufpel.edu.br\/ppgcamb\/?page_id=1789"},"modified":"2020-03-24T14:03:09","modified_gmt":"2020-03-24T17:03:09","slug":"topicos-especiais-em-modelagem-aplicada-as-ciencias-ambientais","status":"publish","type":"page","link":"https:\/\/wp.ufpel.edu.br\/ppgcamb\/topicos-especiais-em-modelagem-aplicada-as-ciencias-ambientais\/","title":{"rendered":"T\u00f3picos Especiais em Modelagem Aplicada \u00e0s Ci\u00eancias Ambientais"},"content":{"rendered":"<p><strong>Disciplina: T\u00f3picos Especiais em Modelagem Aplicada \u00e0s Ci\u00eancias Ambientais<\/strong><\/p>\n<p>Professor: Daniela Buske<\/p>\n<p>C\u00f3digo: 15000734<\/p>\n<p>Cr\u00e9ditos:4h<\/p>\n<p>&nbsp;<\/p>\n<p><strong>Ementa:<\/strong><\/p>\n<p>Esta disciplina tem conte\u00fado vari\u00e1vel a cada semestre e est\u00e1 sempre vinculada a temas relacionados \u00e0s Ci\u00eancias Ambientais, abordando a modelagem matem\u00e1tica do processo estudado.<\/p>\n<p>&nbsp;<\/p>\n<p class=\"Texto_Justificado\"><strong>Unidades e Assuntos<\/strong><br \/>\nEsta disciplina tem conte\u00fado vari\u00e1vel a cada semestre e est\u00e1 sempre vinculada a temas de Modelagem Matem\u00e1tica e Ci\u00eancias Ambientais.<\/p>\n<p class=\"Texto_Justificado\"><strong><br \/>\nRefer\u00eancias<\/strong><\/p>\n<p>Vari\u00e1vel &#8211; de acordo com tem\u00e1tica abordada.<\/p>\n","protected":false},"excerpt":{"rendered":"<p>Disciplina: T\u00f3picos Especiais em Modelagem Aplicada \u00e0s Ci\u00eancias Ambientais Professor: Daniela Buske C\u00f3digo: 15000734 Cr\u00e9ditos:4h &nbsp; Ementa: Esta disciplina tem conte\u00fado vari\u00e1vel a cada semestre e est\u00e1 sempre vinculada a temas relacionados \u00e0s Ci\u00eancias Ambientais, abordando a modelagem matem\u00e1tica do processo estudado. &nbsp; Unidades e Assuntos Esta disciplina tem conte\u00fado vari\u00e1vel a cada semestre e [&hellip;]<\/p>\n","protected":false},"author":707,"featured_media":0,"parent":0,"menu_order":0,"comment_status":"closed","ping_status":"closed","template":"","meta":{"footnotes":""},"class_list":["post-1789","page","type-page","status-publish","hentry"],"_links":{"self":[{"href":"https:\/\/wp.ufpel.edu.br\/ppgcamb\/wp-json\/wp\/v2\/pages\/1789","targetHints":{"allow":["GET"]}}],"collection":[{"href":"https:\/\/wp.ufpel.edu.br\/ppgcamb\/wp-json\/wp\/v2\/pages"}],"about":[{"href":"https:\/\/wp.ufpel.edu.br\/ppgcamb\/wp-json\/wp\/v2\/types\/page"}],"author":[{"embeddable":true,"href":"https:\/\/wp.ufpel.edu.br\/ppgcamb\/wp-json\/wp\/v2\/users\/707"}],"replies":[{"embeddable":true,"href":"https:\/\/wp.ufpel.edu.br\/ppgcamb\/wp-json\/wp\/v2\/comments?post=1789"}],"version-history":[{"count":4,"href":"https:\/\/wp.ufpel.edu.br\/ppgcamb\/wp-json\/wp\/v2\/pages\/1789\/revisions"}],"predecessor-version":[{"id":1797,"href":"https:\/\/wp.ufpel.edu.br\/ppgcamb\/wp-json\/wp\/v2\/pages\/1789\/revisions\/1797"}],"wp:attachment":[{"href":"https:\/\/wp.ufpel.edu.br\/ppgcamb\/wp-json\/wp\/v2\/media?parent=1789"}],"curies":[{"name":"wp","href":"https:\/\/api.w.org\/{rel}","templated":true}]}}