{"id":156,"date":"2016-10-31T18:05:48","date_gmt":"2016-10-31T20:05:48","guid":{"rendered":"https:\/\/wp.ufpel.edu.br\/ppgcamb\/?page_id=156"},"modified":"2019-05-02T15:52:36","modified_gmt":"2019-05-02T18:52:36","slug":"planejamento-e-gestao-de-recursos-hidricos","status":"publish","type":"page","link":"https:\/\/wp.ufpel.edu.br\/ppgcamb\/disciplinas\/optativas\/planejamento-e-gestao-de-recursos-hidricos\/","title":{"rendered":"Planejamento e Gest\u00e3o de Recursos H\u00eddricos"},"content":{"rendered":"<p><strong>Carga Hor\u00e1ria<\/strong>: 51 horas<\/p>\n<p><strong>Cr\u00e9ditos<\/strong>: 3<\/p>\n<p><strong>C\u00f3digo:<\/strong> 1640273<\/p>\n<p><strong>Ementa<\/strong><\/p>\n<p>Conceitos b\u00e1sicos sobre recursos h\u00eddricos.<\/p>\n<p>Legisla\u00e7\u00e3o relacionada a recursos h\u00eddricos e ambientais.<\/p>\n<p>Aspectos institucionais.<\/p>\n<p>Aspectos conceituais de gest\u00e3o de recursos h\u00eddricos.<\/p>\n<p>Sistema Nacional de Informa\u00e7\u00f5es sobre Recursos H\u00eddricos.<\/p>\n<p>Instrumentos de gest\u00e3o de recursos h\u00eddricos.<\/p>\n<p>Aspectos t\u00e9cnicos relacionados ao planejamento e manejo integrados dos recursos h\u00eddricos.<\/p>\n<p>Utiliza\u00e7\u00e3o de sistema de informa\u00e7\u00f5es geogr\u00e1ficas para o planejamento de recursos h\u00eddricos.<\/p>\n<p>&nbsp;<\/p>\n<p><strong>Bibliografia<\/strong><\/p>\n<p>ABEAS <strong>Gest\u00e3o de recursos h\u00eddricos para o desenvolvimento sustentado de projetos hidroagr\u00edcolas<\/strong>. Programa de suporte t\u00e9cnico \u00e0 gest\u00e3o de recursos h\u00eddricos. Bras\u00edlia, 1999 (m\u00f3dulos 1 a 11).<\/p>\n<p>BRASIL. Minist\u00e9rio do Meio Ambiente \u2013 MMA. <strong>Instituto Brasileiro do Meio Ambiente e dos Recursos Naturais Renov\u00e1veis<\/strong>. Programa Nacional do Meio Ambiente &#8211; IBAMA; projeto: tecnologias de gest\u00e3o ambiental. Bras\u00edlia: 1993. 23p.<\/p>\n<p>BARTH, F.T.; POMPEU, C.T.; FILL, H.D.; TUCCI, C.E.M.; KELMAN, J.; BRAGA JR, B.P.F. <strong>Modelos para gerenciamento de recursos h\u00eddricos<\/strong>. S\u00e3o Paulo, Nobel\/ABRH, 1987. 525p.<\/p>\n<p>CABRAL, B. <strong>Direito Administrativo. Tema: \u00c1gua<\/strong>. Caderno Legislativo no 001\/97. Bras\u00edlia -DF. 1997. 668p.<\/p>\n<p>CABRAL, B. <strong>Legisla\u00e7\u00e3o Estadual de Recursos H\u00eddricos<\/strong>. Caderno Legislativo no 002\/97, Vols I e II \u2013 Bras\u00edlia -DF. 1997. 1028p.<\/p>\n<p>CABRAL, B. <strong>Tratados Internacionais de Recursos H\u00eddricos<\/strong>. Caderno Legislativo no 003\/98, Bras\u00edlia -DF. 1998. 186p.<\/p>\n<p>CALIJURI, M.L. <strong>Sistemas de geoprocessamento aplicados \u00e0 gest\u00e3o de recursos h\u00eddricos<\/strong>.\u00a0 Bras\u00edlia, DF;\u00a0 ABEAS: Vi\u00e7osa, MG : UFV, DEA, 1998. 83p. (Curso de Gest\u00e3o de Recursos H\u00eddricos para o Desenvolvimento Sustentado de Projetos Hidroagr\u00edcolas. M\u00f3dulo, 9)<\/p>\n<p>CALIJURI, M.L., MEIRA, A.D., PRUSKI,F.F. <strong>Geoprocessamento aplicado aos recursos h\u00eddricos<\/strong>. In: SILVA, M.S. Cartografia, sensoriamento e geoprocessamento. Po\u00e7os de Caldas, 1998. Universidade Federal de Lavras \u2013 Sociedade Brasileira de Engenharia Agr\u00edcola. 236p.<\/p>\n<p>CASTRO FILHO, C., MUZILLI, O. <strong>Manejo integrado de solos em micro bacias hidrogr\u00e1ficas<\/strong>. Anais. Londrina, 1996. 312p.<\/p>\n<p>HAAN, C.T. <strong>Statistical methods in hydrology<\/strong>. Iowa, Iowa State University Press, 1977.378p.<\/p>\n<p>HAAN, C.T.; JOHNSON, H.P.; BRAKENSIEK, D.L. <strong>Hydrologic modeling of small watersheds<\/strong>. Michigan, ASAE, 1982.<\/p>\n<p>LANNA, A.E.<strong> Instrumento de gest\u00e3o ambiental: m\u00e9todo de gerenciamento de bacia hidrogr\u00e1fica<\/strong>. Bras\u00edlia: IBAMA, 1994. 143p.<\/p>\n<p>LINSLEY JR., R.K.; KOHLER, M.A. e PAULUS, L.L.H. Hydrology for engineers. New York, Editora McGraw-Hill, 1975. 472p.<\/p>\n<p>POMPEU, C.T. <strong>Aspectos jur\u00eddicos da cobran\u00e7a pela utiliza\u00e7\u00e3o dos recursos h\u00eddricos<\/strong>. In: SEMIN\u00c1RIO RECURSOS H\u00cdDRICOS E O SANEAMENTO AMBIENTAL, 1992, S\u00e3o Paulo. Anais &#8230; S\u00e3o Paulo: Secretaria de Estado de Energia e Saneamento, 1992. p. 48-74.<\/p>\n<p>RAIJ, B van, LOMBARDI NETO, F., SARTINI, H.J., KUHN NETO, J., MOURA, J.C., DRUGOWICH, M.J., CORSI, M., CASTRO, O.M, BERTON, R.S. <strong>Manual t\u00e9cnico de manejo e conserva\u00e7\u00e3o do solo e \u00e1gua<\/strong>. Campinas: Coordenadoria de Assist\u00eancia T\u00e9cnica Integral, 1993. v. 3 &#8211; Tecnologias para aumentar a cobertura vegetal e a infiltra\u00e7\u00e3o de \u00e1gua no solo. (Manual t\u00e9cnico, 40).<\/p>\n<p>SILVA, D.D., PRUSKI, F.F. <strong>Recursos H\u00eddricos e Desenvolvimento Sustent\u00e1vel da Agricultura<\/strong>. MMA-SRH-ABEAS-UFV. Bras\u00edlia-DF. 1997. 252p.<\/p>\n<p>SILVA, D.D., PRUSKI, F.F. <strong>Gest\u00e3o de Recursos H\u00eddricos: Aspectos Legais, Econ\u00f4micos, Administrativos e Sociais<\/strong>. MMA-SRH-ABRH-UFV. Bras\u00edlia-DF. 2000. 659p.<\/p>\n<p>TUCCI, C.E.M. <strong>Hidrologia. Ci\u00eancia e aplica\u00e7\u00e3o<\/strong>. Porto Alegre, Editora da UFRGS\/EDUSP\/ ABRH, 1993. 943p.<\/p>\n<p>TUCCI, C.E.M. <strong>Modelos hidrol\u00f3gicos<\/strong>. Porto Alegre: Editora da UFRGS, 1998. 669p.<\/p>\n","protected":false},"excerpt":{"rendered":"<p>Carga Hor\u00e1ria: 51 horas Cr\u00e9ditos: 3 C\u00f3digo: 1640273 Ementa Conceitos b\u00e1sicos sobre recursos h\u00eddricos. Legisla\u00e7\u00e3o relacionada a recursos h\u00eddricos e ambientais. Aspectos institucionais. Aspectos conceituais de gest\u00e3o de recursos h\u00eddricos. Sistema Nacional de Informa\u00e7\u00f5es sobre Recursos H\u00eddricos. Instrumentos de gest\u00e3o de recursos h\u00eddricos. Aspectos t\u00e9cnicos relacionados ao planejamento e manejo integrados dos recursos h\u00eddricos. Utiliza\u00e7\u00e3o [&hellip;]<\/p>\n","protected":false},"author":707,"featured_media":0,"parent":30,"menu_order":0,"comment_status":"closed","ping_status":"closed","template":"","meta":{"footnotes":""},"class_list":["post-156","page","type-page","status-publish","hentry"],"_links":{"self":[{"href":"https:\/\/wp.ufpel.edu.br\/ppgcamb\/wp-json\/wp\/v2\/pages\/156","targetHints":{"allow":["GET"]}}],"collection":[{"href":"https:\/\/wp.ufpel.edu.br\/ppgcamb\/wp-json\/wp\/v2\/pages"}],"about":[{"href":"https:\/\/wp.ufpel.edu.br\/ppgcamb\/wp-json\/wp\/v2\/types\/page"}],"author":[{"embeddable":true,"href":"https:\/\/wp.ufpel.edu.br\/ppgcamb\/wp-json\/wp\/v2\/users\/707"}],"replies":[{"embeddable":true,"href":"https:\/\/wp.ufpel.edu.br\/ppgcamb\/wp-json\/wp\/v2\/comments?post=156"}],"version-history":[{"count":3,"href":"https:\/\/wp.ufpel.edu.br\/ppgcamb\/wp-json\/wp\/v2\/pages\/156\/revisions"}],"predecessor-version":[{"id":1000,"href":"https:\/\/wp.ufpel.edu.br\/ppgcamb\/wp-json\/wp\/v2\/pages\/156\/revisions\/1000"}],"up":[{"embeddable":true,"href":"https:\/\/wp.ufpel.edu.br\/ppgcamb\/wp-json\/wp\/v2\/pages\/30"}],"wp:attachment":[{"href":"https:\/\/wp.ufpel.edu.br\/ppgcamb\/wp-json\/wp\/v2\/media?parent=156"}],"curies":[{"name":"wp","href":"https:\/\/api.w.org\/{rel}","templated":true}]}}