{"id":153,"date":"2016-10-31T18:04:00","date_gmt":"2016-10-31T20:04:00","guid":{"rendered":"https:\/\/wp.ufpel.edu.br\/ppgcamb\/?page_id=153"},"modified":"2025-04-15T13:31:30","modified_gmt":"2025-04-15T16:31:30","slug":"drenagem-urbana-sustentavel","status":"publish","type":"page","link":"https:\/\/wp.ufpel.edu.br\/ppgcamb\/disciplinas\/optativas\/drenagem-urbana-sustentavel\/","title":{"rendered":"Drenagem Urbana Sustent\u00e1vel"},"content":{"rendered":"<p><strong>Ementa<\/strong><\/p>\n<p>Impactos da urbaniza\u00e7\u00e3o no ciclo hidrol\u00f3gico.<\/p>\n<p>Fases da gest\u00e3o das \u00c1guas Urbanas no Brasil e no mundo.<\/p>\n<p>Microdrenagem e Macrodrenagem.<\/p>\n<p>Medidas estruturais e n\u00e3o estruturais de controle de inunda\u00e7\u00f5es.<\/p>\n<p>Solu\u00e7\u00f5es higienistas e compensat\u00f3rias (funcionamento, aplica\u00e7\u00f5es e dimensionamento).<\/p>\n<p>Adequa\u00e7\u00f5es ambientais dos espa\u00e7os urbanos para o uso da drenagem sustent\u00e1vel.<\/p>\n<p>Rela\u00e7\u00e3o entre res\u00edduos s\u00f3lidos e drenagem urbana.<\/p>\n<p>Gerenciamento da drenagem urbana: mecanismos institucionais e de gest\u00e3o.<\/p>\n<p>&nbsp;<\/p>\n<p><strong>Bibliografia<\/strong><\/p>\n<p>AZZOUT, Y.; BARRAUD, S.; CRES, F. N.; ALFAKIH, E. 1994. Techniques alternatives en assainissement pluvial: choix, conception, r\u00e9alisation et entretien. Paris: Lavoisier. 372p.<\/p>\n<p>BAPTISTA, M.; NASCIMENTO, N.; BARRAUD, S. 2005. T\u00e9cnicas compensat\u00f3rias em drenagem urbana.\u00a0 Porto Alegre: ABRH. 266p.<\/p>\n<p>CANHOLI, Alu\u00edsio Pardo. 2005. Drenagem urbana e controle de enchentes. S\u00e3o Paulo: Oficina de Textos. 302p.<\/p>\n<p>GRIBBIN, J. E. 2015. Introdu\u00e7\u00e3o A Hidr\u00e1ulica, Hidrologia e Gest\u00e3o de \u00c1guas Pluviais.Tradu\u00e7\u00e3o Glauco Peres Damas. 4\u00ba ed. S\u00e3o Paulo: Cengage Learning.<\/p>\n<p><a href=\"http:\/\/www.ciadoslivros.com.br\/meta\/autor\/marcelo-gomes-miguez\">MIGUEZ<\/a>, M. G.; VER\u00d3L, A. P.; REZENDE, O. M. 2016. Drenagem Urbana: Do Projeto Tradicional \u00c0 Sustentabilidade. 1\u00baed. Rio de Janeiro: Elsevier. 366p.<\/p>\n<p>TUCCI, C. E. M.; GENZ, F. 1995. Controle do impacto da urbaniza\u00e7\u00e3o. In TUCCI, C. E. M.; PORTO, R. L. L.; BARROS, M. T. (Org.). Drenagem urbana. Porto Alegre: ABRH: Ed. da Universidade\/UFRGS. Cap.7, p.277-347.<\/p>\n<p>TUCCI, C. E. M. 2003. Inunda\u00e7\u00f5es e Drenagem Urbana. In TUCCI, C. E. M.; BERTONI, J. C. (Org.). Inunda\u00e7\u00f5es urbanas na Am\u00e9rica do Sul. Porto Alegre: ABRH: Ed. da Universidade\/UFRGS, p. 45-150.<\/p>\n","protected":false},"excerpt":{"rendered":"<p>Ementa Impactos da urbaniza\u00e7\u00e3o no ciclo hidrol\u00f3gico. Fases da gest\u00e3o das \u00c1guas Urbanas no Brasil e no mundo. Microdrenagem e Macrodrenagem. Medidas estruturais e n\u00e3o estruturais de controle de inunda\u00e7\u00f5es. Solu\u00e7\u00f5es higienistas e compensat\u00f3rias (funcionamento, aplica\u00e7\u00f5es e dimensionamento). Adequa\u00e7\u00f5es ambientais dos espa\u00e7os urbanos para o uso da drenagem sustent\u00e1vel. Rela\u00e7\u00e3o entre res\u00edduos s\u00f3lidos e drenagem [&hellip;]<\/p>\n","protected":false},"author":707,"featured_media":0,"parent":30,"menu_order":0,"comment_status":"closed","ping_status":"closed","template":"","meta":{"footnotes":""},"class_list":["post-153","page","type-page","status-publish","hentry"],"_links":{"self":[{"href":"https:\/\/wp.ufpel.edu.br\/ppgcamb\/wp-json\/wp\/v2\/pages\/153","targetHints":{"allow":["GET"]}}],"collection":[{"href":"https:\/\/wp.ufpel.edu.br\/ppgcamb\/wp-json\/wp\/v2\/pages"}],"about":[{"href":"https:\/\/wp.ufpel.edu.br\/ppgcamb\/wp-json\/wp\/v2\/types\/page"}],"author":[{"embeddable":true,"href":"https:\/\/wp.ufpel.edu.br\/ppgcamb\/wp-json\/wp\/v2\/users\/707"}],"replies":[{"embeddable":true,"href":"https:\/\/wp.ufpel.edu.br\/ppgcamb\/wp-json\/wp\/v2\/comments?post=153"}],"version-history":[{"count":4,"href":"https:\/\/wp.ufpel.edu.br\/ppgcamb\/wp-json\/wp\/v2\/pages\/153\/revisions"}],"predecessor-version":[{"id":6030,"href":"https:\/\/wp.ufpel.edu.br\/ppgcamb\/wp-json\/wp\/v2\/pages\/153\/revisions\/6030"}],"up":[{"embeddable":true,"href":"https:\/\/wp.ufpel.edu.br\/ppgcamb\/wp-json\/wp\/v2\/pages\/30"}],"wp:attachment":[{"href":"https:\/\/wp.ufpel.edu.br\/ppgcamb\/wp-json\/wp\/v2\/media?parent=153"}],"curies":[{"name":"wp","href":"https:\/\/api.w.org\/{rel}","templated":true}]}}