{"id":1501,"date":"2019-11-29T19:17:56","date_gmt":"2019-11-29T22:17:56","guid":{"rendered":"https:\/\/wp.ufpel.edu.br\/ppgcamb\/?page_id=1501"},"modified":"2019-11-29T19:17:56","modified_gmt":"2019-11-29T22:17:56","slug":"tecnologias-em-sistemas-energetico-ambientais-e-engenharia-bioenergetica","status":"publish","type":"page","link":"https:\/\/wp.ufpel.edu.br\/ppgcamb\/tecnologias-em-sistemas-energetico-ambientais-e-engenharia-bioenergetica\/","title":{"rendered":"Tecnologias em Sistemas Energ\u00e9tico-Ambientais e Engenharia Bioenerg\u00e9tica"},"content":{"rendered":"<div>\n<p style=\"text-align: justify\"><span style=\"font-family: georgia, palatino, serif\"><strong>Carga Hor\u00e1ria<\/strong>:\u00a0 68 horas<\/span><\/p>\n<p style=\"text-align: justify\"><span style=\"font-family: georgia, palatino, serif\"><strong>Cr\u00e9ditos<\/strong>:\u00a0<\/span><\/p>\n<p style=\"text-align: justify\"><span style=\"font-family: georgia, palatino, serif\"><strong>C\u00f3digo:<\/strong> 1640355<\/span><\/p>\n<\/div>\n<div style=\"text-align: justify\"><span style=\"font-family: georgia, palatino, serif\"><b>Ementa:<\/b>\u00a0Biomassa: tipos e Uso da Biomassa no mundo, situa\u00e7\u00e3o, fatores econ\u00f4micos e potencial nacional e internacional, tipos de biocombust\u00edveis. Processos de transforma\u00e7\u00e3o e utiliza\u00e7\u00e3o da energia da biomassa: tecnologias de s\u00edntese, caracteriza\u00e7\u00e3o e aperfei\u00e7oamento. Transesterifica\u00e7\u00e3o: biodiesel. Digest\u00e3o anaer\u00f3bia: Biog\u00e1s e Hidrog\u00eanio a partir de res\u00edduos s\u00f3lidos e efluentes l\u00edquidos. Blendagem biog\u00e1s-hidrog\u00eanio. An\u00e1lise pr\u00e1tica da produ\u00e7\u00e3o combinada de calor e eletricidade: sistemas CHP. Aperfei\u00e7oamento de biocombust\u00edveis: m\u00e9todos de aumento energ\u00e9tico e purifica\u00e7\u00e3o. Aspectos ambientais e econ\u00f4micos da produ\u00e7\u00e3o de bioenergia em cada caso, sustentabilidade. Codigest\u00e3o e digest\u00e3oa anaer\u00f3bia para outros biocombust\u00edveis. Emiss\u00f5es de poluentes. Planejamento energ\u00e9tico.\u00a0<\/span><\/div>\n<div style=\"text-align: justify\"><span style=\"font-family: georgia, palatino, serif\"><b>\u00a0<\/b><\/span><\/div>\n<div style=\"text-align: justify\"><span style=\"font-family: georgia, palatino, serif\"><b>Objetivo geral<\/b>:\u00a0Essa disciplina visa introduzir o aluno \u00e0 \u00e1rea da energia de biomassa, combinando conhecimentos t\u00e9cnicos, socio-ambientais, pol\u00edticos e institucionais, de forma a capacitar o estudante \u00a0para uma vis\u00e3o ampla da biomassa como fonte de energia no Brasil e no mundo.\u00a0 Al\u00e9m disso, objetiva-se explorar\u00a0fontes alternativas e renov\u00e1veis de energia, conhecendo suas origens, modo de utiliza\u00e7\u00e3o, tecnologias, aplica\u00e7\u00f5es, modo de integra\u00e7\u00e3o com fontes tradicionais e outros aspectos.<\/span><\/div>\n<div style=\"text-align: justify\"><span style=\"font-family: georgia, palatino, serif\"><b>Objetivos espec\u00edficos:<\/b>\u00a0Avaliar os diferentes processos de transforma\u00e7\u00e3o da biomassa (biol\u00f3gicos e termoqu\u00edmicos) na gera\u00e7\u00e3o de energia e a emiss\u00e3o de poluentes;<\/span><\/div>\n<div style=\"text-align: justify\" title=\"Page 1\">\n<div>\n<div>\n<p><span style=\"font-family: georgia, palatino, serif\">Conhecer a diversidade de materiais que constituem a biomassa e que podem ser aproveitados na gera\u00e7\u00e3o de biocombust\u00edveis;<\/span><\/p>\n<p><span style=\"font-family: georgia, palatino, serif\">Avaliar as vari\u00e1veis e estrat\u00e9gias financeiras\/economicas em um projeto de produ\u00e7\u00e3o de biocombust\u00edveis e em planejamento energ\u00e9tico.<\/span><\/p>\n<\/div>\n<\/div>\n<\/div>\n<div style=\"text-align: justify\"><\/div>\n<div>\n<div style=\"text-align: justify\"><span style=\"font-family: georgia, palatino, serif\"><b>Bibliografia Obrigat\u00f3ria:<\/b><\/span><\/div>\n<div>\n<div style=\"text-align: justify\" title=\"Page 3\">\n<div>\n<div>\n<p><span style=\"font-family: georgia, palatino, serif\">BOYLE, G. Renewable Energy: Power for a Sustainable Future. 2a ed. New York: Oxford University Press Inc., 2004.<\/span><\/p>\n<p><span style=\"font-family: georgia, palatino, serif\">DOMAC J., RICHARDS K., RISOVIC, S. Socio-economic drivers in implementing bioenergy projects. Biomass and Bioenergy v.28, p.97-106, 2005.<\/span><\/p>\n<\/div>\n<\/div>\n<\/div>\n<p style=\"text-align: justify\"><span style=\"font-family: georgia, palatino, serif\">HAMELINK, C. N., FAAIJ, A. P. C. Outlook for advanced biofuels. Energy Policy v.34, p.3268-3283, 2006.<\/span><\/p>\n<p style=\"text-align: justify\"><span style=\"font-family: georgia, palatino, serif\">LORA, E. E. S., CORTEZ, L. A. B., GOMEZ, E. O.\u00a0Biomassa para Energia, 1aed., S\u00e3o Paulo, Ed. Unicamp, 2008, 254 p.\u00a0<\/span><\/p>\n<p style=\"text-align: justify\"><span style=\"font-family: georgia, palatino, serif\">Electo Eduardo Silva Lora, Edgardo Olivares G\u00f3mez, Lu\u00eds Augusto Barbosa Cortez. Biomassa para energia, Editora Unicamp, 2008.<br \/>\n<\/span><\/p>\n<p style=\"text-align: justify\"><span style=\"font-family: georgia, palatino, serif\">TOLMASQUIM, M. T. (Org.) . Fontes Renov\u00e1veis de Energia no Brasil. 1. ed. Rio de Janeiro: Interci\u00eancia, 2003. 515 p. ISBN 8571930953.<\/span><\/p>\n<p style=\"text-align: justify\"><span style=\"font-family: georgia, palatino, serif\">Gilberto M Jannuzzi e Joel N Swisher. Planejamento Integrado de Recursos Energ\u00e9ticos: meio ambiente, conserva\u00e7\u00e3o de enegia e fontes renov\u00e1veis. Editora Autores Associados, 1997 Campinas SP.<br \/>\n<\/span><\/p>\n<p style=\"text-align: justify\"><span style=\"font-family: georgia, palatino, serif\"><span style=\"color: #000000\">Tamb\u00e9m ser\u00e3o utilizados artigos\u00a0cient\u00edficos\u00a0apresentados ao longo da disciplina.<\/span><\/span><\/p>\n<p style=\"text-align: justify\"><span style=\"font-family: georgia, palatino, serif\"><b>Bibliografia complementar:<\/b><\/span><\/p>\n<p style=\"text-align: justify\"><span style=\"font-family: georgia, palatino, serif\">FARRET, F. A. ; SIM\u00d5ES, M. G.\u00a0Integration of alternative sources of energy.\u00a0IEE Science \/ Wiley Interscience, 2006.<\/span><\/p>\n<p style=\"text-align: justify\"><span style=\"font-family: georgia, palatino, serif\">Nadaleti, Willian C\u00e9zar. Blendas de Biodiesel: s\u00edntese, otimiza\u00e7\u00e3o e estabilidade termo-oxidativa. Editora All Print, 2015, S\u00e3o Paulo, SP.<br \/>\n<\/span><\/p>\n<div style=\"text-align: justify\" title=\"Page 6\">\n<div>\n<div>\n<p><span style=\"font-family: georgia, palatino, serif\">ANP &#8211; AG\u00caNCIA NACIONAL DO PETR\u00d3LEO, G\u00c1S NATURAL E BIOCOMBUST\u00cdVEIS.<br \/>\n<a href=\"http:\/\/www.anp.gov.br\/petro\/legis_biodiesel.asp\" target=\"_blank\" rel=\"noopener noreferrer\" data-saferedirecturl=\"https:\/\/www.google.com\/url?q=http:\/\/www.anp.gov.br\/petro\/legis_biodiesel.asp&amp;source=gmail&amp;ust=1575151980865000&amp;usg=AFQjCNGv-uVNZvQEWXcyLlZKPx1BDDXqaA\">http:\/\/www.anp.gov.br\/petro\/legis_biodiesel.asp<\/a><br \/>\nASTM &#8211; AMERICAN SOCIETY FOR TESTING AND MATERIALS.<a href=\"http:\/\/www.astm.org\/\" target=\"_blank\" rel=\"noopener noreferrer\" data-saferedirecturl=\"https:\/\/www.google.com\/url?q=http:\/\/www.astm.org\/&amp;source=gmail&amp;ust=1575151980865000&amp;usg=AFQjCNEH2pAhRW9Bk9SwJgRd7yUWe3dFAA\">http:\/\/www.astm.org\/<\/a><br \/>\nCEN &#8211; COMIT\u00c9 EUROP\u00c9EN DE NORMALISATION.<a href=\"http:\/\/www.cen.eu\/cenorm\/homepage.htm\" target=\"_blank\" rel=\"noopener noreferrer\" data-saferedirecturl=\"https:\/\/www.google.com\/url?q=http:\/\/www.cen.eu\/cenorm\/homepage.htm&amp;source=gmail&amp;ust=1575151980865000&amp;usg=AFQjCNFowErtMwddlEYp4_Uo_tt92L7L1A\">http:\/\/www.cen.eu\/cenorm\/homepage.htm<\/a><br \/>\n<\/span><\/p>\n<\/div>\n<\/div>\n<\/div>\n<p style=\"text-align: justify\"><span style=\"font-family: georgia, palatino, serif\">USEPA &#8211; UNITED STATES ENVIRONMENTAL PROTECTION AGENCY\u00a0<a href=\"http:\/\/www.epa.gov\/epahome\/scitech.htmOferecida\" target=\"_blank\" rel=\"noopener noreferrer\" data-saferedirecturl=\"https:\/\/www.google.com\/url?q=http:\/\/www.epa.gov\/epahome\/scitech.htmOferecida&amp;source=gmail&amp;ust=1575151980865000&amp;usg=AFQjCNEddqSH3EbqtYZ59Y4s2FQLUHTU9w\">http:\/\/www.epa.gov\/epahome\/scitech.htmOferecida<\/a>\u00a0<\/span><\/p>\n<\/div>\n<\/div>\n","protected":false},"excerpt":{"rendered":"<p>Carga Hor\u00e1ria:\u00a0 68 horas Cr\u00e9ditos:\u00a0 C\u00f3digo: 1640355 Ementa:\u00a0Biomassa: tipos e Uso da Biomassa no mundo, situa\u00e7\u00e3o, fatores econ\u00f4micos e potencial nacional e internacional, tipos de biocombust\u00edveis. Processos de transforma\u00e7\u00e3o e utiliza\u00e7\u00e3o da energia da biomassa: tecnologias de s\u00edntese, caracteriza\u00e7\u00e3o e aperfei\u00e7oamento. Transesterifica\u00e7\u00e3o: biodiesel. Digest\u00e3o anaer\u00f3bia: Biog\u00e1s e Hidrog\u00eanio a partir de res\u00edduos s\u00f3lidos e efluentes [&hellip;]<\/p>\n","protected":false},"author":707,"featured_media":0,"parent":0,"menu_order":0,"comment_status":"closed","ping_status":"closed","template":"","meta":{"footnotes":""},"class_list":["post-1501","page","type-page","status-publish","hentry"],"_links":{"self":[{"href":"https:\/\/wp.ufpel.edu.br\/ppgcamb\/wp-json\/wp\/v2\/pages\/1501","targetHints":{"allow":["GET"]}}],"collection":[{"href":"https:\/\/wp.ufpel.edu.br\/ppgcamb\/wp-json\/wp\/v2\/pages"}],"about":[{"href":"https:\/\/wp.ufpel.edu.br\/ppgcamb\/wp-json\/wp\/v2\/types\/page"}],"author":[{"embeddable":true,"href":"https:\/\/wp.ufpel.edu.br\/ppgcamb\/wp-json\/wp\/v2\/users\/707"}],"replies":[{"embeddable":true,"href":"https:\/\/wp.ufpel.edu.br\/ppgcamb\/wp-json\/wp\/v2\/comments?post=1501"}],"version-history":[{"count":1,"href":"https:\/\/wp.ufpel.edu.br\/ppgcamb\/wp-json\/wp\/v2\/pages\/1501\/revisions"}],"predecessor-version":[{"id":1504,"href":"https:\/\/wp.ufpel.edu.br\/ppgcamb\/wp-json\/wp\/v2\/pages\/1501\/revisions\/1504"}],"wp:attachment":[{"href":"https:\/\/wp.ufpel.edu.br\/ppgcamb\/wp-json\/wp\/v2\/media?parent=1501"}],"curies":[{"name":"wp","href":"https:\/\/api.w.org\/{rel}","templated":true}]}}