{"id":15,"date":"2016-10-31T16:20:29","date_gmt":"2016-10-31T18:20:29","guid":{"rendered":"https:\/\/wp.ufpel.edu.br\/ppgcamb\/?page_id=15"},"modified":"2019-05-02T15:14:55","modified_gmt":"2019-05-02T18:14:55","slug":"tecnologias-aplicadas-ao-meio-ambiente-sustentavel","status":"publish","type":"page","link":"https:\/\/wp.ufpel.edu.br\/ppgcamb\/area\/tecnologias-aplicadas-ao-meio-ambiente-sustentavel\/","title":{"rendered":"Tecnologias Aplicadas ao Meio Ambiente Sustent\u00e1vel"},"content":{"rendered":"<p>O\u00a0desenvolvimento e utiliza\u00e7\u00e3o de tecnologias e metodologias aplicadas ao ambiente visa desenvolver tecnologias para aprimorar o sistema de gerenciamento, tratamento, reutiliza\u00e7\u00e3o e disposi\u00e7\u00e3o final de res\u00edduos; Desenvolver tecnologias de minimiza\u00e7\u00e3o, tratamento e reuso de efluentes, \u00a0\u00e1guas residu\u00e1rias e esgotos; buscar solu\u00e7\u00f5es energ\u00e9ticas e tecnol\u00f3gicas ecologicamente compat\u00edveis, e tamb\u00e9m biotecnologias para o tratamento e recupera\u00e7\u00e3o de \u00e1reas degradadas e contaminadas pelos diversas atividades antr\u00f3picas.<\/p>\n<p><em>Corpo docente atuante nesta linha: <\/em><\/p>\n<ul>\n<li>Robson Andreazza<\/li>\n<li>Maur\u00edzio Silveira Quadro<\/li>\n<li>Simone Pieniz<\/li>\n<li>\u00c9rico Kunde Correa<\/li>\n<li>Luciara Bilhalva Correa<\/li>\n<li>Gizele Ingrid Gadotti<\/li>\n<\/ul>\n","protected":false},"excerpt":{"rendered":"<p>O\u00a0desenvolvimento e utiliza\u00e7\u00e3o de tecnologias e metodologias aplicadas ao ambiente visa desenvolver tecnologias para aprimorar o sistema de gerenciamento, tratamento, reutiliza\u00e7\u00e3o e disposi\u00e7\u00e3o final de res\u00edduos; Desenvolver tecnologias de minimiza\u00e7\u00e3o, tratamento e reuso de efluentes, \u00a0\u00e1guas residu\u00e1rias e esgotos; buscar solu\u00e7\u00f5es energ\u00e9ticas e tecnol\u00f3gicas ecologicamente compat\u00edveis, e tamb\u00e9m biotecnologias para o tratamento e recupera\u00e7\u00e3o de [&hellip;]<\/p>\n","protected":false},"author":707,"featured_media":0,"parent":9,"menu_order":0,"comment_status":"closed","ping_status":"closed","template":"","meta":{"footnotes":""},"class_list":["post-15","page","type-page","status-publish","hentry"],"_links":{"self":[{"href":"https:\/\/wp.ufpel.edu.br\/ppgcamb\/wp-json\/wp\/v2\/pages\/15","targetHints":{"allow":["GET"]}}],"collection":[{"href":"https:\/\/wp.ufpel.edu.br\/ppgcamb\/wp-json\/wp\/v2\/pages"}],"about":[{"href":"https:\/\/wp.ufpel.edu.br\/ppgcamb\/wp-json\/wp\/v2\/types\/page"}],"author":[{"embeddable":true,"href":"https:\/\/wp.ufpel.edu.br\/ppgcamb\/wp-json\/wp\/v2\/users\/707"}],"replies":[{"embeddable":true,"href":"https:\/\/wp.ufpel.edu.br\/ppgcamb\/wp-json\/wp\/v2\/comments?post=15"}],"version-history":[{"count":7,"href":"https:\/\/wp.ufpel.edu.br\/ppgcamb\/wp-json\/wp\/v2\/pages\/15\/revisions"}],"predecessor-version":[{"id":978,"href":"https:\/\/wp.ufpel.edu.br\/ppgcamb\/wp-json\/wp\/v2\/pages\/15\/revisions\/978"}],"up":[{"embeddable":true,"href":"https:\/\/wp.ufpel.edu.br\/ppgcamb\/wp-json\/wp\/v2\/pages\/9"}],"wp:attachment":[{"href":"https:\/\/wp.ufpel.edu.br\/ppgcamb\/wp-json\/wp\/v2\/media?parent=15"}],"curies":[{"name":"wp","href":"https:\/\/api.w.org\/{rel}","templated":true}]}}