{"id":147,"date":"2016-10-31T17:59:29","date_gmt":"2016-10-31T19:59:29","guid":{"rendered":"https:\/\/wp.ufpel.edu.br\/ppgcamb\/?page_id=147"},"modified":"2019-05-02T15:52:16","modified_gmt":"2019-05-02T18:52:16","slug":"microbiologia-ambiental","status":"publish","type":"page","link":"https:\/\/wp.ufpel.edu.br\/ppgcamb\/disciplinas\/optativas\/microbiologia-ambiental\/","title":{"rendered":"Microbiologia Ambiental"},"content":{"rendered":"<p><strong>Carga Hor\u00e1ria<\/strong>: 68 horas<\/p>\n<p><strong>Cr\u00e9ditos<\/strong>: 4<\/p>\n<p><strong>C\u00f3digo:<\/strong> 1640277<\/p>\n<p><strong>Ementa<\/strong><\/p>\n<p>Fundamentos microbiol\u00f3gicos.<\/p>\n<p>Caracter\u00edsticas gerais dos microrganismos.<\/p>\n<p>Estrutura e desenvolvimento de comunidades microbianas.<\/p>\n<p>Processos microbiol\u00f3gicos e bioqu\u00edmicos do solo.<\/p>\n<p>Ecologia dos microrganismos.<\/p>\n<p>Microorganismos como indicadores de polui\u00e7\u00e3o.<\/p>\n<p>Microbiologia das \u00e1guas naturais pot\u00e1veis e esgoto.<\/p>\n<p>Microbiologia do ar, do solo e industrial.<\/p>\n<p>Controle de microrganismos no ambiente.<\/p>\n<p>Transforma\u00e7\u00f5es de poluentes org\u00e2nicos e inorg\u00e2nicos e intera\u00e7\u00f5es microbianas.<\/p>\n<p>&nbsp;<\/p>\n<p><strong>Bibliografia<\/strong><\/p>\n<p>MADIGAN, M.T.; MARTINKO, J.M.; PARKER, J. Microbiologia de Brock. 10.ed. S\u00e3o Paulo: Prentice Hall. 2004.<\/p>\n<p>TORTORA, G.J., FUNKE, B.R., CASE, C.L. Microbiologia. 8\u00b0.ed. Porto Alegre: Artmed, 2005.<\/p>\n<p>TRABULSI, L. R.; ALTERTHUM, F. Microbiologia. 4.ed. S\u00e3o Paulo: Atheneu. 2005.<\/p>\n<p>PELCZAR, J. M.; CHAN, E. C. S.; KRIEG, N. R. Microbiologia: conceitos e aplica\u00e7\u00f5es. S\u00e3o Paulo: Makron Books. 1997.<\/p>\n<p>RAMAWAT, K. G. Biotechnology: secondary metabolites: plants and microbes. Editora Science Publishers. 2ed. 2007.<\/p>\n<p>MOREIRA, F.M.S.; SIQUEIRA, J.O. Microbiologia e Bioqu\u00edmica do Solo. 2.ed. Lavras: Editora UFLA, 2006.<\/p>\n<p>MELO, I. S. &amp; AZEVEDO, J. L. Microbiologia Ambiental. Jaguari\u00fana: Embrapa Meio Ambiente.<\/p>\n<p>&nbsp;<\/p>\n","protected":false},"excerpt":{"rendered":"<p>Carga Hor\u00e1ria: 68 horas Cr\u00e9ditos: 4 C\u00f3digo: 1640277 Ementa Fundamentos microbiol\u00f3gicos. Caracter\u00edsticas gerais dos microrganismos. Estrutura e desenvolvimento de comunidades microbianas. Processos microbiol\u00f3gicos e bioqu\u00edmicos do solo. Ecologia dos microrganismos. Microorganismos como indicadores de polui\u00e7\u00e3o. Microbiologia das \u00e1guas naturais pot\u00e1veis e esgoto. Microbiologia do ar, do solo e industrial. Controle de microrganismos no ambiente. Transforma\u00e7\u00f5es [&hellip;]<\/p>\n","protected":false},"author":707,"featured_media":0,"parent":30,"menu_order":0,"comment_status":"closed","ping_status":"closed","template":"","meta":{"footnotes":""},"class_list":["post-147","page","type-page","status-publish","hentry"],"_links":{"self":[{"href":"https:\/\/wp.ufpel.edu.br\/ppgcamb\/wp-json\/wp\/v2\/pages\/147","targetHints":{"allow":["GET"]}}],"collection":[{"href":"https:\/\/wp.ufpel.edu.br\/ppgcamb\/wp-json\/wp\/v2\/pages"}],"about":[{"href":"https:\/\/wp.ufpel.edu.br\/ppgcamb\/wp-json\/wp\/v2\/types\/page"}],"author":[{"embeddable":true,"href":"https:\/\/wp.ufpel.edu.br\/ppgcamb\/wp-json\/wp\/v2\/users\/707"}],"replies":[{"embeddable":true,"href":"https:\/\/wp.ufpel.edu.br\/ppgcamb\/wp-json\/wp\/v2\/comments?post=147"}],"version-history":[{"count":3,"href":"https:\/\/wp.ufpel.edu.br\/ppgcamb\/wp-json\/wp\/v2\/pages\/147\/revisions"}],"predecessor-version":[{"id":998,"href":"https:\/\/wp.ufpel.edu.br\/ppgcamb\/wp-json\/wp\/v2\/pages\/147\/revisions\/998"}],"up":[{"embeddable":true,"href":"https:\/\/wp.ufpel.edu.br\/ppgcamb\/wp-json\/wp\/v2\/pages\/30"}],"wp:attachment":[{"href":"https:\/\/wp.ufpel.edu.br\/ppgcamb\/wp-json\/wp\/v2\/media?parent=147"}],"curies":[{"name":"wp","href":"https:\/\/api.w.org\/{rel}","templated":true}]}}