{"id":1450,"date":"2019-11-25T15:53:18","date_gmt":"2019-11-25T18:53:18","guid":{"rendered":"https:\/\/wp.ufpel.edu.br\/ppgcamb\/?page_id=1450"},"modified":"2021-02-26T15:53:06","modified_gmt":"2021-02-26T18:53:06","slug":"ciencia-e-sustentabilidade-da-madeira","status":"publish","type":"page","link":"https:\/\/wp.ufpel.edu.br\/ppgcamb\/ciencia-e-sustentabilidade-da-madeira\/","title":{"rendered":"Ci\u00eancia e Sustentabilidade da Madeira"},"content":{"rendered":"<p><strong>Carga Hor\u00e1ria<\/strong>: 68 horas<\/p>\n<p><strong>Cr\u00e9ditos<\/strong>: 4<\/p>\n<p><strong>C\u00f3digo: 1640354<\/strong><\/p>\n<p><strong>Ementa<\/strong><\/p>\n<p>Sustentabilidade da Madeira &#8211; Caracter\u00edsticas da madeira e seus principais usos; O papel sustent\u00e1vel da madeira no mercado brasileiro; Propriedades F\u00edsicas; Influ\u00eancia das propriedades f\u00edsicas na utiliza\u00e7\u00e3o da madeira; Propriedades Mec\u00e2nicas (Ensaios mec\u00e2nicos com esp\u00e9cies comerciais); Aspectos de qualidade para os principais usos da madeira; Caracteriza\u00e7\u00e3o de defeitos na madeira; Normas de classifica\u00e7\u00e3o da madeira; Definir conceitos de agentes causadores de degrada\u00e7\u00e3o na madeira; Influ\u00eancia da deteriora\u00e7\u00e3o na qualidade da madeira para diversos fins; Preserva\u00e7\u00e3o da madeira; Processos sustent\u00e1vel da tratamento da madeira.<\/p>\n<p><strong>Bibliografia<\/strong><\/p>\n<p>AMERICAN SOCIETY FOR TESTING AND MATERIALS. Standard methods for testing small clear specimens of timber, D 143-94. Philadelphia, PA. 1995.<br \/>\nBRASIL. Cadeia produtiva de madeira. Bras\u00edlia: Minist\u00e9rio da Agricultura. IICA, 2007. 84 p. (Serie Agroneg\u00f3cios; v. 6).<br \/>\nBURGES, L.M.; RICHTER, H.G. Anatomia da madeira. S\u00e3o Paulo: Nobel, 1991. 154p.<br \/>\nBODIG, J.; JAYNE, B.A. Mechanics of Wood and Wood Composites. Van Nostrand Reinhold, 1982. 712 p.<br \/>\nBRASIL. Normas para classifica\u00e7\u00e3o de madeira serrada de folhosas. Bras\u00edlia: Minist\u00e9rio da Agricultura\/IBDF, 1983.67p.<br \/>\nHASELEIN, C. R. Manual Did\u00e1tico de Propriedades F\u00edsico-Mec\u00e2nicas da Madeira. Universidade Federal de Santa Maria, 2007.<br \/>\nMORESCHI, J. C. Manual Did\u00e1tico de Propriedades Tecnol\u00f3gicas da Madeira. Universidade federal do Paran\u00e1. 2007.<br \/>\nMUNIZ, G.B.; KLOCK,U.; MATOS, J.L.M.; MORESCHI, J.C.; IWAKIRI,S.; KEINERT Jr., S. Apostila Tecnologia da Madeira. Curitiba, FUPEF. 1994.<br \/>\nNENNEWITZ, Ingo et al. Manual de tecnologia da madeira. S\u00e3o Paulo: Blucher, 354 p.,2008.<br \/>\nNOCK, H. P.; RICHTER, H. G.; BURGER, L.M. Tecnologia da madeira. Curitiba: UFPR, 1999.<br \/>\nKOLMANN, F.F.P.; C\u00d4T\u00c9 JR,W.A. Principles of Wood Science and Technology. I \u2013 Solid Wood. Springer-Verlag:Berlin, 1968. 592p.<br \/>\nROCHA, M.P. Defeitos da Madeira. Curitiba: FUPEF, 2002. 33p.<br \/>\nSKAAR, C. Water in wood. New York: Syracuse Univ. Press, 1972.<br \/>\nKRETSCHMANN, D. E. Mechanical properties of wood. In:____. Wood handbook: wood as an engineering material. Department of Agriculture, Forest Service, Forest Products Laboratory, Wisconsin: U.S., 2010. Cap. 5, p.1-44.<br \/>\nROWELL, R. M.; PETTERSEN, R.; HAN, J. S.; ROWELL, J. S.; TSHABALALA, M. A. Cell wall chemistry. In:______. Handbook of Wood Chemistry and Wood Composites.<br \/>\nBoca Raton, CRC Press LLC, 2005. p. 35-74.<br \/>\nROWELL, R. M. Acetylation of wood \u2013 a review. International Journal of Lignocellulosic Products, v. 1, n. 1, p. 1-28, 2014.<br \/>\nSCHMIDT, O. Wood rot. In:______. Wood and tree fungi: biology, damage, protection, and use. Berlin, Heidelberg: Springer-Verlag, 2006. p. 135-160.<br \/>\nMORESCHI, J. C. Biodegrada\u00e7\u00e3o e preserva\u00e7\u00e3o da madeira. Universidade Federal do Paran\u00e1. 177 p, 2013.<\/p>\n","protected":false},"excerpt":{"rendered":"<p>Carga Hor\u00e1ria: 68 horas Cr\u00e9ditos: 4 C\u00f3digo: 1640354 Ementa Sustentabilidade da Madeira &#8211; Caracter\u00edsticas da madeira e seus principais usos; O papel sustent\u00e1vel da madeira no mercado brasileiro; Propriedades F\u00edsicas; Influ\u00eancia das propriedades f\u00edsicas na utiliza\u00e7\u00e3o da madeira; Propriedades Mec\u00e2nicas (Ensaios mec\u00e2nicos com esp\u00e9cies comerciais); Aspectos de qualidade para os principais usos da madeira; Caracteriza\u00e7\u00e3o [&hellip;]<\/p>\n","protected":false},"author":707,"featured_media":0,"parent":0,"menu_order":0,"comment_status":"closed","ping_status":"closed","template":"","meta":{"footnotes":""},"class_list":["post-1450","page","type-page","status-publish","hentry"],"_links":{"self":[{"href":"https:\/\/wp.ufpel.edu.br\/ppgcamb\/wp-json\/wp\/v2\/pages\/1450","targetHints":{"allow":["GET"]}}],"collection":[{"href":"https:\/\/wp.ufpel.edu.br\/ppgcamb\/wp-json\/wp\/v2\/pages"}],"about":[{"href":"https:\/\/wp.ufpel.edu.br\/ppgcamb\/wp-json\/wp\/v2\/types\/page"}],"author":[{"embeddable":true,"href":"https:\/\/wp.ufpel.edu.br\/ppgcamb\/wp-json\/wp\/v2\/users\/707"}],"replies":[{"embeddable":true,"href":"https:\/\/wp.ufpel.edu.br\/ppgcamb\/wp-json\/wp\/v2\/comments?post=1450"}],"version-history":[{"count":5,"href":"https:\/\/wp.ufpel.edu.br\/ppgcamb\/wp-json\/wp\/v2\/pages\/1450\/revisions"}],"predecessor-version":[{"id":2399,"href":"https:\/\/wp.ufpel.edu.br\/ppgcamb\/wp-json\/wp\/v2\/pages\/1450\/revisions\/2399"}],"wp:attachment":[{"href":"https:\/\/wp.ufpel.edu.br\/ppgcamb\/wp-json\/wp\/v2\/media?parent=1450"}],"curies":[{"name":"wp","href":"https:\/\/api.w.org\/{rel}","templated":true}]}}