{"id":143,"date":"2016-10-31T17:55:37","date_gmt":"2016-10-31T19:55:37","guid":{"rendered":"https:\/\/wp.ufpel.edu.br\/ppgcamb\/?page_id=143"},"modified":"2025-04-15T13:24:32","modified_gmt":"2025-04-15T16:24:32","slug":"sistemas-de-tratamento-de-efluentes","status":"publish","type":"page","link":"https:\/\/wp.ufpel.edu.br\/ppgcamb\/disciplinas\/optativas\/sistemas-de-tratamento-de-efluentes\/","title":{"rendered":"Sistemas de Tratamento de Efluentes"},"content":{"rendered":"<p><strong>Ementa<\/strong><\/p>\n<p>Caracter\u00edsticas e Classifica\u00e7\u00e3o dos Efluentes L\u00edquidos Industriais.<\/p>\n<p>Principais Par\u00e2metros de Projeto.<\/p>\n<p>Metodologia de Tratamento.<\/p>\n<p>Tratamento Prim\u00e1rio: remo\u00e7\u00e3o de s\u00f3lidos suspensos, remo\u00e7\u00e3o de \u00f3leos, remo\u00e7\u00e3o de metais pesados.<\/p>\n<p>Tratamento Secund\u00e1rio: processos biol\u00f3gicos aer\u00f3bios e anaer\u00f3bios.<\/p>\n<p>Tratamento Terci\u00e1rio: desinfec\u00e7\u00e3o, adsor\u00e7\u00e3o, membranas, troca i\u00f4nica, processos oxidativos avan\u00e7ados, processos enzim\u00e1ticos.<\/p>\n<p>Re\u00faso de Efluentes industriais.<\/p>\n<p>Pr\u00e1ticas de Laborat\u00f3rio.<\/p>\n<p>&nbsp;<\/p>\n<p><strong>Bibliografia <\/strong><\/p>\n<p>SAWYER, MCCARTY, PERRY (1978).\u00a0 Chemistry for Environmental Engineering.;<\/p>\n<p>PEAVY, ROWE &amp; TCHOBANOGLOUS (1995). Environmental Engineering;<\/p>\n<p>ECKENFELDER, Jr. W.W. (1999)\u00a0 Industrial Water Pollution Control.;<\/p>\n<p>METCALF&amp; EDDY (2003) Waste Engineering &#8211; Treatment, Disposal and Reuse.;<\/p>\n<p>RAMALHO, R.S.. Intoduction to Wastewater Treatment Processes. New York, Academic Press Inc., 1977.<\/p>\n<p>RUBENS SETTE RAMALHO, Introduction to wastewater Treatment Processses.;<\/p>\n<p>STANDARD METHODS FOR EXAMINATION OF WATER AND WASTEWATER, 18 ed., Washington, American Public Health Association, Water EnvironmentalFederation, 900 p. 1992.;<\/p>\n<p>VON SPERLING, M. Princ\u00edpios b\u00e1sicos do tratamento de esgotos. Belo Horizonte: DESA\/UFMG, 2011.<\/p>\n<p>VON SPERLING, M. Lagoas de estabiliza\u00e7\u00e3o. Belo Horizonte: DESA\/UFMG, 2009.<br \/>\nVON SPERLING, M. Lodos ativados. Belo Horizonte: DESA\/UFMG, 2009.<\/p>\n","protected":false},"excerpt":{"rendered":"<p>Ementa Caracter\u00edsticas e Classifica\u00e7\u00e3o dos Efluentes L\u00edquidos Industriais. Principais Par\u00e2metros de Projeto. Metodologia de Tratamento. Tratamento Prim\u00e1rio: remo\u00e7\u00e3o de s\u00f3lidos suspensos, remo\u00e7\u00e3o de \u00f3leos, remo\u00e7\u00e3o de metais pesados. Tratamento Secund\u00e1rio: processos biol\u00f3gicos aer\u00f3bios e anaer\u00f3bios. Tratamento Terci\u00e1rio: desinfec\u00e7\u00e3o, adsor\u00e7\u00e3o, membranas, troca i\u00f4nica, processos oxidativos avan\u00e7ados, processos enzim\u00e1ticos. Re\u00faso de Efluentes industriais. Pr\u00e1ticas de Laborat\u00f3rio. &nbsp; [&hellip;]<\/p>\n","protected":false},"author":707,"featured_media":0,"parent":30,"menu_order":0,"comment_status":"closed","ping_status":"closed","template":"","meta":{"footnotes":""},"class_list":["post-143","page","type-page","status-publish","hentry"],"_links":{"self":[{"href":"https:\/\/wp.ufpel.edu.br\/ppgcamb\/wp-json\/wp\/v2\/pages\/143","targetHints":{"allow":["GET"]}}],"collection":[{"href":"https:\/\/wp.ufpel.edu.br\/ppgcamb\/wp-json\/wp\/v2\/pages"}],"about":[{"href":"https:\/\/wp.ufpel.edu.br\/ppgcamb\/wp-json\/wp\/v2\/types\/page"}],"author":[{"embeddable":true,"href":"https:\/\/wp.ufpel.edu.br\/ppgcamb\/wp-json\/wp\/v2\/users\/707"}],"replies":[{"embeddable":true,"href":"https:\/\/wp.ufpel.edu.br\/ppgcamb\/wp-json\/wp\/v2\/comments?post=143"}],"version-history":[{"count":5,"href":"https:\/\/wp.ufpel.edu.br\/ppgcamb\/wp-json\/wp\/v2\/pages\/143\/revisions"}],"predecessor-version":[{"id":6022,"href":"https:\/\/wp.ufpel.edu.br\/ppgcamb\/wp-json\/wp\/v2\/pages\/143\/revisions\/6022"}],"up":[{"embeddable":true,"href":"https:\/\/wp.ufpel.edu.br\/ppgcamb\/wp-json\/wp\/v2\/pages\/30"}],"wp:attachment":[{"href":"https:\/\/wp.ufpel.edu.br\/ppgcamb\/wp-json\/wp\/v2\/media?parent=143"}],"curies":[{"name":"wp","href":"https:\/\/api.w.org\/{rel}","templated":true}]}}