{"id":1399,"date":"2019-11-08T16:36:41","date_gmt":"2019-11-08T19:36:41","guid":{"rendered":"https:\/\/wp.ufpel.edu.br\/ppgcamb\/?page_id=1399"},"modified":"2025-04-27T20:32:40","modified_gmt":"2025-04-27T23:32:40","slug":"ppgcamb-em-acao-nova","status":"publish","type":"page","link":"https:\/\/wp.ufpel.edu.br\/ppgcamb\/ppgcamb-em-acao-nova\/","title":{"rendered":"PPGCAmb em A\u00e7\u00e3o"},"content":{"rendered":"<p>PPGCAmb em a\u00e7\u00e3o:<\/p>\n<ul>\n<li><a href=\"https:\/\/wp.ufpel.edu.br\/ppgcamb\/midia_inundacoes_2024\/\" target=\"_blank\" rel=\"noopener\">A\u00e7\u00f5es de Resposta \u00e0s Inunda\u00e7\u00f5es de 2024: Colabora\u00e7\u00e3o Cient\u00edfica e Gest\u00e3o de Riscos<\/a><\/li>\n<li><a href=\"https:\/\/wp.ufpel.edu.br\/ppgcamb\/analise-de-agua\/\" target=\"_blank\" rel=\"noopener\">An\u00e1lise de \u00c1gua da Zona Sul do RS<\/a><\/li>\n<li><a href=\"https:\/\/wp.ufpel.edu.br\/ppgcamb\/acoes-de-extensao\/\">A\u00e7\u00f5es de Extens\u00e3o<\/a><\/li>\n<li><a href=\"https:\/\/wp.ufpel.edu.br\/ppgcamb\/destaques\/\">Destaques do Programa<\/a><\/li>\n<li><a href=\"https:\/\/wp.ufpel.edu.br\/ppgcamb\/participacao-em-eventos\/\">Participa\u00e7\u00e3o em Eventos<\/a><\/li>\n<li><a href=\"https:\/\/wp.ufpel.edu.br\/ppgcamb\/fotos\/\">Galeria de fotos do PPGCAmb<\/a><\/li>\n<\/ul>\n<p>PPGCAmb por mais a\u00e7\u00f5es como estas!<\/p>\n","protected":false},"excerpt":{"rendered":"<p>PPGCAmb em a\u00e7\u00e3o: A\u00e7\u00f5es de Resposta \u00e0s Inunda\u00e7\u00f5es de 2024: Colabora\u00e7\u00e3o Cient\u00edfica e Gest\u00e3o de Riscos An\u00e1lise de \u00c1gua da Zona Sul do RS A\u00e7\u00f5es de Extens\u00e3o Destaques do Programa Participa\u00e7\u00e3o em Eventos Galeria de fotos do PPGCAmb PPGCAmb por mais a\u00e7\u00f5es como estas!<\/p>\n","protected":false},"author":707,"featured_media":0,"parent":0,"menu_order":0,"comment_status":"closed","ping_status":"closed","template":"","meta":{"footnotes":""},"class_list":["post-1399","page","type-page","status-publish","hentry"],"_links":{"self":[{"href":"https:\/\/wp.ufpel.edu.br\/ppgcamb\/wp-json\/wp\/v2\/pages\/1399","targetHints":{"allow":["GET"]}}],"collection":[{"href":"https:\/\/wp.ufpel.edu.br\/ppgcamb\/wp-json\/wp\/v2\/pages"}],"about":[{"href":"https:\/\/wp.ufpel.edu.br\/ppgcamb\/wp-json\/wp\/v2\/types\/page"}],"author":[{"embeddable":true,"href":"https:\/\/wp.ufpel.edu.br\/ppgcamb\/wp-json\/wp\/v2\/users\/707"}],"replies":[{"embeddable":true,"href":"https:\/\/wp.ufpel.edu.br\/ppgcamb\/wp-json\/wp\/v2\/comments?post=1399"}],"version-history":[{"count":4,"href":"https:\/\/wp.ufpel.edu.br\/ppgcamb\/wp-json\/wp\/v2\/pages\/1399\/revisions"}],"predecessor-version":[{"id":6067,"href":"https:\/\/wp.ufpel.edu.br\/ppgcamb\/wp-json\/wp\/v2\/pages\/1399\/revisions\/6067"}],"wp:attachment":[{"href":"https:\/\/wp.ufpel.edu.br\/ppgcamb\/wp-json\/wp\/v2\/media?parent=1399"}],"curies":[{"name":"wp","href":"https:\/\/api.w.org\/{rel}","templated":true}]}}